{"id":84,"date":"2021-02-17T10:01:43","date_gmt":"2021-02-17T09:01:43","guid":{"rendered":"https:\/\/www.creilsudoise-tourisme.fr\/en-couple\/"},"modified":"2021-04-29T15:03:21","modified_gmt":"2021-04-29T13:03:21","slug":"en-couple","status":"publish","type":"page","link":"https:\/\/www.creilsudoise-tourisme.fr\/nl\/en-koppel\/","title":{"rendered":"Als een paar"},"content":{"rendered":"<h2 class=\"has-text-align-center\">Onze selectie voor koppels: uitjes, restaurants en accommodatie<\/h2>\n\n\n\n<p class=\"is-style-excerpt\">Zoek een <strong>selectie van activiteiten en plaatsen, restaurants en accommodatie<\/strong> die een <strong>romantische sfeer<\/strong> om samen te komen met je geliefde! <strong>Cocooning, ongewone plaatsen, intieme ruimtes of grandioze uitzichten<\/strong>&#8230;<\/p>\n\n\n<div class=\"wp-block wp-block-child-post alignwide\">\n    <div class=\"entityList clear\">\n        \n<div class=\"entityItem\" data-trigger=\"wpiris-click\" data-id=\"wpiris-entity-slider-item\">\n    <p class=\"entityItemThumbnail\">\n        <a href=\"https:\/\/www.creilsudoise-tourisme.fr\/nl\/en-koppel\/activiteiten-in-koppel\/\" nofancybox>\n            <img data-src=\"https:\/\/www.creilsudoise-tourisme.fr\/wp-content\/uploads\/2021\/04\/Activites-en-couple-a-Creil-Sud-Oise-275x350.jpg\" alt=\"Activiteiten voor koppels\">\n        <\/a>\n    <\/p>\n    <div class=\"entityItemContent\">\n        <h2 class=\"entityItemContentTitle\">\n            <a href=\"https:\/\/www.creilsudoise-tourisme.fr\/nl\/en-koppel\/activiteiten-in-koppel\/\">Activiteiten voor koppels<\/a>\n        <\/h2>\n            <\/div>\n    <a href=\"https:\/\/www.creilsudoise-tourisme.fr\/nl\/en-koppel\/activiteiten-in-koppel\/\" class=\"seeMore\"><span class=\"sr-only\">Meer zien<\/span><\/a>\n<\/div>\n        \n<div class=\"entityItem\" data-trigger=\"wpiris-click\" data-id=\"wpiris-entity-slider-item\">\n    <p class=\"entityItemThumbnail\">\n        <a href=\"https:\/\/www.creilsudoise-tourisme.fr\/nl\/en-koppel\/accommodatie-in-koppel\/\" nofancybox>\n            <img data-src=\"https:\/\/www.creilsudoise-tourisme.fr\/wp-content\/uploads\/2025\/03\/Hebergement-en-couple-a-Creil-Sud-Oise-275x350.jpg\" alt=\"Accommodatie voor koppels\">\n        <\/a>\n    <\/p>\n    <div class=\"entityItemContent\">\n        <h2 class=\"entityItemContentTitle\">\n            <a href=\"https:\/\/www.creilsudoise-tourisme.fr\/nl\/en-koppel\/accommodatie-in-koppel\/\">Accommodatie voor koppels<\/a>\n        <\/h2>\n            <\/div>\n    <a href=\"https:\/\/www.creilsudoise-tourisme.fr\/nl\/en-koppel\/accommodatie-in-koppel\/\" class=\"seeMore\"><span class=\"sr-only\">Meer zien<\/span><\/a>\n<\/div>\n        \n<div class=\"entityItem\" data-trigger=\"wpiris-click\" data-id=\"wpiris-entity-slider-item\">\n    <p class=\"entityItemThumbnail\">\n        <a href=\"https:\/\/www.creilsudoise-tourisme.fr\/nl\/en-koppel\/restaurant-in-wording\/\" nofancybox>\n            <img data-src=\"https:\/\/www.creilsudoise-tourisme.fr\/wp-content\/uploads\/2021\/03\/Repas-romantique-en-amoureux-a-Creil-Sud-Oise-275x350.jpg\" alt=\"Restaurants voor koppels\">\n        <\/a>\n    <\/p>\n    <div class=\"entityItemContent\">\n        <h2 class=\"entityItemContentTitle\">\n            <a href=\"https:\/\/www.creilsudoise-tourisme.fr\/nl\/en-koppel\/restaurant-in-wording\/\">Restaurants voor koppels<\/a>\n        <\/h2>\n            <\/div>\n    <a href=\"https:\/\/www.creilsudoise-tourisme.fr\/nl\/en-koppel\/restaurant-in-wording\/\" class=\"seeMore\"><span class=\"sr-only\">Meer zien<\/span><\/a>\n<\/div>\n            <\/div>\n<\/div>\n\n<div class=\"wp-block wp-block-highlight\">\n            <h3 class=\"wp-block-highlight-item wp-block-highlight-title\"><strong>Wil je gaan wandelen?<\/strong><\/h3>\n                <p class=\"wp-block-highlight-item wp-block-highlight-excerpt\">Creil Sud Oise is een ideale bestemming voor <strong><a href=\"https:\/\/www.creilsudoise-tourisme.fr\/nl\/jexplore\/les-incontournables\/randonnee\/\" target=\"_blank\" rel=\"noreferrer noopener\">wandelen of hiken met je partner<\/a><\/strong>.<\/p>\n    <\/div>\n\n\n<div class=\"is-layout-flex wp-block-buttons\">\n<div class=\"wp-block-button\"><a class=\"wp-block-button__link\" href=\"https:\/\/www.creilsudoise-tourisme.fr\/nl\/jexplore\/les-incontournables\/randonnee\/\" target=\"_blank\" rel=\"noreferrer noopener\">loopt<\/a><\/div>\n<\/div>\n\n\n\n<hr class=\"wp-block-separator\" \/>\n\n\n\n<div class=\"is-layout-flex wp-container-5 wp-block-columns\">\n<div class=\"is-layout-flow wp-block-column\" style=\"flex-basis:33.33%\">\n<figure class=\"wp-block-image size-large\"><img decoding=\"async\" loading=\"lazy\" width=\"334\" height=\"334\" data-src=\"https:\/\/www.creilsudoise-tourisme.fr\/wp-content\/uploads\/2021\/04\/Parcourez-lagenda-pour-profiter-dune-activite-ou-une-sortie-en-amoureux-edited-1.jpg\" alt=\"Blader door de agenda voor een activiteit of een romantisch avondje uit\" class=\"wp-image-33415\" data-srcset=\"https:\/\/www.creilsudoise-tourisme.fr\/wp-content\/uploads\/2021\/04\/Parcourez-lagenda-pour-profiter-dune-activite-ou-une-sortie-en-amoureux-edited-1.jpg 334w, https:\/\/www.creilsudoise-tourisme.fr\/wp-content\/uploads\/2021\/04\/Parcourez-lagenda-pour-profiter-dune-activite-ou-une-sortie-en-amoureux-edited-1-300x300.jpg 300w, https:\/\/www.creilsudoise-tourisme.fr\/wp-content\/uploads\/2021\/04\/Parcourez-lagenda-pour-profiter-dune-activite-ou-une-sortie-en-amoureux-edited-1-200x200.jpg 200w, https:\/\/www.creilsudoise-tourisme.fr\/wp-content\/uploads\/2021\/04\/Parcourez-lagenda-pour-profiter-dune-activite-ou-une-sortie-en-amoureux-edited-1-275x275.jpg 275w\" sizes=\"(max-width: 334px) 100vw, 334px\" \/><\/figure>\n<\/div>\n\n\n\n<div class=\"is-layout-flow wp-block-column\" style=\"flex-basis:66.66%\">\n<p>Ontdek <strong>wat te doen met je partner dit weekend of in de nabije toekomst<\/strong> door de<a href=\"https:\/\/www.creilsudoise-tourisme.fr\/nl\/agenda\/\" target=\"_blank\" rel=\"noreferrer noopener\">'<strong>Evenementenkalender<\/strong><\/a> !<\/p>\n\n\n\n<div class=\"is-layout-flex wp-block-buttons\">\n<div class=\"wp-block-button\"><a class=\"wp-block-button__link\" href=\"https:\/\/www.creilsudoise-tourisme.fr\/nl\/agenda\/\" target=\"_blank\" rel=\"noreferrer noopener\">agenda<\/a><\/div>\n<\/div>\n<\/div>\n<\/div>\n\n\n\n<div class=\"wp-block wp-block-accordion\" id=\"accordion\">\n    \n                    <div class=\"wp-block-accordion-item\">\n            <div id=\"heading6358\">\n                <h3 class=\"wp-block-accordion-item-title\" data-toggle=\"collapse\" data-target=\"#collapse6358\">\n                    De must-haves                <\/h3>\n            <\/div>\n            <div class=\"wp-block-accordion-item-content collapse\" id=\"collapse6358\" data-parent=\"#accordion\">\n                <p>En om meer te weten te komen over de <strong>Belangrijkste toeristische bezienswaardigheden van Creil Sud Oise<\/strong>Meer weten <a href='https:\/\/www.creilsudoise-tourisme.fr\/nl\/jexplore\/must-haves\/' target='_blank' rel='noreferrer noopener'>De must-haves<\/a>.<\/p><p>U maakt deel uit van een vereniging en bent op zoek naar <strong>idee\u00ebn voor groepsuitstapjes<\/strong> ? Bekijk onze brochure of ontdek de <a href='https:\/\/www.creilsudoise-tourisme.fr\/nl\/en-groupe-seminaires\/incontournables-groupes\/' target='_blank' rel='noreferrer noopener'>7 must-sees voor groepen<\/a>.<\/p>            <\/div>\n        <\/div>\n                    <div class=\"wp-block-accordion-item\">\n            <div id=\"heading8280\">\n                <h3 class=\"wp-block-accordion-item-title\" data-toggle=\"collapse\" data-target=\"#collapse8280\">\n                    Ben je bij de kinderen?                <\/h3>\n            <\/div>\n            <div class=\"wp-block-accordion-item-content collapse\" id=\"collapse8280\" data-parent=\"#accordion\">\n                <p>U bent op zoek naar <strong>idee\u00ebn voor een uitje met kinderen<\/strong> ? Vind onze <strong>selectie van activiteiten, accommodatie en restaurants aangepast aan het verblijf <a href='https:\/\/www.creilsudoise-tourisme.fr\/nl\/in-de-familie\/' target='_blank' rel='noreferrer noopener'>in de familie<\/a><\/strong> !<\/p>            <\/div>\n        <\/div>\n                    <div class=\"wp-block-accordion-item\">\n            <div id=\"heading3263\">\n                <h3 class=\"wp-block-accordion-item-title\" data-toggle=\"collapse\" data-target=\"#collapse3263\">\n                    Of met vrienden?                <\/h3>\n            <\/div>\n            <div class=\"wp-block-accordion-item-content collapse\" id=\"collapse3263\" data-parent=\"#accordion\">\n                <p>Als u <strong>een reis gepland met vrienden<\/strong> en je bent op zoek naar <strong>accommodatie met grote capaciteit, gebruiksvriendelijke restaurants of aangepaste activiteiten<\/strong>Ontdek onze <strong>selectie <a href='https:\/\/www.creilsudoise-tourisme.fr\/nl\/tussen-vrienden\/' target='_blank' rel='noreferrer noopener'>onder vrienden<\/a><\/strong>.<\/p>            <\/div>\n        <\/div>\n    \n<\/div>","protected":false},"excerpt":{"rendered":"<p>Onze selectie voor koppels: uitjes, restaurants en accommodatie Vind een selectie van activiteiten en plaatsen, restaurants en accommodatie die een romantische sfeer bieden voor jou en je geliefde! Cocooning, ongewone plekjes, intieme plekjes of grandioze uitzichten... Ontdek wat je dit weekend of in de nabije toekomst met z'n twee\u00ebn kunt doen door te bladeren door de Evenementenkalender!<\/p>","protected":false},"author":1,"featured_media":33310,"parent":0,"menu_order":5,"comment_status":"closed","ping_status":"closed","template":"","meta":{"_relevanssi_hide_post":"","_relevanssi_hide_content":"","_relevanssi_pin_for_all":"","_relevanssi_pin_keywords":"","_relevanssi_unpin_keywords":"","_relevanssi_related_keywords":"","_relevanssi_related_include_ids":"","_relevanssi_related_exclude_ids":"","_relevanssi_related_no_append":"","_relevanssi_related_not_related":"","_relevanssi_related_posts":"267,273,275,271","_relevanssi_noindex_reason":""},"yoast_head":"<!-- This site is optimized with the Yoast SEO plugin v20.2.1 - https:\/\/yoast.com\/wordpress\/plugins\/seo\/ -->\n<title>Que faire, o\u00f9 dormir et o\u00f9 manger en couple dans le Sud de l\u2019Oise<\/title>\n<meta name=\"description\" content=\"Nous avons s\u00e9lectionn\u00e9 pour vous les activit\u00e9s, restaurants et h\u00e9bergements romantiques \u00e0 Creil Sud Oise, pr\u00e8s de Chantilly !\" \/>\n<meta name=\"robots\" content=\"index, follow, max-snippet:-1, max-image-preview:large, max-video-preview:-1\" \/>\n<link rel=\"canonical\" href=\"https:\/\/www.creilsudoise-tourisme.fr\/nl\/en-koppel\/\" \/>\n<meta property=\"og:locale\" content=\"nl_NL\" \/>\n<meta property=\"og:type\" content=\"article\" \/>\n<meta property=\"og:title\" content=\"Que faire, o\u00f9 dormir et o\u00f9 manger en couple dans le Sud de l\u2019Oise\" \/>\n<meta property=\"og:description\" content=\"Nous avons s\u00e9lectionn\u00e9 pour vous les activit\u00e9s, restaurants et h\u00e9bergements romantiques \u00e0 Creil Sud Oise, pr\u00e8s de Chantilly !\" \/>\n<meta property=\"og:url\" content=\"https:\/\/www.creilsudoise-tourisme.fr\/nl\/en-koppel\/\" \/>\n<meta property=\"og:site_name\" content=\"Office de Tourisme Creil Sud Oise\" \/>\n<meta property=\"article:publisher\" content=\"https:\/\/www.facebook.com\/creilsudoisetourisme\/\" \/>\n<meta property=\"article:modified_time\" content=\"2021-04-29T13:03:21+00:00\" \/>\n<meta property=\"og:image\" content=\"https:\/\/www.creilsudoise-tourisme.fr\/wp-content\/uploads\/2021\/04\/Explorez-Creil-Sud-Oise-en-couple.jpg\" \/>\n\t<meta property=\"og:image:width\" content=\"1600\" \/>\n\t<meta property=\"og:image:height\" content=\"866\" \/>\n\t<meta property=\"og:image:type\" content=\"image\/jpeg\" \/>\n<meta name=\"twitter:card\" content=\"summary_large_image\" \/>\n<meta name=\"twitter:site\" content=\"@CreilSudOiseOT\" \/>\n<meta name=\"twitter:label1\" content=\"Geschatte leestijd\" \/>\n\t<meta name=\"twitter:data1\" content=\"1 minuut\" \/>\n<script type=\"application\/ld+json\" class=\"yoast-schema-graph\">{\"@context\":\"https:\/\/schema.org\",\"@graph\":[{\"@type\":\"WebPage\",\"@id\":\"https:\/\/www.creilsudoise-tourisme.fr\/nl\/en-koppel\/\",\"url\":\"https:\/\/www.creilsudoise-tourisme.fr\/nl\/en-koppel\/\",\"name\":\"Que faire, o\u00f9 dormir et o\u00f9 manger en couple dans le Sud de l\u2019Oise\",\"isPartOf\":{\"@id\":\"https:\/\/www.creilsudoise-tourisme.fr\/#website\"},\"datePublished\":\"2021-02-17T09:01:43+00:00\",\"dateModified\":\"2021-04-29T13:03:21+00:00\",\"description\":\"Nous avons s\u00e9lectionn\u00e9 pour vous les activit\u00e9s, restaurants et h\u00e9bergements romantiques \u00e0 Creil Sud Oise, pr\u00e8s de Chantilly !\",\"breadcrumb\":{\"@id\":\"https:\/\/www.creilsudoise-tourisme.fr\/nl\/en-koppel\/#breadcrumb\"},\"inLanguage\":\"nl\",\"potentialAction\":[{\"@type\":\"ReadAction\",\"target\":[\"https:\/\/www.creilsudoise-tourisme.fr\/nl\/en-koppel\/\"]}]},{\"@type\":\"BreadcrumbList\",\"@id\":\"https:\/\/www.creilsudoise-tourisme.fr\/nl\/en-koppel\/#breadcrumb\",\"itemListElement\":[{\"@type\":\"ListItem\",\"position\":1,\"name\":\"Accueil\",\"item\":\"https:\/\/www.creilsudoise-tourisme.fr\/\"},{\"@type\":\"ListItem\",\"position\":2,\"name\":\"En couple\"}]},{\"@type\":\"WebSite\",\"@id\":\"https:\/\/www.creilsudoise-tourisme.fr\/#website\",\"url\":\"https:\/\/www.creilsudoise-tourisme.fr\/\",\"name\":\"Office de Tourisme Creil Sud Oise\",\"description\":\"Creil Sud Oise Tourisme, un territoire \u00e0 explorer !\",\"publisher\":{\"@id\":\"https:\/\/www.creilsudoise-tourisme.fr\/#organization\"},\"potentialAction\":[{\"@type\":\"SearchAction\",\"target\":{\"@type\":\"EntryPoint\",\"urlTemplate\":\"https:\/\/www.creilsudoise-tourisme.fr\/?s={search_term_string}\"},\"query-input\":\"required name=search_term_string\"}],\"inLanguage\":\"nl\"},{\"@type\":\"Organization\",\"@id\":\"https:\/\/www.creilsudoise-tourisme.fr\/#organization\",\"name\":\"Creil Sud Oise Tourisme\",\"url\":\"https:\/\/www.creilsudoise-tourisme.fr\/\",\"logo\":{\"@type\":\"ImageObject\",\"inLanguage\":\"nl\",\"@id\":\"https:\/\/www.creilsudoise-tourisme.fr\/#\/schema\/logo\/image\/\",\"url\":\"https:\/\/www.creilsudoise-tourisme.fr\/wp-content\/uploads\/2021\/05\/logo-svg.png\",\"contentUrl\":\"https:\/\/www.creilsudoise-tourisme.fr\/wp-content\/uploads\/2021\/05\/logo-svg.png\",\"width\":182,\"height\":71,\"caption\":\"Creil Sud Oise Tourisme\"},\"image\":{\"@id\":\"https:\/\/www.creilsudoise-tourisme.fr\/#\/schema\/logo\/image\/\"},\"sameAs\":[\"https:\/\/www.facebook.com\/creilsudoisetourisme\/\",\"https:\/\/twitter.com\/CreilSudOiseOT\",\"https:\/\/www.instagram.com\/creilsudoisetourisme\/\",\"https:\/\/www.youtube.com\/channel\/UC8L_QD2wwyADW14zt9fY8kw\"]}]}<\/script>\n<!-- \/ Yoast SEO plugin. -->","yoast_head_json":{"title":"Que faire, o\u00f9 dormir et o\u00f9 manger en couple dans le Sud de l\u2019Oise","description":"Nous avons s\u00e9lectionn\u00e9 pour vous les activit\u00e9s, restaurants et h\u00e9bergements romantiques \u00e0 Creil Sud Oise, pr\u00e8s de Chantilly !","robots":{"index":"index","follow":"follow","max-snippet":"max-snippet:-1","max-image-preview":"max-image-preview:large","max-video-preview":"max-video-preview:-1"},"canonical":"https:\/\/www.creilsudoise-tourisme.fr\/nl\/en-koppel\/","og_locale":"nl_NL","og_type":"article","og_title":"Que faire, o\u00f9 dormir et o\u00f9 manger en couple dans le Sud de l\u2019Oise","og_description":"Nous avons s\u00e9lectionn\u00e9 pour vous les activit\u00e9s, restaurants et h\u00e9bergements romantiques \u00e0 Creil Sud Oise, pr\u00e8s de Chantilly !","og_url":"https:\/\/www.creilsudoise-tourisme.fr\/nl\/en-koppel\/","og_site_name":"Office de Tourisme Creil Sud Oise","article_publisher":"https:\/\/www.facebook.com\/creilsudoisetourisme\/","article_modified_time":"2021-04-29T13:03:21+00:00","og_image":[{"width":1600,"height":866,"url":"https:\/\/www.creilsudoise-tourisme.fr\/wp-content\/uploads\/2021\/04\/Explorez-Creil-Sud-Oise-en-couple.jpg","type":"image\/jpeg"}],"twitter_card":"summary_large_image","twitter_site":"@CreilSudOiseOT","twitter_misc":{"Geschatte leestijd":"1 minuut"},"schema":{"@context":"https:\/\/schema.org","@graph":[{"@type":"WebPage","@id":"https:\/\/www.creilsudoise-tourisme.fr\/nl\/en-koppel\/","url":"https:\/\/www.creilsudoise-tourisme.fr\/nl\/en-koppel\/","name":"Que faire, o\u00f9 dormir et o\u00f9 manger en couple dans le Sud de l\u2019Oise","isPartOf":{"@id":"https:\/\/www.creilsudoise-tourisme.fr\/#website"},"datePublished":"2021-02-17T09:01:43+00:00","dateModified":"2021-04-29T13:03:21+00:00","description":"Nous avons s\u00e9lectionn\u00e9 pour vous les activit\u00e9s, restaurants et h\u00e9bergements romantiques \u00e0 Creil Sud Oise, pr\u00e8s de Chantilly !","breadcrumb":{"@id":"https:\/\/www.creilsudoise-tourisme.fr\/nl\/en-koppel\/#breadcrumb"},"inLanguage":"nl","potentialAction":[{"@type":"ReadAction","target":["https:\/\/www.creilsudoise-tourisme.fr\/nl\/en-koppel\/"]}]},{"@type":"BreadcrumbList","@id":"https:\/\/www.creilsudoise-tourisme.fr\/nl\/en-koppel\/#breadcrumb","itemListElement":[{"@type":"ListItem","position":1,"name":"Accueil","item":"https:\/\/www.creilsudoise-tourisme.fr\/"},{"@type":"ListItem","position":2,"name":"En couple"}]},{"@type":"WebSite","@id":"https:\/\/www.creilsudoise-tourisme.fr\/#website","url":"https:\/\/www.creilsudoise-tourisme.fr\/","name":"Office de Tourisme Creil Sud Oise","description":"Creil Sud Oise Tourisme, un territoire \u00e0 explorer !","publisher":{"@id":"https:\/\/www.creilsudoise-tourisme.fr\/#organization"},"potentialAction":[{"@type":"SearchAction","target":{"@type":"EntryPoint","urlTemplate":"https:\/\/www.creilsudoise-tourisme.fr\/?s={search_term_string}"},"query-input":"required name=search_term_string"}],"inLanguage":"nl"},{"@type":"Organization","@id":"https:\/\/www.creilsudoise-tourisme.fr\/#organization","name":"Creil Sud Oise Tourisme","url":"https:\/\/www.creilsudoise-tourisme.fr\/","logo":{"@type":"ImageObject","inLanguage":"nl","@id":"https:\/\/www.creilsudoise-tourisme.fr\/#\/schema\/logo\/image\/","url":"https:\/\/www.creilsudoise-tourisme.fr\/wp-content\/uploads\/2021\/05\/logo-svg.png","contentUrl":"https:\/\/www.creilsudoise-tourisme.fr\/wp-content\/uploads\/2021\/05\/logo-svg.png","width":182,"height":71,"caption":"Creil Sud Oise Tourisme"},"image":{"@id":"https:\/\/www.creilsudoise-tourisme.fr\/#\/schema\/logo\/image\/"},"sameAs":["https:\/\/www.facebook.com\/creilsudoisetourisme\/","https:\/\/twitter.com\/CreilSudOiseOT","https:\/\/www.instagram.com\/creilsudoisetourisme\/","https:\/\/www.youtube.com\/channel\/UC8L_QD2wwyADW14zt9fY8kw"]}]}},"_links":{"self":[{"href":"https:\/\/www.creilsudoise-tourisme.fr\/nl\/wp-json\/wp\/v2\/pages\/84"}],"collection":[{"href":"https:\/\/www.creilsudoise-tourisme.fr\/nl\/wp-json\/wp\/v2\/pages"}],"about":[{"href":"https:\/\/www.creilsudoise-tourisme.fr\/nl\/wp-json\/wp\/v2\/types\/page"}],"author":[{"embeddable":true,"href":"https:\/\/www.creilsudoise-tourisme.fr\/nl\/wp-json\/wp\/v2\/users\/1"}],"replies":[{"embeddable":true,"href":"https:\/\/www.creilsudoise-tourisme.fr\/nl\/wp-json\/wp\/v2\/comments?post=84"}],"version-history":[{"count":17,"href":"https:\/\/www.creilsudoise-tourisme.fr\/nl\/wp-json\/wp\/v2\/pages\/84\/revisions"}],"predecessor-version":[{"id":34234,"href":"https:\/\/www.creilsudoise-tourisme.fr\/nl\/wp-json\/wp\/v2\/pages\/84\/revisions\/34234"}],"wp:featuredmedia":[{"embeddable":true,"href":"https:\/\/www.creilsudoise-tourisme.fr\/nl\/wp-json\/wp\/v2\/media\/33310"}],"wp:attachment":[{"href":"https:\/\/www.creilsudoise-tourisme.fr\/nl\/wp-json\/wp\/v2\/media?parent=84"}],"curies":[{"name":"wp","href":"https:\/\/api.w.org\/{rel}","templated":true}]}}