{"id":61,"date":"2021-02-12T15:57:31","date_gmt":"2021-02-12T14:57:31","guid":{"rendered":"https:\/\/www.creilsudoise-tourisme.fr\/mentions-legales\/"},"modified":"2025-11-13T14:29:24","modified_gmt":"2025-11-13T13:29:24","slug":"mentions-legales","status":"publish","type":"page","link":"https:\/\/www.creilsudoise-tourisme.fr\/nl\/volledige-punten\/","title":{"rendered":"Juridische informatie"},"content":{"rendered":"<p>Door de pagina's van de site te bekijken, erkent de internetgebruiker dat hij de aansprakelijkheidsbeperkingen en de gebruiksvoorwaarden van de site heeft gelezen en aanvaard. www.creilsudoise-tourisme.fr kan niet aansprakelijk worden gesteld voor eventuele problemen met de internetverbinding of met het bekijken van de pagina's van de site. In het bijzonder erkennen internetgebruikers dat ze op de hoogte zijn gesteld van de verschillen in de manier waarop internetpagina's worden ge\u00efnterpreteerd door de verschillende browsers die op de markt verkrijgbaar zijn.<\/p>\n\n\n\n<h2>Website redacteur<\/h2>\n\n\n\n<p>CREIL SUD OISE TOERISME<br>SIRET-nummer: 834 212 789 00046<br>Adres: 6 avenue Jules Uhry 60100 Creil<br>Num\u00e9ro de t\u00e9l\u00e9phone : 03 75 19 01 70. Mail : &#98;ienve&#110;&#117;e&#64;&#99;r&#101;il&#115;ud&#111;&#105;s&#101;-t&#111;ur&#105;s&#109;e.fr<br>BTW-nummer: FR 64 83 42 12 789<\/p>\n\n\n\n<h2>Directeur uitgeverij<\/h2>\n\n\n\n<p>Volledige naam: Elise NICOLAS-BERTHE, directeur<\/p>\n\n\n\n<h2>Website ontwikkeling<\/h2>\n\n\n\n<p>Naam: IRIS Interactive<br>Adres: 4 rue du Pensionnat Notre Dame de France - 43000 LE PUY EN VELAY (hoofdkantoor)<br>Mail : c&#111;nt&#97;&#99;&#116;&#64;&#105;r&#105;s&#45;&#105;nt&#101;&#114;&#97;c&#116;&#105;v&#101;&#46;&#102;&#114;<\/p>\n\n\n\n<h2>Site host<\/h2>\n\n\n\n<p>Naam: IRIS Interactive<br>Adres: 4 rue du Pensionnat Notre Dame de France - 43000 LE PUY EN VELAY (hoofdkantoor)<br>Mail : &#99;o&#110;&#116;a&#99;t&#64;&#105;&#114;&#105;&#115;-interact&#105;v&#101;.&#102;&#114;<\/p>\n\n\n\n<h2>Copyright \u00a9 - Links<\/h2>\n\n\n\n<h3>Reproductie op papier<\/h3>\n\n\n\n<p>Met uitzondering van de iconografie is de reproductie van pagina's van deze site op papier toegestaan, mits aan de volgende voorwaarden wordt voldaan:<\/p>\n\n\n\n<ul>\n<li>vrije verspreiding,<\/li>\n\n\n\n<li>respect voor de integriteit van de gereproduceerde documenten (geen wijzigingen of aanpassingen van welke aard dan ook)<\/li>\n\n\n\n<li>Verwijs expliciet naar de website www.creilsudoise-tourisme.fr als bron en vermeld dat reproductierechten zijn voorbehouden en strikt beperkt zijn.<\/li>\n<\/ul>\n\n\n\n<h3>Reproductie op elektronische media<\/h3>\n\n\n\n<p>Reproductie van het geheel of een deel van deze site op een elektronische drager is toegestaan op voorwaarde dat de bron www.creilsudoise-tourisme.fr en de woorden \"Alle rechten voorbehouden\" duidelijk en leesbaar worden toegevoegd. De informatie mag alleen worden gebruikt voor persoonlijke, associatieve of professionele doeleinden; elk gebruik voor commerci\u00eble of reclamedoeleinden is uitgesloten.<\/p>\n\n\n\n<h3>Koppelingen maken naar www.creilsudoise-tourisme.fr<\/h3>\n\n\n\n<p>De website CREIL SUD OISE TOURISME staat de creatie van een hypertext link naar zijn inhoud toe, onder voorbehoud van :<\/p>\n\n\n\n<ul>\n<li>geen gebruik maken van de deep linking-techniek, d.w.z. de pagina's van de site www.creilsudoise-tourisme.fr mogen niet genest zijn in de pagina's van een andere site, maar moeten toegankelijk zijn door een venster te openen.<\/li>\n\n\n\n<li>Vermeld de bron door middel van een hyperlink die rechtstreeks naar de inhoud in kwestie verwijst.<\/li>\n<\/ul>\n\n\n\n<p>De informatie mag alleen worden gebruikt voor persoonlijke, associatieve of professionele doeleinden; elk gebruik voor commerci\u00eble of reclamedoeleinden is uitgesloten. Deze toestemming geldt niet voor websites die informatie verspreiden van controversi\u00eble, pornografische of xenofobe aard of die in meer of mindere mate de gevoeligheid van een groot aantal mensen kunnen kwetsen.<br>Neem voor andere toepassingen contact met ons op.<\/p>\n\n\n\n<h2>Reikwijdte van de inhoud<\/h2>\n\n\n\n<p>Ondanks de zorg die besteed wordt aan het verzamelen van informatie en het produceren van de site met behulp van de nieuwste technieken, kunnen er fouten, weglatingen, onnauwkeurigheden, insnijdingen of toevoegingen buiten onze controle op deze site blijven staan of worden opgenomen. Daarom kan CREIL SUD OISE TOURISME niet aansprakelijk worden gesteld, noch uitdrukkelijk noch stilzwijgend, voor de volledige inhoud van de site; de gebruikers van de site en de informatie op de site erkennen dat ze de site op eigen risico gebruiken en dat CREIL SUD OISE TOURISME bijgevolg niet aansprakelijk kan worden gesteld voor directe of indirecte schade van welke aard dan ook die geheel of gedeeltelijk voortvloeit uit het gebruik van de informatie op de site. CREIL SUD OISE TOURISME kan evenmin aansprakelijk worden gesteld voor de aard of de inhoud van de sites waarnaar op de volgende pagina's wordt verwezen, met name deze waartoe men toegang heeft via de hyperlinks op de pagina's van deze site. In overeenstemming met de wet nr. 78-17 van 6 januari 1978 hebt u recht op toegang en rectificatie van de gegevens die u betreffen.<\/p>\n\n\n\n<h2>Toeristisch informatiesysteem<\/h2>\n\n\n\n<p>De databases worden beschermd door de wet van 1 juli 1998 en het Franse auteursrecht. Elk gebruik of elke extractie van elementen van de site zonder toestemming van CREIL SUD OISE TOURISME is onwettig en wordt bestraft als een inbreuk op het auteursrecht.<\/p>\n\n\n\n<h2>Verkoopvoorwaarden voor de online kassa of persoonlijk bij het Office de Tourisme Creil Sud Oise<\/h2>\n\n\n\n<p>Reservering en aankoop van tickets voor diensten van het toeristenbureau van Creil<br>Sud Oise impliceert de uitdrukkelijke, voorafgaande, volledige en algehele aanvaarding door de koper van de verkoopvoorwaarden. <a href=\"https:\/\/www.creilsudoise-tourisme.fr\/wp-content\/uploads\/2025\/11\/Deliberation-n\u00b018-2025-Annexe-Conditions-de-vente-billetterie-en-ligne-et-sur-place-CL.pdf\" target=\"_blank\" rel=\"noreferrer noopener\">Verkoopvoorwaarden<\/a> beraadslaagd door het uitvoerend comit\u00e9 op 9 oktober 2025. <\/p>\n\n\n\n<h2>Partners<\/h2>\n\n\n\n<p><strong>Creil Sud Oise Gemeenschap<br><\/strong>24 Rue de la Villageoise, 60100 Creil - Frankrijk<br>Tel: + 33 (0)3 44 64 74 74<br><a href=\"https:\/\/www.creilsudoise.fr\/\" target=\"_blank\" rel=\"noreferrer noopener\">www.creilsudoise.fr<\/a><\/p>\n\n\n\n<p><strong>Het agentschap voor toeristische ontwikkeling van de Oise - ADT OISE TOURISME<br><\/strong>22 place de la Pr\u00e9fecture<br>BP 80822<br>60 008 Beauvais Cedex<br>Tel: + 33 (0)3 64 60 60 60<br><a href=\"https:\/\/www.oisetourisme.com\/\" target=\"_blank\" rel=\"noreferrer noopener\">www.oisetourisme.com<\/a><\/p>\n\n\n\n<p><strong>Mission Attractivit\u00e9 Hauts-de-France<br><\/strong>Hoofdkantoor: 3 rue Vincent Auriol, 80011 Amiens Cedex 1, Frankrijk<br>Tel: + 33 (0)3.22.22.33.66<br><a href=\"https:\/\/www.hautsdefrance-tourisme-congres.com\/\" target=\"_blank\" rel=\"noreferrer noopener\">www.hautsdefrance-tourisme-congres.com<\/a><\/p>\n\n\n\n<h2>Fotocredits<\/h2>\n\n\n\n<p>De foto's op deze site zijn niet vrij van copyright.<br>Credits zijn aangegeven op de foto's.<\/p>\n\n\n\n<h2>Bescherming van persoonlijke gegevens<\/h2>\n\n\n\n<p>Lees onze <a href=\"https:\/\/www.creilsudoise-tourisme.fr\/nl\/privacybeleid\/\">Privacybeleid<\/a> voor meer informatie.<\/p>","protected":false},"excerpt":{"rendered":"<p>En parcourant les pages du site, l&rsquo;internaute reconna\u00eet avoir lu et accept\u00e9 les limites de responsabilit\u00e9s et les conditions d&rsquo;utilisation du site. www.creilsudoise-tourisme.fr ne peut \u00eatre tenu responsable des difficult\u00e9s de connexion au r\u00e9seau Internet ou de visualisation des pages du site. L&rsquo;internaute reconna\u00eet, en particulier, \u00eatre inform\u00e9 des diff\u00e9rences d&rsquo;interpr\u00e9tation des pages Internet par [&hellip;]<\/p>","protected":false},"author":3,"featured_media":0,"parent":0,"menu_order":17,"comment_status":"closed","ping_status":"closed","template":"","meta":{"_relevanssi_hide_post":"","_relevanssi_hide_content":"","_relevanssi_pin_for_all":"","_relevanssi_pin_keywords":"","_relevanssi_unpin_keywords":"","_relevanssi_related_keywords":"","_relevanssi_related_include_ids":"","_relevanssi_related_exclude_ids":"","_relevanssi_related_no_append":"","_relevanssi_related_not_related":"","_relevanssi_related_posts":"275,273,32820,271,267","_relevanssi_noindex_reason":""},"yoast_head":"<!-- This site is optimized with the Yoast SEO plugin v20.2.1 - https:\/\/yoast.com\/wordpress\/plugins\/seo\/ -->\n<title>Mentions l\u00e9gales - Office de Tourisme Creil Sud Oise<\/title>\n<meta name=\"description\" content=\"En parcourant les pages du site, l&#039;internaute reconna\u00eet avoir lu et accept\u00e9 les limites de responsabilit\u00e9s et les conditions d&#039;utilisation du site.\" \/>\n<meta name=\"robots\" content=\"index, follow, max-snippet:-1, max-image-preview:large, max-video-preview:-1\" \/>\n<link rel=\"canonical\" href=\"https:\/\/www.creilsudoise-tourisme.fr\/nl\/volledige-punten\/\" \/>\n<meta property=\"og:locale\" content=\"nl_NL\" \/>\n<meta property=\"og:type\" content=\"article\" \/>\n<meta property=\"og:title\" content=\"Mentions l\u00e9gales - Office de Tourisme Creil Sud Oise\" \/>\n<meta property=\"og:description\" content=\"En parcourant les pages du site, l&#039;internaute reconna\u00eet avoir lu et accept\u00e9 les limites de responsabilit\u00e9s et les conditions d&#039;utilisation du site.\" \/>\n<meta property=\"og:url\" content=\"https:\/\/www.creilsudoise-tourisme.fr\/nl\/volledige-punten\/\" \/>\n<meta property=\"og:site_name\" content=\"Office de Tourisme Creil Sud Oise\" \/>\n<meta property=\"article:publisher\" content=\"https:\/\/www.facebook.com\/creilsudoisetourisme\/\" \/>\n<meta property=\"article:modified_time\" content=\"2025-11-13T13:29:24+00:00\" \/>\n<meta property=\"og:image\" content=\"https:\/\/www.creilsudoise-tourisme.fr\/wp-content\/uploads\/2021\/02\/defaut.jpg\" \/>\n\t<meta property=\"og:image:width\" content=\"800\" \/>\n\t<meta property=\"og:image:height\" content=\"800\" \/>\n\t<meta property=\"og:image:type\" content=\"image\/jpeg\" \/>\n<meta name=\"twitter:card\" content=\"summary_large_image\" \/>\n<meta name=\"twitter:site\" content=\"@CreilSudOiseOT\" \/>\n<meta name=\"twitter:label1\" content=\"Geschatte leestijd\" \/>\n\t<meta name=\"twitter:data1\" content=\"4 minuten\" \/>\n<script type=\"application\/ld+json\" class=\"yoast-schema-graph\">{\"@context\":\"https:\/\/schema.org\",\"@graph\":[{\"@type\":\"WebPage\",\"@id\":\"https:\/\/www.creilsudoise-tourisme.fr\/mentions-legales\/\",\"url\":\"https:\/\/www.creilsudoise-tourisme.fr\/mentions-legales\/\",\"name\":\"Mentions l\u00e9gales - Office de Tourisme Creil Sud Oise\",\"isPartOf\":{\"@id\":\"https:\/\/www.creilsudoise-tourisme.fr\/#website\"},\"datePublished\":\"2021-02-12T14:57:31+00:00\",\"dateModified\":\"2025-11-13T13:29:24+00:00\",\"description\":\"En parcourant les pages du site, l'internaute reconna\u00eet avoir lu et accept\u00e9 les limites de responsabilit\u00e9s et les conditions d'utilisation du site.\",\"breadcrumb\":{\"@id\":\"https:\/\/www.creilsudoise-tourisme.fr\/mentions-legales\/#breadcrumb\"},\"inLanguage\":\"nl\",\"potentialAction\":[{\"@type\":\"ReadAction\",\"target\":[\"https:\/\/www.creilsudoise-tourisme.fr\/mentions-legales\/\"]}]},{\"@type\":\"BreadcrumbList\",\"@id\":\"https:\/\/www.creilsudoise-tourisme.fr\/mentions-legales\/#breadcrumb\",\"itemListElement\":[{\"@type\":\"ListItem\",\"position\":1,\"name\":\"Accueil\",\"item\":\"https:\/\/www.creilsudoise-tourisme.fr\/\"},{\"@type\":\"ListItem\",\"position\":2,\"name\":\"Mentions l\u00e9gales\"}]},{\"@type\":\"WebSite\",\"@id\":\"https:\/\/www.creilsudoise-tourisme.fr\/#website\",\"url\":\"https:\/\/www.creilsudoise-tourisme.fr\/\",\"name\":\"Office de Tourisme Creil Sud Oise\",\"description\":\"Creil Sud Oise Tourisme, un territoire \u00e0 explorer !\",\"publisher\":{\"@id\":\"https:\/\/www.creilsudoise-tourisme.fr\/#organization\"},\"potentialAction\":[{\"@type\":\"SearchAction\",\"target\":{\"@type\":\"EntryPoint\",\"urlTemplate\":\"https:\/\/www.creilsudoise-tourisme.fr\/?s={search_term_string}\"},\"query-input\":\"required name=search_term_string\"}],\"inLanguage\":\"nl\"},{\"@type\":\"Organization\",\"@id\":\"https:\/\/www.creilsudoise-tourisme.fr\/#organization\",\"name\":\"Creil Sud Oise Tourisme\",\"url\":\"https:\/\/www.creilsudoise-tourisme.fr\/\",\"logo\":{\"@type\":\"ImageObject\",\"inLanguage\":\"nl\",\"@id\":\"https:\/\/www.creilsudoise-tourisme.fr\/#\/schema\/logo\/image\/\",\"url\":\"https:\/\/www.creilsudoise-tourisme.fr\/wp-content\/uploads\/2021\/05\/logo-svg.png\",\"contentUrl\":\"https:\/\/www.creilsudoise-tourisme.fr\/wp-content\/uploads\/2021\/05\/logo-svg.png\",\"width\":182,\"height\":71,\"caption\":\"Creil Sud Oise Tourisme\"},\"image\":{\"@id\":\"https:\/\/www.creilsudoise-tourisme.fr\/#\/schema\/logo\/image\/\"},\"sameAs\":[\"https:\/\/www.facebook.com\/creilsudoisetourisme\/\",\"https:\/\/twitter.com\/CreilSudOiseOT\",\"https:\/\/www.instagram.com\/creilsudoisetourisme\/\",\"https:\/\/www.youtube.com\/channel\/UC8L_QD2wwyADW14zt9fY8kw\"]}]}<\/script>\n<!-- \/ Yoast SEO plugin. -->","yoast_head_json":{"title":"Mentions l\u00e9gales - Office de Tourisme Creil Sud Oise","description":"En parcourant les pages du site, l'internaute reconna\u00eet avoir lu et accept\u00e9 les limites de responsabilit\u00e9s et les conditions d'utilisation du site.","robots":{"index":"index","follow":"follow","max-snippet":"max-snippet:-1","max-image-preview":"max-image-preview:large","max-video-preview":"max-video-preview:-1"},"canonical":"https:\/\/www.creilsudoise-tourisme.fr\/nl\/volledige-punten\/","og_locale":"nl_NL","og_type":"article","og_title":"Mentions l\u00e9gales - Office de Tourisme Creil Sud Oise","og_description":"En parcourant les pages du site, l'internaute reconna\u00eet avoir lu et accept\u00e9 les limites de responsabilit\u00e9s et les conditions d'utilisation du site.","og_url":"https:\/\/www.creilsudoise-tourisme.fr\/nl\/volledige-punten\/","og_site_name":"Office de Tourisme Creil Sud Oise","article_publisher":"https:\/\/www.facebook.com\/creilsudoisetourisme\/","article_modified_time":"2025-11-13T13:29:24+00:00","og_image":[{"width":800,"height":800,"url":"https:\/\/www.creilsudoise-tourisme.fr\/wp-content\/uploads\/2021\/02\/defaut.jpg","type":"image\/jpeg"}],"twitter_card":"summary_large_image","twitter_site":"@CreilSudOiseOT","twitter_misc":{"Geschatte leestijd":"4 minuten"},"schema":{"@context":"https:\/\/schema.org","@graph":[{"@type":"WebPage","@id":"https:\/\/www.creilsudoise-tourisme.fr\/mentions-legales\/","url":"https:\/\/www.creilsudoise-tourisme.fr\/mentions-legales\/","name":"Mentions l\u00e9gales - Office de Tourisme Creil Sud Oise","isPartOf":{"@id":"https:\/\/www.creilsudoise-tourisme.fr\/#website"},"datePublished":"2021-02-12T14:57:31+00:00","dateModified":"2025-11-13T13:29:24+00:00","description":"En parcourant les pages du site, l'internaute reconna\u00eet avoir lu et accept\u00e9 les limites de responsabilit\u00e9s et les conditions d'utilisation du site.","breadcrumb":{"@id":"https:\/\/www.creilsudoise-tourisme.fr\/mentions-legales\/#breadcrumb"},"inLanguage":"nl","potentialAction":[{"@type":"ReadAction","target":["https:\/\/www.creilsudoise-tourisme.fr\/mentions-legales\/"]}]},{"@type":"BreadcrumbList","@id":"https:\/\/www.creilsudoise-tourisme.fr\/mentions-legales\/#breadcrumb","itemListElement":[{"@type":"ListItem","position":1,"name":"Accueil","item":"https:\/\/www.creilsudoise-tourisme.fr\/"},{"@type":"ListItem","position":2,"name":"Mentions l\u00e9gales"}]},{"@type":"WebSite","@id":"https:\/\/www.creilsudoise-tourisme.fr\/#website","url":"https:\/\/www.creilsudoise-tourisme.fr\/","name":"Office de Tourisme Creil Sud Oise","description":"Creil Sud Oise Tourisme, un territoire \u00e0 explorer !","publisher":{"@id":"https:\/\/www.creilsudoise-tourisme.fr\/#organization"},"potentialAction":[{"@type":"SearchAction","target":{"@type":"EntryPoint","urlTemplate":"https:\/\/www.creilsudoise-tourisme.fr\/?s={search_term_string}"},"query-input":"required name=search_term_string"}],"inLanguage":"nl"},{"@type":"Organization","@id":"https:\/\/www.creilsudoise-tourisme.fr\/#organization","name":"Creil Sud Oise Tourisme","url":"https:\/\/www.creilsudoise-tourisme.fr\/","logo":{"@type":"ImageObject","inLanguage":"nl","@id":"https:\/\/www.creilsudoise-tourisme.fr\/#\/schema\/logo\/image\/","url":"https:\/\/www.creilsudoise-tourisme.fr\/wp-content\/uploads\/2021\/05\/logo-svg.png","contentUrl":"https:\/\/www.creilsudoise-tourisme.fr\/wp-content\/uploads\/2021\/05\/logo-svg.png","width":182,"height":71,"caption":"Creil Sud Oise Tourisme"},"image":{"@id":"https:\/\/www.creilsudoise-tourisme.fr\/#\/schema\/logo\/image\/"},"sameAs":["https:\/\/www.facebook.com\/creilsudoisetourisme\/","https:\/\/twitter.com\/CreilSudOiseOT","https:\/\/www.instagram.com\/creilsudoisetourisme\/","https:\/\/www.youtube.com\/channel\/UC8L_QD2wwyADW14zt9fY8kw"]}]}},"_links":{"self":[{"href":"https:\/\/www.creilsudoise-tourisme.fr\/nl\/wp-json\/wp\/v2\/pages\/61"}],"collection":[{"href":"https:\/\/www.creilsudoise-tourisme.fr\/nl\/wp-json\/wp\/v2\/pages"}],"about":[{"href":"https:\/\/www.creilsudoise-tourisme.fr\/nl\/wp-json\/wp\/v2\/types\/page"}],"author":[{"embeddable":true,"href":"https:\/\/www.creilsudoise-tourisme.fr\/nl\/wp-json\/wp\/v2\/users\/3"}],"replies":[{"embeddable":true,"href":"https:\/\/www.creilsudoise-tourisme.fr\/nl\/wp-json\/wp\/v2\/comments?post=61"}],"version-history":[{"count":8,"href":"https:\/\/www.creilsudoise-tourisme.fr\/nl\/wp-json\/wp\/v2\/pages\/61\/revisions"}],"predecessor-version":[{"id":66326,"href":"https:\/\/www.creilsudoise-tourisme.fr\/nl\/wp-json\/wp\/v2\/pages\/61\/revisions\/66326"}],"wp:attachment":[{"href":"https:\/\/www.creilsudoise-tourisme.fr\/nl\/wp-json\/wp\/v2\/media?parent=61"}],"curies":[{"name":"wp","href":"https:\/\/api.w.org\/{rel}","templated":true}]}}