{"id":49925,"date":"2023-10-05T10:11:44","date_gmt":"2023-10-05T08:11:18","guid":{"rendered":"https:\/\/www.creilsudoise-tourisme.fr\/je-cherche\/tournage-2\/"},"modified":"2025-05-16T11:47:15","modified_gmt":"2025-05-16T09:47:15","slug":"tournage","status":"publish","type":"page","link":"https:\/\/www.creilsudoise-tourisme.fr\/nl\/i-search\/schieten\/","title":{"rendered":"Een filmlocatie"},"content":{"rendered":"<p class=\"is-style-excerpt\"><strong>Inventaris in aanbouw<\/strong> Een beetje geduld!<\/p>\n\n\n\n<h2>Vind je decor<\/h2>\n\n\n<div class=\"wp-block wp-block-child-post alignwide\">\n    <div class=\"entityList clear\">\n        \n<div class=\"entityItem\" data-trigger=\"wpiris-click\" data-id=\"wpiris-entity-slider-item\">\n    <p class=\"entityItemThumbnail\">\n        <a href=\"https:\/\/www.creilsudoise-tourisme.fr\/nl\/i-search\/schieten\/natuurdecoratie\/\" nofancybox>\n            <img data-src=\"https:\/\/www.creilsudoise-tourisme.fr\/wp-content\/uploads\/wpetourisme\/VillersSaintPaul-CreilSudOiseTourisme--12--275x350.jpg\" alt=\"Natuurlijke omgeving\">\n        <\/a>\n    <\/p>\n    <div class=\"entityItemContent\">\n        <h2 class=\"entityItemContentTitle\">\n            <a href=\"https:\/\/www.creilsudoise-tourisme.fr\/nl\/i-search\/schieten\/natuurdecoratie\/\">Natuurlijke omgeving<\/a>\n        <\/h2>\n            <\/div>\n    <a href=\"https:\/\/www.creilsudoise-tourisme.fr\/nl\/i-search\/schieten\/natuurdecoratie\/\" class=\"seeMore\"><span class=\"sr-only\">Meer zien<\/span><\/a>\n<\/div>\n        \n<div class=\"entityItem\" data-trigger=\"wpiris-click\" data-id=\"wpiris-entity-slider-item\">\n    <p class=\"entityItemThumbnail\">\n        <a href=\"https:\/\/www.creilsudoise-tourisme.fr\/nl\/i-search\/schieten\/decors-industrielen\/\" nofancybox>\n            <img data-src=\"https:\/\/www.creilsudoise-tourisme.fr\/wp-content\/uploads\/wpetourisme\/--L-ARDOISE-Glachoire-13-2-275x350.jpg\" alt=\"Steengroeve decoraties\">\n        <\/a>\n    <\/p>\n    <div class=\"entityItemContent\">\n        <h2 class=\"entityItemContentTitle\">\n            <a href=\"https:\/\/www.creilsudoise-tourisme.fr\/nl\/i-search\/schieten\/decors-industrielen\/\">Steengroeve decoraties<\/a>\n        <\/h2>\n            <\/div>\n    <a href=\"https:\/\/www.creilsudoise-tourisme.fr\/nl\/i-search\/schieten\/decors-industrielen\/\" class=\"seeMore\"><span class=\"sr-only\">Meer zien<\/span><\/a>\n<\/div>\n        \n<div class=\"entityItem\" data-trigger=\"wpiris-click\" data-id=\"wpiris-entity-slider-item\">\n    <p class=\"entityItemThumbnail\">\n        <a href=\"https:\/\/www.creilsudoise-tourisme.fr\/nl\/i-search\/schieten\/decors-batis\/\" nofancybox>\n            <img data-src=\"https:\/\/www.creilsudoise-tourisme.fr\/wp-content\/uploads\/2021\/05\/Tournage-et-interview-a-lAbbatiale-275x350.jpg\" alt=\"Gebouwde decors\">\n        <\/a>\n    <\/p>\n    <div class=\"entityItemContent\">\n        <h2 class=\"entityItemContentTitle\">\n            <a href=\"https:\/\/www.creilsudoise-tourisme.fr\/nl\/i-search\/schieten\/decors-batis\/\">Gebouwde decors<\/a>\n        <\/h2>\n            <\/div>\n    <a href=\"https:\/\/www.creilsudoise-tourisme.fr\/nl\/i-search\/schieten\/decors-batis\/\" class=\"seeMore\"><span class=\"sr-only\">Meer zien<\/span><\/a>\n<\/div>\n        \n<div class=\"entityItem\" data-trigger=\"wpiris-click\" data-id=\"wpiris-entity-slider-item\">\n    <p class=\"entityItemThumbnail\">\n        <a href=\"https:\/\/www.creilsudoise-tourisme.fr\/nl\/i-search\/schieten\/industriele-decoratie-3\/\" nofancybox>\n            <img data-src=\"https:\/\/www.creilsudoise-tourisme.fr\/wp-content\/uploads\/2023\/09\/Clouterie-Rivierre-Creil-\u00a9-Creil-Sud-Oise-Tourisme-5-275x350.jpg\" alt=\"Industri\u00eble decors\">\n        <\/a>\n    <\/p>\n    <div class=\"entityItemContent\">\n        <h2 class=\"entityItemContentTitle\">\n            <a href=\"https:\/\/www.creilsudoise-tourisme.fr\/nl\/i-search\/schieten\/industriele-decoratie-3\/\">Industri\u00eble decors<\/a>\n        <\/h2>\n            <\/div>\n    <a href=\"https:\/\/www.creilsudoise-tourisme.fr\/nl\/i-search\/schieten\/industriele-decoratie-3\/\" class=\"seeMore\"><span class=\"sr-only\">Meer zien<\/span><\/a>\n<\/div>\n            <\/div>\n<\/div>\n\n\n<h2><strong>C<\/strong>reil <strong>S<\/strong>ud <strong>O<\/strong>ise, land van filmopnames<\/h2>\n\n\n\n<h3>Een uniek erfgoed aan de poort van Parijs<\/h3>\n\n\n\n<h4><strong>Industrieel erfgoed<\/strong> : woestenij als achtergrond<\/h4>\n\n\n\n<p>Meer dan twee eeuwen oud, de <strong>industrieel erfgoed<\/strong> in de agglomeratie Creil Sud Oise is opgenomen in \u00e9\u00e9n inventaris, die ook de <strong>bouwers zoals Eiffel en Perret. <\/strong><\/p>\n\n\n\n<p>Hier zijn veel <strong>braakland <\/strong>staan tot je beschikking voor film- en video-opnames.<\/p>\n\n\n\n<h4><strong>Erfgoed van steengroeven<\/strong> Ondergronds en maanlandschap<\/h4>\n\n\n\n<p>De winning van de steen van Saint-Maximin, een bouwsteen van uitzonderlijke kwaliteit, heeft Creil Sud Oise gevormd en een prachtig landschap achtergelaten. <\/p>\n\n\n\n<p>Hier maken we het je gemakkelijk om toegang te krijgen tot decors die het waard zijn om <strong>maanlandschappen of woeste vlakten<\/strong> in <strong>steengroeven waar de natuur haar rechtmatige plaats heeft heroverd<\/strong> met een perfecte harmonie tussen steen en natuur.<\/p>\n\n\n\n<h4><strong>Gebouwd erfgoed<\/strong> locaties met een rijke geschiedenis<\/h4>\n\n\n\n<p>Een land dat eeuwenlang zeer geliefd was bij koningen en hun hoven, <strong>Creil Sud Oise heeft nog steeds een aantal mooie gebouwen binnen handbereik <\/strong>voor je shoots.  De<strong>architectuur uit verschillende periodes<\/strong> (Romaans, Gotisch, naoorlogse constructie...) biedt een breed scala aan filmsets.<\/p>\n\n\n\n<p><strong>Dorpskerken en abdijen<\/strong> zo groot als een kathedraal, <strong>middeleeuwse straten<\/strong>, <strong>begraafplaatsen <\/strong>en <strong>kastelen <\/strong>beschikbaar zijn. <\/p>\n\n\n\n<h4><strong>Vervoer over de rivier<\/strong> tussen natuur en technische structuren<\/h4>\n\n\n\n<p>Creil Sud Oise heeft <strong>3 rivieren : <\/strong><\/p>\n\n\n\n<ul>\n<li><strong>L'Oise<\/strong>Het landschap, dat natuurlijke vormen afwisselt met door de mens gemaakte lijnen, wordt onderbroken door <strong>bouwkundige constructies <\/strong>(bruggen, sluizen, havens) om je video's te verlevendigen. <\/li>\n<\/ul>\n\n\n\n<ul>\n<li><strong>De Th\u00e9rain en de Br\u00e8che<\/strong> die beide hun wilde landschappen hebben behouden en <strong>De oevers zijn omzoomd met bomen en vegetatie.<\/strong><\/li>\n<\/ul>\n\n\n\n<div class=\"is-layout-flex wp-container-3 wp-block-columns are-vertically-aligned-center\">\n<div class=\"is-layout-flow wp-block-column is-vertically-aligned-center\" style=\"flex-basis:33.33%\"><div class=\"wp-block-image\">\n<figure class=\"aligncenter size-large\"><img decoding=\"async\" loading=\"lazy\" width=\"1200\" height=\"1200\" data-src=\"https:\/\/www.creilsudoise-tourisme.fr\/wp-content\/uploads\/2025\/05\/Nouara-L-1200x1200.jpg\" alt=\"\" class=\"wp-image-62312\" data-srcset=\"https:\/\/www.creilsudoise-tourisme.fr\/wp-content\/uploads\/2025\/05\/Nouara-L-1200x1200.jpg 1200w, https:\/\/www.creilsudoise-tourisme.fr\/wp-content\/uploads\/2025\/05\/Nouara-L-600x600.jpg 600w, https:\/\/www.creilsudoise-tourisme.fr\/wp-content\/uploads\/2025\/05\/Nouara-L-300x300.jpg 300w, https:\/\/www.creilsudoise-tourisme.fr\/wp-content\/uploads\/2025\/05\/Nouara-L-900x900.jpg 900w, https:\/\/www.creilsudoise-tourisme.fr\/wp-content\/uploads\/2025\/05\/Nouara-L-1536x1536.jpg 1536w, https:\/\/www.creilsudoise-tourisme.fr\/wp-content\/uploads\/2025\/05\/Nouara-L-12x12.jpg 12w, https:\/\/www.creilsudoise-tourisme.fr\/wp-content\/uploads\/2025\/05\/Nouara-L-200x200.jpg 200w, https:\/\/www.creilsudoise-tourisme.fr\/wp-content\/uploads\/2025\/05\/Nouara-L-650x650.jpg 650w, https:\/\/www.creilsudoise-tourisme.fr\/wp-content\/uploads\/2025\/05\/Nouara-L-387x387.jpg 387w, https:\/\/www.creilsudoise-tourisme.fr\/wp-content\/uploads\/2025\/05\/Nouara-L.jpg 1574w\" sizes=\"(max-width: 1200px) 100vw, 1200px\" \/><\/figure><\/div><\/div>\n\n\n\n<div class=\"is-layout-flow wp-block-column is-vertically-aligned-center\" style=\"flex-basis:66.66%\"><div class=\"wp-block wp-block-highlight\">\n            <h3 class=\"wp-block-highlight-item wp-block-highlight-title\">Neem contact met me op!<\/h3>\n                <p class=\"wp-block-highlight-item wp-block-highlight-excerpt\"><br><strong>Nouara Lebachiche<br><\/strong>Verantwoordelijk voor het filmkantoor in Creil Sud Oise<br><a href=\"telto:0602081182\" target=\"_blank\" rel=\"noreferrer noopener\">06 02 08 11 82<\/a><br><a href=\"mailto:&#110;&#111;&#117;&#97;ra&#64;cr&#101;i&#108;s&#117;&#100;oi&#115;&#101;-to&#117;rism&#101;.f&#114;\" target=\"_blank\" rel=\"noreferrer noopener\">Per post<\/a><\/p>\n    <\/div><\/div>\n<\/div>","protected":false},"excerpt":{"rendered":"<p>Inventaris in aanbouw: een beetje geduld! Vind je set Creil Sud Oise, een filmlocatie Een uniek erfgoed aan de rand van Parijs Industrieel erfgoed: braakliggend terrein als decor Meer dan twee eeuwen oud, het industri\u00eble erfgoed van de agglomeratie Creil Sud Oise is opgenomen in een unieke inventaris [...].<\/p>","protected":false},"author":3,"featured_media":50616,"parent":167,"menu_order":8,"comment_status":"closed","ping_status":"closed","template":"page-templates\/intermediaire.php","meta":{"_relevanssi_hide_post":"","_relevanssi_hide_content":"","_relevanssi_pin_for_all":"","_relevanssi_pin_keywords":"","_relevanssi_unpin_keywords":"","_relevanssi_related_keywords":"","_relevanssi_related_include_ids":"","_relevanssi_related_exclude_ids":"","_relevanssi_related_no_append":"","_relevanssi_related_not_related":"","_relevanssi_related_posts":"275,271,267,273","_relevanssi_noindex_reason":""},"yoast_head":"<!-- This site is optimized with the Yoast SEO plugin v20.2.1 - https:\/\/yoast.com\/wordpress\/plugins\/seo\/ -->\n<title>Lieux de tournages et shooting \u00e0 Creil Sud Oise<\/title>\n<meta name=\"description\" content=\"Vous \u00eates \u00e0 la recherche d\u2019un lieu de tournage ? Le territoire Creil Sud Oise offre de nombreux sites atypiques et propices aux shootings\" \/>\n<meta name=\"robots\" content=\"index, follow, max-snippet:-1, max-image-preview:large, max-video-preview:-1\" \/>\n<link rel=\"canonical\" href=\"https:\/\/www.creilsudoise-tourisme.fr\/nl\/i-search\/schieten\/\" \/>\n<meta property=\"og:locale\" content=\"nl_NL\" \/>\n<meta property=\"og:type\" content=\"article\" \/>\n<meta property=\"og:title\" content=\"Lieux de tournages et shooting \u00e0 Creil Sud Oise\" \/>\n<meta property=\"og:description\" content=\"Vous \u00eates \u00e0 la recherche d\u2019un lieu de tournage ? Le territoire Creil Sud Oise offre de nombreux sites atypiques et propices aux shootings\" \/>\n<meta property=\"og:url\" content=\"https:\/\/www.creilsudoise-tourisme.fr\/nl\/i-search\/schieten\/\" \/>\n<meta property=\"og:site_name\" content=\"Office de Tourisme Creil Sud Oise\" \/>\n<meta property=\"article:publisher\" content=\"https:\/\/www.facebook.com\/creilsudoisetourisme\/\" \/>\n<meta property=\"article:modified_time\" content=\"2025-05-16T09:47:15+00:00\" \/>\n<meta property=\"og:image\" content=\"https:\/\/www.creilsudoise-tourisme.fr\/wp-content\/uploads\/2023\/11\/Tournages-a-Creil-Sud-Oise.jpg\" \/>\n\t<meta property=\"og:image:width\" content=\"1480\" \/>\n\t<meta property=\"og:image:height\" content=\"987\" \/>\n\t<meta property=\"og:image:type\" content=\"image\/jpeg\" \/>\n<meta name=\"twitter:card\" content=\"summary_large_image\" \/>\n<meta name=\"twitter:site\" content=\"@CreilSudOiseOT\" \/>\n<meta name=\"twitter:label1\" content=\"Geschatte leestijd\" \/>\n\t<meta name=\"twitter:data1\" content=\"1 minuut\" \/>\n<script type=\"application\/ld+json\" class=\"yoast-schema-graph\">{\"@context\":\"https:\/\/schema.org\",\"@graph\":[{\"@type\":\"WebPage\",\"@id\":\"https:\/\/www.creilsudoise-tourisme.fr\/je-cherche\/tournage\/\",\"url\":\"https:\/\/www.creilsudoise-tourisme.fr\/je-cherche\/tournage\/\",\"name\":\"Lieux de tournages et shooting \u00e0 Creil Sud Oise\",\"isPartOf\":{\"@id\":\"https:\/\/www.creilsudoise-tourisme.fr\/#website\"},\"datePublished\":\"2023-10-05T08:11:18+00:00\",\"dateModified\":\"2025-05-16T09:47:15+00:00\",\"description\":\"Vous \u00eates \u00e0 la recherche d\u2019un lieu de tournage ? Le territoire Creil Sud Oise offre de nombreux sites atypiques et propices aux shootings\",\"breadcrumb\":{\"@id\":\"https:\/\/www.creilsudoise-tourisme.fr\/je-cherche\/tournage\/#breadcrumb\"},\"inLanguage\":\"nl\",\"potentialAction\":[{\"@type\":\"ReadAction\",\"target\":[\"https:\/\/www.creilsudoise-tourisme.fr\/je-cherche\/tournage\/\"]}]},{\"@type\":\"BreadcrumbList\",\"@id\":\"https:\/\/www.creilsudoise-tourisme.fr\/je-cherche\/tournage\/#breadcrumb\",\"itemListElement\":[{\"@type\":\"ListItem\",\"position\":1,\"name\":\"Accueil\",\"item\":\"https:\/\/www.creilsudoise-tourisme.fr\/\"},{\"@type\":\"ListItem\",\"position\":2,\"name\":\"Je cherche\",\"item\":\"https:\/\/www.creilsudoise-tourisme.fr\/je-cherche\/\"},{\"@type\":\"ListItem\",\"position\":3,\"name\":\"Un lieu de tournage\"}]},{\"@type\":\"WebSite\",\"@id\":\"https:\/\/www.creilsudoise-tourisme.fr\/#website\",\"url\":\"https:\/\/www.creilsudoise-tourisme.fr\/\",\"name\":\"Office de Tourisme Creil Sud Oise\",\"description\":\"Creil Sud Oise Tourisme, un territoire \u00e0 explorer !\",\"publisher\":{\"@id\":\"https:\/\/www.creilsudoise-tourisme.fr\/#organization\"},\"potentialAction\":[{\"@type\":\"SearchAction\",\"target\":{\"@type\":\"EntryPoint\",\"urlTemplate\":\"https:\/\/www.creilsudoise-tourisme.fr\/?s={search_term_string}\"},\"query-input\":\"required name=search_term_string\"}],\"inLanguage\":\"nl\"},{\"@type\":\"Organization\",\"@id\":\"https:\/\/www.creilsudoise-tourisme.fr\/#organization\",\"name\":\"Creil Sud Oise Tourisme\",\"url\":\"https:\/\/www.creilsudoise-tourisme.fr\/\",\"logo\":{\"@type\":\"ImageObject\",\"inLanguage\":\"nl\",\"@id\":\"https:\/\/www.creilsudoise-tourisme.fr\/#\/schema\/logo\/image\/\",\"url\":\"https:\/\/www.creilsudoise-tourisme.fr\/wp-content\/uploads\/2021\/05\/logo-svg.png\",\"contentUrl\":\"https:\/\/www.creilsudoise-tourisme.fr\/wp-content\/uploads\/2021\/05\/logo-svg.png\",\"width\":182,\"height\":71,\"caption\":\"Creil Sud Oise Tourisme\"},\"image\":{\"@id\":\"https:\/\/www.creilsudoise-tourisme.fr\/#\/schema\/logo\/image\/\"},\"sameAs\":[\"https:\/\/www.facebook.com\/creilsudoisetourisme\/\",\"https:\/\/twitter.com\/CreilSudOiseOT\",\"https:\/\/www.instagram.com\/creilsudoisetourisme\/\",\"https:\/\/www.youtube.com\/channel\/UC8L_QD2wwyADW14zt9fY8kw\"]}]}<\/script>\n<!-- \/ Yoast SEO plugin. -->","yoast_head_json":{"title":"Lieux de tournages et shooting \u00e0 Creil Sud Oise","description":"Vous \u00eates \u00e0 la recherche d\u2019un lieu de tournage ? Le territoire Creil Sud Oise offre de nombreux sites atypiques et propices aux shootings","robots":{"index":"index","follow":"follow","max-snippet":"max-snippet:-1","max-image-preview":"max-image-preview:large","max-video-preview":"max-video-preview:-1"},"canonical":"https:\/\/www.creilsudoise-tourisme.fr\/nl\/i-search\/schieten\/","og_locale":"nl_NL","og_type":"article","og_title":"Lieux de tournages et shooting \u00e0 Creil Sud Oise","og_description":"Vous \u00eates \u00e0 la recherche d\u2019un lieu de tournage ? Le territoire Creil Sud Oise offre de nombreux sites atypiques et propices aux shootings","og_url":"https:\/\/www.creilsudoise-tourisme.fr\/nl\/i-search\/schieten\/","og_site_name":"Office de Tourisme Creil Sud Oise","article_publisher":"https:\/\/www.facebook.com\/creilsudoisetourisme\/","article_modified_time":"2025-05-16T09:47:15+00:00","og_image":[{"width":1480,"height":987,"url":"https:\/\/www.creilsudoise-tourisme.fr\/wp-content\/uploads\/2023\/11\/Tournages-a-Creil-Sud-Oise.jpg","type":"image\/jpeg"}],"twitter_card":"summary_large_image","twitter_site":"@CreilSudOiseOT","twitter_misc":{"Geschatte leestijd":"1 minuut"},"schema":{"@context":"https:\/\/schema.org","@graph":[{"@type":"WebPage","@id":"https:\/\/www.creilsudoise-tourisme.fr\/je-cherche\/tournage\/","url":"https:\/\/www.creilsudoise-tourisme.fr\/je-cherche\/tournage\/","name":"Lieux de tournages et shooting \u00e0 Creil Sud Oise","isPartOf":{"@id":"https:\/\/www.creilsudoise-tourisme.fr\/#website"},"datePublished":"2023-10-05T08:11:18+00:00","dateModified":"2025-05-16T09:47:15+00:00","description":"Vous \u00eates \u00e0 la recherche d\u2019un lieu de tournage ? Le territoire Creil Sud Oise offre de nombreux sites atypiques et propices aux shootings","breadcrumb":{"@id":"https:\/\/www.creilsudoise-tourisme.fr\/je-cherche\/tournage\/#breadcrumb"},"inLanguage":"nl","potentialAction":[{"@type":"ReadAction","target":["https:\/\/www.creilsudoise-tourisme.fr\/je-cherche\/tournage\/"]}]},{"@type":"BreadcrumbList","@id":"https:\/\/www.creilsudoise-tourisme.fr\/je-cherche\/tournage\/#breadcrumb","itemListElement":[{"@type":"ListItem","position":1,"name":"Accueil","item":"https:\/\/www.creilsudoise-tourisme.fr\/"},{"@type":"ListItem","position":2,"name":"Je cherche","item":"https:\/\/www.creilsudoise-tourisme.fr\/je-cherche\/"},{"@type":"ListItem","position":3,"name":"Un lieu de tournage"}]},{"@type":"WebSite","@id":"https:\/\/www.creilsudoise-tourisme.fr\/#website","url":"https:\/\/www.creilsudoise-tourisme.fr\/","name":"Office de Tourisme Creil Sud Oise","description":"Creil Sud Oise Tourisme, un territoire \u00e0 explorer !","publisher":{"@id":"https:\/\/www.creilsudoise-tourisme.fr\/#organization"},"potentialAction":[{"@type":"SearchAction","target":{"@type":"EntryPoint","urlTemplate":"https:\/\/www.creilsudoise-tourisme.fr\/?s={search_term_string}"},"query-input":"required name=search_term_string"}],"inLanguage":"nl"},{"@type":"Organization","@id":"https:\/\/www.creilsudoise-tourisme.fr\/#organization","name":"Creil Sud Oise Tourisme","url":"https:\/\/www.creilsudoise-tourisme.fr\/","logo":{"@type":"ImageObject","inLanguage":"nl","@id":"https:\/\/www.creilsudoise-tourisme.fr\/#\/schema\/logo\/image\/","url":"https:\/\/www.creilsudoise-tourisme.fr\/wp-content\/uploads\/2021\/05\/logo-svg.png","contentUrl":"https:\/\/www.creilsudoise-tourisme.fr\/wp-content\/uploads\/2021\/05\/logo-svg.png","width":182,"height":71,"caption":"Creil Sud Oise Tourisme"},"image":{"@id":"https:\/\/www.creilsudoise-tourisme.fr\/#\/schema\/logo\/image\/"},"sameAs":["https:\/\/www.facebook.com\/creilsudoisetourisme\/","https:\/\/twitter.com\/CreilSudOiseOT","https:\/\/www.instagram.com\/creilsudoisetourisme\/","https:\/\/www.youtube.com\/channel\/UC8L_QD2wwyADW14zt9fY8kw"]}]}},"_links":{"self":[{"href":"https:\/\/www.creilsudoise-tourisme.fr\/nl\/wp-json\/wp\/v2\/pages\/49925"}],"collection":[{"href":"https:\/\/www.creilsudoise-tourisme.fr\/nl\/wp-json\/wp\/v2\/pages"}],"about":[{"href":"https:\/\/www.creilsudoise-tourisme.fr\/nl\/wp-json\/wp\/v2\/types\/page"}],"author":[{"embeddable":true,"href":"https:\/\/www.creilsudoise-tourisme.fr\/nl\/wp-json\/wp\/v2\/users\/3"}],"replies":[{"embeddable":true,"href":"https:\/\/www.creilsudoise-tourisme.fr\/nl\/wp-json\/wp\/v2\/comments?post=49925"}],"version-history":[{"count":11,"href":"https:\/\/www.creilsudoise-tourisme.fr\/nl\/wp-json\/wp\/v2\/pages\/49925\/revisions"}],"predecessor-version":[{"id":62316,"href":"https:\/\/www.creilsudoise-tourisme.fr\/nl\/wp-json\/wp\/v2\/pages\/49925\/revisions\/62316"}],"up":[{"embeddable":true,"href":"https:\/\/www.creilsudoise-tourisme.fr\/nl\/wp-json\/wp\/v2\/pages\/167"}],"wp:featuredmedia":[{"embeddable":true,"href":"https:\/\/www.creilsudoise-tourisme.fr\/nl\/wp-json\/wp\/v2\/media\/50616"}],"wp:attachment":[{"href":"https:\/\/www.creilsudoise-tourisme.fr\/nl\/wp-json\/wp\/v2\/media?parent=49925"}],"curies":[{"name":"wp","href":"https:\/\/api.w.org\/{rel}","templated":true}]}}