{"id":39844,"date":"2022-02-10T12:38:01","date_gmt":"2022-02-10T11:38:01","guid":{"rendered":"https:\/\/www.creilsudoise-tourisme.fr\/?page_id=39844"},"modified":"2022-03-07T15:56:01","modified_gmt":"2022-03-07T14:56:01","slug":"recrutement","status":"publish","type":"page","link":"https:\/\/www.creilsudoise-tourisme.fr\/nl\/praktijk\/toerisme-kantoor\/werving\/","title":{"rendered":"Aanwerving"},"content":{"rendered":"<p class=\"is-style-excerpt\"><strong>Word lid van een dynamisch team<\/strong> en deelnemen aan <strong>grootschalige projecten<\/strong> op het grondgebied van Creil Sud Oise! De advertenties hebben betrekking op de twee sites die de entiteit vormen <strong>Creil Sud Oise Toerisme<\/strong> (CIPS): de<strong>Creil Sud Oise Dienst voor Toerisme<\/strong>gelegen in Creil en de <strong>Steenhuis Zuid-Oise<\/strong>gelegen in Saint-Maximin. <strong>Maak je CV's klaar!<\/strong><\/p>\n\n\n\n<h2>Toeristische dienst Creil Sud Oise, Creil<\/h2>\n\n\n\n<p>Er is geen aankondiging op dit moment! <\/p>\n\n\n\n<hr class=\"wp-block-separator\"\/>\n\n\n\n<h2>Maison de la Pierre du Sud de l'Oise, Saint-Maximin<\/h2>\n\n\n\n<p>Er is geen aankondiging op dit moment! <\/p>","protected":false},"excerpt":{"rendered":"<p>Word lid van een dynamisch team en werk mee aan grote projecten in de regio Creil Sud Oise! De advertenties hebben betrekking op de twee locaties die samen Creil Sud Oise Tourisme (\u00c9PIC) vormen: het Office de Tourisme Creil Sud Oise, gelegen in Creil, en het Maison de la Pierre du Sud de l'Oise, gelegen in Saint-Maximin. \u00c0 [...]<\/p>","protected":false},"author":3,"featured_media":39848,"parent":203,"menu_order":2,"comment_status":"closed","ping_status":"closed","template":"","meta":{"_relevanssi_hide_post":"","_relevanssi_hide_content":"","_relevanssi_pin_for_all":"","_relevanssi_pin_keywords":"","_relevanssi_unpin_keywords":"","_relevanssi_related_keywords":"","_relevanssi_related_include_ids":"","_relevanssi_related_exclude_ids":"","_relevanssi_related_no_append":"","_relevanssi_related_not_related":"","_relevanssi_related_posts":"38921,36681,38928,37757,39126,32820","_relevanssi_noindex_reason":""},"yoast_head":"<!-- This site is optimized with the Yoast SEO plugin v20.2.1 - https:\/\/yoast.com\/wordpress\/plugins\/seo\/ -->\n<title>Creil Sud Oise Tourisme recrute !<\/title>\n<meta name=\"description\" content=\"Rejoignez l&#039;\u00e9quipe dynamique de Creil Sud Oise Tourisme ! Offres d&#039;emploi \u00e0 l&#039;Office de Tourisme (Creil) ou \u00e0 la Maison de la Pierre (Saint-Maximin)\" \/>\n<meta name=\"robots\" content=\"index, follow, max-snippet:-1, max-image-preview:large, max-video-preview:-1\" \/>\n<link rel=\"canonical\" href=\"https:\/\/www.creilsudoise-tourisme.fr\/nl\/praktijk\/toerisme-kantoor\/werving\/\" \/>\n<meta property=\"og:locale\" content=\"nl_NL\" \/>\n<meta property=\"og:type\" content=\"article\" \/>\n<meta property=\"og:title\" content=\"Creil Sud Oise Tourisme recrute !\" \/>\n<meta property=\"og:description\" content=\"Rejoignez l&#039;\u00e9quipe dynamique de Creil Sud Oise Tourisme ! Offres d&#039;emploi \u00e0 l&#039;Office de Tourisme (Creil) ou \u00e0 la Maison de la Pierre (Saint-Maximin)\" \/>\n<meta property=\"og:url\" content=\"https:\/\/www.creilsudoise-tourisme.fr\/nl\/praktijk\/toerisme-kantoor\/werving\/\" \/>\n<meta property=\"og:site_name\" content=\"Office de Tourisme Creil Sud Oise\" \/>\n<meta property=\"article:publisher\" content=\"https:\/\/www.facebook.com\/creilsudoisetourisme\/\" \/>\n<meta property=\"article:modified_time\" content=\"2022-03-07T14:56:01+00:00\" \/>\n<meta property=\"og:image\" content=\"https:\/\/www.creilsudoise-tourisme.fr\/wp-content\/uploads\/2022\/02\/Creil-Sud-Oise-recrute.jpg\" \/>\n\t<meta property=\"og:image:width\" content=\"1480\" \/>\n\t<meta property=\"og:image:height\" content=\"833\" \/>\n\t<meta property=\"og:image:type\" content=\"image\/jpeg\" \/>\n<meta name=\"twitter:card\" content=\"summary_large_image\" \/>\n<meta name=\"twitter:site\" content=\"@CreilSudOiseOT\" \/>\n<meta name=\"twitter:label1\" content=\"Geschatte leestijd\" \/>\n\t<meta name=\"twitter:data1\" content=\"1 minuut\" \/>\n<script type=\"application\/ld+json\" class=\"yoast-schema-graph\">{\"@context\":\"https:\/\/schema.org\",\"@graph\":[{\"@type\":\"WebPage\",\"@id\":\"https:\/\/www.creilsudoise-tourisme.fr\/pratique\/office-de-tourisme\/recrutement\/\",\"url\":\"https:\/\/www.creilsudoise-tourisme.fr\/pratique\/office-de-tourisme\/recrutement\/\",\"name\":\"Creil Sud Oise Tourisme recrute !\",\"isPartOf\":{\"@id\":\"https:\/\/www.creilsudoise-tourisme.fr\/#website\"},\"datePublished\":\"2022-02-10T11:38:01+00:00\",\"dateModified\":\"2022-03-07T14:56:01+00:00\",\"description\":\"Rejoignez l'\u00e9quipe dynamique de Creil Sud Oise Tourisme ! Offres d'emploi \u00e0 l'Office de Tourisme (Creil) ou \u00e0 la Maison de la Pierre (Saint-Maximin)\",\"breadcrumb\":{\"@id\":\"https:\/\/www.creilsudoise-tourisme.fr\/pratique\/office-de-tourisme\/recrutement\/#breadcrumb\"},\"inLanguage\":\"nl\",\"potentialAction\":[{\"@type\":\"ReadAction\",\"target\":[\"https:\/\/www.creilsudoise-tourisme.fr\/pratique\/office-de-tourisme\/recrutement\/\"]}]},{\"@type\":\"BreadcrumbList\",\"@id\":\"https:\/\/www.creilsudoise-tourisme.fr\/pratique\/office-de-tourisme\/recrutement\/#breadcrumb\",\"itemListElement\":[{\"@type\":\"ListItem\",\"position\":1,\"name\":\"Accueil\",\"item\":\"https:\/\/www.creilsudoise-tourisme.fr\/\"},{\"@type\":\"ListItem\",\"position\":2,\"name\":\"Pratique\",\"item\":\"https:\/\/www.creilsudoise-tourisme.fr\/pratique\/\"},{\"@type\":\"ListItem\",\"position\":3,\"name\":\"L&rsquo;Office de Tourisme\",\"item\":\"https:\/\/www.creilsudoise-tourisme.fr\/pratique\/office-de-tourisme\/\"},{\"@type\":\"ListItem\",\"position\":4,\"name\":\"Recrutement\"}]},{\"@type\":\"WebSite\",\"@id\":\"https:\/\/www.creilsudoise-tourisme.fr\/#website\",\"url\":\"https:\/\/www.creilsudoise-tourisme.fr\/\",\"name\":\"Office de Tourisme Creil Sud Oise\",\"description\":\"Creil Sud Oise Tourisme, un territoire \u00e0 explorer !\",\"publisher\":{\"@id\":\"https:\/\/www.creilsudoise-tourisme.fr\/#organization\"},\"potentialAction\":[{\"@type\":\"SearchAction\",\"target\":{\"@type\":\"EntryPoint\",\"urlTemplate\":\"https:\/\/www.creilsudoise-tourisme.fr\/?s={search_term_string}\"},\"query-input\":\"required name=search_term_string\"}],\"inLanguage\":\"nl\"},{\"@type\":\"Organization\",\"@id\":\"https:\/\/www.creilsudoise-tourisme.fr\/#organization\",\"name\":\"Creil Sud Oise Tourisme\",\"url\":\"https:\/\/www.creilsudoise-tourisme.fr\/\",\"logo\":{\"@type\":\"ImageObject\",\"inLanguage\":\"nl\",\"@id\":\"https:\/\/www.creilsudoise-tourisme.fr\/#\/schema\/logo\/image\/\",\"url\":\"https:\/\/www.creilsudoise-tourisme.fr\/wp-content\/uploads\/2021\/05\/logo-svg.png\",\"contentUrl\":\"https:\/\/www.creilsudoise-tourisme.fr\/wp-content\/uploads\/2021\/05\/logo-svg.png\",\"width\":182,\"height\":71,\"caption\":\"Creil Sud Oise Tourisme\"},\"image\":{\"@id\":\"https:\/\/www.creilsudoise-tourisme.fr\/#\/schema\/logo\/image\/\"},\"sameAs\":[\"https:\/\/www.facebook.com\/creilsudoisetourisme\/\",\"https:\/\/twitter.com\/CreilSudOiseOT\",\"https:\/\/www.instagram.com\/creilsudoisetourisme\/\",\"https:\/\/www.youtube.com\/channel\/UC8L_QD2wwyADW14zt9fY8kw\"]}]}<\/script>\n<!-- \/ Yoast SEO plugin. -->","yoast_head_json":{"title":"Creil Sud Oise Tourisme recrute !","description":"Rejoignez l'\u00e9quipe dynamique de Creil Sud Oise Tourisme ! Offres d'emploi \u00e0 l'Office de Tourisme (Creil) ou \u00e0 la Maison de la Pierre (Saint-Maximin)","robots":{"index":"index","follow":"follow","max-snippet":"max-snippet:-1","max-image-preview":"max-image-preview:large","max-video-preview":"max-video-preview:-1"},"canonical":"https:\/\/www.creilsudoise-tourisme.fr\/nl\/praktijk\/toerisme-kantoor\/werving\/","og_locale":"nl_NL","og_type":"article","og_title":"Creil Sud Oise Tourisme recrute !","og_description":"Rejoignez l'\u00e9quipe dynamique de Creil Sud Oise Tourisme ! Offres d'emploi \u00e0 l'Office de Tourisme (Creil) ou \u00e0 la Maison de la Pierre (Saint-Maximin)","og_url":"https:\/\/www.creilsudoise-tourisme.fr\/nl\/praktijk\/toerisme-kantoor\/werving\/","og_site_name":"Office de Tourisme Creil Sud Oise","article_publisher":"https:\/\/www.facebook.com\/creilsudoisetourisme\/","article_modified_time":"2022-03-07T14:56:01+00:00","og_image":[{"width":1480,"height":833,"url":"https:\/\/www.creilsudoise-tourisme.fr\/wp-content\/uploads\/2022\/02\/Creil-Sud-Oise-recrute.jpg","type":"image\/jpeg"}],"twitter_card":"summary_large_image","twitter_site":"@CreilSudOiseOT","twitter_misc":{"Geschatte leestijd":"1 minuut"},"schema":{"@context":"https:\/\/schema.org","@graph":[{"@type":"WebPage","@id":"https:\/\/www.creilsudoise-tourisme.fr\/pratique\/office-de-tourisme\/recrutement\/","url":"https:\/\/www.creilsudoise-tourisme.fr\/pratique\/office-de-tourisme\/recrutement\/","name":"Creil Sud Oise Tourisme recrute !","isPartOf":{"@id":"https:\/\/www.creilsudoise-tourisme.fr\/#website"},"datePublished":"2022-02-10T11:38:01+00:00","dateModified":"2022-03-07T14:56:01+00:00","description":"Rejoignez l'\u00e9quipe dynamique de Creil Sud Oise Tourisme ! Offres d'emploi \u00e0 l'Office de Tourisme (Creil) ou \u00e0 la Maison de la Pierre (Saint-Maximin)","breadcrumb":{"@id":"https:\/\/www.creilsudoise-tourisme.fr\/pratique\/office-de-tourisme\/recrutement\/#breadcrumb"},"inLanguage":"nl","potentialAction":[{"@type":"ReadAction","target":["https:\/\/www.creilsudoise-tourisme.fr\/pratique\/office-de-tourisme\/recrutement\/"]}]},{"@type":"BreadcrumbList","@id":"https:\/\/www.creilsudoise-tourisme.fr\/pratique\/office-de-tourisme\/recrutement\/#breadcrumb","itemListElement":[{"@type":"ListItem","position":1,"name":"Accueil","item":"https:\/\/www.creilsudoise-tourisme.fr\/"},{"@type":"ListItem","position":2,"name":"Pratique","item":"https:\/\/www.creilsudoise-tourisme.fr\/pratique\/"},{"@type":"ListItem","position":3,"name":"L&rsquo;Office de Tourisme","item":"https:\/\/www.creilsudoise-tourisme.fr\/pratique\/office-de-tourisme\/"},{"@type":"ListItem","position":4,"name":"Recrutement"}]},{"@type":"WebSite","@id":"https:\/\/www.creilsudoise-tourisme.fr\/#website","url":"https:\/\/www.creilsudoise-tourisme.fr\/","name":"Office de Tourisme Creil Sud Oise","description":"Creil Sud Oise Tourisme, un territoire \u00e0 explorer !","publisher":{"@id":"https:\/\/www.creilsudoise-tourisme.fr\/#organization"},"potentialAction":[{"@type":"SearchAction","target":{"@type":"EntryPoint","urlTemplate":"https:\/\/www.creilsudoise-tourisme.fr\/?s={search_term_string}"},"query-input":"required name=search_term_string"}],"inLanguage":"nl"},{"@type":"Organization","@id":"https:\/\/www.creilsudoise-tourisme.fr\/#organization","name":"Creil Sud Oise Tourisme","url":"https:\/\/www.creilsudoise-tourisme.fr\/","logo":{"@type":"ImageObject","inLanguage":"nl","@id":"https:\/\/www.creilsudoise-tourisme.fr\/#\/schema\/logo\/image\/","url":"https:\/\/www.creilsudoise-tourisme.fr\/wp-content\/uploads\/2021\/05\/logo-svg.png","contentUrl":"https:\/\/www.creilsudoise-tourisme.fr\/wp-content\/uploads\/2021\/05\/logo-svg.png","width":182,"height":71,"caption":"Creil Sud Oise Tourisme"},"image":{"@id":"https:\/\/www.creilsudoise-tourisme.fr\/#\/schema\/logo\/image\/"},"sameAs":["https:\/\/www.facebook.com\/creilsudoisetourisme\/","https:\/\/twitter.com\/CreilSudOiseOT","https:\/\/www.instagram.com\/creilsudoisetourisme\/","https:\/\/www.youtube.com\/channel\/UC8L_QD2wwyADW14zt9fY8kw"]}]}},"_links":{"self":[{"href":"https:\/\/www.creilsudoise-tourisme.fr\/nl\/wp-json\/wp\/v2\/pages\/39844"}],"collection":[{"href":"https:\/\/www.creilsudoise-tourisme.fr\/nl\/wp-json\/wp\/v2\/pages"}],"about":[{"href":"https:\/\/www.creilsudoise-tourisme.fr\/nl\/wp-json\/wp\/v2\/types\/page"}],"author":[{"embeddable":true,"href":"https:\/\/www.creilsudoise-tourisme.fr\/nl\/wp-json\/wp\/v2\/users\/3"}],"replies":[{"embeddable":true,"href":"https:\/\/www.creilsudoise-tourisme.fr\/nl\/wp-json\/wp\/v2\/comments?post=39844"}],"version-history":[{"count":6,"href":"https:\/\/www.creilsudoise-tourisme.fr\/nl\/wp-json\/wp\/v2\/pages\/39844\/revisions"}],"predecessor-version":[{"id":40186,"href":"https:\/\/www.creilsudoise-tourisme.fr\/nl\/wp-json\/wp\/v2\/pages\/39844\/revisions\/40186"}],"up":[{"embeddable":true,"href":"https:\/\/www.creilsudoise-tourisme.fr\/nl\/wp-json\/wp\/v2\/pages\/203"}],"wp:featuredmedia":[{"embeddable":true,"href":"https:\/\/www.creilsudoise-tourisme.fr\/nl\/wp-json\/wp\/v2\/media\/39848"}],"wp:attachment":[{"href":"https:\/\/www.creilsudoise-tourisme.fr\/nl\/wp-json\/wp\/v2\/media?parent=39844"}],"curies":[{"name":"wp","href":"https:\/\/api.w.org\/{rel}","templated":true}]}}