{"id":195,"date":"2021-02-17T10:03:25","date_gmt":"2021-02-17T09:03:25","guid":{"rendered":"https:\/\/www.creilsudoise-tourisme.fr\/accessibilite\/"},"modified":"2025-09-29T10:14:51","modified_gmt":"2025-09-29T08:14:51","slug":"accessibilite","status":"publish","type":"page","link":"https:\/\/www.creilsudoise-tourisme.fr\/nl\/praktijk\/toegankelijkheid\/","title":{"rendered":"Toegankelijkheid"},"content":{"rendered":"<h2>Toegankelijkheidsverklaring<\/h2>\n\n\n\n<p>Opgericht op 29 september 2025.<\/p>\n\n\n\n<p>Onze organisatie zet zich in om haar diensten toegankelijk te maken, in overeenstemming met artikel 47 van wet nr. 2005-102 van 11 februari 2005.<\/p>\n\n\n\n<p>Deze toegankelijkheidsverklaring is van toepassing op&nbsp;<strong>Creil Sud Oise Toerisme<\/strong>&nbsp;(https:\/\/www.creilsudoise-tourisme.fr\/).<\/p>\n\n\n\n<h3>Nalevingsstatus<\/h3>\n\n\n\n<p><strong>Creil Sud Oise Toerisme<\/strong>&nbsp;is&nbsp;<strong>gedeeltelijk conform<\/strong>&nbsp;met de RGAA.<\/p>\n\n\n\n<h3>Inhoud niet toegankelijk<\/h3>\n\n\n\n<p>De onderstaande inhoud is om de volgende redenen niet toegankelijk.<\/p>\n\n\n\n<h4>Niet-naleving<\/h4>\n\n\n\n<p>Ondanks onze inspanningen is sommige inhoud ontoegankelijk. Hieronder staat een lijst met bekende beperkingen en mogelijke oplossingen:<\/p>\n\n\n\n<ol id=\"statement-limitations\">\n<li><strong>Structuur \/ semantische opmaak<\/strong> Beperking: Sommige navigatie-elementen of \"Zie meer\" menu's zijn niet duidelijk gemarkeerd. De schermlezer kondigt uitklapmenu's of submenu's mogelijk niet correct aan, waardoor de navigatie verwarrend wordt voor een blinde gebruiker. Wat het team doet om dit te verhelpen: Rollen voor vervolgkeuzemenu's toevoegen; ervoor zorgen dat elementen de juiste HTML-tags hebben. Gebruik de <a href=\"https:\/\/www.creilsudoise-tourisme.fr\/nl\/praktijk\/neem-contact-op-met\/\" target=\"_blank\" rel=\"noreferrer noopener\">contactformulier<\/a> als je een probleem hebt.<\/li>\n\n\n\n<li><strong>Structuur \/ semantische opmaak<\/strong> Beperking: Het \"Menu\" bovenaan toont nog geen expliciete labels bij elke link. Mensen die een schermlezer gebruiken kunnen \"meer zien\" horen zonder te weten wat het is, wat de ervaring verslechtert. Wat het team eraan doet: Het algemene \"Zie meer\" vervangen door \"Zie meer - activiteit \/ sectie X\" (meer beschrijvende tekst). Gebruik de <a href=\"https:\/\/www.creilsudoise-tourisme.fr\/nl\/praktijk\/neem-contact-op-met\/\" target=\"_blank\" rel=\"noreferrer noopener\">contactformulier<\/a> als je een probleem hebt.<\/li>\n\n\n\n<li><strong>Afbeeldingen en media<\/strong> Beperking: Decoratieve of illustratieve afbeeldingen zonder alt-attribuut of een leeg attribuut, wanneer de afbeelding geen nuttige informatie bevat. Schermlezers kunnen ofwel \"afbeeldingen\" zonder context lezen, of nuttige afbeeldingen overslaan. Dit verslechtert het visuele begrip. Wat het team doet om dit te verhelpen: definieer voor elke afbeelding een geschikt alt-attribuut (alternatieve tekst): als de afbeelding informatief is, geef dan een beschrijving; als het puur decoratief is, stel dan alt= \" \" in zodat de lezer het negeert. Gebruik de <a href=\"https:\/\/www.creilsudoise-tourisme.fr\/nl\/praktijk\/neem-contact-op-met\/\" target=\"_blank\" rel=\"noreferrer noopener\">contactformulier<\/a> als je een probleem hebt.<\/li>\n\n\n\n<li><strong>Afbeeldingen en media<\/strong> Beperkingen: Video\/media (\"De bestemming in video\"): geen duidelijke opdracht voor ondertiteling, transcriptie of bediening (pauze, stop). Een slechthorende heeft geen toegang tot audio\/video-inhoud zonder ondertiteling of transcriptie. Wat het team doet om dit te verhelpen: Zorg voor een transcriptie of gesynchroniseerde ondertiteling. Voeg toegankelijke bedieningselementen toe (afspelen\/pauzeren, stoppen) en geef in de HTML aan dat de media ondertiteld is. Gebruik de <a href=\"https:\/\/www.creilsudoise-tourisme.fr\/nl\/praktijk\/neem-contact-op-met\/\" target=\"_blank\" rel=\"noreferrer noopener\">contactformulier<\/a> als je een probleem hebt.<\/li>\n\n\n\n<li><strong>Kleurcontrast \/ leesbaarheid<\/strong> Beperkingen: Sommige teksten, vooral in menu's of op achtergrondafbeeldingen, kunnen onvoldoende contrast hebben met hun achtergrond (wit op afbeelding, lichte tekst op lichte achtergrond). Voor slechtzienden, vooral mensen met contrastproblemen, maakt dit bepaalde teksten moeilijk te lezen of onleesbaar. Wat het team doet om dit te verhelpen: toepassen van uniforme achtergronden of overlays om contrast te garanderen. Gebruik de <a href=\"https:\/\/www.creilsudoise-tourisme.fr\/nl\/praktijk\/neem-contact-op-met\/\" target=\"_blank\" rel=\"noreferrer noopener\">contactformulier<\/a> als je een probleem hebt.<\/li>\n\n\n\n<li><strong>Kleurcontrast \/ leesbaarheid<\/strong> Beperking: Tekst ge\u00efntegreerd in afbeeldingen (banners, titels op afbeeldingen) zonder tekstalternatief. Schermlezers kunnen de \"grafisch ge\u00efntegreerde\" tekst niet lezen: de informatie gaat verloren voor slechtzienden. Wat het team doet om dit te voorkomen: Vermijd het invoegen van belangrijke tekst in afbeeldingen. Als het nodig is, herhaal de tekst dan in de HTML op de afbeelding of in een speciaal element. Gebruik de <a href=\"https:\/\/www.creilsudoise-tourisme.fr\/nl\/praktijk\/neem-contact-op-met\/\" target=\"_blank\" rel=\"noreferrer noopener\">contactformulier<\/a> als je een probleem hebt.<\/li>\n\n\n\n<li><strong>Navigatie \/ toetsenbord \/ focus<\/strong> Beperking: Geen \"skip to content\" (link waarmee gebruikers direct van het menu naar de hoofdinhoud kunnen springen). Dit maakt de navigatie langer voor gebruikers met toetsenborden of schermlezers, omdat ze alle navigatielinks moeten doorlopen voordat ze bij de inhoud komen. Wat het team eraan doet: Een link \"Ga naar inhoud\" toevoegen die zichtbaar is in de... Gebruik de <a href=\"https:\/\/www.creilsudoise-tourisme.fr\/nl\/praktijk\/neem-contact-op-met\/\" target=\"_blank\" rel=\"noreferrer noopener\">contactformulier<\/a> als je een probleem hebt.<\/li>\n\n\n\n<li><strong>Formulieren \/ zoeken \/ velden<\/strong> Beperking: Geen (of weinig) foutmeldingen of toegankelijke hulp (bijv. voor contactformulieren). In het geval van een invoerfout begrijpt iemand met een visuele of cognitieve beperking misschien niet wat hij fout heeft gedaan of hoe hij het moet corrigeren. Wat het team doet om dit te verhelpen: Voeg duidelijke foutmeldingen toe bij de velden. Zorg ervoor dat ze worden aangekondigd door schermlezers. Gebruik de <a href=\"https:\/\/www.creilsudoise-tourisme.fr\/nl\/praktijk\/neem-contact-op-met\/\" target=\"_blank\" rel=\"noreferrer noopener\">contactformulier<\/a> als je een probleem hebt.<\/li>\n\n\n\n<li><strong>Inhoud \/ duidelijkheid \/ cognitieve overbelasting<\/strong> Beperking: Geen instelbare lettergrootte of \"hoog contrast modus\". Als de site de gebruiker niet toestaat de tekstgrootte aan te passen of een modus voor hoog contrast te activeren, worden mensen met een slecht gezichtsvermogen beperkt. Wat het team doet om dit te verhelpen: De gebruiker controle bieden (\"+ \/ -\" knoppen voor grootte, hoog contrast modus), of ervoor zorgen dat de browser zoom (tot 200 %) de lay-out niet verandert (responsive). Gebruik de <a href=\"https:\/\/www.creilsudoise-tourisme.fr\/nl\/praktijk\/neem-contact-op-met\/\" target=\"_blank\" rel=\"noreferrer noopener\">contactformulier<\/a> als je een probleem hebt.<\/li>\n<\/ol>\n\n\n\n<h3>Verbetering en contact<\/h3>\n\n\n\n<p>Als u geen toegang kunt krijgen tot een inhoud of dienst, kunt u contact opnemen met de beheerder van Creil Sud Oise Tourisme om naar een toegankelijk alternatief te worden doorverwezen of om de inhoud in een andere vorm te verkrijgen.<\/p>\n\n\n\n<ul>\n<li>Telefoon: 03 75 19 01 70<\/li>\n\n\n\n<li>E-mail :&nbsp;<a href=\"mailto:bi&#101;n&#118;e&#110;&#117;&#101;&#64;&#99;&#114;&#101;&#105;&#108;&#115;u&#100;ois&#101;&#45;&#116;o&#117;&#114;&#105;&#115;me.&#102;&#114;\">&#98;&#105;&#101;&#110;&#118;e&#110;&#117;e&#64;c&#114;&#101;&#105;lsud&#111;&#105;s&#101;-&#116;our&#105;&#115;&#109;e&#46;&#102;&#114;<\/a><\/li>\n\n\n\n<li>Contactformulier :&nbsp;<a href=\"https:\/\/www.creilsudoise-tourisme.fr\/nl\/praktijk\/neem-contact-op-met\/\">Contacteer ons<\/a><\/li>\n\n\n\n<li>Adres: 6 avenue Jules Urhy 60100 Creil<\/li>\n<\/ul>\n\n\n\n<p>We proberen binnen 2 werkdagen te reageren.<\/p>\n\n\n\n<h3>Recht van beroep<\/h3>\n\n\n\n<p>Deze procedure moet worden gebruikt in het volgende geval: u hebt de websitebeheerder op de hoogte gesteld van een gebrek aan toegankelijkheid waardoor u geen toegang hebt tot inhoud of een van de diensten van het portaal en u hebt geen bevredigend antwoord ontvangen.<\/p>\n\n\n\n<p>U kunt :<\/p>\n\n\n\n<ul>\n<li>Schrijf een bericht naar&nbsp;<a href=\"https:\/\/formulaire.defenseurdesdroits.fr\/\">Mensenrechtenverdediger<\/a><\/li>\n\n\n\n<li>Neem contact op met&nbsp;<a href=\"https:\/\/www.defenseurdesdroits.fr\/saisir\/delegues\">de afgevaardigde van D\u00e9fenseur des droits in uw regio<\/a><\/li>\n\n\n\n<li>Stuur een brief per post (gratis, gebruik geen postzegels):<br>Mensenrechtenverdediger<br>Gratis antwoord 71120 75342 Parijs CEDEX 07<\/li>\n<\/ul>\n\n\n\n<hr class=\"wp-block-separator has-alpha-channel-opacity\"\/>\n\n\n\n<p>Deze toegankelijkheidsverklaring werd op 29 september 2025 opgesteld dankzij de&nbsp;<a href=\"https:\/\/betagouv.github.io\/a11y-generateur-declaration\/#create\">Generator toegankelijkheidsverklaring<\/a>.<\/p>\n\n\n\n<hr class=\"wp-block-separator has-css-opacity\"\/>\n\n\n\n<h2>Toerisme voor iedereen<\/h2>\n\n\n\n<h3>Toerisme en Handicap Label<\/h3>\n\n\n\n<p><strong>Het toeristenbureau Creil Sud Oise heeft het label Toerisme en Handicap gekregen<\/strong>. <\/p>\n\n\n\n<p>De ontvangstruimte is zo ontworpen dat alle bezoekers kunnen worden ontvangen, afhankelijk van hun behoeften. Zo is de indeling van de ruimte <strong>ontworpen en aangepast voor personen met beperkte mobiliteit<\/strong> Draagbare buitenhelling, <strong>receptie ontworpen voor een rolstoel<\/strong>voldoende ruimte voor circulatie, <strong>toegankelijke documentatie en winkel<\/strong>.<strong> Bewegwijzering en prijzen in de winkel zijn gedrukt in contrasterende letters<\/strong> en een welkomstboekje (zie hieronder) is <strong>beschikbaar in braille<\/strong>. A <strong>magnetische lus<\/strong> staat tot uw beschikking. En tenslotte, <strong>Het team van het VVV-kantoor is bewust gemaakt van en getraind in de behoeften van verschillende handicaps.<\/strong><\/p>\n\n\n\n<figure class=\"wp-block-image size-large\"><img decoding=\"async\" loading=\"lazy\" width=\"1179\" height=\"830\" data-src=\"https:\/\/www.creilsudoise-tourisme.fr\/wp-content\/uploads\/2022\/11\/Label_Tourisme-handicap.jpg\" alt=\"Label toerisme en handicap\" class=\"wp-image-43599\" data-srcset=\"https:\/\/www.creilsudoise-tourisme.fr\/wp-content\/uploads\/2022\/11\/Label_Tourisme-handicap.jpg 1179w, https:\/\/www.creilsudoise-tourisme.fr\/wp-content\/uploads\/2022\/11\/Label_Tourisme-handicap-600x422.jpg 600w, https:\/\/www.creilsudoise-tourisme.fr\/wp-content\/uploads\/2022\/11\/Label_Tourisme-handicap-900x634.jpg 900w, https:\/\/www.creilsudoise-tourisme.fr\/wp-content\/uploads\/2022\/11\/Label_Tourisme-handicap-200x141.jpg 200w, https:\/\/www.creilsudoise-tourisme.fr\/wp-content\/uploads\/2022\/11\/Label_Tourisme-handicap-650x458.jpg 650w, https:\/\/www.creilsudoise-tourisme.fr\/wp-content\/uploads\/2022\/11\/Label_Tourisme-handicap-387x272.jpg 387w\" sizes=\"(max-width: 1179px) 100vw, 1179px\" \/><\/figure>\n\n\n\n<p>Voor meer informatie over het label en de Association Tourisme &amp; Handicaps, ga naar <a href=\"https:\/\/tourisme-handicaps.org\/\" target=\"_blank\" rel=\"noreferrer noopener\">website <\/a>!<\/p>\n\n\n\n<h3>Vermaak, accommodatie en eten<\/h3>\n\n\n\n<p>Vind alle<strong> toegankelijke activiteiten, plaatsen om te bezoeken, restaurants en accommodatie <\/strong>in de bestemming Creil Sud Oise in onze<strong> welkomstboekje <\/strong>(ook verkrijgbaar bij de receptie van het toeristenbureau van Creil Sud Oise)<\/p>\n\n\n\n<p>U vindt ook de <strong>noodnummers<\/strong>De beschikbare diensten in de buurt van het VVV-kantoor en de <strong>informatie over de zorg<\/strong>. <\/p>\n\n\n\n<div class=\"is-horizontal is-content-justification-center is-layout-flex wp-container-1 wp-block-buttons\">\n<div class=\"wp-block-button\"><a class=\"wp-block-button__link wp-element-button\" href=\"https:\/\/www.creilsudoise-tourisme.fr\/wp-content\/uploads\/2025\/06\/Livret-daccueil-2025.pdf\" target=\"_blank\" rel=\"noreferrer noopener\">welkomstboekje<\/a><\/div>\n<\/div>\n\n\n\n<p><strong>Dit boekje is beschikbaar in brail <\/strong>bij de receptie van het toeristenbureau van Creil Sud Oise.<\/p>\n\n\n\n<h3>Rondreizen<\/h3>\n\n\n\n<h4><strong>Met de trein<\/strong><\/h4>\n\n\n\n<p>Verschillende stations bieden gratis assistentie aan, na reservering.<\/p>\n\n\n\n<p>Het SNCF-station van Creil biedt de diensten \"ACCES TER\" en \"Acc\u00e8s Plus\".&nbsp;<\/p>\n\n\n\n<p>Het station van Montataire op het traject Beauvais-Creil biedt de dienst \"ACCES TER\".&nbsp;<\/p>\n\n\n\n<p>Het station Saint-Leu d'Esserent op het traject Transilien H Pontoise-Creil biedt de dienst \"Acc\u00e8s Plus\".<\/p>\n\n\n\n<p>Meer informatie en reserveringslinks vindt u op de <a href=\"https:\/\/www.accessibilite.sncf.com\/services-aux-voyageurs\/services-adaptes\/nos-services-d-assistance\/acces-plus\" target=\"_blank\" rel=\"noreferrer noopener\">website<\/a>.<\/p>\n\n\n\n<h4>Met de bus<\/h4>\n\n\n\n<p><strong>Regionale bus :<\/strong> de lijn Picardie-Roissy, beheerd door de SNCF, biedt een verbinding tussen de luchthaven Roissy-Charles de Gaulle en Creil.<\/p>\n\n\n\n<p>B<strong>ons departementaal<\/strong>&nbsp;De Conseil G\u00e9n\u00e9ral verzorgt bussen tussen Creil en verschillende steden in het departement. Voor informatie over de lijn of de dienstregeling van de bussen, raadpleeg de <a href=\"http:\/\/www.oise-mobilite.fr\" target=\"_blank\" rel=\"noreferrer noopener\">website<\/a>.<\/p>\n\n\n\n<p><strong>Om u te verplaatsen in de agglomeratie Creil Sud Oise<\/strong>Bovendien zijn de bussen en meer dan honderd bushaltes toegankelijk voor personen met beperkte mobiliteit en <strong>zijn uitgerust met hoorbare en voetgangersvoorzieningen voor blinden<\/strong>. De lijst van toegankelijke haltes is beschikbaar op de <a href=\"https:\/\/www.creilsudoise.fr\/mon-quotidien\/deplacements\/transports-urbains-axo\/accessibilite\/\" target=\"_blank\" rel=\"noreferrer noopener\">site van de Agglom\u00e9ration Creil Sud Oise<\/a>.<\/p>\n\n\n\n<hr class=\"wp-block-separator has-css-opacity\"\/>","protected":false},"excerpt":{"rendered":"<p>D\u00e9claration d\u2019accessibilit\u00e9 \u00c9tablie le&nbsp;29 septembre 2025. Notre organisation&nbsp;s\u2019engage \u00e0 rendre son service accessible, conform\u00e9ment \u00e0 l\u2019article 47 de la loi n\u00b0 2005-102 du 11 f\u00e9vrier 2005. Cette d\u00e9claration d\u2019accessibilit\u00e9 s\u2019applique \u00e0&nbsp;Creil Sud Oise Tourisme&nbsp;(https:\/\/www.creilsudoise-tourisme.fr\/). \u00c9tat de conformit\u00e9 Creil Sud Oise Tourisme&nbsp;est&nbsp;partiellement conforme&nbsp;avec le&nbsp;RGAA. Contenus non accessibles Les contenus list\u00e9s ci-dessous ne sont pas accessibles pour [&hellip;]<\/p>","protected":false},"author":1,"featured_media":35253,"parent":191,"menu_order":3,"comment_status":"closed","ping_status":"closed","template":"","meta":{"_relevanssi_hide_post":"","_relevanssi_hide_content":"","_relevanssi_pin_for_all":"","_relevanssi_pin_keywords":"","_relevanssi_unpin_keywords":"","_relevanssi_related_keywords":"","_relevanssi_related_include_ids":"","_relevanssi_related_exclude_ids":"","_relevanssi_related_no_append":"","_relevanssi_related_not_related":"","_relevanssi_related_posts":"271,275,267,273,32820","_relevanssi_noindex_reason":""},"yoast_head":"<!-- This site is optimized with the Yoast SEO plugin v20.2.1 - https:\/\/yoast.com\/wordpress\/plugins\/seo\/ -->\n<title>Accessibilit\u00e9 - Office de Tourisme Creil Sud Oise<\/title>\n<meta name=\"description\" content=\"D\u00e9claration d\u2019accessibilit\u00e9 \u00c9tablie le&nbsp;29 septembre 2025. Notre organisation&nbsp;s\u2019engage \u00e0 rendre son service accessible, conform\u00e9ment \u00e0 l\u2019article\" \/>\n<meta name=\"robots\" content=\"index, follow, max-snippet:-1, max-image-preview:large, max-video-preview:-1\" \/>\n<link rel=\"canonical\" href=\"https:\/\/www.creilsudoise-tourisme.fr\/nl\/praktijk\/toegankelijkheid\/\" \/>\n<meta property=\"og:locale\" content=\"nl_NL\" \/>\n<meta property=\"og:type\" content=\"article\" \/>\n<meta property=\"og:title\" content=\"Accessibilit\u00e9 - Office de Tourisme Creil Sud Oise\" \/>\n<meta property=\"og:description\" content=\"D\u00e9claration d\u2019accessibilit\u00e9 \u00c9tablie le&nbsp;29 septembre 2025. Notre organisation&nbsp;s\u2019engage \u00e0 rendre son service accessible, conform\u00e9ment \u00e0 l\u2019article\" \/>\n<meta property=\"og:url\" content=\"https:\/\/www.creilsudoise-tourisme.fr\/nl\/praktijk\/toegankelijkheid\/\" \/>\n<meta property=\"og:site_name\" content=\"Office de Tourisme Creil Sud Oise\" \/>\n<meta property=\"article:publisher\" content=\"https:\/\/www.facebook.com\/creilsudoisetourisme\/\" \/>\n<meta property=\"article:modified_time\" content=\"2025-09-29T08:14:51+00:00\" \/>\n<meta property=\"og:image\" content=\"https:\/\/www.creilsudoise-tourisme.fr\/wp-content\/uploads\/2021\/05\/Logo_TourismeHandicap.jpg\" \/>\n\t<meta property=\"og:image:width\" content=\"512\" \/>\n\t<meta property=\"og:image:height\" content=\"293\" \/>\n\t<meta property=\"og:image:type\" content=\"image\/jpeg\" \/>\n<meta name=\"twitter:card\" content=\"summary_large_image\" \/>\n<meta name=\"twitter:site\" content=\"@CreilSudOiseOT\" \/>\n<meta name=\"twitter:label1\" content=\"Geschatte leestijd\" \/>\n\t<meta name=\"twitter:data1\" content=\"3 minuten\" \/>\n<script type=\"application\/ld+json\" class=\"yoast-schema-graph\">{\"@context\":\"https:\/\/schema.org\",\"@graph\":[{\"@type\":\"WebPage\",\"@id\":\"https:\/\/www.creilsudoise-tourisme.fr\/pratique\/accessibilite\/\",\"url\":\"https:\/\/www.creilsudoise-tourisme.fr\/pratique\/accessibilite\/\",\"name\":\"Accessibilit\u00e9 - Office de Tourisme Creil Sud Oise\",\"isPartOf\":{\"@id\":\"https:\/\/www.creilsudoise-tourisme.fr\/#website\"},\"datePublished\":\"2021-02-17T09:03:25+00:00\",\"dateModified\":\"2025-09-29T08:14:51+00:00\",\"description\":\"D\u00e9claration d\u2019accessibilit\u00e9 \u00c9tablie le&nbsp;29 septembre 2025. Notre organisation&nbsp;s\u2019engage \u00e0 rendre son service accessible, conform\u00e9ment \u00e0 l\u2019article\",\"breadcrumb\":{\"@id\":\"https:\/\/www.creilsudoise-tourisme.fr\/pratique\/accessibilite\/#breadcrumb\"},\"inLanguage\":\"nl\",\"potentialAction\":[{\"@type\":\"ReadAction\",\"target\":[\"https:\/\/www.creilsudoise-tourisme.fr\/pratique\/accessibilite\/\"]}]},{\"@type\":\"BreadcrumbList\",\"@id\":\"https:\/\/www.creilsudoise-tourisme.fr\/pratique\/accessibilite\/#breadcrumb\",\"itemListElement\":[{\"@type\":\"ListItem\",\"position\":1,\"name\":\"Accueil\",\"item\":\"https:\/\/www.creilsudoise-tourisme.fr\/\"},{\"@type\":\"ListItem\",\"position\":2,\"name\":\"Pratique\",\"item\":\"https:\/\/www.creilsudoise-tourisme.fr\/pratique\/\"},{\"@type\":\"ListItem\",\"position\":3,\"name\":\"Accessibilit\u00e9\"}]},{\"@type\":\"WebSite\",\"@id\":\"https:\/\/www.creilsudoise-tourisme.fr\/#website\",\"url\":\"https:\/\/www.creilsudoise-tourisme.fr\/\",\"name\":\"Office de Tourisme Creil Sud Oise\",\"description\":\"Creil Sud Oise Tourisme, un territoire \u00e0 explorer !\",\"publisher\":{\"@id\":\"https:\/\/www.creilsudoise-tourisme.fr\/#organization\"},\"potentialAction\":[{\"@type\":\"SearchAction\",\"target\":{\"@type\":\"EntryPoint\",\"urlTemplate\":\"https:\/\/www.creilsudoise-tourisme.fr\/?s={search_term_string}\"},\"query-input\":\"required name=search_term_string\"}],\"inLanguage\":\"nl\"},{\"@type\":\"Organization\",\"@id\":\"https:\/\/www.creilsudoise-tourisme.fr\/#organization\",\"name\":\"Creil Sud Oise Tourisme\",\"url\":\"https:\/\/www.creilsudoise-tourisme.fr\/\",\"logo\":{\"@type\":\"ImageObject\",\"inLanguage\":\"nl\",\"@id\":\"https:\/\/www.creilsudoise-tourisme.fr\/#\/schema\/logo\/image\/\",\"url\":\"https:\/\/www.creilsudoise-tourisme.fr\/wp-content\/uploads\/2021\/05\/logo-svg.png\",\"contentUrl\":\"https:\/\/www.creilsudoise-tourisme.fr\/wp-content\/uploads\/2021\/05\/logo-svg.png\",\"width\":182,\"height\":71,\"caption\":\"Creil Sud Oise Tourisme\"},\"image\":{\"@id\":\"https:\/\/www.creilsudoise-tourisme.fr\/#\/schema\/logo\/image\/\"},\"sameAs\":[\"https:\/\/www.facebook.com\/creilsudoisetourisme\/\",\"https:\/\/twitter.com\/CreilSudOiseOT\",\"https:\/\/www.instagram.com\/creilsudoisetourisme\/\",\"https:\/\/www.youtube.com\/channel\/UC8L_QD2wwyADW14zt9fY8kw\"]}]}<\/script>\n<!-- \/ Yoast SEO plugin. -->","yoast_head_json":{"title":"Accessibilit\u00e9 - Office de Tourisme Creil Sud Oise","description":"D\u00e9claration d\u2019accessibilit\u00e9 \u00c9tablie le&nbsp;29 septembre 2025. Notre organisation&nbsp;s\u2019engage \u00e0 rendre son service accessible, conform\u00e9ment \u00e0 l\u2019article","robots":{"index":"index","follow":"follow","max-snippet":"max-snippet:-1","max-image-preview":"max-image-preview:large","max-video-preview":"max-video-preview:-1"},"canonical":"https:\/\/www.creilsudoise-tourisme.fr\/nl\/praktijk\/toegankelijkheid\/","og_locale":"nl_NL","og_type":"article","og_title":"Accessibilit\u00e9 - Office de Tourisme Creil Sud Oise","og_description":"D\u00e9claration d\u2019accessibilit\u00e9 \u00c9tablie le&nbsp;29 septembre 2025. Notre organisation&nbsp;s\u2019engage \u00e0 rendre son service accessible, conform\u00e9ment \u00e0 l\u2019article","og_url":"https:\/\/www.creilsudoise-tourisme.fr\/nl\/praktijk\/toegankelijkheid\/","og_site_name":"Office de Tourisme Creil Sud Oise","article_publisher":"https:\/\/www.facebook.com\/creilsudoisetourisme\/","article_modified_time":"2025-09-29T08:14:51+00:00","og_image":[{"width":512,"height":293,"url":"https:\/\/www.creilsudoise-tourisme.fr\/wp-content\/uploads\/2021\/05\/Logo_TourismeHandicap.jpg","type":"image\/jpeg"}],"twitter_card":"summary_large_image","twitter_site":"@CreilSudOiseOT","twitter_misc":{"Geschatte leestijd":"3 minuten"},"schema":{"@context":"https:\/\/schema.org","@graph":[{"@type":"WebPage","@id":"https:\/\/www.creilsudoise-tourisme.fr\/pratique\/accessibilite\/","url":"https:\/\/www.creilsudoise-tourisme.fr\/pratique\/accessibilite\/","name":"Accessibilit\u00e9 - Office de Tourisme Creil Sud Oise","isPartOf":{"@id":"https:\/\/www.creilsudoise-tourisme.fr\/#website"},"datePublished":"2021-02-17T09:03:25+00:00","dateModified":"2025-09-29T08:14:51+00:00","description":"D\u00e9claration d\u2019accessibilit\u00e9 \u00c9tablie le&nbsp;29 septembre 2025. Notre organisation&nbsp;s\u2019engage \u00e0 rendre son service accessible, conform\u00e9ment \u00e0 l\u2019article","breadcrumb":{"@id":"https:\/\/www.creilsudoise-tourisme.fr\/pratique\/accessibilite\/#breadcrumb"},"inLanguage":"nl","potentialAction":[{"@type":"ReadAction","target":["https:\/\/www.creilsudoise-tourisme.fr\/pratique\/accessibilite\/"]}]},{"@type":"BreadcrumbList","@id":"https:\/\/www.creilsudoise-tourisme.fr\/pratique\/accessibilite\/#breadcrumb","itemListElement":[{"@type":"ListItem","position":1,"name":"Accueil","item":"https:\/\/www.creilsudoise-tourisme.fr\/"},{"@type":"ListItem","position":2,"name":"Pratique","item":"https:\/\/www.creilsudoise-tourisme.fr\/pratique\/"},{"@type":"ListItem","position":3,"name":"Accessibilit\u00e9"}]},{"@type":"WebSite","@id":"https:\/\/www.creilsudoise-tourisme.fr\/#website","url":"https:\/\/www.creilsudoise-tourisme.fr\/","name":"Office de Tourisme Creil Sud Oise","description":"Creil Sud Oise Tourisme, un territoire \u00e0 explorer !","publisher":{"@id":"https:\/\/www.creilsudoise-tourisme.fr\/#organization"},"potentialAction":[{"@type":"SearchAction","target":{"@type":"EntryPoint","urlTemplate":"https:\/\/www.creilsudoise-tourisme.fr\/?s={search_term_string}"},"query-input":"required name=search_term_string"}],"inLanguage":"nl"},{"@type":"Organization","@id":"https:\/\/www.creilsudoise-tourisme.fr\/#organization","name":"Creil Sud Oise Tourisme","url":"https:\/\/www.creilsudoise-tourisme.fr\/","logo":{"@type":"ImageObject","inLanguage":"nl","@id":"https:\/\/www.creilsudoise-tourisme.fr\/#\/schema\/logo\/image\/","url":"https:\/\/www.creilsudoise-tourisme.fr\/wp-content\/uploads\/2021\/05\/logo-svg.png","contentUrl":"https:\/\/www.creilsudoise-tourisme.fr\/wp-content\/uploads\/2021\/05\/logo-svg.png","width":182,"height":71,"caption":"Creil Sud Oise Tourisme"},"image":{"@id":"https:\/\/www.creilsudoise-tourisme.fr\/#\/schema\/logo\/image\/"},"sameAs":["https:\/\/www.facebook.com\/creilsudoisetourisme\/","https:\/\/twitter.com\/CreilSudOiseOT","https:\/\/www.instagram.com\/creilsudoisetourisme\/","https:\/\/www.youtube.com\/channel\/UC8L_QD2wwyADW14zt9fY8kw"]}]}},"_links":{"self":[{"href":"https:\/\/www.creilsudoise-tourisme.fr\/nl\/wp-json\/wp\/v2\/pages\/195"}],"collection":[{"href":"https:\/\/www.creilsudoise-tourisme.fr\/nl\/wp-json\/wp\/v2\/pages"}],"about":[{"href":"https:\/\/www.creilsudoise-tourisme.fr\/nl\/wp-json\/wp\/v2\/types\/page"}],"author":[{"embeddable":true,"href":"https:\/\/www.creilsudoise-tourisme.fr\/nl\/wp-json\/wp\/v2\/users\/1"}],"replies":[{"embeddable":true,"href":"https:\/\/www.creilsudoise-tourisme.fr\/nl\/wp-json\/wp\/v2\/comments?post=195"}],"version-history":[{"count":33,"href":"https:\/\/www.creilsudoise-tourisme.fr\/nl\/wp-json\/wp\/v2\/pages\/195\/revisions"}],"predecessor-version":[{"id":65412,"href":"https:\/\/www.creilsudoise-tourisme.fr\/nl\/wp-json\/wp\/v2\/pages\/195\/revisions\/65412"}],"up":[{"embeddable":true,"href":"https:\/\/www.creilsudoise-tourisme.fr\/nl\/wp-json\/wp\/v2\/pages\/191"}],"wp:featuredmedia":[{"embeddable":true,"href":"https:\/\/www.creilsudoise-tourisme.fr\/nl\/wp-json\/wp\/v2\/media\/35253"}],"wp:attachment":[{"href":"https:\/\/www.creilsudoise-tourisme.fr\/nl\/wp-json\/wp\/v2\/media?parent=195"}],"curies":[{"name":"wp","href":"https:\/\/api.w.org\/{rel}","templated":true}]}}