{"id":104,"date":"2021-02-17T10:02:04","date_gmt":"2021-02-17T09:02:04","guid":{"rendered":"https:\/\/www.creilsudoise-tourisme.fr\/la-clouterie-rivierre\/"},"modified":"2025-02-21T10:49:54","modified_gmt":"2025-02-21T09:49:54","slug":"clouterie-rivierre","status":"publish","type":"page","link":"https:\/\/www.creilsudoise-tourisme.fr\/nl\/explore-groepen\/must-haves-groepen\/clouterie-rivierre-3\/","title":{"rendered":"La Clouterie Rivierre"},"content":{"rendered":"<p class=\"is-style-excerpt\">L'<strong>de enige clouterie in Frankrijk<\/strong>de laatste nog werkende in Europa, opent zijn deuren voor u voor een<strong> rondleiding in groepen in Creil<\/strong>Het hotel ligt in het hart van de stad, op slechts 45 minuten van Parijs, op enkele kilometers van het Ch\u00e2teau de Chantilly en de kathedraal van Senlis.<\/p>\n\n\n\n<figure class=\"wp-block-embed is-type-video is-provider-youtube wp-block-embed-youtube wp-embed-aspect-16-9 wp-has-aspect-ratio\"><div class=\"wp-block-embed__wrapper\">\n<iframe loading=\"lazy\" title=\"[Ontmoet Justine van Clouterie Rivierre in Creil | Creil Sud Oise Tourisme\" width=\"500\" height=\"281\" data-src=\"https:\/\/www.youtube.com\/embed\/rEuwF8T4I2s?feature=oembed\" frameborder=\"0\" allow=\"accelerometer; autoplay; clipboard-write; encrypted-media; gyroscope; picture-in-picture; web-share\" referrerpolicy=\"strict-origin-when-cross-origin\" allowfullscreen><\/iframe>\n<\/div><\/figure>\n\n\n\n<h2>Een nagelfabriek in Oise<\/h2>\n\n\n\n<p>Laat je hierdoor verleiden <strong>atypische rondleiding<\/strong> (u zult de <strong>werknemers die nog steeds aan eeuwenoude machines werken dat zij de enigen ter wereld zijn die dat weten!<\/strong>) van een 19<sup>\u00e8me<\/sup> eeuw van Creil.<\/p>\n\n\n\n<p>De <strong>Clouterie Rivierre<\/strong>Het is genoemd naar de familie die het in 1888 in Creil vestigde, net achter het treinstation van Creil (aan de kant van Nogent-sur-Oise), in een straat die ooit zeer industrieel was (op rue des usines 6: dit kun je niet verzinnen).<\/p>\n\n\n\n<figure class=\"is-layout-flex wp-block-gallery-1 wp-block-gallery aligncenter has-nested-images columns-0 is-cropped\">\n<figure class=\"wp-block-image size-large\"><img decoding=\"async\" loading=\"lazy\" width=\"1200\" height=\"675\" data-id=\"32398\"  data-src=\"https:\/\/www.creilsudoise-tourisme.fr\/wp-content\/uploads\/2021\/03\/Pontier-a\u0300-la-Clouterie-Rivierre-a\u0300-Creil-1-1200x675.jpg\" alt=\"\" class=\"wp-image-32398\" data-srcset=\"https:\/\/www.creilsudoise-tourisme.fr\/wp-content\/uploads\/2021\/03\/Pontier-a\u0300-la-Clouterie-Rivierre-a\u0300-Creil-1-1200x675.jpg 1200w, https:\/\/www.creilsudoise-tourisme.fr\/wp-content\/uploads\/2021\/03\/Pontier-a\u0300-la-Clouterie-Rivierre-a\u0300-Creil-1-600x338.jpg 600w, https:\/\/www.creilsudoise-tourisme.fr\/wp-content\/uploads\/2021\/03\/Pontier-a\u0300-la-Clouterie-Rivierre-a\u0300-Creil-1-900x506.jpg 900w, https:\/\/www.creilsudoise-tourisme.fr\/wp-content\/uploads\/2021\/03\/Pontier-a\u0300-la-Clouterie-Rivierre-a\u0300-Creil-1-1536x864.jpg 1536w, https:\/\/www.creilsudoise-tourisme.fr\/wp-content\/uploads\/2021\/03\/Pontier-a\u0300-la-Clouterie-Rivierre-a\u0300-Creil-1-200x113.jpg 200w, https:\/\/www.creilsudoise-tourisme.fr\/wp-content\/uploads\/2021\/03\/Pontier-a\u0300-la-Clouterie-Rivierre-a\u0300-Creil-1-650x366.jpg 650w, https:\/\/www.creilsudoise-tourisme.fr\/wp-content\/uploads\/2021\/03\/Pontier-a\u0300-la-Clouterie-Rivierre-a\u0300-Creil-1-387x218.jpg 387w, https:\/\/www.creilsudoise-tourisme.fr\/wp-content\/uploads\/2021\/03\/Pontier-a\u0300-la-Clouterie-Rivierre-a\u0300-Creil-1.jpg 1600w\" sizes=\"(max-width: 1200px) 100vw, 1200px\" \/><figcaption class=\"wp-element-caption\">Een pointier is een arbeider die gespecialiseerd is in het vervaardigen van spijkers, een unieke vaardigheid in Frankrijk.<\/figcaption><\/figure>\n\n\n\n<figure class=\"wp-block-image size-large\"><img decoding=\"async\" loading=\"lazy\" width=\"1200\" height=\"675\" data-id=\"32399\"  data-src=\"https:\/\/www.creilsudoise-tourisme.fr\/wp-content\/uploads\/2021\/03\/Ouvrier-a\u0300-la-Clouterie-Rivierre-a\u0300-Creil-1-1200x675.jpg\" alt=\"\" class=\"wp-image-32399\" data-srcset=\"https:\/\/www.creilsudoise-tourisme.fr\/wp-content\/uploads\/2021\/03\/Ouvrier-a\u0300-la-Clouterie-Rivierre-a\u0300-Creil-1-1200x675.jpg 1200w, https:\/\/www.creilsudoise-tourisme.fr\/wp-content\/uploads\/2021\/03\/Ouvrier-a\u0300-la-Clouterie-Rivierre-a\u0300-Creil-1-600x338.jpg 600w, https:\/\/www.creilsudoise-tourisme.fr\/wp-content\/uploads\/2021\/03\/Ouvrier-a\u0300-la-Clouterie-Rivierre-a\u0300-Creil-1-900x506.jpg 900w, https:\/\/www.creilsudoise-tourisme.fr\/wp-content\/uploads\/2021\/03\/Ouvrier-a\u0300-la-Clouterie-Rivierre-a\u0300-Creil-1-1536x864.jpg 1536w, https:\/\/www.creilsudoise-tourisme.fr\/wp-content\/uploads\/2021\/03\/Ouvrier-a\u0300-la-Clouterie-Rivierre-a\u0300-Creil-1-200x113.jpg 200w, https:\/\/www.creilsudoise-tourisme.fr\/wp-content\/uploads\/2021\/03\/Ouvrier-a\u0300-la-Clouterie-Rivierre-a\u0300-Creil-1-650x366.jpg 650w, https:\/\/www.creilsudoise-tourisme.fr\/wp-content\/uploads\/2021\/03\/Ouvrier-a\u0300-la-Clouterie-Rivierre-a\u0300-Creil-1-387x218.jpg 387w, https:\/\/www.creilsudoise-tourisme.fr\/wp-content\/uploads\/2021\/03\/Ouvrier-a\u0300-la-Clouterie-Rivierre-a\u0300-Creil-1.jpg 1600w\" sizes=\"(max-width: 1200px) 100vw, 1200px\" \/><figcaption class=\"wp-element-caption\">Een werknemer van de Clouterie Rivierre is de houder van een unieke en eeuwenoude knowhow.<\/figcaption><\/figure>\n\n\n\n<figure class=\"wp-block-image size-large\"><img decoding=\"async\" loading=\"lazy\" width=\"1200\" height=\"676\" data-id=\"32396\"  data-src=\"https:\/\/www.creilsudoise-tourisme.fr\/wp-content\/uploads\/2021\/03\/Machine-Fernande-a\u0300-la-Clouterie-Rivierre-a\u0300-Creil-1-1200x676.jpg\" alt=\"\" class=\"wp-image-32396\" data-srcset=\"https:\/\/www.creilsudoise-tourisme.fr\/wp-content\/uploads\/2021\/03\/Machine-Fernande-a\u0300-la-Clouterie-Rivierre-a\u0300-Creil-1-1200x676.jpg 1200w, https:\/\/www.creilsudoise-tourisme.fr\/wp-content\/uploads\/2021\/03\/Machine-Fernande-a\u0300-la-Clouterie-Rivierre-a\u0300-Creil-1-600x338.jpg 600w, https:\/\/www.creilsudoise-tourisme.fr\/wp-content\/uploads\/2021\/03\/Machine-Fernande-a\u0300-la-Clouterie-Rivierre-a\u0300-Creil-1-900x507.jpg 900w, https:\/\/www.creilsudoise-tourisme.fr\/wp-content\/uploads\/2021\/03\/Machine-Fernande-a\u0300-la-Clouterie-Rivierre-a\u0300-Creil-1-1536x865.jpg 1536w, https:\/\/www.creilsudoise-tourisme.fr\/wp-content\/uploads\/2021\/03\/Machine-Fernande-a\u0300-la-Clouterie-Rivierre-a\u0300-Creil-1-200x113.jpg 200w, https:\/\/www.creilsudoise-tourisme.fr\/wp-content\/uploads\/2021\/03\/Machine-Fernande-a\u0300-la-Clouterie-Rivierre-a\u0300-Creil-1-650x366.jpg 650w, https:\/\/www.creilsudoise-tourisme.fr\/wp-content\/uploads\/2021\/03\/Machine-Fernande-a\u0300-la-Clouterie-Rivierre-a\u0300-Creil-1-387x218.jpg 387w, https:\/\/www.creilsudoise-tourisme.fr\/wp-content\/uploads\/2021\/03\/Machine-Fernande-a\u0300-la-Clouterie-Rivierre-a\u0300-Creil-1.jpg 1600w\" sizes=\"(max-width: 1200px) 100vw, 1200px\" \/><figcaption class=\"wp-element-caption\">De machines krijgen namen zodat de tijdwaarnemers ze snel kunnen identificeren.<\/figcaption><\/figure>\n<\/figure>\n\n\n\n<p>We worden eerst getroffen door dit<strong> sfeer 19<sup>\u00e8me<\/sup><\/strong> dat we ontdekken als we bij de fabriek aankomen: er lijkt niets veranderd te zijn sinds die tijd. Vanaf het familiehuis aan de ingang van de fabriek voelen we ons onmiddellijk ondergedompeld in deze eeuw en stellen we ons de komst voor van de arbeiders onder de blik van Marie Rivierre die, slechts 27 jaar oud, de fabriek erfde van haar vroegtijdig overleden echtgenoot en die haar 35 jaar lang zou laten groeien.<\/p>\n\n\n\n<p>Het is <strong>Justine<\/strong> die uw groep verwelkomt bij de ingang van het hoofdgebouw. Justine is uw gids voor deze ontdekking en voor de eerste uitwisselingen, <strong>voel je de passie die ze heeft voor dit industri\u00eble erfgoed...<\/strong> en <strong>het respect voor degenen die er werkten en die er nu nog steeds werken in deze unieke fabriek in Europa<\/strong>.<\/p>\n\n\n\n<p>Zij zal haar passie met u delen door u de geschiedenis van dit familiebedrijf te vertellen en zal u enkele van de hier vervaardigde nagels presenteren (slechts enkele, er zijn er<strong> 2.800 referenties van gesmede spijkers, nagels en zaden in de catalogus <\/strong>vandaag!): klein, groot, rond, vierkant, van verschillende materialen afhankelijk van de bestelling... dat hadden we nooit gedacht! Justine neemt u vervolgens mee naar <strong>van de ene kant van de productielijn naar de andere...<\/strong> om de belangrijkste kenmerken van deze voorouderlijke knowhow te ontdekken, <strong>van de tekenkamer naar de machinekamer naar de verpakking<\/strong>. Het ruikt naar olie en vet. A <strong>decor \"\u00e0 la Zola\".<\/strong>in zijn natuurlijke staat, met zijn <strong>prachtig glazen dak en sheddak<\/strong>Dit is een vast onderdeel voor filmmakers en muzikanten die op zoek zijn naar authentieke locaties voor hun werk.<\/p>\n\n\n\n<p>Tijdens de rondleiding met uw groep wordt u meegevoerd naar een onbekende wereld, uit een ander tijdperk...<\/p>\n\n\n\n<figure class=\"is-layout-flex wp-block-gallery-3 wp-block-gallery aligncenter has-nested-images columns-default is-cropped\">\n<figure class=\"wp-block-image size-large\"><img decoding=\"async\" loading=\"lazy\" width=\"1200\" height=\"675\" data-id=\"32425\"  data-src=\"https:\/\/www.creilsudoise-tourisme.fr\/wp-content\/uploads\/2021\/03\/Justine-guide-a\u0300-la-Clouterie-Rivierre-a\u0300-Creil-2-1200x675.jpg\" alt=\"\" class=\"wp-image-32425\" data-srcset=\"https:\/\/www.creilsudoise-tourisme.fr\/wp-content\/uploads\/2021\/03\/Justine-guide-a\u0300-la-Clouterie-Rivierre-a\u0300-Creil-2-1200x675.jpg 1200w, https:\/\/www.creilsudoise-tourisme.fr\/wp-content\/uploads\/2021\/03\/Justine-guide-a\u0300-la-Clouterie-Rivierre-a\u0300-Creil-2-600x338.jpg 600w, https:\/\/www.creilsudoise-tourisme.fr\/wp-content\/uploads\/2021\/03\/Justine-guide-a\u0300-la-Clouterie-Rivierre-a\u0300-Creil-2-900x506.jpg 900w, https:\/\/www.creilsudoise-tourisme.fr\/wp-content\/uploads\/2021\/03\/Justine-guide-a\u0300-la-Clouterie-Rivierre-a\u0300-Creil-2-1536x864.jpg 1536w, https:\/\/www.creilsudoise-tourisme.fr\/wp-content\/uploads\/2021\/03\/Justine-guide-a\u0300-la-Clouterie-Rivierre-a\u0300-Creil-2-200x113.jpg 200w, https:\/\/www.creilsudoise-tourisme.fr\/wp-content\/uploads\/2021\/03\/Justine-guide-a\u0300-la-Clouterie-Rivierre-a\u0300-Creil-2-650x366.jpg 650w, https:\/\/www.creilsudoise-tourisme.fr\/wp-content\/uploads\/2021\/03\/Justine-guide-a\u0300-la-Clouterie-Rivierre-a\u0300-Creil-2-387x218.jpg 387w, https:\/\/www.creilsudoise-tourisme.fr\/wp-content\/uploads\/2021\/03\/Justine-guide-a\u0300-la-Clouterie-Rivierre-a\u0300-Creil-2.jpg 1600w\" sizes=\"(max-width: 1200px) 100vw, 1200px\" \/><figcaption class=\"wp-element-caption\">De gepassioneerde Justine begeleidt het bezoek van de Clouterie Rivierre.<\/figcaption><\/figure>\n\n\n\n<figure class=\"wp-block-image size-large\"><img decoding=\"async\" loading=\"lazy\" width=\"900\" height=\"1200\" data-id=\"52419\"  data-src=\"https:\/\/www.creilsudoise-tourisme.fr\/wp-content\/uploads\/2024\/02\/Anthony-et-Manuel-a-la-Clouterie-Rivierre-a-Creil-5-900x1200.jpg\" alt=\"vergadering bestemming magazine artikel interview Clouterie Rivierre oise creil unieke knowhow\" class=\"wp-image-52419\" data-srcset=\"https:\/\/www.creilsudoise-tourisme.fr\/wp-content\/uploads\/2024\/02\/Anthony-et-Manuel-a-la-Clouterie-Rivierre-a-Creil-5-900x1200.jpg 900w, https:\/\/www.creilsudoise-tourisme.fr\/wp-content\/uploads\/2024\/02\/Anthony-et-Manuel-a-la-Clouterie-Rivierre-a-Creil-5-450x600.jpg 450w, https:\/\/www.creilsudoise-tourisme.fr\/wp-content\/uploads\/2024\/02\/Anthony-et-Manuel-a-la-Clouterie-Rivierre-a-Creil-5-675x900.jpg 675w, https:\/\/www.creilsudoise-tourisme.fr\/wp-content\/uploads\/2024\/02\/Anthony-et-Manuel-a-la-Clouterie-Rivierre-a-Creil-5-9x12.jpg 9w, https:\/\/www.creilsudoise-tourisme.fr\/wp-content\/uploads\/2024\/02\/Anthony-et-Manuel-a-la-Clouterie-Rivierre-a-Creil-5-200x267.jpg 200w, https:\/\/www.creilsudoise-tourisme.fr\/wp-content\/uploads\/2024\/02\/Anthony-et-Manuel-a-la-Clouterie-Rivierre-a-Creil-5-650x867.jpg 650w, https:\/\/www.creilsudoise-tourisme.fr\/wp-content\/uploads\/2024\/02\/Anthony-et-Manuel-a-la-Clouterie-Rivierre-a-Creil-5-387x516.jpg 387w, https:\/\/www.creilsudoise-tourisme.fr\/wp-content\/uploads\/2024\/02\/Anthony-et-Manuel-a-la-Clouterie-Rivierre-a-Creil-5.jpg 1110w\" sizes=\"(max-width: 900px) 100vw, 900px\" \/><figcaption class=\"wp-element-caption\">C\u00e9line Weissier<\/figcaption><\/figure>\n<\/figure>\n\n\n\n<div class=\"wp-block wp-block-testimonial\">\n    <div class=\"wp-block-testimonial-excerpt\">\n        Een zeer aangenaam bezoek, zeer verrijkend in dit industrieel erfgoed dat uniek is in Europa. Bedankt voor de beschikbaarheid van onze charmante gids. Terug naar de vorige eeuw in een sfeer vol geschiedenis. Zeer aangenaam bezoek.    <\/div>\n    <div class=\"wp-block-testimonial-details\">\n                <div class=\"wp-block-testimonial-content\">\n            <p class=\"wp-block-testimonial-content-author\">\n                <strong>Pantin P<\/strong>\n\n                                <span class=\"wp-block-testimonial-content-job\"> - Tripadvisor<\/span>\n                            <\/p>\n        <\/div>\n    <\/div>\n<\/div>\n\n\n<h3>Goed om te weten.<\/h3>\n\n\n\n<p>Het dak van de fabriek is een luifel, wat betekent dat het zonnig kan zijn. <strong>zeer warm in de zomer en zeer koud in de winter, vergeet niet uw groepsleden te waarschuwen zich dienovereenkomstig te kleden<\/strong> !<\/p>\n\n\n\n<p>De fabriek is in bedrijf, arbeiders zijn elke dag aan het werk en er kunnen spijkers of ander schroot uitvallen: de Clouterie vraagt <strong>alle bezoekers moeten gesloten schoenen dragen voor hun veiligheid<\/strong>. Anders mag u de fabriek niet in.<\/p>","protected":false},"excerpt":{"rendered":"<p>De enige nagelfabriek van Frankrijk, de laatste die nog in werking is in Europa, opent haar deuren voor u voor een rondleiding in groep in Creil, op slechts 45 minuten van Parijs, op een paar kilometer van het kasteel van Chantilly en de kathedraal van Senlis. Een spijkerfabriek in de Oise Laat je verleiden door deze ongewone rondleiding [...]<\/p>","protected":false},"author":1,"featured_media":32350,"parent":102,"menu_order":0,"comment_status":"closed","ping_status":"closed","template":"","meta":{"_relevanssi_hide_post":"","_relevanssi_hide_content":"","_relevanssi_pin_for_all":"","_relevanssi_pin_keywords":"","_relevanssi_unpin_keywords":"","_relevanssi_related_keywords":"","_relevanssi_related_include_ids":"","_relevanssi_related_exclude_ids":"","_relevanssi_related_no_append":"","_relevanssi_related_not_related":"","_relevanssi_related_posts":"273,267,271,275","_relevanssi_noindex_reason":""},"yoast_head":"<!-- This site is optimized with the Yoast SEO plugin v20.2.1 - https:\/\/yoast.com\/wordpress\/plugins\/seo\/ -->\n<title>Clouterie Rivierre \u00e0 Creil, un lieu unique \u00e0 visiter en groupe<\/title>\n<meta name=\"description\" content=\"La derni\u00e8re Clouterie encore en activit\u00e9 en Europe se trouve \u00e0 Creil et elle se visite en groupe sur rendez-vous !\" \/>\n<meta name=\"robots\" content=\"index, follow, max-snippet:-1, max-image-preview:large, max-video-preview:-1\" \/>\n<link rel=\"canonical\" href=\"https:\/\/www.creilsudoise-tourisme.fr\/nl\/explore-groepen\/must-haves-groepen\/clouterie-rivierre-3\/\" \/>\n<meta property=\"og:locale\" content=\"nl_NL\" \/>\n<meta property=\"og:type\" content=\"article\" \/>\n<meta property=\"og:title\" content=\"Clouterie Rivierre \u00e0 Creil, un lieu unique \u00e0 visiter en groupe\" \/>\n<meta property=\"og:description\" content=\"La derni\u00e8re Clouterie encore en activit\u00e9 en Europe se trouve \u00e0 Creil et elle se visite en groupe sur rendez-vous !\" \/>\n<meta property=\"og:url\" content=\"https:\/\/www.creilsudoise-tourisme.fr\/nl\/explore-groepen\/must-haves-groepen\/clouterie-rivierre-3\/\" \/>\n<meta property=\"og:site_name\" content=\"Office de Tourisme Creil Sud Oise\" \/>\n<meta property=\"article:publisher\" content=\"https:\/\/www.facebook.com\/creilsudoisetourisme\/\" \/>\n<meta property=\"article:modified_time\" content=\"2025-02-21T09:49:54+00:00\" \/>\n<meta property=\"og:image\" content=\"https:\/\/www.creilsudoise-tourisme.fr\/wp-content\/uploads\/2021\/03\/La-Clouterie-Rivierre-a\u0300-Creil-en-groupes.jpg\" \/>\n\t<meta property=\"og:image:width\" content=\"1067\" \/>\n\t<meta property=\"og:image:height\" content=\"1600\" \/>\n\t<meta property=\"og:image:type\" content=\"image\/jpeg\" \/>\n<meta name=\"twitter:card\" content=\"summary_large_image\" \/>\n<meta name=\"twitter:site\" content=\"@CreilSudOiseOT\" \/>\n<meta name=\"twitter:label1\" content=\"Geschatte leestijd\" \/>\n\t<meta name=\"twitter:data1\" content=\"4 minuten\" \/>\n<script type=\"application\/ld+json\" class=\"yoast-schema-graph\">{\"@context\":\"https:\/\/schema.org\",\"@graph\":[{\"@type\":\"WebPage\",\"@id\":\"https:\/\/www.creilsudoise-tourisme.fr\/explorez-groupes\/incontournables-groupes\/clouterie-rivierre\/\",\"url\":\"https:\/\/www.creilsudoise-tourisme.fr\/explorez-groupes\/incontournables-groupes\/clouterie-rivierre\/\",\"name\":\"Clouterie Rivierre \u00e0 Creil, un lieu unique \u00e0 visiter en groupe\",\"isPartOf\":{\"@id\":\"https:\/\/www.creilsudoise-tourisme.fr\/#website\"},\"datePublished\":\"2021-02-17T09:02:04+00:00\",\"dateModified\":\"2025-02-21T09:49:54+00:00\",\"description\":\"La derni\u00e8re Clouterie encore en activit\u00e9 en Europe se trouve \u00e0 Creil et elle se visite en groupe sur rendez-vous !\",\"breadcrumb\":{\"@id\":\"https:\/\/www.creilsudoise-tourisme.fr\/explorez-groupes\/incontournables-groupes\/clouterie-rivierre\/#breadcrumb\"},\"inLanguage\":\"nl\",\"potentialAction\":[{\"@type\":\"ReadAction\",\"target\":[\"https:\/\/www.creilsudoise-tourisme.fr\/explorez-groupes\/incontournables-groupes\/clouterie-rivierre\/\"]}]},{\"@type\":\"BreadcrumbList\",\"@id\":\"https:\/\/www.creilsudoise-tourisme.fr\/explorez-groupes\/incontournables-groupes\/clouterie-rivierre\/#breadcrumb\",\"itemListElement\":[{\"@type\":\"ListItem\",\"position\":1,\"name\":\"Accueil\",\"item\":\"https:\/\/www.creilsudoise-tourisme.fr\/\"},{\"@type\":\"ListItem\",\"position\":2,\"name\":\"En groupe &amp; S\u00e9minaires\",\"item\":\"https:\/\/www.creilsudoise-tourisme.fr\/explorez-groupes\/\"},{\"@type\":\"ListItem\",\"position\":3,\"name\":\"Les incontournables \u00e0 explorer en groupes\",\"item\":\"https:\/\/www.creilsudoise-tourisme.fr\/explorez-groupes\/incontournables-groupes\/\"},{\"@type\":\"ListItem\",\"position\":4,\"name\":\"La Clouterie Rivierre\"}]},{\"@type\":\"WebSite\",\"@id\":\"https:\/\/www.creilsudoise-tourisme.fr\/#website\",\"url\":\"https:\/\/www.creilsudoise-tourisme.fr\/\",\"name\":\"Office de Tourisme Creil Sud Oise\",\"description\":\"Creil Sud Oise Tourisme, un territoire \u00e0 explorer !\",\"publisher\":{\"@id\":\"https:\/\/www.creilsudoise-tourisme.fr\/#organization\"},\"potentialAction\":[{\"@type\":\"SearchAction\",\"target\":{\"@type\":\"EntryPoint\",\"urlTemplate\":\"https:\/\/www.creilsudoise-tourisme.fr\/?s={search_term_string}\"},\"query-input\":\"required name=search_term_string\"}],\"inLanguage\":\"nl\"},{\"@type\":\"Organization\",\"@id\":\"https:\/\/www.creilsudoise-tourisme.fr\/#organization\",\"name\":\"Creil Sud Oise Tourisme\",\"url\":\"https:\/\/www.creilsudoise-tourisme.fr\/\",\"logo\":{\"@type\":\"ImageObject\",\"inLanguage\":\"nl\",\"@id\":\"https:\/\/www.creilsudoise-tourisme.fr\/#\/schema\/logo\/image\/\",\"url\":\"https:\/\/www.creilsudoise-tourisme.fr\/wp-content\/uploads\/2021\/05\/logo-svg.png\",\"contentUrl\":\"https:\/\/www.creilsudoise-tourisme.fr\/wp-content\/uploads\/2021\/05\/logo-svg.png\",\"width\":182,\"height\":71,\"caption\":\"Creil Sud Oise Tourisme\"},\"image\":{\"@id\":\"https:\/\/www.creilsudoise-tourisme.fr\/#\/schema\/logo\/image\/\"},\"sameAs\":[\"https:\/\/www.facebook.com\/creilsudoisetourisme\/\",\"https:\/\/twitter.com\/CreilSudOiseOT\",\"https:\/\/www.instagram.com\/creilsudoisetourisme\/\",\"https:\/\/www.youtube.com\/channel\/UC8L_QD2wwyADW14zt9fY8kw\"]}]}<\/script>\n<!-- \/ Yoast SEO plugin. -->","yoast_head_json":{"title":"Clouterie Rivierre \u00e0 Creil, un lieu unique \u00e0 visiter en groupe","description":"La derni\u00e8re Clouterie encore en activit\u00e9 en Europe se trouve \u00e0 Creil et elle se visite en groupe sur rendez-vous !","robots":{"index":"index","follow":"follow","max-snippet":"max-snippet:-1","max-image-preview":"max-image-preview:large","max-video-preview":"max-video-preview:-1"},"canonical":"https:\/\/www.creilsudoise-tourisme.fr\/nl\/explore-groepen\/must-haves-groepen\/clouterie-rivierre-3\/","og_locale":"nl_NL","og_type":"article","og_title":"Clouterie Rivierre \u00e0 Creil, un lieu unique \u00e0 visiter en groupe","og_description":"La derni\u00e8re Clouterie encore en activit\u00e9 en Europe se trouve \u00e0 Creil et elle se visite en groupe sur rendez-vous !","og_url":"https:\/\/www.creilsudoise-tourisme.fr\/nl\/explore-groepen\/must-haves-groepen\/clouterie-rivierre-3\/","og_site_name":"Office de Tourisme Creil Sud Oise","article_publisher":"https:\/\/www.facebook.com\/creilsudoisetourisme\/","article_modified_time":"2025-02-21T09:49:54+00:00","og_image":[{"width":1067,"height":1600,"url":"https:\/\/www.creilsudoise-tourisme.fr\/wp-content\/uploads\/2021\/03\/La-Clouterie-Rivierre-a\u0300-Creil-en-groupes.jpg","type":"image\/jpeg"}],"twitter_card":"summary_large_image","twitter_site":"@CreilSudOiseOT","twitter_misc":{"Geschatte leestijd":"4 minuten"},"schema":{"@context":"https:\/\/schema.org","@graph":[{"@type":"WebPage","@id":"https:\/\/www.creilsudoise-tourisme.fr\/explorez-groupes\/incontournables-groupes\/clouterie-rivierre\/","url":"https:\/\/www.creilsudoise-tourisme.fr\/explorez-groupes\/incontournables-groupes\/clouterie-rivierre\/","name":"Clouterie Rivierre \u00e0 Creil, un lieu unique \u00e0 visiter en groupe","isPartOf":{"@id":"https:\/\/www.creilsudoise-tourisme.fr\/#website"},"datePublished":"2021-02-17T09:02:04+00:00","dateModified":"2025-02-21T09:49:54+00:00","description":"La derni\u00e8re Clouterie encore en activit\u00e9 en Europe se trouve \u00e0 Creil et elle se visite en groupe sur rendez-vous !","breadcrumb":{"@id":"https:\/\/www.creilsudoise-tourisme.fr\/explorez-groupes\/incontournables-groupes\/clouterie-rivierre\/#breadcrumb"},"inLanguage":"nl","potentialAction":[{"@type":"ReadAction","target":["https:\/\/www.creilsudoise-tourisme.fr\/explorez-groupes\/incontournables-groupes\/clouterie-rivierre\/"]}]},{"@type":"BreadcrumbList","@id":"https:\/\/www.creilsudoise-tourisme.fr\/explorez-groupes\/incontournables-groupes\/clouterie-rivierre\/#breadcrumb","itemListElement":[{"@type":"ListItem","position":1,"name":"Accueil","item":"https:\/\/www.creilsudoise-tourisme.fr\/"},{"@type":"ListItem","position":2,"name":"En groupe &amp; S\u00e9minaires","item":"https:\/\/www.creilsudoise-tourisme.fr\/explorez-groupes\/"},{"@type":"ListItem","position":3,"name":"Les incontournables \u00e0 explorer en groupes","item":"https:\/\/www.creilsudoise-tourisme.fr\/explorez-groupes\/incontournables-groupes\/"},{"@type":"ListItem","position":4,"name":"La Clouterie Rivierre"}]},{"@type":"WebSite","@id":"https:\/\/www.creilsudoise-tourisme.fr\/#website","url":"https:\/\/www.creilsudoise-tourisme.fr\/","name":"Office de Tourisme Creil Sud Oise","description":"Creil Sud Oise Tourisme, un territoire \u00e0 explorer !","publisher":{"@id":"https:\/\/www.creilsudoise-tourisme.fr\/#organization"},"potentialAction":[{"@type":"SearchAction","target":{"@type":"EntryPoint","urlTemplate":"https:\/\/www.creilsudoise-tourisme.fr\/?s={search_term_string}"},"query-input":"required name=search_term_string"}],"inLanguage":"nl"},{"@type":"Organization","@id":"https:\/\/www.creilsudoise-tourisme.fr\/#organization","name":"Creil Sud Oise Tourisme","url":"https:\/\/www.creilsudoise-tourisme.fr\/","logo":{"@type":"ImageObject","inLanguage":"nl","@id":"https:\/\/www.creilsudoise-tourisme.fr\/#\/schema\/logo\/image\/","url":"https:\/\/www.creilsudoise-tourisme.fr\/wp-content\/uploads\/2021\/05\/logo-svg.png","contentUrl":"https:\/\/www.creilsudoise-tourisme.fr\/wp-content\/uploads\/2021\/05\/logo-svg.png","width":182,"height":71,"caption":"Creil Sud Oise Tourisme"},"image":{"@id":"https:\/\/www.creilsudoise-tourisme.fr\/#\/schema\/logo\/image\/"},"sameAs":["https:\/\/www.facebook.com\/creilsudoisetourisme\/","https:\/\/twitter.com\/CreilSudOiseOT","https:\/\/www.instagram.com\/creilsudoisetourisme\/","https:\/\/www.youtube.com\/channel\/UC8L_QD2wwyADW14zt9fY8kw"]}]}},"_links":{"self":[{"href":"https:\/\/www.creilsudoise-tourisme.fr\/nl\/wp-json\/wp\/v2\/pages\/104"}],"collection":[{"href":"https:\/\/www.creilsudoise-tourisme.fr\/nl\/wp-json\/wp\/v2\/pages"}],"about":[{"href":"https:\/\/www.creilsudoise-tourisme.fr\/nl\/wp-json\/wp\/v2\/types\/page"}],"author":[{"embeddable":true,"href":"https:\/\/www.creilsudoise-tourisme.fr\/nl\/wp-json\/wp\/v2\/users\/1"}],"replies":[{"embeddable":true,"href":"https:\/\/www.creilsudoise-tourisme.fr\/nl\/wp-json\/wp\/v2\/comments?post=104"}],"version-history":[{"count":30,"href":"https:\/\/www.creilsudoise-tourisme.fr\/nl\/wp-json\/wp\/v2\/pages\/104\/revisions"}],"predecessor-version":[{"id":60463,"href":"https:\/\/www.creilsudoise-tourisme.fr\/nl\/wp-json\/wp\/v2\/pages\/104\/revisions\/60463"}],"up":[{"embeddable":true,"href":"https:\/\/www.creilsudoise-tourisme.fr\/nl\/wp-json\/wp\/v2\/pages\/102"}],"wp:featuredmedia":[{"embeddable":true,"href":"https:\/\/www.creilsudoise-tourisme.fr\/nl\/wp-json\/wp\/v2\/media\/32350"}],"wp:attachment":[{"href":"https:\/\/www.creilsudoise-tourisme.fr\/nl\/wp-json\/wp\/v2\/media?parent=104"}],"curies":[{"name":"wp","href":"https:\/\/api.w.org\/{rel}","templated":true}]}}