{"id":84,"date":"2021-02-17T10:01:43","date_gmt":"2021-02-17T09:01:43","guid":{"rendered":"https:\/\/www.creilsudoise-tourisme.fr\/en-couple\/"},"modified":"2021-04-29T15:03:21","modified_gmt":"2021-04-29T13:03:21","slug":"en-couple","status":"publish","type":"page","link":"https:\/\/www.creilsudoise-tourisme.fr\/es\/en-par\/","title":{"rendered":"Como pareja"},"content":{"rendered":"<h2 class=\"has-text-align-center\">Nuestra selecci\u00f3n para parejas: salidas, restaurantes y alojamiento<\/h2>\n\n\n\n<p class=\"is-style-excerpt\">Encuentre un <strong>selecci\u00f3n de actividades y lugares, restaurantes y alojamiento<\/strong> que ofrecen una <strong>ambiente rom\u00e1ntico<\/strong> \u00a1para reunirte con tu amante! <strong>Cocooning, lugares ins\u00f3litos, espacios \u00edntimos o vistas grandiosas<\/strong>&#8230;<\/p>\n\n\n<div class=\"wp-block wp-block-child-post alignwide\">\n    <div class=\"entityList clear\">\n        \n<div class=\"entityItem\" data-trigger=\"wpiris-click\" data-id=\"wpiris-entity-slider-item\">\n    <p class=\"entityItemThumbnail\">\n        <a href=\"https:\/\/www.creilsudoise-tourisme.fr\/es\/en-par\/actividades-en-pareja\/\" nofancybox>\n            <img data-src=\"https:\/\/www.creilsudoise-tourisme.fr\/wp-content\/uploads\/2021\/04\/Activites-en-couple-a-Creil-Sud-Oise-275x350.jpg\" alt=\"Actividades para parejas\">\n        <\/a>\n    <\/p>\n    <div class=\"entityItemContent\">\n        <h2 class=\"entityItemContentTitle\">\n            <a href=\"https:\/\/www.creilsudoise-tourisme.fr\/es\/en-par\/actividades-en-pareja\/\">Actividades para parejas<\/a>\n        <\/h2>\n            <\/div>\n    <a href=\"https:\/\/www.creilsudoise-tourisme.fr\/es\/en-par\/actividades-en-pareja\/\" class=\"seeMore\"><span class=\"sr-only\">M\u00e1s informaci\u00f3n<\/span><\/a>\n<\/div>\n        \n<div class=\"entityItem\" data-trigger=\"wpiris-click\" data-id=\"wpiris-entity-slider-item\">\n    <p class=\"entityItemThumbnail\">\n        <a href=\"https:\/\/www.creilsudoise-tourisme.fr\/es\/en-par\/alojamiento-para-parejas\/\" nofancybox>\n            <img data-src=\"https:\/\/www.creilsudoise-tourisme.fr\/wp-content\/uploads\/2025\/03\/Hebergement-en-couple-a-Creil-Sud-Oise-275x350.jpg\" alt=\"Alojamiento para parejas\">\n        <\/a>\n    <\/p>\n    <div class=\"entityItemContent\">\n        <h2 class=\"entityItemContentTitle\">\n            <a href=\"https:\/\/www.creilsudoise-tourisme.fr\/es\/en-par\/alojamiento-para-parejas\/\">Alojamiento para parejas<\/a>\n        <\/h2>\n            <\/div>\n    <a href=\"https:\/\/www.creilsudoise-tourisme.fr\/es\/en-par\/alojamiento-para-parejas\/\" class=\"seeMore\"><span class=\"sr-only\">M\u00e1s informaci\u00f3n<\/span><\/a>\n<\/div>\n        \n<div class=\"entityItem\" data-trigger=\"wpiris-click\" data-id=\"wpiris-entity-slider-item\">\n    <p class=\"entityItemThumbnail\">\n        <a href=\"https:\/\/www.creilsudoise-tourisme.fr\/es\/en-par\/restaurante-en-pareja\/\" nofancybox>\n            <img data-src=\"https:\/\/www.creilsudoise-tourisme.fr\/wp-content\/uploads\/2021\/03\/Repas-romantique-en-amoureux-a-Creil-Sud-Oise-275x350.jpg\" alt=\"Restaurantes para parejas\">\n        <\/a>\n    <\/p>\n    <div class=\"entityItemContent\">\n        <h2 class=\"entityItemContentTitle\">\n            <a href=\"https:\/\/www.creilsudoise-tourisme.fr\/es\/en-par\/restaurante-en-pareja\/\">Restaurantes para parejas<\/a>\n        <\/h2>\n            <\/div>\n    <a href=\"https:\/\/www.creilsudoise-tourisme.fr\/es\/en-par\/restaurante-en-pareja\/\" class=\"seeMore\"><span class=\"sr-only\">M\u00e1s informaci\u00f3n<\/span><\/a>\n<\/div>\n            <\/div>\n<\/div>\n\n<div class=\"wp-block wp-block-highlight\">\n            <h3 class=\"wp-block-highlight-item wp-block-highlight-title\"><strong>\u00bfQuieres hacer senderismo?<\/strong><\/h3>\n                <p class=\"wp-block-highlight-item wp-block-highlight-excerpt\">Creil Sud Oise es un destino ideal para <strong><a href=\"https:\/\/www.creilsudoise-tourisme.fr\/es\/jexplore\/les-incontournables\/randonnee\/\" target=\"_blank\" rel=\"noreferrer noopener\">caminar o hacer senderismo con su pareja<\/a><\/strong>.<\/p>\n    <\/div>\n\n\n<div class=\"is-layout-flex wp-block-buttons\">\n<div class=\"wp-block-button\"><a class=\"wp-block-button__link\" href=\"https:\/\/www.creilsudoise-tourisme.fr\/es\/jexplore\/les-incontournables\/randonnee\/\" target=\"_blank\" rel=\"noreferrer noopener\">camina<\/a><\/div>\n<\/div>\n\n\n\n<hr class=\"wp-block-separator\" \/>\n\n\n\n<div class=\"is-layout-flex wp-container-5 wp-block-columns\">\n<div class=\"is-layout-flow wp-block-column\" style=\"flex-basis:33.33%\">\n<figure class=\"wp-block-image size-large\"><img decoding=\"async\" loading=\"lazy\" width=\"334\" height=\"334\" data-src=\"https:\/\/www.creilsudoise-tourisme.fr\/wp-content\/uploads\/2021\/04\/Parcourez-lagenda-pour-profiter-dune-activite-ou-une-sortie-en-amoureux-edited-1.jpg\" alt=\"Consulte la agenda para disfrutar de una actividad o de una velada rom\u00e1ntica\" class=\"wp-image-33415\" data-srcset=\"https:\/\/www.creilsudoise-tourisme.fr\/wp-content\/uploads\/2021\/04\/Parcourez-lagenda-pour-profiter-dune-activite-ou-une-sortie-en-amoureux-edited-1.jpg 334w, https:\/\/www.creilsudoise-tourisme.fr\/wp-content\/uploads\/2021\/04\/Parcourez-lagenda-pour-profiter-dune-activite-ou-une-sortie-en-amoureux-edited-1-300x300.jpg 300w, https:\/\/www.creilsudoise-tourisme.fr\/wp-content\/uploads\/2021\/04\/Parcourez-lagenda-pour-profiter-dune-activite-ou-une-sortie-en-amoureux-edited-1-200x200.jpg 200w, https:\/\/www.creilsudoise-tourisme.fr\/wp-content\/uploads\/2021\/04\/Parcourez-lagenda-pour-profiter-dune-activite-ou-une-sortie-en-amoureux-edited-1-275x275.jpg 275w\" sizes=\"(max-width: 334px) 100vw, 334px\" \/><\/figure>\n<\/div>\n\n\n\n<div class=\"is-layout-flow wp-block-column\" style=\"flex-basis:66.66%\">\n<p>Descubra <strong>qu\u00e9 hacer con su pareja este fin de semana o en un futuro pr\u00f3ximo<\/strong> pasando por el<a href=\"https:\/\/www.creilsudoise-tourisme.fr\/es\/agenda\/\" target=\"_blank\" rel=\"noreferrer noopener\">'<strong>Calendario de actos<\/strong><\/a> !<\/p>\n\n\n\n<div class=\"is-layout-flex wp-block-buttons\">\n<div class=\"wp-block-button\"><a class=\"wp-block-button__link\" href=\"https:\/\/www.creilsudoise-tourisme.fr\/es\/agenda\/\" target=\"_blank\" rel=\"noreferrer noopener\">agenda<\/a><\/div>\n<\/div>\n<\/div>\n<\/div>\n\n\n\n<div class=\"wp-block wp-block-accordion\" id=\"accordion\">\n    \n                    <div class=\"wp-block-accordion-item\">\n            <div id=\"heading684\">\n                <h3 class=\"wp-block-accordion-item-title\" data-toggle=\"collapse\" data-target=\"#collapse684\">\n                    Lo imprescindible                <\/h3>\n            <\/div>\n            <div class=\"wp-block-accordion-item-content collapse\" id=\"collapse684\" data-parent=\"#accordion\">\n                <p>Y para saber m\u00e1s sobre el <strong>principales lugares tur\u00edsticos de Creil Sud Oise<\/strong>descubra <a href='https:\/\/www.creilsudoise-tourisme.fr\/es\/jexplore\/imprescindibles\/' target='_blank' rel='noreferrer noopener'>Lo imprescindible<\/a>.<\/p><p>Forma parte de una asociaci\u00f3n y busca <strong>ideas para salidas en grupo<\/strong> ? Eche un vistazo a nuestro folleto o descubra <a href='https:\/\/www.creilsudoise-tourisme.fr\/es\/en-groupe-seminaires\/incontournables-groupes\/' target='_blank' rel='noreferrer noopener'>7 visitas obligadas para grupos<\/a>.<\/p>            <\/div>\n        <\/div>\n                    <div class=\"wp-block-accordion-item\">\n            <div id=\"heading2671\">\n                <h3 class=\"wp-block-accordion-item-title\" data-toggle=\"collapse\" data-target=\"#collapse2671\">\n                    \u00bfEst\u00e1s con los ni\u00f1os?                <\/h3>\n            <\/div>\n            <div class=\"wp-block-accordion-item-content collapse\" id=\"collapse2671\" data-parent=\"#accordion\">\n                <p>Est\u00e1 buscando <strong>ideas para una excursi\u00f3n con ni\u00f1os<\/strong> ? Encuentra nuestro <strong>selecci\u00f3n de actividades, alojamientos y restaurantes adaptados a la estancia <a href='https:\/\/www.creilsudoise-tourisme.fr\/es\/en-familia\/' target='_blank' rel='noreferrer noopener'>en familia<\/a><\/strong> !<\/p>            <\/div>\n        <\/div>\n                    <div class=\"wp-block-accordion-item\">\n            <div id=\"heading8853\">\n                <h3 class=\"wp-block-accordion-item-title\" data-toggle=\"collapse\" data-target=\"#collapse8853\">\n                    \u00bfO con amigos?                <\/h3>\n            <\/div>\n            <div class=\"wp-block-accordion-item-content collapse\" id=\"collapse8853\" data-parent=\"#accordion\">\n                <p>Si tiene <strong>plane\u00f3 un viaje con amigos<\/strong> y est\u00e1 buscando <strong>alojamientos de gran capacidad, restaurantes adaptados o actividades adaptadas<\/strong>Descubre nuestra <strong>selecci\u00f3n <a href='https:\/\/www.creilsudoise-tourisme.fr\/es\/entre-amigos\/' target='_blank' rel='noreferrer noopener'>entre amigos<\/a><\/strong>.<\/p>            <\/div>\n        <\/div>\n    \n<\/div>","protected":false},"excerpt":{"rendered":"<p>Nuestra selecci\u00f3n para parejas: salidas, restaurantes y alojamientos \u00a1Encuentre una selecci\u00f3n de actividades y lugares, restaurantes y alojamientos que ofrecen un ambiente rom\u00e1ntico para usted y su pareja! Cocooning, lugares ins\u00f3litos, espacios \u00edntimos o vistas grandiosas... Descubra lo que puede hacer en pareja este fin de semana o en un futuro pr\u00f3ximo consultando la Agenda de eventos.<\/p>","protected":false},"author":1,"featured_media":33310,"parent":0,"menu_order":5,"comment_status":"closed","ping_status":"closed","template":"","meta":{"_relevanssi_hide_post":"","_relevanssi_hide_content":"","_relevanssi_pin_for_all":"","_relevanssi_pin_keywords":"","_relevanssi_unpin_keywords":"","_relevanssi_related_keywords":"","_relevanssi_related_include_ids":"","_relevanssi_related_exclude_ids":"","_relevanssi_related_no_append":"","_relevanssi_related_not_related":"","_relevanssi_related_posts":"267,273,275,271","_relevanssi_noindex_reason":""},"yoast_head":"<!-- This site is optimized with the Yoast SEO plugin v20.2.1 - https:\/\/yoast.com\/wordpress\/plugins\/seo\/ -->\n<title>Que faire, o\u00f9 dormir et o\u00f9 manger en couple dans le Sud de l\u2019Oise<\/title>\n<meta name=\"description\" content=\"Nous avons s\u00e9lectionn\u00e9 pour vous les activit\u00e9s, restaurants et h\u00e9bergements romantiques \u00e0 Creil Sud Oise, pr\u00e8s de Chantilly !\" \/>\n<meta name=\"robots\" content=\"index, follow, max-snippet:-1, max-image-preview:large, max-video-preview:-1\" \/>\n<link rel=\"canonical\" href=\"https:\/\/www.creilsudoise-tourisme.fr\/es\/en-koppel\/\" \/>\n<meta property=\"og:locale\" content=\"es_ES\" \/>\n<meta property=\"og:type\" content=\"article\" \/>\n<meta property=\"og:title\" content=\"Que faire, o\u00f9 dormir et o\u00f9 manger en couple dans le Sud de l\u2019Oise\" \/>\n<meta property=\"og:description\" content=\"Nous avons s\u00e9lectionn\u00e9 pour vous les activit\u00e9s, restaurants et h\u00e9bergements romantiques \u00e0 Creil Sud Oise, pr\u00e8s de Chantilly !\" \/>\n<meta property=\"og:url\" content=\"https:\/\/www.creilsudoise-tourisme.fr\/es\/en-koppel\/\" \/>\n<meta property=\"og:site_name\" content=\"Office de Tourisme Creil Sud Oise\" \/>\n<meta property=\"article:publisher\" content=\"https:\/\/www.facebook.com\/creilsudoisetourisme\/\" \/>\n<meta property=\"article:modified_time\" content=\"2021-04-29T13:03:21+00:00\" \/>\n<meta property=\"og:image\" content=\"https:\/\/www.creilsudoise-tourisme.fr\/wp-content\/uploads\/2021\/04\/Explorez-Creil-Sud-Oise-en-couple.jpg\" \/>\n\t<meta property=\"og:image:width\" content=\"1600\" \/>\n\t<meta property=\"og:image:height\" content=\"866\" \/>\n\t<meta property=\"og:image:type\" content=\"image\/jpeg\" \/>\n<meta name=\"twitter:card\" content=\"summary_large_image\" \/>\n<meta name=\"twitter:site\" content=\"@CreilSudOiseOT\" \/>\n<meta name=\"twitter:label1\" content=\"Tiempo de lectura\" \/>\n\t<meta name=\"twitter:data1\" content=\"1 minuto\" \/>\n<script type=\"application\/ld+json\" class=\"yoast-schema-graph\">{\"@context\":\"https:\/\/schema.org\",\"@graph\":[{\"@type\":\"WebPage\",\"@id\":\"https:\/\/www.creilsudoise-tourisme.fr\/nl\/en-koppel\/\",\"url\":\"https:\/\/www.creilsudoise-tourisme.fr\/nl\/en-koppel\/\",\"name\":\"Que faire, o\u00f9 dormir et o\u00f9 manger en couple dans le Sud de l\u2019Oise\",\"isPartOf\":{\"@id\":\"https:\/\/www.creilsudoise-tourisme.fr\/#website\"},\"datePublished\":\"2021-02-17T09:01:43+00:00\",\"dateModified\":\"2021-04-29T13:03:21+00:00\",\"description\":\"Nous avons s\u00e9lectionn\u00e9 pour vous les activit\u00e9s, restaurants et h\u00e9bergements romantiques \u00e0 Creil Sud Oise, pr\u00e8s de Chantilly !\",\"breadcrumb\":{\"@id\":\"https:\/\/www.creilsudoise-tourisme.fr\/nl\/en-koppel\/#breadcrumb\"},\"inLanguage\":\"es\",\"potentialAction\":[{\"@type\":\"ReadAction\",\"target\":[\"https:\/\/www.creilsudoise-tourisme.fr\/nl\/en-koppel\/\"]}]},{\"@type\":\"BreadcrumbList\",\"@id\":\"https:\/\/www.creilsudoise-tourisme.fr\/nl\/en-koppel\/#breadcrumb\",\"itemListElement\":[{\"@type\":\"ListItem\",\"position\":1,\"name\":\"Accueil\",\"item\":\"https:\/\/www.creilsudoise-tourisme.fr\/\"},{\"@type\":\"ListItem\",\"position\":2,\"name\":\"En couple\"}]},{\"@type\":\"WebSite\",\"@id\":\"https:\/\/www.creilsudoise-tourisme.fr\/#website\",\"url\":\"https:\/\/www.creilsudoise-tourisme.fr\/\",\"name\":\"Office de Tourisme Creil Sud Oise\",\"description\":\"Creil Sud Oise Tourisme, un territoire \u00e0 explorer !\",\"publisher\":{\"@id\":\"https:\/\/www.creilsudoise-tourisme.fr\/#organization\"},\"potentialAction\":[{\"@type\":\"SearchAction\",\"target\":{\"@type\":\"EntryPoint\",\"urlTemplate\":\"https:\/\/www.creilsudoise-tourisme.fr\/?s={search_term_string}\"},\"query-input\":\"required name=search_term_string\"}],\"inLanguage\":\"es\"},{\"@type\":\"Organization\",\"@id\":\"https:\/\/www.creilsudoise-tourisme.fr\/#organization\",\"name\":\"Creil Sud Oise Tourisme\",\"url\":\"https:\/\/www.creilsudoise-tourisme.fr\/\",\"logo\":{\"@type\":\"ImageObject\",\"inLanguage\":\"es\",\"@id\":\"https:\/\/www.creilsudoise-tourisme.fr\/#\/schema\/logo\/image\/\",\"url\":\"https:\/\/www.creilsudoise-tourisme.fr\/wp-content\/uploads\/2021\/05\/logo-svg.png\",\"contentUrl\":\"https:\/\/www.creilsudoise-tourisme.fr\/wp-content\/uploads\/2021\/05\/logo-svg.png\",\"width\":182,\"height\":71,\"caption\":\"Creil Sud Oise Tourisme\"},\"image\":{\"@id\":\"https:\/\/www.creilsudoise-tourisme.fr\/#\/schema\/logo\/image\/\"},\"sameAs\":[\"https:\/\/www.facebook.com\/creilsudoisetourisme\/\",\"https:\/\/twitter.com\/CreilSudOiseOT\",\"https:\/\/www.instagram.com\/creilsudoisetourisme\/\",\"https:\/\/www.youtube.com\/channel\/UC8L_QD2wwyADW14zt9fY8kw\"]}]}<\/script>\n<!-- \/ Yoast SEO plugin. -->","yoast_head_json":{"title":"Que faire, o\u00f9 dormir et o\u00f9 manger en couple dans le Sud de l\u2019Oise","description":"Nous avons s\u00e9lectionn\u00e9 pour vous les activit\u00e9s, restaurants et h\u00e9bergements romantiques \u00e0 Creil Sud Oise, pr\u00e8s de Chantilly !","robots":{"index":"index","follow":"follow","max-snippet":"max-snippet:-1","max-image-preview":"max-image-preview:large","max-video-preview":"max-video-preview:-1"},"canonical":"https:\/\/www.creilsudoise-tourisme.fr\/es\/en-koppel\/","og_locale":"es_ES","og_type":"article","og_title":"Que faire, o\u00f9 dormir et o\u00f9 manger en couple dans le Sud de l\u2019Oise","og_description":"Nous avons s\u00e9lectionn\u00e9 pour vous les activit\u00e9s, restaurants et h\u00e9bergements romantiques \u00e0 Creil Sud Oise, pr\u00e8s de Chantilly !","og_url":"https:\/\/www.creilsudoise-tourisme.fr\/es\/en-koppel\/","og_site_name":"Office de Tourisme Creil Sud Oise","article_publisher":"https:\/\/www.facebook.com\/creilsudoisetourisme\/","article_modified_time":"2021-04-29T13:03:21+00:00","og_image":[{"width":1600,"height":866,"url":"https:\/\/www.creilsudoise-tourisme.fr\/wp-content\/uploads\/2021\/04\/Explorez-Creil-Sud-Oise-en-couple.jpg","type":"image\/jpeg"}],"twitter_card":"summary_large_image","twitter_site":"@CreilSudOiseOT","twitter_misc":{"Tiempo de lectura":"1 minuto"},"schema":{"@context":"https:\/\/schema.org","@graph":[{"@type":"WebPage","@id":"https:\/\/www.creilsudoise-tourisme.fr\/nl\/en-koppel\/","url":"https:\/\/www.creilsudoise-tourisme.fr\/nl\/en-koppel\/","name":"Que faire, o\u00f9 dormir et o\u00f9 manger en couple dans le Sud de l\u2019Oise","isPartOf":{"@id":"https:\/\/www.creilsudoise-tourisme.fr\/#website"},"datePublished":"2021-02-17T09:01:43+00:00","dateModified":"2021-04-29T13:03:21+00:00","description":"Nous avons s\u00e9lectionn\u00e9 pour vous les activit\u00e9s, restaurants et h\u00e9bergements romantiques \u00e0 Creil Sud Oise, pr\u00e8s de Chantilly !","breadcrumb":{"@id":"https:\/\/www.creilsudoise-tourisme.fr\/nl\/en-koppel\/#breadcrumb"},"inLanguage":"es","potentialAction":[{"@type":"ReadAction","target":["https:\/\/www.creilsudoise-tourisme.fr\/nl\/en-koppel\/"]}]},{"@type":"BreadcrumbList","@id":"https:\/\/www.creilsudoise-tourisme.fr\/nl\/en-koppel\/#breadcrumb","itemListElement":[{"@type":"ListItem","position":1,"name":"Accueil","item":"https:\/\/www.creilsudoise-tourisme.fr\/"},{"@type":"ListItem","position":2,"name":"En couple"}]},{"@type":"WebSite","@id":"https:\/\/www.creilsudoise-tourisme.fr\/#website","url":"https:\/\/www.creilsudoise-tourisme.fr\/","name":"Office de Tourisme Creil Sud Oise","description":"Creil Sud Oise Tourisme, un territoire \u00e0 explorer !","publisher":{"@id":"https:\/\/www.creilsudoise-tourisme.fr\/#organization"},"potentialAction":[{"@type":"SearchAction","target":{"@type":"EntryPoint","urlTemplate":"https:\/\/www.creilsudoise-tourisme.fr\/?s={search_term_string}"},"query-input":"required name=search_term_string"}],"inLanguage":"es"},{"@type":"Organization","@id":"https:\/\/www.creilsudoise-tourisme.fr\/#organization","name":"Creil Sud Oise Tourisme","url":"https:\/\/www.creilsudoise-tourisme.fr\/","logo":{"@type":"ImageObject","inLanguage":"es","@id":"https:\/\/www.creilsudoise-tourisme.fr\/#\/schema\/logo\/image\/","url":"https:\/\/www.creilsudoise-tourisme.fr\/wp-content\/uploads\/2021\/05\/logo-svg.png","contentUrl":"https:\/\/www.creilsudoise-tourisme.fr\/wp-content\/uploads\/2021\/05\/logo-svg.png","width":182,"height":71,"caption":"Creil Sud Oise Tourisme"},"image":{"@id":"https:\/\/www.creilsudoise-tourisme.fr\/#\/schema\/logo\/image\/"},"sameAs":["https:\/\/www.facebook.com\/creilsudoisetourisme\/","https:\/\/twitter.com\/CreilSudOiseOT","https:\/\/www.instagram.com\/creilsudoisetourisme\/","https:\/\/www.youtube.com\/channel\/UC8L_QD2wwyADW14zt9fY8kw"]}]}},"_links":{"self":[{"href":"https:\/\/www.creilsudoise-tourisme.fr\/es\/wp-json\/wp\/v2\/pages\/84"}],"collection":[{"href":"https:\/\/www.creilsudoise-tourisme.fr\/es\/wp-json\/wp\/v2\/pages"}],"about":[{"href":"https:\/\/www.creilsudoise-tourisme.fr\/es\/wp-json\/wp\/v2\/types\/page"}],"author":[{"embeddable":true,"href":"https:\/\/www.creilsudoise-tourisme.fr\/es\/wp-json\/wp\/v2\/users\/1"}],"replies":[{"embeddable":true,"href":"https:\/\/www.creilsudoise-tourisme.fr\/es\/wp-json\/wp\/v2\/comments?post=84"}],"version-history":[{"count":17,"href":"https:\/\/www.creilsudoise-tourisme.fr\/es\/wp-json\/wp\/v2\/pages\/84\/revisions"}],"predecessor-version":[{"id":34234,"href":"https:\/\/www.creilsudoise-tourisme.fr\/es\/wp-json\/wp\/v2\/pages\/84\/revisions\/34234"}],"wp:featuredmedia":[{"embeddable":true,"href":"https:\/\/www.creilsudoise-tourisme.fr\/es\/wp-json\/wp\/v2\/media\/33310"}],"wp:attachment":[{"href":"https:\/\/www.creilsudoise-tourisme.fr\/es\/wp-json\/wp\/v2\/media?parent=84"}],"curies":[{"name":"wp","href":"https:\/\/api.w.org\/{rel}","templated":true}]}}