{"id":50627,"date":"2024-02-06T14:35:31","date_gmt":"2024-02-06T13:35:31","guid":{"rendered":"https:\/\/www.creilsudoise-tourisme.fr\/?page_id=50627"},"modified":"2024-02-19T15:25:09","modified_gmt":"2024-02-19T14:25:09","slug":"decor-la-sucrerie-de-saint-leu-desserent","status":"publish","type":"page","link":"https:\/\/www.creilsudoise-tourisme.fr\/es\/i-search\/disparando\/decoracion-industrial-3\/decor-la-sucrerie-de-saint-leu-desserent\/","title":{"rendered":"Sucrerie"},"content":{"rendered":"<p class=\"is-style-excerpt\"><em>Antiguo edificio de la azucarera de Saint-Leu, construido en la posguerra y cerrado a mediados de los a\u00f1os setenta.<\/em><\/p>\n\n\n\n<h2>La azucarera de Saint-Leu d'Esserent <\/h2>\n\n\n\n<figure class=\"is-layout-flex wp-block-gallery-1 wp-block-gallery has-nested-images columns-default is-cropped\">\n<figure class=\"wp-block-image size-large\"><img decoding=\"async\" loading=\"lazy\" width=\"987\" height=\"740\" data-id=\"51514\"  data-src=\"https:\/\/www.creilsudoise-tourisme.fr\/wp-content\/uploads\/2024\/01\/Sucrerie-mise-en-avant.jpg\" alt=\"palabras clave de referencia. Ex : azucarera cine industrial rodaje sur oise paris plat\u00f3s de rodaje\" class=\"wp-image-51514\" data-srcset=\"https:\/\/www.creilsudoise-tourisme.fr\/wp-content\/uploads\/2024\/01\/Sucrerie-mise-en-avant.jpg 987w, https:\/\/www.creilsudoise-tourisme.fr\/wp-content\/uploads\/2024\/01\/Sucrerie-mise-en-avant-600x450.jpg 600w, https:\/\/www.creilsudoise-tourisme.fr\/wp-content\/uploads\/2024\/01\/Sucrerie-mise-en-avant-900x675.jpg 900w, https:\/\/www.creilsudoise-tourisme.fr\/wp-content\/uploads\/2024\/01\/Sucrerie-mise-en-avant-16x12.jpg 16w, https:\/\/www.creilsudoise-tourisme.fr\/wp-content\/uploads\/2024\/01\/Sucrerie-mise-en-avant-200x150.jpg 200w, https:\/\/www.creilsudoise-tourisme.fr\/wp-content\/uploads\/2024\/01\/Sucrerie-mise-en-avant-650x487.jpg 650w, https:\/\/www.creilsudoise-tourisme.fr\/wp-content\/uploads\/2024\/01\/Sucrerie-mise-en-avant-387x290.jpg 387w\" sizes=\"(max-width: 987px) 100vw, 987px\" \/><figcaption class=\"wp-element-caption\">cr\u00e9dito de la foto. Ex : \u00a9 Creil Sud Oise Tourisme - Nouara Lebachiche<\/figcaption><\/figure>\n\n\n\n<figure class=\"wp-block-image size-large\"><img decoding=\"async\" loading=\"lazy\" width=\"983\" height=\"740\" data-id=\"51502\"  data-src=\"https:\/\/www.creilsudoise-tourisme.fr\/wp-content\/uploads\/2024\/01\/sucrerie-2.png\" alt=\"azucarera cine industrial rodaje sur Oise par\u00eds plat\u00f3s de rodaje\" class=\"wp-image-51502\" data-srcset=\"https:\/\/www.creilsudoise-tourisme.fr\/wp-content\/uploads\/2024\/01\/sucrerie-2.png 983w, https:\/\/www.creilsudoise-tourisme.fr\/wp-content\/uploads\/2024\/01\/sucrerie-2-600x452.png 600w, https:\/\/www.creilsudoise-tourisme.fr\/wp-content\/uploads\/2024\/01\/sucrerie-2-900x678.png 900w, https:\/\/www.creilsudoise-tourisme.fr\/wp-content\/uploads\/2024\/01\/sucrerie-2-16x12.png 16w, https:\/\/www.creilsudoise-tourisme.fr\/wp-content\/uploads\/2024\/01\/sucrerie-2-200x151.png 200w, https:\/\/www.creilsudoise-tourisme.fr\/wp-content\/uploads\/2024\/01\/sucrerie-2-650x489.png 650w, https:\/\/www.creilsudoise-tourisme.fr\/wp-content\/uploads\/2024\/01\/sucrerie-2-387x291.png 387w\" sizes=\"(max-width: 983px) 100vw, 983px\" \/><figcaption class=\"wp-element-caption\"> Creil Sud Oise Tourisme - Nouara Lebachiche<\/figcaption><\/figure>\n<\/figure>\n\n\n\n<h3>Tipo de emplazamiento<\/h3>\n\n\n\n<p>No asegurado en ERP<\/p>\n\n\n\n<h3>Categor\u00eda<\/h3>\n\n\n\n<p>Nave industrial <\/p>\n\n\n<div class=\"wp-block wp-block-highlight\">\n            <h3 class=\"wp-block-highlight-item wp-block-highlight-title\">Situaci\u00f3n<\/h3>\n                <p class=\"wp-block-highlight-item wp-block-highlight-excerpt\">Ciudad: 60340 Saint-Leu d'Esserent <br>Provincia : Oise<br>Regi\u00f3n: Hauts-de-France<\/p>\n    <\/div>\n\n\n<h3>Presentaci\u00f3n general<\/h3>\n\n\n\n<p>Antiguo edificio principal de la azucarera de Saint-Leu d'Esserent<\/p>\n\n\n\n<h4>Estado del sitio<\/h4>\n\n\n\n<p>En bastante buen estado.<\/p>\n\n\n\n<h4>Historia del sitio<\/h4>\n\n\n\n<p>Reconstruida en 1950 tras la destrucci\u00f3n de la Segunda Guerra Mundial. La azucarera cerr\u00f3 a mediados de la d\u00e9cada de 1970. <\/p>\n\n\n\n<h4>Per\u00edodo de construcci\u00f3n<\/h4>\n\n\n\n<p>Periodo de posguerra.<\/p>\n\n\n\n<h4>Estilo dominante<\/h4>\n\n\n\n<p>Contempor\u00e1neo.<\/p>\n\n\n\n<h4>Caracter\u00edsticas arquitect\u00f3nicas excepcionales<\/h4>\n\n\n\n<p>Naves industriales para grandes espacios y grandes alturas<\/p>\n\n\n\n<h4>Datos t\u00e9cnicos<\/h4>\n\n\n\n<p>\u25a1 Suministro el\u00e9ctrico X Aparcamiento X Acceso para veh\u00edculos pesados \u25a1 Vestuarios&nbsp;&nbsp;&nbsp;&nbsp;&nbsp;&nbsp;&nbsp;&nbsp;&nbsp;&nbsp;&nbsp;&nbsp; &nbsp;<\/p>\n\n\n\n<p>\u25a1 Aseos<\/p>\n\n\n\n<p>Otros: Zonas: 20 m de alto; 20 m de ancho; 80 m de largo; 1 poste central.<\/p>\n\n\n\n<h4>Caracter\u00edsticas especiales<\/h4>\n\n\n\n<p>Caracter\u00edsticas especiales.<\/p>\n\n\n\n<hr class=\"wp-block-separator has-alpha-channel-opacity\"\/>\n\n\n\n<hr class=\"wp-block-separator has-alpha-channel-opacity\"\/>","protected":false},"excerpt":{"rendered":"<p>Antiguo edificio de la azucarera de Saint-Leu, construido en la posguerra y cerrado a mediados de los a\u00f1os 1970. La Sucrerie de Saint-Leu d'esserent Tipo de sitio No protegido como ERP Categor\u00eda Edificio industrial Presentaci\u00f3n general Antiguo edificio principal de la azucarera de Saint-Leu d'Esserent Estado del sitio Bastante bueno. Historia del sitio Reconstruido en [...].<\/p>","protected":false},"author":12,"featured_media":51514,"parent":49363,"menu_order":1,"comment_status":"closed","ping_status":"closed","template":"","meta":{"_relevanssi_hide_post":"","_relevanssi_hide_content":"","_relevanssi_pin_for_all":"","_relevanssi_pin_keywords":"","_relevanssi_unpin_keywords":"","_relevanssi_related_keywords":"","_relevanssi_related_include_ids":"","_relevanssi_related_exclude_ids":"","_relevanssi_related_no_append":"","_relevanssi_related_not_related":"","_relevanssi_related_posts":"38921,40150,43606,39785,42107,39133","_relevanssi_noindex_reason":""},"yoast_head":"<!-- This site is optimized with the Yoast SEO plugin v20.2.1 - https:\/\/yoast.com\/wordpress\/plugins\/seo\/ -->\n<title>La Sucrerie de Saint-Leu D&#039;Esserent<\/title>\n<meta name=\"description\" content=\"Voici la fiche technique du d\u00e9cor industriel dans une usine du 19\u00e8me si\u00e8cle, la sucrerie de Saint-Leu d&#039;Esserent, \u00e0 60km de Paris.\" \/>\n<meta name=\"robots\" content=\"index, follow, max-snippet:-1, max-image-preview:large, max-video-preview:-1\" \/>\n<link rel=\"canonical\" href=\"https:\/\/www.creilsudoise-tourisme.fr\/es\/i-search\/disparando\/decoracion-industrial-3\/decor-la-sucrerie-de-saint-leu-desserent\/\" \/>\n<meta property=\"og:locale\" content=\"es_ES\" \/>\n<meta property=\"og:type\" content=\"article\" \/>\n<meta property=\"og:title\" content=\"La Sucrerie de Saint-Leu D&#039;Esserent\" \/>\n<meta property=\"og:description\" content=\"Voici la fiche technique du d\u00e9cor industriel dans une usine du 19\u00e8me si\u00e8cle, la sucrerie de Saint-Leu d&#039;Esserent, \u00e0 60km de Paris.\" \/>\n<meta property=\"og:url\" content=\"https:\/\/www.creilsudoise-tourisme.fr\/es\/i-search\/disparando\/decoracion-industrial-3\/decor-la-sucrerie-de-saint-leu-desserent\/\" \/>\n<meta property=\"og:site_name\" content=\"Office de Tourisme Creil Sud Oise\" \/>\n<meta property=\"article:publisher\" content=\"https:\/\/www.facebook.com\/creilsudoisetourisme\/\" \/>\n<meta property=\"article:modified_time\" content=\"2024-02-19T14:25:09+00:00\" \/>\n<meta property=\"og:image\" content=\"https:\/\/www.creilsudoise-tourisme.fr\/wp-content\/uploads\/2024\/01\/Sucrerie-mise-en-avant.jpg\" \/>\n\t<meta property=\"og:image:width\" content=\"987\" \/>\n\t<meta property=\"og:image:height\" content=\"740\" \/>\n\t<meta property=\"og:image:type\" content=\"image\/jpeg\" \/>\n<meta name=\"twitter:card\" content=\"summary_large_image\" \/>\n<meta name=\"twitter:site\" content=\"@CreilSudOiseOT\" \/>\n<meta name=\"twitter:label1\" content=\"Tiempo de lectura\" \/>\n\t<meta name=\"twitter:data1\" content=\"1 minuto\" \/>\n<script type=\"application\/ld+json\" class=\"yoast-schema-graph\">{\"@context\":\"https:\/\/schema.org\",\"@graph\":[{\"@type\":\"WebPage\",\"@id\":\"https:\/\/www.creilsudoise-tourisme.fr\/je-cherche\/tournage\/decors-industriels-3\/decor-la-sucrerie-de-saint-leu-desserent\/\",\"url\":\"https:\/\/www.creilsudoise-tourisme.fr\/je-cherche\/tournage\/decors-industriels-3\/decor-la-sucrerie-de-saint-leu-desserent\/\",\"name\":\"La Sucrerie de Saint-Leu D'Esserent\",\"isPartOf\":{\"@id\":\"https:\/\/www.creilsudoise-tourisme.fr\/#website\"},\"datePublished\":\"2024-02-06T13:35:31+00:00\",\"dateModified\":\"2024-02-19T14:25:09+00:00\",\"description\":\"Voici la fiche technique du d\u00e9cor industriel dans une usine du 19\u00e8me si\u00e8cle, la sucrerie de Saint-Leu d'Esserent, \u00e0 60km de Paris.\",\"breadcrumb\":{\"@id\":\"https:\/\/www.creilsudoise-tourisme.fr\/je-cherche\/tournage\/decors-industriels-3\/decor-la-sucrerie-de-saint-leu-desserent\/#breadcrumb\"},\"inLanguage\":\"es\",\"potentialAction\":[{\"@type\":\"ReadAction\",\"target\":[\"https:\/\/www.creilsudoise-tourisme.fr\/je-cherche\/tournage\/decors-industriels-3\/decor-la-sucrerie-de-saint-leu-desserent\/\"]}]},{\"@type\":\"BreadcrumbList\",\"@id\":\"https:\/\/www.creilsudoise-tourisme.fr\/je-cherche\/tournage\/decors-industriels-3\/decor-la-sucrerie-de-saint-leu-desserent\/#breadcrumb\",\"itemListElement\":[{\"@type\":\"ListItem\",\"position\":1,\"name\":\"Accueil\",\"item\":\"https:\/\/www.creilsudoise-tourisme.fr\/\"},{\"@type\":\"ListItem\",\"position\":2,\"name\":\"Je cherche\",\"item\":\"https:\/\/www.creilsudoise-tourisme.fr\/je-cherche\/\"},{\"@type\":\"ListItem\",\"position\":3,\"name\":\"Un lieu de tournage\",\"item\":\"https:\/\/www.creilsudoise-tourisme.fr\/je-cherche\/tournage\/\"},{\"@type\":\"ListItem\",\"position\":4,\"name\":\"D\u00e9cors industriels\",\"item\":\"https:\/\/www.creilsudoise-tourisme.fr\/je-cherche\/tournage\/decors-industriels-3\/\"},{\"@type\":\"ListItem\",\"position\":5,\"name\":\"Sucrerie\"}]},{\"@type\":\"WebSite\",\"@id\":\"https:\/\/www.creilsudoise-tourisme.fr\/#website\",\"url\":\"https:\/\/www.creilsudoise-tourisme.fr\/\",\"name\":\"Office de Tourisme Creil Sud Oise\",\"description\":\"Creil Sud Oise Tourisme, un territoire \u00e0 explorer !\",\"publisher\":{\"@id\":\"https:\/\/www.creilsudoise-tourisme.fr\/#organization\"},\"potentialAction\":[{\"@type\":\"SearchAction\",\"target\":{\"@type\":\"EntryPoint\",\"urlTemplate\":\"https:\/\/www.creilsudoise-tourisme.fr\/?s={search_term_string}\"},\"query-input\":\"required name=search_term_string\"}],\"inLanguage\":\"es\"},{\"@type\":\"Organization\",\"@id\":\"https:\/\/www.creilsudoise-tourisme.fr\/#organization\",\"name\":\"Creil Sud Oise Tourisme\",\"url\":\"https:\/\/www.creilsudoise-tourisme.fr\/\",\"logo\":{\"@type\":\"ImageObject\",\"inLanguage\":\"es\",\"@id\":\"https:\/\/www.creilsudoise-tourisme.fr\/#\/schema\/logo\/image\/\",\"url\":\"https:\/\/www.creilsudoise-tourisme.fr\/wp-content\/uploads\/2021\/05\/logo-svg.png\",\"contentUrl\":\"https:\/\/www.creilsudoise-tourisme.fr\/wp-content\/uploads\/2021\/05\/logo-svg.png\",\"width\":182,\"height\":71,\"caption\":\"Creil Sud Oise Tourisme\"},\"image\":{\"@id\":\"https:\/\/www.creilsudoise-tourisme.fr\/#\/schema\/logo\/image\/\"},\"sameAs\":[\"https:\/\/www.facebook.com\/creilsudoisetourisme\/\",\"https:\/\/twitter.com\/CreilSudOiseOT\",\"https:\/\/www.instagram.com\/creilsudoisetourisme\/\",\"https:\/\/www.youtube.com\/channel\/UC8L_QD2wwyADW14zt9fY8kw\"]}]}<\/script>\n<!-- \/ Yoast SEO plugin. -->","yoast_head_json":{"title":"La Sucrerie de Saint-Leu D'Esserent","description":"Voici la fiche technique du d\u00e9cor industriel dans une usine du 19\u00e8me si\u00e8cle, la sucrerie de Saint-Leu d'Esserent, \u00e0 60km de Paris.","robots":{"index":"index","follow":"follow","max-snippet":"max-snippet:-1","max-image-preview":"max-image-preview:large","max-video-preview":"max-video-preview:-1"},"canonical":"https:\/\/www.creilsudoise-tourisme.fr\/es\/i-search\/disparando\/decoracion-industrial-3\/decor-la-sucrerie-de-saint-leu-desserent\/","og_locale":"es_ES","og_type":"article","og_title":"La Sucrerie de Saint-Leu D'Esserent","og_description":"Voici la fiche technique du d\u00e9cor industriel dans une usine du 19\u00e8me si\u00e8cle, la sucrerie de Saint-Leu d'Esserent, \u00e0 60km de Paris.","og_url":"https:\/\/www.creilsudoise-tourisme.fr\/es\/i-search\/disparando\/decoracion-industrial-3\/decor-la-sucrerie-de-saint-leu-desserent\/","og_site_name":"Office de Tourisme Creil Sud Oise","article_publisher":"https:\/\/www.facebook.com\/creilsudoisetourisme\/","article_modified_time":"2024-02-19T14:25:09+00:00","og_image":[{"width":987,"height":740,"url":"https:\/\/www.creilsudoise-tourisme.fr\/wp-content\/uploads\/2024\/01\/Sucrerie-mise-en-avant.jpg","type":"image\/jpeg"}],"twitter_card":"summary_large_image","twitter_site":"@CreilSudOiseOT","twitter_misc":{"Tiempo de lectura":"1 minuto"},"schema":{"@context":"https:\/\/schema.org","@graph":[{"@type":"WebPage","@id":"https:\/\/www.creilsudoise-tourisme.fr\/je-cherche\/tournage\/decors-industriels-3\/decor-la-sucrerie-de-saint-leu-desserent\/","url":"https:\/\/www.creilsudoise-tourisme.fr\/je-cherche\/tournage\/decors-industriels-3\/decor-la-sucrerie-de-saint-leu-desserent\/","name":"La Sucrerie de Saint-Leu D'Esserent","isPartOf":{"@id":"https:\/\/www.creilsudoise-tourisme.fr\/#website"},"datePublished":"2024-02-06T13:35:31+00:00","dateModified":"2024-02-19T14:25:09+00:00","description":"Voici la fiche technique du d\u00e9cor industriel dans une usine du 19\u00e8me si\u00e8cle, la sucrerie de Saint-Leu d'Esserent, \u00e0 60km de Paris.","breadcrumb":{"@id":"https:\/\/www.creilsudoise-tourisme.fr\/je-cherche\/tournage\/decors-industriels-3\/decor-la-sucrerie-de-saint-leu-desserent\/#breadcrumb"},"inLanguage":"es","potentialAction":[{"@type":"ReadAction","target":["https:\/\/www.creilsudoise-tourisme.fr\/je-cherche\/tournage\/decors-industriels-3\/decor-la-sucrerie-de-saint-leu-desserent\/"]}]},{"@type":"BreadcrumbList","@id":"https:\/\/www.creilsudoise-tourisme.fr\/je-cherche\/tournage\/decors-industriels-3\/decor-la-sucrerie-de-saint-leu-desserent\/#breadcrumb","itemListElement":[{"@type":"ListItem","position":1,"name":"Accueil","item":"https:\/\/www.creilsudoise-tourisme.fr\/"},{"@type":"ListItem","position":2,"name":"Je cherche","item":"https:\/\/www.creilsudoise-tourisme.fr\/je-cherche\/"},{"@type":"ListItem","position":3,"name":"Un lieu de tournage","item":"https:\/\/www.creilsudoise-tourisme.fr\/je-cherche\/tournage\/"},{"@type":"ListItem","position":4,"name":"D\u00e9cors industriels","item":"https:\/\/www.creilsudoise-tourisme.fr\/je-cherche\/tournage\/decors-industriels-3\/"},{"@type":"ListItem","position":5,"name":"Sucrerie"}]},{"@type":"WebSite","@id":"https:\/\/www.creilsudoise-tourisme.fr\/#website","url":"https:\/\/www.creilsudoise-tourisme.fr\/","name":"Office de Tourisme Creil Sud Oise","description":"Creil Sud Oise Tourisme, un territoire \u00e0 explorer !","publisher":{"@id":"https:\/\/www.creilsudoise-tourisme.fr\/#organization"},"potentialAction":[{"@type":"SearchAction","target":{"@type":"EntryPoint","urlTemplate":"https:\/\/www.creilsudoise-tourisme.fr\/?s={search_term_string}"},"query-input":"required name=search_term_string"}],"inLanguage":"es"},{"@type":"Organization","@id":"https:\/\/www.creilsudoise-tourisme.fr\/#organization","name":"Creil Sud Oise Tourisme","url":"https:\/\/www.creilsudoise-tourisme.fr\/","logo":{"@type":"ImageObject","inLanguage":"es","@id":"https:\/\/www.creilsudoise-tourisme.fr\/#\/schema\/logo\/image\/","url":"https:\/\/www.creilsudoise-tourisme.fr\/wp-content\/uploads\/2021\/05\/logo-svg.png","contentUrl":"https:\/\/www.creilsudoise-tourisme.fr\/wp-content\/uploads\/2021\/05\/logo-svg.png","width":182,"height":71,"caption":"Creil Sud Oise Tourisme"},"image":{"@id":"https:\/\/www.creilsudoise-tourisme.fr\/#\/schema\/logo\/image\/"},"sameAs":["https:\/\/www.facebook.com\/creilsudoisetourisme\/","https:\/\/twitter.com\/CreilSudOiseOT","https:\/\/www.instagram.com\/creilsudoisetourisme\/","https:\/\/www.youtube.com\/channel\/UC8L_QD2wwyADW14zt9fY8kw"]}]}},"_links":{"self":[{"href":"https:\/\/www.creilsudoise-tourisme.fr\/es\/wp-json\/wp\/v2\/pages\/50627"}],"collection":[{"href":"https:\/\/www.creilsudoise-tourisme.fr\/es\/wp-json\/wp\/v2\/pages"}],"about":[{"href":"https:\/\/www.creilsudoise-tourisme.fr\/es\/wp-json\/wp\/v2\/types\/page"}],"author":[{"embeddable":true,"href":"https:\/\/www.creilsudoise-tourisme.fr\/es\/wp-json\/wp\/v2\/users\/12"}],"replies":[{"embeddable":true,"href":"https:\/\/www.creilsudoise-tourisme.fr\/es\/wp-json\/wp\/v2\/comments?post=50627"}],"version-history":[{"count":11,"href":"https:\/\/www.creilsudoise-tourisme.fr\/es\/wp-json\/wp\/v2\/pages\/50627\/revisions"}],"predecessor-version":[{"id":52239,"href":"https:\/\/www.creilsudoise-tourisme.fr\/es\/wp-json\/wp\/v2\/pages\/50627\/revisions\/52239"}],"up":[{"embeddable":true,"href":"https:\/\/www.creilsudoise-tourisme.fr\/es\/wp-json\/wp\/v2\/pages\/49363"}],"wp:featuredmedia":[{"embeddable":true,"href":"https:\/\/www.creilsudoise-tourisme.fr\/es\/wp-json\/wp\/v2\/media\/51514"}],"wp:attachment":[{"href":"https:\/\/www.creilsudoise-tourisme.fr\/es\/wp-json\/wp\/v2\/media?parent=50627"}],"curies":[{"name":"wp","href":"https:\/\/api.w.org\/{rel}","templated":true}]}}