{"id":49925,"date":"2023-10-05T10:11:44","date_gmt":"2023-10-05T08:11:18","guid":{"rendered":"https:\/\/www.creilsudoise-tourisme.fr\/je-cherche\/tournage-2\/"},"modified":"2025-05-16T11:47:15","modified_gmt":"2025-05-16T09:47:15","slug":"tournage","status":"publish","type":"page","link":"https:\/\/www.creilsudoise-tourisme.fr\/es\/i-search\/disparando\/","title":{"rendered":"Un lugar de rodaje"},"content":{"rendered":"<p class=\"is-style-excerpt\"><strong>Inventario en construcci\u00f3n<\/strong> \u00a1Un poco de paciencia!<\/p>\n\n\n\n<h2>Encuentre su decoraci\u00f3n<\/h2>\n\n\n<div class=\"wp-block wp-block-child-post alignwide\">\n    <div class=\"entityList clear\">\n        \n<div class=\"entityItem\" data-trigger=\"wpiris-click\" data-id=\"wpiris-entity-slider-item\">\n    <p class=\"entityItemThumbnail\">\n        <a href=\"https:\/\/www.creilsudoise-tourisme.fr\/es\/i-search\/disparando\/naturaleza-decoracion\/\" nofancybox>\n            <img data-src=\"https:\/\/www.creilsudoise-tourisme.fr\/wp-content\/uploads\/wpetourisme\/VillersSaintPaul-CreilSudOiseTourisme--12--275x350.jpg\" alt=\"Entornos naturales\">\n        <\/a>\n    <\/p>\n    <div class=\"entityItemContent\">\n        <h2 class=\"entityItemContentTitle\">\n            <a href=\"https:\/\/www.creilsudoise-tourisme.fr\/es\/i-search\/disparando\/naturaleza-decoracion\/\">Entornos naturales<\/a>\n        <\/h2>\n            <\/div>\n    <a href=\"https:\/\/www.creilsudoise-tourisme.fr\/es\/i-search\/disparando\/naturaleza-decoracion\/\" class=\"seeMore\"><span class=\"sr-only\">M\u00e1s informaci\u00f3n<\/span><\/a>\n<\/div>\n        \n<div class=\"entityItem\" data-trigger=\"wpiris-click\" data-id=\"wpiris-entity-slider-item\">\n    <p class=\"entityItemThumbnail\">\n        <a href=\"https:\/\/www.creilsudoise-tourisme.fr\/es\/i-search\/disparando\/decoracion-industriales\/\" nofancybox>\n            <img data-src=\"https:\/\/www.creilsudoise-tourisme.fr\/wp-content\/uploads\/wpetourisme\/--L-ARDOISE-Glachoire-13-2-275x350.jpg\" alt=\"Decoraci\u00f3n de canteras\">\n        <\/a>\n    <\/p>\n    <div class=\"entityItemContent\">\n        <h2 class=\"entityItemContentTitle\">\n            <a href=\"https:\/\/www.creilsudoise-tourisme.fr\/es\/i-search\/disparando\/decoracion-industriales\/\">Decoraci\u00f3n de canteras<\/a>\n        <\/h2>\n            <\/div>\n    <a href=\"https:\/\/www.creilsudoise-tourisme.fr\/es\/i-search\/disparando\/decoracion-industriales\/\" class=\"seeMore\"><span class=\"sr-only\">M\u00e1s informaci\u00f3n<\/span><\/a>\n<\/div>\n        \n<div class=\"entityItem\" data-trigger=\"wpiris-click\" data-id=\"wpiris-entity-slider-item\">\n    <p class=\"entityItemThumbnail\">\n        <a href=\"https:\/\/www.creilsudoise-tourisme.fr\/es\/i-search\/disparando\/decors-batis\/\" nofancybox>\n            <img data-src=\"https:\/\/www.creilsudoise-tourisme.fr\/wp-content\/uploads\/2021\/05\/Tournage-et-interview-a-lAbbatiale-275x350.jpg\" alt=\"Decoraciones construidas\">\n        <\/a>\n    <\/p>\n    <div class=\"entityItemContent\">\n        <h2 class=\"entityItemContentTitle\">\n            <a href=\"https:\/\/www.creilsudoise-tourisme.fr\/es\/i-search\/disparando\/decors-batis\/\">Decoraciones construidas<\/a>\n        <\/h2>\n            <\/div>\n    <a href=\"https:\/\/www.creilsudoise-tourisme.fr\/es\/i-search\/disparando\/decors-batis\/\" class=\"seeMore\"><span class=\"sr-only\">M\u00e1s informaci\u00f3n<\/span><\/a>\n<\/div>\n        \n<div class=\"entityItem\" data-trigger=\"wpiris-click\" data-id=\"wpiris-entity-slider-item\">\n    <p class=\"entityItemThumbnail\">\n        <a href=\"https:\/\/www.creilsudoise-tourisme.fr\/es\/i-search\/disparando\/decoracion-industrial-3\/\" nofancybox>\n            <img data-src=\"https:\/\/www.creilsudoise-tourisme.fr\/wp-content\/uploads\/2023\/09\/Clouterie-Rivierre-Creil-\u00a9-Creil-Sud-Oise-Tourisme-5-275x350.jpg\" alt=\"Decoraci\u00f3n industrial\">\n        <\/a>\n    <\/p>\n    <div class=\"entityItemContent\">\n        <h2 class=\"entityItemContentTitle\">\n            <a href=\"https:\/\/www.creilsudoise-tourisme.fr\/es\/i-search\/disparando\/decoracion-industrial-3\/\">Decoraci\u00f3n industrial<\/a>\n        <\/h2>\n            <\/div>\n    <a href=\"https:\/\/www.creilsudoise-tourisme.fr\/es\/i-search\/disparando\/decoracion-industrial-3\/\" class=\"seeMore\"><span class=\"sr-only\">M\u00e1s informaci\u00f3n<\/span><\/a>\n<\/div>\n            <\/div>\n<\/div>\n\n\n<h2><strong>C<\/strong>reil <strong>S<\/strong>ud <strong>O<\/strong>ise, tierra de rodajes<\/h2>\n\n\n\n<h3>Un patrimonio \u00fanico a las puertas de Par\u00eds<\/h3>\n\n\n\n<h4><strong>Un patrimonio industrial<\/strong> : un p\u00e1ramo como tel\u00f3n de fondo<\/h4>\n\n\n\n<p>Con m\u00e1s de dos siglos de antig\u00fcedad, la <strong>patrimonio industrial<\/strong> de la aglomeraci\u00f3n de Creil Sud Oise figura en un inventario \u00fanico, que tambi\u00e9n incluye el <strong>constructores como Eiffel y Perret. <\/strong><\/p>\n\n\n\n<p>Aqu\u00ed, muchos <strong>p\u00e1ramo <\/strong>est\u00e1n disponibles para sus rodajes de cine o v\u00eddeo.<\/p>\n\n\n\n<h4><strong>Un patrimonio de canteras<\/strong> Paisajes subterr\u00e1neos y lunares<\/h4>\n\n\n\n<p>La extracci\u00f3n de piedra de Saint-Maximin, una piedra de construcci\u00f3n de calidad excepcional, ha dado forma a Creil Sud Oise, dejando un paisaje impresionante. <\/p>\n\n\n\n<p>Aqu\u00ed le facilitamos el acceso a decoraciones dignas de <strong>fondos lunares o extensiones salvajes<\/strong> en <strong>canteras donde la naturaleza ha reclamado su leg\u00edtimo lugar<\/strong> con una armon\u00eda perfecta entre la piedra y la naturaleza.<\/p>\n\n\n\n<h4><strong>Patrimonio construido<\/strong> lugares de rodaje cargados de historia<\/h4>\n\n\n\n<p>Una tierra muy querida por los reyes y sus cortes durante varios siglos, <strong>Creil Sud Oise sigue teniendo algunos edificios bonitos al alcance de la mano <\/strong>para sus rodajes.  Aqu\u00ed, el<strong>arquitectura de diferentes \u00e9pocas<\/strong> (rom\u00e1nico, g\u00f3tico, construcci\u00f3n de posguerra...) ofrece una amplia gama de decorados cinematogr\u00e1ficos.<\/p>\n\n\n\n<p><strong>Iglesias de pueblo y abad\u00edas<\/strong> del tama\u00f1o de una catedral, <strong>calles medievales<\/strong>, <strong>cementerios <\/strong>y <strong>castillos <\/strong>estar\u00e1 a su disposici\u00f3n. <\/p>\n\n\n\n<h4><strong>Transporte fluvial<\/strong> entre la naturaleza y las estructuras de ingenier\u00eda<\/h4>\n\n\n\n<p>Creil Sud Oise dispone de <strong>3 r\u00edos : <\/strong><\/p>\n\n\n\n<ul>\n<li><strong>L'Oise<\/strong>El paisaje, que alterna formas naturales y l\u00edneas artificiales, est\u00e1 salpicado de <strong>estructuras de ingenier\u00eda <\/strong>(puentes, esclusas, puertos) para animar sus v\u00eddeos. <\/li>\n<\/ul>\n\n\n\n<ul>\n<li><strong>El Th\u00e9rain y el Br\u00e8che<\/strong> ambos han conservado sus paisajes salvajes y <strong>Las orillas est\u00e1n bordeadas de \u00e1rboles y vegetaci\u00f3n.<\/strong><\/li>\n<\/ul>\n\n\n\n<div class=\"is-layout-flex wp-container-3 wp-block-columns are-vertically-aligned-center\">\n<div class=\"is-layout-flow wp-block-column is-vertically-aligned-center\" style=\"flex-basis:33.33%\"><div class=\"wp-block-image\">\n<figure class=\"aligncenter size-large\"><img decoding=\"async\" loading=\"lazy\" width=\"1200\" height=\"1200\" data-src=\"https:\/\/www.creilsudoise-tourisme.fr\/wp-content\/uploads\/2025\/05\/Nouara-L-1200x1200.jpg\" alt=\"\" class=\"wp-image-62312\" data-srcset=\"https:\/\/www.creilsudoise-tourisme.fr\/wp-content\/uploads\/2025\/05\/Nouara-L-1200x1200.jpg 1200w, https:\/\/www.creilsudoise-tourisme.fr\/wp-content\/uploads\/2025\/05\/Nouara-L-600x600.jpg 600w, https:\/\/www.creilsudoise-tourisme.fr\/wp-content\/uploads\/2025\/05\/Nouara-L-300x300.jpg 300w, https:\/\/www.creilsudoise-tourisme.fr\/wp-content\/uploads\/2025\/05\/Nouara-L-900x900.jpg 900w, https:\/\/www.creilsudoise-tourisme.fr\/wp-content\/uploads\/2025\/05\/Nouara-L-1536x1536.jpg 1536w, https:\/\/www.creilsudoise-tourisme.fr\/wp-content\/uploads\/2025\/05\/Nouara-L-12x12.jpg 12w, https:\/\/www.creilsudoise-tourisme.fr\/wp-content\/uploads\/2025\/05\/Nouara-L-200x200.jpg 200w, https:\/\/www.creilsudoise-tourisme.fr\/wp-content\/uploads\/2025\/05\/Nouara-L-650x650.jpg 650w, https:\/\/www.creilsudoise-tourisme.fr\/wp-content\/uploads\/2025\/05\/Nouara-L-387x387.jpg 387w, https:\/\/www.creilsudoise-tourisme.fr\/wp-content\/uploads\/2025\/05\/Nouara-L.jpg 1574w\" sizes=\"(max-width: 1200px) 100vw, 1200px\" \/><\/figure><\/div><\/div>\n\n\n\n<div class=\"is-layout-flow wp-block-column is-vertically-aligned-center\" style=\"flex-basis:66.66%\"><div class=\"wp-block wp-block-highlight\">\n            <h3 class=\"wp-block-highlight-item wp-block-highlight-title\">P\u00f3ngase en contacto conmigo<\/h3>\n                <p class=\"wp-block-highlight-item wp-block-highlight-excerpt\"><br><strong>Nouara Lebachiche<br><\/strong>Encargado de la oficina de rodaje de Creil Sud Oise<br><a href=\"telto:0602081182\" target=\"_blank\" rel=\"noreferrer noopener\">06 02 08 11 82<\/a><br><a href=\"mailto:&#110;oua&#114;a&#64;c&#114;e&#105;l&#115;&#117;doi&#115;&#101;-t&#111;u&#114;&#105;&#115;&#109;e.f&#114;\" target=\"_blank\" rel=\"noreferrer noopener\">Por correo<\/a><\/p>\n    <\/div><\/div>\n<\/div>","protected":false},"excerpt":{"rendered":"<p>Inventario en construcci\u00f3n: \u00a1un poco de paciencia! Encuentre su plat\u00f3 Creil Sud Oise, un lugar de rodaje Un patrimonio \u00fanico en las afueras de Par\u00eds Patrimonio industrial: terrenos abandonados como tel\u00f3n de fondo Con m\u00e1s de dos siglos de antig\u00fcedad, el patrimonio industrial de la aglomeraci\u00f3n de Creil Sud Oise figura en un inventario \u00fanico [...].<\/p>","protected":false},"author":3,"featured_media":50616,"parent":167,"menu_order":8,"comment_status":"closed","ping_status":"closed","template":"page-templates\/intermediaire.php","meta":{"_relevanssi_hide_post":"","_relevanssi_hide_content":"","_relevanssi_pin_for_all":"","_relevanssi_pin_keywords":"","_relevanssi_unpin_keywords":"","_relevanssi_related_keywords":"","_relevanssi_related_include_ids":"","_relevanssi_related_exclude_ids":"","_relevanssi_related_no_append":"","_relevanssi_related_not_related":"","_relevanssi_related_posts":"275,271,267,273","_relevanssi_noindex_reason":""},"yoast_head":"<!-- This site is optimized with the Yoast SEO plugin v20.2.1 - https:\/\/yoast.com\/wordpress\/plugins\/seo\/ -->\n<title>Lieux de tournages et shooting \u00e0 Creil Sud Oise<\/title>\n<meta name=\"description\" content=\"Vous \u00eates \u00e0 la recherche d\u2019un lieu de tournage ? Le territoire Creil Sud Oise offre de nombreux sites atypiques et propices aux shootings\" \/>\n<meta name=\"robots\" content=\"index, follow, max-snippet:-1, max-image-preview:large, max-video-preview:-1\" \/>\n<link rel=\"canonical\" href=\"https:\/\/www.creilsudoise-tourisme.fr\/es\/i-search\/disparando\/\" \/>\n<meta property=\"og:locale\" content=\"es_ES\" \/>\n<meta property=\"og:type\" content=\"article\" \/>\n<meta property=\"og:title\" content=\"Lieux de tournages et shooting \u00e0 Creil Sud Oise\" \/>\n<meta property=\"og:description\" content=\"Vous \u00eates \u00e0 la recherche d\u2019un lieu de tournage ? Le territoire Creil Sud Oise offre de nombreux sites atypiques et propices aux shootings\" \/>\n<meta property=\"og:url\" content=\"https:\/\/www.creilsudoise-tourisme.fr\/es\/i-search\/disparando\/\" \/>\n<meta property=\"og:site_name\" content=\"Office de Tourisme Creil Sud Oise\" \/>\n<meta property=\"article:publisher\" content=\"https:\/\/www.facebook.com\/creilsudoisetourisme\/\" \/>\n<meta property=\"article:modified_time\" content=\"2025-05-16T09:47:15+00:00\" \/>\n<meta property=\"og:image\" content=\"https:\/\/www.creilsudoise-tourisme.fr\/wp-content\/uploads\/2023\/11\/Tournages-a-Creil-Sud-Oise.jpg\" \/>\n\t<meta property=\"og:image:width\" content=\"1480\" \/>\n\t<meta property=\"og:image:height\" content=\"987\" \/>\n\t<meta property=\"og:image:type\" content=\"image\/jpeg\" \/>\n<meta name=\"twitter:card\" content=\"summary_large_image\" \/>\n<meta name=\"twitter:site\" content=\"@CreilSudOiseOT\" \/>\n<meta name=\"twitter:label1\" content=\"Tiempo de lectura\" \/>\n\t<meta name=\"twitter:data1\" content=\"1 minuto\" \/>\n<script type=\"application\/ld+json\" class=\"yoast-schema-graph\">{\"@context\":\"https:\/\/schema.org\",\"@graph\":[{\"@type\":\"WebPage\",\"@id\":\"https:\/\/www.creilsudoise-tourisme.fr\/je-cherche\/tournage\/\",\"url\":\"https:\/\/www.creilsudoise-tourisme.fr\/je-cherche\/tournage\/\",\"name\":\"Lieux de tournages et shooting \u00e0 Creil Sud Oise\",\"isPartOf\":{\"@id\":\"https:\/\/www.creilsudoise-tourisme.fr\/#website\"},\"datePublished\":\"2023-10-05T08:11:18+00:00\",\"dateModified\":\"2025-05-16T09:47:15+00:00\",\"description\":\"Vous \u00eates \u00e0 la recherche d\u2019un lieu de tournage ? Le territoire Creil Sud Oise offre de nombreux sites atypiques et propices aux shootings\",\"breadcrumb\":{\"@id\":\"https:\/\/www.creilsudoise-tourisme.fr\/je-cherche\/tournage\/#breadcrumb\"},\"inLanguage\":\"es\",\"potentialAction\":[{\"@type\":\"ReadAction\",\"target\":[\"https:\/\/www.creilsudoise-tourisme.fr\/je-cherche\/tournage\/\"]}]},{\"@type\":\"BreadcrumbList\",\"@id\":\"https:\/\/www.creilsudoise-tourisme.fr\/je-cherche\/tournage\/#breadcrumb\",\"itemListElement\":[{\"@type\":\"ListItem\",\"position\":1,\"name\":\"Accueil\",\"item\":\"https:\/\/www.creilsudoise-tourisme.fr\/\"},{\"@type\":\"ListItem\",\"position\":2,\"name\":\"Je cherche\",\"item\":\"https:\/\/www.creilsudoise-tourisme.fr\/je-cherche\/\"},{\"@type\":\"ListItem\",\"position\":3,\"name\":\"Un lieu de tournage\"}]},{\"@type\":\"WebSite\",\"@id\":\"https:\/\/www.creilsudoise-tourisme.fr\/#website\",\"url\":\"https:\/\/www.creilsudoise-tourisme.fr\/\",\"name\":\"Office de Tourisme Creil Sud Oise\",\"description\":\"Creil Sud Oise Tourisme, un territoire \u00e0 explorer !\",\"publisher\":{\"@id\":\"https:\/\/www.creilsudoise-tourisme.fr\/#organization\"},\"potentialAction\":[{\"@type\":\"SearchAction\",\"target\":{\"@type\":\"EntryPoint\",\"urlTemplate\":\"https:\/\/www.creilsudoise-tourisme.fr\/?s={search_term_string}\"},\"query-input\":\"required name=search_term_string\"}],\"inLanguage\":\"es\"},{\"@type\":\"Organization\",\"@id\":\"https:\/\/www.creilsudoise-tourisme.fr\/#organization\",\"name\":\"Creil Sud Oise Tourisme\",\"url\":\"https:\/\/www.creilsudoise-tourisme.fr\/\",\"logo\":{\"@type\":\"ImageObject\",\"inLanguage\":\"es\",\"@id\":\"https:\/\/www.creilsudoise-tourisme.fr\/#\/schema\/logo\/image\/\",\"url\":\"https:\/\/www.creilsudoise-tourisme.fr\/wp-content\/uploads\/2021\/05\/logo-svg.png\",\"contentUrl\":\"https:\/\/www.creilsudoise-tourisme.fr\/wp-content\/uploads\/2021\/05\/logo-svg.png\",\"width\":182,\"height\":71,\"caption\":\"Creil Sud Oise Tourisme\"},\"image\":{\"@id\":\"https:\/\/www.creilsudoise-tourisme.fr\/#\/schema\/logo\/image\/\"},\"sameAs\":[\"https:\/\/www.facebook.com\/creilsudoisetourisme\/\",\"https:\/\/twitter.com\/CreilSudOiseOT\",\"https:\/\/www.instagram.com\/creilsudoisetourisme\/\",\"https:\/\/www.youtube.com\/channel\/UC8L_QD2wwyADW14zt9fY8kw\"]}]}<\/script>\n<!-- \/ Yoast SEO plugin. -->","yoast_head_json":{"title":"Lieux de tournages et shooting \u00e0 Creil Sud Oise","description":"Vous \u00eates \u00e0 la recherche d\u2019un lieu de tournage ? Le territoire Creil Sud Oise offre de nombreux sites atypiques et propices aux shootings","robots":{"index":"index","follow":"follow","max-snippet":"max-snippet:-1","max-image-preview":"max-image-preview:large","max-video-preview":"max-video-preview:-1"},"canonical":"https:\/\/www.creilsudoise-tourisme.fr\/es\/i-search\/disparando\/","og_locale":"es_ES","og_type":"article","og_title":"Lieux de tournages et shooting \u00e0 Creil Sud Oise","og_description":"Vous \u00eates \u00e0 la recherche d\u2019un lieu de tournage ? Le territoire Creil Sud Oise offre de nombreux sites atypiques et propices aux shootings","og_url":"https:\/\/www.creilsudoise-tourisme.fr\/es\/i-search\/disparando\/","og_site_name":"Office de Tourisme Creil Sud Oise","article_publisher":"https:\/\/www.facebook.com\/creilsudoisetourisme\/","article_modified_time":"2025-05-16T09:47:15+00:00","og_image":[{"width":1480,"height":987,"url":"https:\/\/www.creilsudoise-tourisme.fr\/wp-content\/uploads\/2023\/11\/Tournages-a-Creil-Sud-Oise.jpg","type":"image\/jpeg"}],"twitter_card":"summary_large_image","twitter_site":"@CreilSudOiseOT","twitter_misc":{"Tiempo de lectura":"1 minuto"},"schema":{"@context":"https:\/\/schema.org","@graph":[{"@type":"WebPage","@id":"https:\/\/www.creilsudoise-tourisme.fr\/je-cherche\/tournage\/","url":"https:\/\/www.creilsudoise-tourisme.fr\/je-cherche\/tournage\/","name":"Lieux de tournages et shooting \u00e0 Creil Sud Oise","isPartOf":{"@id":"https:\/\/www.creilsudoise-tourisme.fr\/#website"},"datePublished":"2023-10-05T08:11:18+00:00","dateModified":"2025-05-16T09:47:15+00:00","description":"Vous \u00eates \u00e0 la recherche d\u2019un lieu de tournage ? Le territoire Creil Sud Oise offre de nombreux sites atypiques et propices aux shootings","breadcrumb":{"@id":"https:\/\/www.creilsudoise-tourisme.fr\/je-cherche\/tournage\/#breadcrumb"},"inLanguage":"es","potentialAction":[{"@type":"ReadAction","target":["https:\/\/www.creilsudoise-tourisme.fr\/je-cherche\/tournage\/"]}]},{"@type":"BreadcrumbList","@id":"https:\/\/www.creilsudoise-tourisme.fr\/je-cherche\/tournage\/#breadcrumb","itemListElement":[{"@type":"ListItem","position":1,"name":"Accueil","item":"https:\/\/www.creilsudoise-tourisme.fr\/"},{"@type":"ListItem","position":2,"name":"Je cherche","item":"https:\/\/www.creilsudoise-tourisme.fr\/je-cherche\/"},{"@type":"ListItem","position":3,"name":"Un lieu de tournage"}]},{"@type":"WebSite","@id":"https:\/\/www.creilsudoise-tourisme.fr\/#website","url":"https:\/\/www.creilsudoise-tourisme.fr\/","name":"Office de Tourisme Creil Sud Oise","description":"Creil Sud Oise Tourisme, un territoire \u00e0 explorer !","publisher":{"@id":"https:\/\/www.creilsudoise-tourisme.fr\/#organization"},"potentialAction":[{"@type":"SearchAction","target":{"@type":"EntryPoint","urlTemplate":"https:\/\/www.creilsudoise-tourisme.fr\/?s={search_term_string}"},"query-input":"required name=search_term_string"}],"inLanguage":"es"},{"@type":"Organization","@id":"https:\/\/www.creilsudoise-tourisme.fr\/#organization","name":"Creil Sud Oise Tourisme","url":"https:\/\/www.creilsudoise-tourisme.fr\/","logo":{"@type":"ImageObject","inLanguage":"es","@id":"https:\/\/www.creilsudoise-tourisme.fr\/#\/schema\/logo\/image\/","url":"https:\/\/www.creilsudoise-tourisme.fr\/wp-content\/uploads\/2021\/05\/logo-svg.png","contentUrl":"https:\/\/www.creilsudoise-tourisme.fr\/wp-content\/uploads\/2021\/05\/logo-svg.png","width":182,"height":71,"caption":"Creil Sud Oise Tourisme"},"image":{"@id":"https:\/\/www.creilsudoise-tourisme.fr\/#\/schema\/logo\/image\/"},"sameAs":["https:\/\/www.facebook.com\/creilsudoisetourisme\/","https:\/\/twitter.com\/CreilSudOiseOT","https:\/\/www.instagram.com\/creilsudoisetourisme\/","https:\/\/www.youtube.com\/channel\/UC8L_QD2wwyADW14zt9fY8kw"]}]}},"_links":{"self":[{"href":"https:\/\/www.creilsudoise-tourisme.fr\/es\/wp-json\/wp\/v2\/pages\/49925"}],"collection":[{"href":"https:\/\/www.creilsudoise-tourisme.fr\/es\/wp-json\/wp\/v2\/pages"}],"about":[{"href":"https:\/\/www.creilsudoise-tourisme.fr\/es\/wp-json\/wp\/v2\/types\/page"}],"author":[{"embeddable":true,"href":"https:\/\/www.creilsudoise-tourisme.fr\/es\/wp-json\/wp\/v2\/users\/3"}],"replies":[{"embeddable":true,"href":"https:\/\/www.creilsudoise-tourisme.fr\/es\/wp-json\/wp\/v2\/comments?post=49925"}],"version-history":[{"count":11,"href":"https:\/\/www.creilsudoise-tourisme.fr\/es\/wp-json\/wp\/v2\/pages\/49925\/revisions"}],"predecessor-version":[{"id":62316,"href":"https:\/\/www.creilsudoise-tourisme.fr\/es\/wp-json\/wp\/v2\/pages\/49925\/revisions\/62316"}],"up":[{"embeddable":true,"href":"https:\/\/www.creilsudoise-tourisme.fr\/es\/wp-json\/wp\/v2\/pages\/167"}],"wp:featuredmedia":[{"embeddable":true,"href":"https:\/\/www.creilsudoise-tourisme.fr\/es\/wp-json\/wp\/v2\/media\/50616"}],"wp:attachment":[{"href":"https:\/\/www.creilsudoise-tourisme.fr\/es\/wp-json\/wp\/v2\/media?parent=49925"}],"curies":[{"name":"wp","href":"https:\/\/api.w.org\/{rel}","templated":true}]}}