{"id":201,"date":"2021-02-17T10:03:31","date_gmt":"2021-02-17T09:03:31","guid":{"rendered":"https:\/\/www.creilsudoise-tourisme.fr\/comment-venir\/"},"modified":"2025-05-12T15:39:45","modified_gmt":"2025-05-12T13:39:45","slug":"comment-venir","status":"publish","type":"page","link":"https:\/\/www.creilsudoise-tourisme.fr\/es\/practica\/como-llegar-a-ser\/","title":{"rendered":"\u00bfC\u00f3mo llegar?"},"content":{"rendered":"<p class=\"is-style-excerpt\">Situado en la regi\u00f3n de Hauts-de-France, en el departamento de Oise, a 30 min de Par\u00eds, 1h15 de Amiens, 40 min de Compi\u00e8gne o Pierrefonds, 40 min de Beauvais y 15 min de Chantilly o Senlis, <strong>El destino Creil Sud Oise es f\u00e1cilmente accesible en coche, autocar y transporte p\u00fablico.<\/strong><\/p>\n\n\n\n<div class=\"is-layout-flex wp-container-11 wp-block-columns\">\n<div class=\"is-layout-flow wp-block-column\">\n<div class=\"is-horizontal is-content-justification-right is-layout-flex wp-container-1 wp-block-buttons\">\n<div class=\"wp-block-button\"><a class=\"wp-block-button__link wp-element-button\" href=\"#train\">en tren<\/a><\/div>\n<\/div>\n\n\n\n<div class=\"is-horizontal is-content-justification-right is-layout-flex wp-container-2 wp-block-buttons\">\n<div class=\"wp-block-button\"><a class=\"wp-block-button__link wp-element-button\" href=\"#covoiturage\">compartiendo coche<\/a><\/div>\n<\/div>\n<\/div>\n\n\n\n<div class=\"is-layout-flow wp-block-column\">\n<div class=\"is-horizontal is-content-justification-center is-layout-flex wp-container-4 wp-block-buttons\">\n<div class=\"wp-block-button\"><a class=\"wp-block-button__link wp-element-button\" href=\"#bus\">en autob\u00fas<\/a><\/div>\n<\/div>\n\n\n\n<div class=\"is-horizontal is-content-justification-center is-layout-flex wp-container-5 wp-block-buttons\">\n<div class=\"wp-block-button\"><a class=\"wp-block-button__link wp-element-button\" href=\"#pied\">A pie En bicicleta<\/a><\/div>\n<\/div>\n\n\n\n<div class=\"is-horizontal is-content-justification-center is-layout-flex wp-container-6 wp-block-buttons\">\n<div class=\"wp-block-button\"><a class=\"wp-block-button__link wp-element-button\" href=\"#bateau\">en barco<\/a><\/div>\n<\/div>\n<\/div>\n\n\n\n<div class=\"is-layout-flow wp-block-column\">\n<div class=\"is-layout-flex wp-block-buttons\">\n<div class=\"wp-block-button\"><a class=\"wp-block-button__link wp-element-button\" href=\"#voiture\">en coche<\/a><\/div>\n<\/div>\n\n\n\n<div class=\"is-layout-flex wp-block-buttons\">\n<div class=\"wp-block-button\"><a class=\"wp-block-button__link wp-element-button\" href=\"#avion\">por aire<\/a><\/div>\n<\/div>\n<\/div>\n<\/div>\n\n\n\n<h2>En tren<\/h2>\n\n\n\n<p><strong>Creil cuenta con una estaci\u00f3n de ferrocarril<\/strong> Se trata de una zona muy concurrida y con servicios regulares a la que es f\u00e1cil llegar desde muchas ciudades importantes del norte de Francia, incluida Par\u00eds, que est\u00e1 a s\u00f3lo 25 minutos (\u00a150 viajes al d\u00eda!).<\/p>\n\n\n\n<p>A la estaci\u00f3n de Creil llegan regularmente trenes TER desde Par\u00eds-Gare du Nord, Chantilly, Amiens, Abbeville, Boulogne-sur-Mer, Calais, Beauvais (hasta Abancourt), Compi\u00e8gne, Noyon y Saint-Quentin. Tambi\u00e9n cuenta con trenes RER desde Pontoise y Corbeil-Essonnes, trenes Transilien H desde Pontoise y trenes RER D desde Melun y Corbeil-Essonnes.<\/p>\n\n\n\n<p>Una vez in situ, el <strong>Estaci\u00f3n de Montataire<\/strong> es accesible en tren en 4 minutos desde la estaci\u00f3n de Creil, en direcci\u00f3n a Beauvais (TER). El sitio <strong>Estaci\u00f3n de Villers-Saint-Paul<\/strong> es accesible en tren en 3 minutos desde la estaci\u00f3n de Creil, en direcci\u00f3n a Compi\u00e8gne (TER). El sitio <strong>Estaci\u00f3n de Saint-Leu-d'Esserent<\/strong> es accesible en tren en 6 minutos desde la estaci\u00f3n de Creil, en direcci\u00f3n a Pontoise (RER).<\/p>\n\n\n<div class=\"wp-block wp-block-highlight\">\n                <p class=\"wp-block-highlight-item wp-block-highlight-excerpt\">Puede comprar sus entradas en <a href=\"https:\/\/www.sncf.com\/fr\" target=\"_blank\" rel=\"noreferrer noopener\">SNCF<\/a> o el <a href=\"https:\/\/www.transilien.com\/\" target=\"_blank\" rel=\"noreferrer noopener\">Transilien<\/a><\/p>\n    <\/div>\n\n\n<h3 id=\"bus\">En autob\u00fas<\/h3>\n\n\n\n<p><strong>Creil cuenta con una estaci\u00f3n central de autobuses<\/strong> muy bien comunicada por la Red Regional de Transportes (Amiens, Saint-Quentin, Beauvais y Roissy v\u00eda Senlis), as\u00ed como por la Red Interurbana del Oise (Chantilly, Clermont, Pont-Sainte-Maxence). Todos los servicios de transporte p\u00fablico pueden consultarse en la p\u00e1gina web de <a href=\"https:\/\/www.oise-mobilite.fr\/fr\/plan-interactif-des-lignes\/5\/LinesMap\/FilterByLocality?KeywordsLocality=60100+CREIL&amp;LocalityId=60175\" target=\"_blank\" rel=\"noreferrer noopener\">Movilidad en Oise<\/a>.<\/p>\n\n\n\n<p>Una vez in situ, el <strong>El destino Creil Sud Oise se beneficia de un <\/strong><a href=\"https:\/\/www.creilsudoise.fr\/services-aux-habitants\/mobilites#alerte\" target=\"_blank\" rel=\"noreferrer noopener\"><strong>red de autobuses<\/strong> <\/a>que da servicio a todas las ciudades y pueblos, gracias a una completa red. Las l\u00edneas de autob\u00fas y los horarios est\u00e1n disponibles en <a href=\"https:\/\/www.oise-mobilite.fr\/fr\/part8\/a-propos-de-nous\/154\">Sitio web de AXO<\/a>.<\/p>\n\n\n\n<h3 id=\"voiture\">En coche<\/h3>\n\n\n\n<p><strong>Cerca de las principales carreteras<\/strong> como la autopista A1 (salida n\u00b08 en Senlis, a 25 min de Creil), la autopista A16 (salida n\u00b014 en Beauvais, a 45 min de Creil), el acceso en coche se facilita a continuaci\u00f3n por carreteras principales como la D1016 y la D200.<\/p>\n\n\n\n<p>Una vez all\u00ed, aunque es f\u00e1cil aparcar en los pueblos (Cramoisy, Maysel, Rousseloy, Saint-Vaast-l\u00e8s-Mello) y algunas ciudades (Saint-Leu-d'Esserent, Saint-Maximin, Thiverny o Villers-Saint-Paul), que ofrecen varios aparcamientos gratuitos, hay que tener en cuenta que Creil, Montataire y Nogent-sur-Oise ofrecen soluciones de estacionamiento limitado en el tiempo (1,5 horas en la zona azul): lleve consigo un disco de aparcamiento.<\/p>\n\n\n\n<h3 id=\"covoiturage\">En coche compartido<\/h3>\n\n\n\n<p class=\"is-style-blockquote\">Viajen juntos y ahorren dinero<\/p>\n\n\n\n<p>Ir a <a href=\"https:\/\/www.covoiturage-oise.fr\/\" target=\"_blank\" rel=\"noreferrer noopener\">Covoitur'Oise <\/a>o <a href=\"https:\/\/www.blablacar.fr\/\" target=\"_blank\" rel=\"noreferrer noopener\">Blablacar <\/a>para organizar su visita a <strong>compartir coche<\/strong>.<\/p>\n\n\n\n<p>Una vez all\u00ed, aproveche la <a href=\"https:\/\/www.rezopouce.fr\/territoire\/Creil_Sud_Oise\" target=\"_blank\" rel=\"noreferrer noopener\">Rezo pouce<\/a> descubrir el destino Creil Sud Oise haciendo<strong> \u00a1Haciendo autostop!<\/strong><\/p>\n\n\n\n<h3 id=\"pied\">A pie o en bicicleta<\/h3>\n\n\n\n<p><strong>El destino Creil Sud Oise est\u00e1 atravesado por el GR11.<\/strong><\/p>\n\n\n\n<p>Una vez in situ, una red de <a href=\"https:\/\/www.creilsudoise-tourisme.fr\/es\/i-search\/senderismo\/\" target=\"_blank\" rel=\"noreferrer noopener\">rutas de senderismo<\/a> permite unir los pueblos de Saint-Maximin, Saint-Leu-d'Esserent, Thiverny, Cramoisy, Maysel, Saint-Vaast-l\u00e8s-Mello y Rousseloy.<\/p>\n\n\n\n<p>V\u00edas verdes para uso de <a href=\"https:\/\/www.creilsudoise-tourisme.fr\/es\/jexplore\/les-incontournables\/balades-parcs\/\" target=\"_blank\" rel=\"noreferrer noopener\">tr\u00e1fico suave<\/a> conectan Thiverny y Saint-Leu-d'Esserent, Maysel con Creil a trav\u00e9s de Saint-Vaast-l\u00e8s-Mello y Cramoisy, as\u00ed como una ruta que une Saint-Maximin con Creil a trav\u00e9s de las orillas del Oise, cerca de Saint-Leu-d'Esserent.<\/p>\n\n\n\n<h3 id=\"avion\">En avi\u00f3n<\/h3>\n\n\n\n<p><strong>Idealmente situado cerca de los aeropuertos internacionales de <a href=\"https:\/\/www.parisaeroport.fr\/\" target=\"_blank\" rel=\"noreferrer noopener\">Par\u00eds-Charles de Gaulle<\/a> en Roissy y <a href=\"https:\/\/www.aeroportparisbeauvais.com\/passagers\/\" target=\"_blank\" rel=\"noreferrer noopener\">Par\u00eds-Beauvais<\/a> en Till\u00e9,<\/strong> Creil Sud Oise es accesible desde todo el mundo.<\/p>\n\n\n\n<p>Desde el aeropuerto Charles-de-Gaulle, la l\u00ednea Picardie-Roissy ofrece lanzaderas regulares de unos 50 minutos entre Roissy-P\u00f4le Gare Routi\u00e8re (luego acceso directo a las terminales) y la estaci\u00f3n SNCF de Creil.<\/p>\n\n\n\n<p>En coche, el aeropuerto Charles-de-Gaulle est\u00e1 a s\u00f3lo 40 km de Creil Sud Oise, un trayecto de 35 minutos.<\/p>\n\n\n<div class=\"wp-block wp-block-highlight\">\n                <p class=\"wp-block-highlight-item wp-block-highlight-excerpt\"><strong>Tenga en cuenta lo siguiente: <\/strong>La parada se encuentra en la calle Georges Stephenson, cerca del aparcamiento Eiffia.<\/p>\n    <\/div>\n\n\n<p>Desde el aeropuerto de Par\u00eds-Beauvais, el <a href=\"https:\/\/www.oise-mobilite.fr\/fr\/itineraires\/4\/JourneyPlanner\/result?Date=16%2F02%2F2021&amp;TypeDate=68&amp;Hour=16&amp;Minute=35&amp;Algorithm=Fastest&amp;TypeTrip=PlanTrip&amp;ListModes=Bus%7CCoach%7CTrain%7CTod%7CTer%7CBus_Access%7CMetro%7CTram%7CTgv&amp;ListPartners=14%7C6%7C9%7C8%7C7%7C10%7C3%7C18%7C17%7C4%7C12%7C11%7C5%7C2%7C50%7C44%7C52%7C51%7C48%7C43%7C49%7C41%7C45%7C47%7C55%7C54%7C53%7C22%7C39%7C38%7C29%7C20%7C42%7C40%7C46%7C30%7C21%7C23%7C19&amp;CarDistance=20&amp;CarLeave=0&amp;BikeDistance=10&amp;BikeLeave=0&amp;BikeSpeed=15&amp;WalkDistance=2000&amp;WalkSpeed=4&amp;DurationVia=30&amp;PointDep=425_4&amp;LatDep=49.4597918384&amp;LngDep=2.11283865656&amp;PointArr=64_4&amp;LatArr=49.4266630852625&amp;LngArr=2.0878110762125\" target=\"_blank\" rel=\"noreferrer noopener\">Red Corolis<\/a> le llevar\u00e1 a la estaci\u00f3n SNCF de Beauvais, donde podr\u00e1 coger un tren a la estaci\u00f3n SNCF de Creil o un autob\u00fas a la estaci\u00f3n de autobuses de Creil.<\/p>\n\n\n\n<p>En coche, el aeropuerto de Par\u00eds-Beauvais est\u00e1 a s\u00f3lo 50 km de Creil Sud Oise, un trayecto de 50 minutos.<\/p>\n\n\n\n<h3>Tictactrip<\/h3>\n\n\n\n<p>Descubra la mejor manera de venir a visitar Creil Sud Oise. En <strong>Tictactrip<\/strong>Podr\u00e1 reservar en un clic su viaje intermodal: tren, autob\u00fas, avi\u00f3n...<\/p>\n\n\n\n<a href=\"https:\/\/www.tictactrip.eu\" data-iframe-src=\"https:\/\/widgetsearch.tictactrip.eu\" data-iframe-width=\"100%\" id=\"ttt-widget\" data-iframe-lang=\"fr\" data-iframe-cstmbg=\"http:\/\/www.tictactrip.eu\/blog\/wp-content\/uploads\/widget_backgrounds\/IMG-Creil.jpg\" data-iframe-blackfilter=\"0,9\" data-iframe-header=\"true\" data-iframe-headerlogo=\"false\" data-iframe-title=\"Rendez-nous visite\" data-iframe-customtitle=\"true\" data-iframe-headercolor=\"black\" data-iframe-presetorigin=\"\" data-iframe-presetdestination=\"Creil\" data-iframe-lockorigin=\"false\" data-iframe-lockdestination=\"false\" data-iframe-oneway=\"false\" data-iframe-customcolor=\"22E4AA\" data-iframe-bottomlogo=\"true\" data-iframe-newpartnerid=\"FR-OT-CREIL\"> . <\/a>\n<script async=\"\" type=\"text\/javascript\" src=\"https:\/\/widgetsearch.tictactrip.eu\/embed.js\"><\/script>\n\n\n\n<h3 id=\"bateau\">En barco<\/h3>\n\n\n\n<p>En <strong>Destino Creil Sud Oise est\u00e1 atravesado por el r\u00edo Oise<\/strong> al borde de la cual hay varias instalaciones para practicar deportes acu\u00e1ticos:<\/p>\n\n\n\n<ul>\n<li>Parada n\u00e1utica en Creil, en las inmediaciones del centro de la ciudad (accesible a pie).<\/li>\n\n\n\n<li>Un centro de deportes n\u00e1uticos en Saint-Leu-d'Esserent, tambi\u00e9n en las inmediaciones del centro de la ciudad (accesible a pie).<\/li>\n<\/ul>\n\n\n<div class=\"wp-block wp-block-highlight\">\n                <p class=\"wp-block-highlight-item wp-block-highlight-excerpt\">Para m\u00e1s informaci\u00f3n puede ponerse en contacto con los Ayuntamientos de <a href=\"https:\/\/www.creil.fr\/\" target=\"_blank\" rel=\"noreferrer noopener\">Creil <\/a>: <a href=\"tel:0344295000\">03 44 29 50 00<\/a> y <a href=\"https:\/\/www.saintleudesserent.fr\/ville-d-eau_fr.html\" target=\"_blank\" rel=\"noreferrer noopener\">Saint-Leu-d'Esserent<\/a> : <a href=\"tel:0344568700\">03 44 56 87 00<\/a><\/p>\n    <\/div>","protected":false},"excerpt":{"rendered":"<p>Situado en la regi\u00f3n de Hauts-de-France, en el departamento de Oise, a 30 minutos de Par\u00eds, 1h15 de Amiens, 40 minutos de Compi\u00e8gne o Pierrefonds, 40 minutos de Beauvais, y 15 minutos de Chantilly o Senlis, Destination Creil Sud Oise es f\u00e1cilmente accesible en coche, autocar y transporte p\u00fablico. En tren, Creil est\u00e1 equipado con una [...]].<\/p>","protected":false},"author":1,"featured_media":32264,"parent":191,"menu_order":2,"comment_status":"closed","ping_status":"closed","template":"","meta":{"_relevanssi_hide_post":"","_relevanssi_hide_content":"","_relevanssi_pin_for_all":"","_relevanssi_pin_keywords":"","_relevanssi_unpin_keywords":"","_relevanssi_related_keywords":"","_relevanssi_related_include_ids":"","_relevanssi_related_exclude_ids":"","_relevanssi_related_no_append":"","_relevanssi_related_not_related":"","_relevanssi_related_posts":"267,275,271,273","_relevanssi_noindex_reason":""},"yoast_head":"<!-- This site is optimized with the Yoast SEO plugin v20.2.1 - https:\/\/yoast.com\/wordpress\/plugins\/seo\/ -->\n<title>Destination Creil Sud Oise : y venir et s\u2019y d\u00e9placer<\/title>\n<meta name=\"description\" content=\"La destination Creil Sud Oise est accessible gr\u00e2ce aux nombreux transports en commun qui la desservent et \u00e0 sa proximit\u00e9 avec de grands axes routiers.\" \/>\n<meta name=\"robots\" content=\"index, follow, max-snippet:-1, max-image-preview:large, max-video-preview:-1\" \/>\n<link rel=\"canonical\" href=\"https:\/\/www.creilsudoise-tourisme.fr\/es\/practica\/como-llegar-a-ser\/\" \/>\n<meta property=\"og:locale\" content=\"es_ES\" \/>\n<meta property=\"og:type\" content=\"article\" \/>\n<meta property=\"og:title\" content=\"Destination Creil Sud Oise : y venir et s\u2019y d\u00e9placer\" \/>\n<meta property=\"og:description\" content=\"La destination Creil Sud Oise est accessible gr\u00e2ce aux nombreux transports en commun qui la desservent et \u00e0 sa proximit\u00e9 avec de grands axes routiers.\" \/>\n<meta property=\"og:url\" content=\"https:\/\/www.creilsudoise-tourisme.fr\/es\/practica\/como-llegar-a-ser\/\" \/>\n<meta property=\"og:site_name\" content=\"Office de Tourisme Creil Sud Oise\" \/>\n<meta property=\"article:publisher\" content=\"https:\/\/www.facebook.com\/creilsudoisetourisme\/\" \/>\n<meta property=\"article:modified_time\" content=\"2025-05-12T13:39:45+00:00\" \/>\n<meta property=\"og:image\" content=\"https:\/\/www.creilsudoise-tourisme.fr\/wp-content\/uploads\/2021\/03\/transports-en-commun-de-la-destination-creil-sud-oise.jpg\" \/>\n\t<meta property=\"og:image:width\" content=\"1884\" \/>\n\t<meta property=\"og:image:height\" content=\"1060\" \/>\n\t<meta property=\"og:image:type\" content=\"image\/jpeg\" \/>\n<meta name=\"twitter:card\" content=\"summary_large_image\" \/>\n<meta name=\"twitter:site\" content=\"@CreilSudOiseOT\" \/>\n<meta name=\"twitter:label1\" content=\"Tiempo de lectura\" \/>\n\t<meta name=\"twitter:data1\" content=\"4 minutos\" \/>\n<script type=\"application\/ld+json\" class=\"yoast-schema-graph\">{\"@context\":\"https:\/\/schema.org\",\"@graph\":[{\"@type\":\"WebPage\",\"@id\":\"https:\/\/www.creilsudoise-tourisme.fr\/pratique\/comment-venir\/\",\"url\":\"https:\/\/www.creilsudoise-tourisme.fr\/pratique\/comment-venir\/\",\"name\":\"Destination Creil Sud Oise : y venir et s\u2019y d\u00e9placer\",\"isPartOf\":{\"@id\":\"https:\/\/www.creilsudoise-tourisme.fr\/#website\"},\"datePublished\":\"2021-02-17T09:03:31+00:00\",\"dateModified\":\"2025-05-12T13:39:45+00:00\",\"description\":\"La destination Creil Sud Oise est accessible gr\u00e2ce aux nombreux transports en commun qui la desservent et \u00e0 sa proximit\u00e9 avec de grands axes routiers.\",\"breadcrumb\":{\"@id\":\"https:\/\/www.creilsudoise-tourisme.fr\/pratique\/comment-venir\/#breadcrumb\"},\"inLanguage\":\"es\",\"potentialAction\":[{\"@type\":\"ReadAction\",\"target\":[\"https:\/\/www.creilsudoise-tourisme.fr\/pratique\/comment-venir\/\"]}]},{\"@type\":\"BreadcrumbList\",\"@id\":\"https:\/\/www.creilsudoise-tourisme.fr\/pratique\/comment-venir\/#breadcrumb\",\"itemListElement\":[{\"@type\":\"ListItem\",\"position\":1,\"name\":\"Accueil\",\"item\":\"https:\/\/www.creilsudoise-tourisme.fr\/\"},{\"@type\":\"ListItem\",\"position\":2,\"name\":\"Pratique\",\"item\":\"https:\/\/www.creilsudoise-tourisme.fr\/pratique\/\"},{\"@type\":\"ListItem\",\"position\":3,\"name\":\"Comment venir ?\"}]},{\"@type\":\"WebSite\",\"@id\":\"https:\/\/www.creilsudoise-tourisme.fr\/#website\",\"url\":\"https:\/\/www.creilsudoise-tourisme.fr\/\",\"name\":\"Office de Tourisme Creil Sud Oise\",\"description\":\"Creil Sud Oise Tourisme, un territoire \u00e0 explorer !\",\"publisher\":{\"@id\":\"https:\/\/www.creilsudoise-tourisme.fr\/#organization\"},\"potentialAction\":[{\"@type\":\"SearchAction\",\"target\":{\"@type\":\"EntryPoint\",\"urlTemplate\":\"https:\/\/www.creilsudoise-tourisme.fr\/?s={search_term_string}\"},\"query-input\":\"required name=search_term_string\"}],\"inLanguage\":\"es\"},{\"@type\":\"Organization\",\"@id\":\"https:\/\/www.creilsudoise-tourisme.fr\/#organization\",\"name\":\"Creil Sud Oise Tourisme\",\"url\":\"https:\/\/www.creilsudoise-tourisme.fr\/\",\"logo\":{\"@type\":\"ImageObject\",\"inLanguage\":\"es\",\"@id\":\"https:\/\/www.creilsudoise-tourisme.fr\/#\/schema\/logo\/image\/\",\"url\":\"https:\/\/www.creilsudoise-tourisme.fr\/wp-content\/uploads\/2021\/05\/logo-svg.png\",\"contentUrl\":\"https:\/\/www.creilsudoise-tourisme.fr\/wp-content\/uploads\/2021\/05\/logo-svg.png\",\"width\":182,\"height\":71,\"caption\":\"Creil Sud Oise Tourisme\"},\"image\":{\"@id\":\"https:\/\/www.creilsudoise-tourisme.fr\/#\/schema\/logo\/image\/\"},\"sameAs\":[\"https:\/\/www.facebook.com\/creilsudoisetourisme\/\",\"https:\/\/twitter.com\/CreilSudOiseOT\",\"https:\/\/www.instagram.com\/creilsudoisetourisme\/\",\"https:\/\/www.youtube.com\/channel\/UC8L_QD2wwyADW14zt9fY8kw\"]}]}<\/script>\n<!-- \/ Yoast SEO plugin. -->","yoast_head_json":{"title":"Destination Creil Sud Oise : y venir et s\u2019y d\u00e9placer","description":"La destination Creil Sud Oise est accessible gr\u00e2ce aux nombreux transports en commun qui la desservent et \u00e0 sa proximit\u00e9 avec de grands axes routiers.","robots":{"index":"index","follow":"follow","max-snippet":"max-snippet:-1","max-image-preview":"max-image-preview:large","max-video-preview":"max-video-preview:-1"},"canonical":"https:\/\/www.creilsudoise-tourisme.fr\/es\/practica\/como-llegar-a-ser\/","og_locale":"es_ES","og_type":"article","og_title":"Destination Creil Sud Oise : y venir et s\u2019y d\u00e9placer","og_description":"La destination Creil Sud Oise est accessible gr\u00e2ce aux nombreux transports en commun qui la desservent et \u00e0 sa proximit\u00e9 avec de grands axes routiers.","og_url":"https:\/\/www.creilsudoise-tourisme.fr\/es\/practica\/como-llegar-a-ser\/","og_site_name":"Office de Tourisme Creil Sud Oise","article_publisher":"https:\/\/www.facebook.com\/creilsudoisetourisme\/","article_modified_time":"2025-05-12T13:39:45+00:00","og_image":[{"width":1884,"height":1060,"url":"https:\/\/www.creilsudoise-tourisme.fr\/wp-content\/uploads\/2021\/03\/transports-en-commun-de-la-destination-creil-sud-oise.jpg","type":"image\/jpeg"}],"twitter_card":"summary_large_image","twitter_site":"@CreilSudOiseOT","twitter_misc":{"Tiempo de lectura":"4 minutos"},"schema":{"@context":"https:\/\/schema.org","@graph":[{"@type":"WebPage","@id":"https:\/\/www.creilsudoise-tourisme.fr\/pratique\/comment-venir\/","url":"https:\/\/www.creilsudoise-tourisme.fr\/pratique\/comment-venir\/","name":"Destination Creil Sud Oise : y venir et s\u2019y d\u00e9placer","isPartOf":{"@id":"https:\/\/www.creilsudoise-tourisme.fr\/#website"},"datePublished":"2021-02-17T09:03:31+00:00","dateModified":"2025-05-12T13:39:45+00:00","description":"La destination Creil Sud Oise est accessible gr\u00e2ce aux nombreux transports en commun qui la desservent et \u00e0 sa proximit\u00e9 avec de grands axes routiers.","breadcrumb":{"@id":"https:\/\/www.creilsudoise-tourisme.fr\/pratique\/comment-venir\/#breadcrumb"},"inLanguage":"es","potentialAction":[{"@type":"ReadAction","target":["https:\/\/www.creilsudoise-tourisme.fr\/pratique\/comment-venir\/"]}]},{"@type":"BreadcrumbList","@id":"https:\/\/www.creilsudoise-tourisme.fr\/pratique\/comment-venir\/#breadcrumb","itemListElement":[{"@type":"ListItem","position":1,"name":"Accueil","item":"https:\/\/www.creilsudoise-tourisme.fr\/"},{"@type":"ListItem","position":2,"name":"Pratique","item":"https:\/\/www.creilsudoise-tourisme.fr\/pratique\/"},{"@type":"ListItem","position":3,"name":"Comment venir ?"}]},{"@type":"WebSite","@id":"https:\/\/www.creilsudoise-tourisme.fr\/#website","url":"https:\/\/www.creilsudoise-tourisme.fr\/","name":"Office de Tourisme Creil Sud Oise","description":"Creil Sud Oise Tourisme, un territoire \u00e0 explorer !","publisher":{"@id":"https:\/\/www.creilsudoise-tourisme.fr\/#organization"},"potentialAction":[{"@type":"SearchAction","target":{"@type":"EntryPoint","urlTemplate":"https:\/\/www.creilsudoise-tourisme.fr\/?s={search_term_string}"},"query-input":"required name=search_term_string"}],"inLanguage":"es"},{"@type":"Organization","@id":"https:\/\/www.creilsudoise-tourisme.fr\/#organization","name":"Creil Sud Oise Tourisme","url":"https:\/\/www.creilsudoise-tourisme.fr\/","logo":{"@type":"ImageObject","inLanguage":"es","@id":"https:\/\/www.creilsudoise-tourisme.fr\/#\/schema\/logo\/image\/","url":"https:\/\/www.creilsudoise-tourisme.fr\/wp-content\/uploads\/2021\/05\/logo-svg.png","contentUrl":"https:\/\/www.creilsudoise-tourisme.fr\/wp-content\/uploads\/2021\/05\/logo-svg.png","width":182,"height":71,"caption":"Creil Sud Oise Tourisme"},"image":{"@id":"https:\/\/www.creilsudoise-tourisme.fr\/#\/schema\/logo\/image\/"},"sameAs":["https:\/\/www.facebook.com\/creilsudoisetourisme\/","https:\/\/twitter.com\/CreilSudOiseOT","https:\/\/www.instagram.com\/creilsudoisetourisme\/","https:\/\/www.youtube.com\/channel\/UC8L_QD2wwyADW14zt9fY8kw"]}]}},"_links":{"self":[{"href":"https:\/\/www.creilsudoise-tourisme.fr\/es\/wp-json\/wp\/v2\/pages\/201"}],"collection":[{"href":"https:\/\/www.creilsudoise-tourisme.fr\/es\/wp-json\/wp\/v2\/pages"}],"about":[{"href":"https:\/\/www.creilsudoise-tourisme.fr\/es\/wp-json\/wp\/v2\/types\/page"}],"author":[{"embeddable":true,"href":"https:\/\/www.creilsudoise-tourisme.fr\/es\/wp-json\/wp\/v2\/users\/1"}],"replies":[{"embeddable":true,"href":"https:\/\/www.creilsudoise-tourisme.fr\/es\/wp-json\/wp\/v2\/comments?post=201"}],"version-history":[{"count":29,"href":"https:\/\/www.creilsudoise-tourisme.fr\/es\/wp-json\/wp\/v2\/pages\/201\/revisions"}],"predecessor-version":[{"id":62098,"href":"https:\/\/www.creilsudoise-tourisme.fr\/es\/wp-json\/wp\/v2\/pages\/201\/revisions\/62098"}],"up":[{"embeddable":true,"href":"https:\/\/www.creilsudoise-tourisme.fr\/es\/wp-json\/wp\/v2\/pages\/191"}],"wp:featuredmedia":[{"embeddable":true,"href":"https:\/\/www.creilsudoise-tourisme.fr\/es\/wp-json\/wp\/v2\/media\/32264"}],"wp:attachment":[{"href":"https:\/\/www.creilsudoise-tourisme.fr\/es\/wp-json\/wp\/v2\/media?parent=201"}],"curies":[{"name":"wp","href":"https:\/\/api.w.org\/{rel}","templated":true}]}}