{"id":104,"date":"2021-02-17T10:02:04","date_gmt":"2021-02-17T09:02:04","guid":{"rendered":"https:\/\/www.creilsudoise-tourisme.fr\/la-clouterie-rivierre\/"},"modified":"2025-02-21T10:49:54","modified_gmt":"2025-02-21T09:49:54","slug":"clouterie-rivierre","status":"publish","type":"page","link":"https:\/\/www.creilsudoise-tourisme.fr\/es\/explore-groups\/imprescindibles-grupos\/clouterie-rivierre-2\/","title":{"rendered":"La Clouterie Rivierre"},"content":{"rendered":"<p class=\"is-style-excerpt\">L'<strong>la \u00fanica clouterie de Francia<\/strong>el \u00faltimo que a\u00fan funciona en Europa, le abre sus puertas para un exclusivo<strong> visita guiada en grupo en Creil<\/strong>A s\u00f3lo 45 minutos de Par\u00eds, a pocos kil\u00f3metros del castillo de Chantilly y de la catedral de Senlis.<\/p>\n\n\n\n<figure class=\"wp-block-embed is-type-video is-provider-youtube wp-block-embed-youtube wp-embed-aspect-16-9 wp-has-aspect-ratio\"><div class=\"wp-block-embed__wrapper\">\n<iframe loading=\"lazy\" title=\"[Conozca a Justine de Clouterie Rivierre en Creil | Creil Sud Oise Tourisme\" width=\"500\" height=\"281\" data-src=\"https:\/\/www.youtube.com\/embed\/rEuwF8T4I2s?feature=oembed\" frameborder=\"0\" allow=\"accelerometer; autoplay; clipboard-write; encrypted-media; gyroscope; picture-in-picture; web-share\" referrerpolicy=\"strict-origin-when-cross-origin\" allowfullscreen><\/iframe>\n<\/div><\/figure>\n\n\n\n<h2>Una f\u00e1brica de clavos en Oise<\/h2>\n\n\n\n<p>D\u00e9jate tentar por esto <strong>visita guiada at\u00edpica<\/strong> (se reunir\u00e1 con el <strong>\u00a1trabajadores que a\u00fan trabajan en m\u00e1quinas centenarias que son los \u00fanicos que lo saben en el mundo!<\/strong>) de un 19<sup>\u00e8me<\/sup> siglo en Creil.<\/p>\n\n\n\n<p>En <strong>Clouterie Rivierre<\/strong>Debe su nombre a la familia que la instal\u00f3 en Creil en 1888, justo detr\u00e1s de la estaci\u00f3n de Creil (en el lado de Nogent-sur-Oise), en una calle que anta\u00f1o era muy industrial (en el n\u00famero 6 de la rue des usines: no se lo puede inventar).<\/p>\n\n\n\n<figure class=\"is-layout-flex wp-block-gallery-1 wp-block-gallery aligncenter has-nested-images columns-0 is-cropped\">\n<figure class=\"wp-block-image size-large\"><img decoding=\"async\" loading=\"lazy\" width=\"1200\" height=\"675\" data-id=\"32398\"  data-src=\"https:\/\/www.creilsudoise-tourisme.fr\/wp-content\/uploads\/2021\/03\/Pontier-a\u0300-la-Clouterie-Rivierre-a\u0300-Creil-1-1200x675.jpg\" alt=\"\" class=\"wp-image-32398\" data-srcset=\"https:\/\/www.creilsudoise-tourisme.fr\/wp-content\/uploads\/2021\/03\/Pontier-a\u0300-la-Clouterie-Rivierre-a\u0300-Creil-1-1200x675.jpg 1200w, https:\/\/www.creilsudoise-tourisme.fr\/wp-content\/uploads\/2021\/03\/Pontier-a\u0300-la-Clouterie-Rivierre-a\u0300-Creil-1-600x338.jpg 600w, https:\/\/www.creilsudoise-tourisme.fr\/wp-content\/uploads\/2021\/03\/Pontier-a\u0300-la-Clouterie-Rivierre-a\u0300-Creil-1-900x506.jpg 900w, https:\/\/www.creilsudoise-tourisme.fr\/wp-content\/uploads\/2021\/03\/Pontier-a\u0300-la-Clouterie-Rivierre-a\u0300-Creil-1-1536x864.jpg 1536w, https:\/\/www.creilsudoise-tourisme.fr\/wp-content\/uploads\/2021\/03\/Pontier-a\u0300-la-Clouterie-Rivierre-a\u0300-Creil-1-200x113.jpg 200w, https:\/\/www.creilsudoise-tourisme.fr\/wp-content\/uploads\/2021\/03\/Pontier-a\u0300-la-Clouterie-Rivierre-a\u0300-Creil-1-650x366.jpg 650w, https:\/\/www.creilsudoise-tourisme.fr\/wp-content\/uploads\/2021\/03\/Pontier-a\u0300-la-Clouterie-Rivierre-a\u0300-Creil-1-387x218.jpg 387w, https:\/\/www.creilsudoise-tourisme.fr\/wp-content\/uploads\/2021\/03\/Pontier-a\u0300-la-Clouterie-Rivierre-a\u0300-Creil-1.jpg 1600w\" sizes=\"(max-width: 1200px) 100vw, 1200px\" \/><figcaption class=\"wp-element-caption\">Un pointier es un trabajador especializado en la fabricaci\u00f3n de clavos, un oficio \u00fanico en Francia.<\/figcaption><\/figure>\n\n\n\n<figure class=\"wp-block-image size-large\"><img decoding=\"async\" loading=\"lazy\" width=\"1200\" height=\"675\" data-id=\"32399\"  data-src=\"https:\/\/www.creilsudoise-tourisme.fr\/wp-content\/uploads\/2021\/03\/Ouvrier-a\u0300-la-Clouterie-Rivierre-a\u0300-Creil-1-1200x675.jpg\" alt=\"\" class=\"wp-image-32399\" data-srcset=\"https:\/\/www.creilsudoise-tourisme.fr\/wp-content\/uploads\/2021\/03\/Ouvrier-a\u0300-la-Clouterie-Rivierre-a\u0300-Creil-1-1200x675.jpg 1200w, https:\/\/www.creilsudoise-tourisme.fr\/wp-content\/uploads\/2021\/03\/Ouvrier-a\u0300-la-Clouterie-Rivierre-a\u0300-Creil-1-600x338.jpg 600w, https:\/\/www.creilsudoise-tourisme.fr\/wp-content\/uploads\/2021\/03\/Ouvrier-a\u0300-la-Clouterie-Rivierre-a\u0300-Creil-1-900x506.jpg 900w, https:\/\/www.creilsudoise-tourisme.fr\/wp-content\/uploads\/2021\/03\/Ouvrier-a\u0300-la-Clouterie-Rivierre-a\u0300-Creil-1-1536x864.jpg 1536w, https:\/\/www.creilsudoise-tourisme.fr\/wp-content\/uploads\/2021\/03\/Ouvrier-a\u0300-la-Clouterie-Rivierre-a\u0300-Creil-1-200x113.jpg 200w, https:\/\/www.creilsudoise-tourisme.fr\/wp-content\/uploads\/2021\/03\/Ouvrier-a\u0300-la-Clouterie-Rivierre-a\u0300-Creil-1-650x366.jpg 650w, https:\/\/www.creilsudoise-tourisme.fr\/wp-content\/uploads\/2021\/03\/Ouvrier-a\u0300-la-Clouterie-Rivierre-a\u0300-Creil-1-387x218.jpg 387w, https:\/\/www.creilsudoise-tourisme.fr\/wp-content\/uploads\/2021\/03\/Ouvrier-a\u0300-la-Clouterie-Rivierre-a\u0300-Creil-1.jpg 1600w\" sizes=\"(max-width: 1200px) 100vw, 1200px\" \/><figcaption class=\"wp-element-caption\">Un trabajador de la Clouterie Rivierre es poseedor de un saber hacer \u00fanico y centenario.<\/figcaption><\/figure>\n\n\n\n<figure class=\"wp-block-image size-large\"><img decoding=\"async\" loading=\"lazy\" width=\"1200\" height=\"676\" data-id=\"32396\"  data-src=\"https:\/\/www.creilsudoise-tourisme.fr\/wp-content\/uploads\/2021\/03\/Machine-Fernande-a\u0300-la-Clouterie-Rivierre-a\u0300-Creil-1-1200x676.jpg\" alt=\"\" class=\"wp-image-32396\" data-srcset=\"https:\/\/www.creilsudoise-tourisme.fr\/wp-content\/uploads\/2021\/03\/Machine-Fernande-a\u0300-la-Clouterie-Rivierre-a\u0300-Creil-1-1200x676.jpg 1200w, https:\/\/www.creilsudoise-tourisme.fr\/wp-content\/uploads\/2021\/03\/Machine-Fernande-a\u0300-la-Clouterie-Rivierre-a\u0300-Creil-1-600x338.jpg 600w, https:\/\/www.creilsudoise-tourisme.fr\/wp-content\/uploads\/2021\/03\/Machine-Fernande-a\u0300-la-Clouterie-Rivierre-a\u0300-Creil-1-900x507.jpg 900w, https:\/\/www.creilsudoise-tourisme.fr\/wp-content\/uploads\/2021\/03\/Machine-Fernande-a\u0300-la-Clouterie-Rivierre-a\u0300-Creil-1-1536x865.jpg 1536w, https:\/\/www.creilsudoise-tourisme.fr\/wp-content\/uploads\/2021\/03\/Machine-Fernande-a\u0300-la-Clouterie-Rivierre-a\u0300-Creil-1-200x113.jpg 200w, https:\/\/www.creilsudoise-tourisme.fr\/wp-content\/uploads\/2021\/03\/Machine-Fernande-a\u0300-la-Clouterie-Rivierre-a\u0300-Creil-1-650x366.jpg 650w, https:\/\/www.creilsudoise-tourisme.fr\/wp-content\/uploads\/2021\/03\/Machine-Fernande-a\u0300-la-Clouterie-Rivierre-a\u0300-Creil-1-387x218.jpg 387w, https:\/\/www.creilsudoise-tourisme.fr\/wp-content\/uploads\/2021\/03\/Machine-Fernande-a\u0300-la-Clouterie-Rivierre-a\u0300-Creil-1.jpg 1600w\" sizes=\"(max-width: 1200px) 100vw, 1200px\" \/><figcaption class=\"wp-element-caption\">Las m\u00e1quinas reciben nombres para que los cronometradores puedan identificarlas r\u00e1pidamente.<\/figcaption><\/figure>\n<\/figure>\n\n\n\n<p>Lo primero que nos llama la atenci\u00f3n es<strong> atm\u00f3sfera 19<sup>\u00e8me<\/sup><\/strong> que se descubre al llegar: nada parece haber cambiado desde entonces. Empezando por la casa familiar situada a la entrada de la f\u00e1brica, uno se sumerge inmediatamente en aquel siglo y puede imaginarse a los trabajadores llegando bajo la atenta mirada de Marie Rivierre, quien, con s\u00f3lo 27 a\u00f1os, hered\u00f3 la f\u00e1brica de su marido, fallecido prematuramente, y la construy\u00f3 durante los 35 a\u00f1os siguientes.<\/p>\n\n\n\n<p>Es <strong>Justine<\/strong> que recibir\u00e1 a su grupo en la entrada del edificio principal. Justine ser\u00e1 su gu\u00eda en esta visita de descubrimiento y desde el primer momento en que la conozca, <strong>sentir\u00e1 su pasi\u00f3n por este patrimonio industrial<\/strong> y <strong>el respeto que se tiene a quienes trabajaron all\u00ed y a quienes siguen trabajando hoy en esta f\u00e1brica, \u00fanica en Europa<\/strong>.<\/p>\n\n\n\n<p>Compartir\u00e1 con usted su pasi\u00f3n, le contar\u00e1 la historia de esta empresa familiar y le presentar\u00e1 algunos de los clavos que aqu\u00ed se fabrican (s\u00f3lo unos pocos, hay muchos).<strong> 2.800 referencias de clavos forjados, puntas y semillas en el cat\u00e1logo <\/strong>Jam\u00e1s lo habr\u00edamos imaginado. A continuaci\u00f3n, Justine le llevar\u00e1 <strong>de un extremo a otro de la cadena de producci\u00f3n<\/strong> para descubrir las principales caracter\u00edsticas de este saber hacer ancestral, <strong>de la sala de dibujo a la sala de m\u00e1quinas, pasando por el envasado<\/strong>. Huele a aceite y grasa. A <strong>decoraci\u00f3n \"\u00e0 la Zola\".<\/strong>en su estado natural, con su <strong>magn\u00edfico tejado de cristal y tejado de cobertizo<\/strong>Es un destino habitual para cineastas y m\u00fasicos que buscan localizaciones aut\u00e9nticas para sus trabajos.<\/p>\n\n\n\n<p>Durante la visita guiada con su grupo, se transportar\u00e1 a un mundo poco conocido de otra \u00e9poca...<\/p>\n\n\n\n<figure class=\"is-layout-flex wp-block-gallery-3 wp-block-gallery aligncenter has-nested-images columns-default is-cropped\">\n<figure class=\"wp-block-image size-large\"><img decoding=\"async\" loading=\"lazy\" width=\"1200\" height=\"675\" data-id=\"32425\"  data-src=\"https:\/\/www.creilsudoise-tourisme.fr\/wp-content\/uploads\/2021\/03\/Justine-guide-a\u0300-la-Clouterie-Rivierre-a\u0300-Creil-2-1200x675.jpg\" alt=\"\" class=\"wp-image-32425\" data-srcset=\"https:\/\/www.creilsudoise-tourisme.fr\/wp-content\/uploads\/2021\/03\/Justine-guide-a\u0300-la-Clouterie-Rivierre-a\u0300-Creil-2-1200x675.jpg 1200w, https:\/\/www.creilsudoise-tourisme.fr\/wp-content\/uploads\/2021\/03\/Justine-guide-a\u0300-la-Clouterie-Rivierre-a\u0300-Creil-2-600x338.jpg 600w, https:\/\/www.creilsudoise-tourisme.fr\/wp-content\/uploads\/2021\/03\/Justine-guide-a\u0300-la-Clouterie-Rivierre-a\u0300-Creil-2-900x506.jpg 900w, https:\/\/www.creilsudoise-tourisme.fr\/wp-content\/uploads\/2021\/03\/Justine-guide-a\u0300-la-Clouterie-Rivierre-a\u0300-Creil-2-1536x864.jpg 1536w, https:\/\/www.creilsudoise-tourisme.fr\/wp-content\/uploads\/2021\/03\/Justine-guide-a\u0300-la-Clouterie-Rivierre-a\u0300-Creil-2-200x113.jpg 200w, https:\/\/www.creilsudoise-tourisme.fr\/wp-content\/uploads\/2021\/03\/Justine-guide-a\u0300-la-Clouterie-Rivierre-a\u0300-Creil-2-650x366.jpg 650w, https:\/\/www.creilsudoise-tourisme.fr\/wp-content\/uploads\/2021\/03\/Justine-guide-a\u0300-la-Clouterie-Rivierre-a\u0300-Creil-2-387x218.jpg 387w, https:\/\/www.creilsudoise-tourisme.fr\/wp-content\/uploads\/2021\/03\/Justine-guide-a\u0300-la-Clouterie-Rivierre-a\u0300-Creil-2.jpg 1600w\" sizes=\"(max-width: 1200px) 100vw, 1200px\" \/><figcaption class=\"wp-element-caption\">Justine, tan apasionada como apasionante, gu\u00eda la visita de la Clouterie Rivierre.<\/figcaption><\/figure>\n\n\n\n<figure class=\"wp-block-image size-large\"><img decoding=\"async\" loading=\"lazy\" width=\"900\" height=\"1200\" data-id=\"52419\"  data-src=\"https:\/\/www.creilsudoise-tourisme.fr\/wp-content\/uploads\/2024\/02\/Anthony-et-Manuel-a-la-Clouterie-Rivierre-a-Creil-5-900x1200.jpg\" alt=\"reuni\u00f3n destino revista art\u00edculo entrevista Clouterie Rivierre oise creil unique know-how\" class=\"wp-image-52419\" data-srcset=\"https:\/\/www.creilsudoise-tourisme.fr\/wp-content\/uploads\/2024\/02\/Anthony-et-Manuel-a-la-Clouterie-Rivierre-a-Creil-5-900x1200.jpg 900w, https:\/\/www.creilsudoise-tourisme.fr\/wp-content\/uploads\/2024\/02\/Anthony-et-Manuel-a-la-Clouterie-Rivierre-a-Creil-5-450x600.jpg 450w, https:\/\/www.creilsudoise-tourisme.fr\/wp-content\/uploads\/2024\/02\/Anthony-et-Manuel-a-la-Clouterie-Rivierre-a-Creil-5-675x900.jpg 675w, https:\/\/www.creilsudoise-tourisme.fr\/wp-content\/uploads\/2024\/02\/Anthony-et-Manuel-a-la-Clouterie-Rivierre-a-Creil-5-9x12.jpg 9w, https:\/\/www.creilsudoise-tourisme.fr\/wp-content\/uploads\/2024\/02\/Anthony-et-Manuel-a-la-Clouterie-Rivierre-a-Creil-5-200x267.jpg 200w, https:\/\/www.creilsudoise-tourisme.fr\/wp-content\/uploads\/2024\/02\/Anthony-et-Manuel-a-la-Clouterie-Rivierre-a-Creil-5-650x867.jpg 650w, https:\/\/www.creilsudoise-tourisme.fr\/wp-content\/uploads\/2024\/02\/Anthony-et-Manuel-a-la-Clouterie-Rivierre-a-Creil-5-387x516.jpg 387w, https:\/\/www.creilsudoise-tourisme.fr\/wp-content\/uploads\/2024\/02\/Anthony-et-Manuel-a-la-Clouterie-Rivierre-a-Creil-5.jpg 1110w\" sizes=\"(max-width: 900px) 100vw, 900px\" \/><figcaption class=\"wp-element-caption\">C\u00e9line Weissier<\/figcaption><\/figure>\n<\/figure>\n\n\n\n<div class=\"wp-block wp-block-testimonial\">\n    <div class=\"wp-block-testimonial-excerpt\">\n        Una visita muy agradable y gratificante a este patrimonio industrial, \u00fanico en Europa. Gracias por la disponibilidad de nuestro encantador gu\u00eda. Un viaje al siglo pasado en un ambiente cargado de historia. Una visita maravillosa.    <\/div>\n    <div class=\"wp-block-testimonial-details\">\n                <div class=\"wp-block-testimonial-content\">\n            <p class=\"wp-block-testimonial-content-author\">\n                <strong>Pantin P<\/strong>\n\n                                <span class=\"wp-block-testimonial-content-job\"> - Tripadvisor<\/span>\n                            <\/p>\n        <\/div>\n    <\/div>\n<\/div>\n\n\n<h3>Es bueno saberlo<\/h3>\n\n\n\n<p>El tejado de la f\u00e1brica es una marquesina, lo que significa que puede dar el sol. <strong>muy caluroso en verano y muy fr\u00edo en invierno, as\u00ed que aseg\u00farese de decirle a su grupo que se vista en consecuencia.<\/strong> !<\/p>\n\n\n\n<p>La f\u00e1brica est\u00e1 en funcionamiento, los obreros trabajan todos los d\u00edas y pueden caerse clavos u otra chatarra: la Clouterie pregunta <strong>todos los visitantes deben llevar calzado cerrado por su propia seguridad<\/strong>. De lo contrario, no se le permitir\u00e1 entrar en la f\u00e1brica.<\/p>","protected":false},"excerpt":{"rendered":"<p>La \u00fanica f\u00e1brica de clavos de Francia, la \u00faltima que sigue en funcionamiento en Europa, le abre sus puertas para una visita guiada en grupo en Creil, a s\u00f3lo 45 minutos de Par\u00eds, a pocos kil\u00f3metros del castillo de Chantilly y de la catedral de Senlis. Una f\u00e1brica de clavos en la regi\u00f3n de Oise D\u00e9jese tentar por esta ins\u00f3lita visita guiada [...]<\/p>","protected":false},"author":1,"featured_media":32350,"parent":102,"menu_order":0,"comment_status":"closed","ping_status":"closed","template":"","meta":{"_relevanssi_hide_post":"","_relevanssi_hide_content":"","_relevanssi_pin_for_all":"","_relevanssi_pin_keywords":"","_relevanssi_unpin_keywords":"","_relevanssi_related_keywords":"","_relevanssi_related_include_ids":"","_relevanssi_related_exclude_ids":"","_relevanssi_related_no_append":"","_relevanssi_related_not_related":"","_relevanssi_related_posts":"273,267,271,275","_relevanssi_noindex_reason":""},"yoast_head":"<!-- This site is optimized with the Yoast SEO plugin v20.2.1 - https:\/\/yoast.com\/wordpress\/plugins\/seo\/ -->\n<title>Clouterie Rivierre \u00e0 Creil, un lieu unique \u00e0 visiter en groupe<\/title>\n<meta name=\"description\" content=\"La derni\u00e8re Clouterie encore en activit\u00e9 en Europe se trouve \u00e0 Creil et elle se visite en groupe sur rendez-vous !\" \/>\n<meta name=\"robots\" content=\"index, follow, max-snippet:-1, max-image-preview:large, max-video-preview:-1\" \/>\n<link rel=\"canonical\" href=\"https:\/\/www.creilsudoise-tourisme.fr\/es\/explore-groups\/imprescindibles-grupos\/clouterie-rivierre-2\/\" \/>\n<meta property=\"og:locale\" content=\"es_ES\" \/>\n<meta property=\"og:type\" content=\"article\" \/>\n<meta property=\"og:title\" content=\"Clouterie Rivierre \u00e0 Creil, un lieu unique \u00e0 visiter en groupe\" \/>\n<meta property=\"og:description\" content=\"La derni\u00e8re Clouterie encore en activit\u00e9 en Europe se trouve \u00e0 Creil et elle se visite en groupe sur rendez-vous !\" \/>\n<meta property=\"og:url\" content=\"https:\/\/www.creilsudoise-tourisme.fr\/es\/explore-groups\/imprescindibles-grupos\/clouterie-rivierre-2\/\" \/>\n<meta property=\"og:site_name\" content=\"Office de Tourisme Creil Sud Oise\" \/>\n<meta property=\"article:publisher\" content=\"https:\/\/www.facebook.com\/creilsudoisetourisme\/\" \/>\n<meta property=\"article:modified_time\" content=\"2025-02-21T09:49:54+00:00\" \/>\n<meta property=\"og:image\" content=\"https:\/\/www.creilsudoise-tourisme.fr\/wp-content\/uploads\/2021\/03\/La-Clouterie-Rivierre-a\u0300-Creil-en-groupes.jpg\" \/>\n\t<meta property=\"og:image:width\" content=\"1067\" \/>\n\t<meta property=\"og:image:height\" content=\"1600\" \/>\n\t<meta property=\"og:image:type\" content=\"image\/jpeg\" \/>\n<meta name=\"twitter:card\" content=\"summary_large_image\" \/>\n<meta name=\"twitter:site\" content=\"@CreilSudOiseOT\" \/>\n<meta name=\"twitter:label1\" content=\"Tiempo de lectura\" \/>\n\t<meta name=\"twitter:data1\" content=\"4 minutos\" \/>\n<script type=\"application\/ld+json\" class=\"yoast-schema-graph\">{\"@context\":\"https:\/\/schema.org\",\"@graph\":[{\"@type\":\"WebPage\",\"@id\":\"https:\/\/www.creilsudoise-tourisme.fr\/explorez-groupes\/incontournables-groupes\/clouterie-rivierre\/\",\"url\":\"https:\/\/www.creilsudoise-tourisme.fr\/explorez-groupes\/incontournables-groupes\/clouterie-rivierre\/\",\"name\":\"Clouterie Rivierre \u00e0 Creil, un lieu unique \u00e0 visiter en groupe\",\"isPartOf\":{\"@id\":\"https:\/\/www.creilsudoise-tourisme.fr\/#website\"},\"datePublished\":\"2021-02-17T09:02:04+00:00\",\"dateModified\":\"2025-02-21T09:49:54+00:00\",\"description\":\"La derni\u00e8re Clouterie encore en activit\u00e9 en Europe se trouve \u00e0 Creil et elle se visite en groupe sur rendez-vous !\",\"breadcrumb\":{\"@id\":\"https:\/\/www.creilsudoise-tourisme.fr\/explorez-groupes\/incontournables-groupes\/clouterie-rivierre\/#breadcrumb\"},\"inLanguage\":\"es\",\"potentialAction\":[{\"@type\":\"ReadAction\",\"target\":[\"https:\/\/www.creilsudoise-tourisme.fr\/explorez-groupes\/incontournables-groupes\/clouterie-rivierre\/\"]}]},{\"@type\":\"BreadcrumbList\",\"@id\":\"https:\/\/www.creilsudoise-tourisme.fr\/explorez-groupes\/incontournables-groupes\/clouterie-rivierre\/#breadcrumb\",\"itemListElement\":[{\"@type\":\"ListItem\",\"position\":1,\"name\":\"Accueil\",\"item\":\"https:\/\/www.creilsudoise-tourisme.fr\/\"},{\"@type\":\"ListItem\",\"position\":2,\"name\":\"En groupe &amp; S\u00e9minaires\",\"item\":\"https:\/\/www.creilsudoise-tourisme.fr\/explorez-groupes\/\"},{\"@type\":\"ListItem\",\"position\":3,\"name\":\"Les incontournables \u00e0 explorer en groupes\",\"item\":\"https:\/\/www.creilsudoise-tourisme.fr\/explorez-groupes\/incontournables-groupes\/\"},{\"@type\":\"ListItem\",\"position\":4,\"name\":\"La Clouterie Rivierre\"}]},{\"@type\":\"WebSite\",\"@id\":\"https:\/\/www.creilsudoise-tourisme.fr\/#website\",\"url\":\"https:\/\/www.creilsudoise-tourisme.fr\/\",\"name\":\"Office de Tourisme Creil Sud Oise\",\"description\":\"Creil Sud Oise Tourisme, un territoire \u00e0 explorer !\",\"publisher\":{\"@id\":\"https:\/\/www.creilsudoise-tourisme.fr\/#organization\"},\"potentialAction\":[{\"@type\":\"SearchAction\",\"target\":{\"@type\":\"EntryPoint\",\"urlTemplate\":\"https:\/\/www.creilsudoise-tourisme.fr\/?s={search_term_string}\"},\"query-input\":\"required name=search_term_string\"}],\"inLanguage\":\"es\"},{\"@type\":\"Organization\",\"@id\":\"https:\/\/www.creilsudoise-tourisme.fr\/#organization\",\"name\":\"Creil Sud Oise Tourisme\",\"url\":\"https:\/\/www.creilsudoise-tourisme.fr\/\",\"logo\":{\"@type\":\"ImageObject\",\"inLanguage\":\"es\",\"@id\":\"https:\/\/www.creilsudoise-tourisme.fr\/#\/schema\/logo\/image\/\",\"url\":\"https:\/\/www.creilsudoise-tourisme.fr\/wp-content\/uploads\/2021\/05\/logo-svg.png\",\"contentUrl\":\"https:\/\/www.creilsudoise-tourisme.fr\/wp-content\/uploads\/2021\/05\/logo-svg.png\",\"width\":182,\"height\":71,\"caption\":\"Creil Sud Oise Tourisme\"},\"image\":{\"@id\":\"https:\/\/www.creilsudoise-tourisme.fr\/#\/schema\/logo\/image\/\"},\"sameAs\":[\"https:\/\/www.facebook.com\/creilsudoisetourisme\/\",\"https:\/\/twitter.com\/CreilSudOiseOT\",\"https:\/\/www.instagram.com\/creilsudoisetourisme\/\",\"https:\/\/www.youtube.com\/channel\/UC8L_QD2wwyADW14zt9fY8kw\"]}]}<\/script>\n<!-- \/ Yoast SEO plugin. -->","yoast_head_json":{"title":"Clouterie Rivierre \u00e0 Creil, un lieu unique \u00e0 visiter en groupe","description":"La derni\u00e8re Clouterie encore en activit\u00e9 en Europe se trouve \u00e0 Creil et elle se visite en groupe sur rendez-vous !","robots":{"index":"index","follow":"follow","max-snippet":"max-snippet:-1","max-image-preview":"max-image-preview:large","max-video-preview":"max-video-preview:-1"},"canonical":"https:\/\/www.creilsudoise-tourisme.fr\/es\/explore-groups\/imprescindibles-grupos\/clouterie-rivierre-2\/","og_locale":"es_ES","og_type":"article","og_title":"Clouterie Rivierre \u00e0 Creil, un lieu unique \u00e0 visiter en groupe","og_description":"La derni\u00e8re Clouterie encore en activit\u00e9 en Europe se trouve \u00e0 Creil et elle se visite en groupe sur rendez-vous !","og_url":"https:\/\/www.creilsudoise-tourisme.fr\/es\/explore-groups\/imprescindibles-grupos\/clouterie-rivierre-2\/","og_site_name":"Office de Tourisme Creil Sud Oise","article_publisher":"https:\/\/www.facebook.com\/creilsudoisetourisme\/","article_modified_time":"2025-02-21T09:49:54+00:00","og_image":[{"width":1067,"height":1600,"url":"https:\/\/www.creilsudoise-tourisme.fr\/wp-content\/uploads\/2021\/03\/La-Clouterie-Rivierre-a\u0300-Creil-en-groupes.jpg","type":"image\/jpeg"}],"twitter_card":"summary_large_image","twitter_site":"@CreilSudOiseOT","twitter_misc":{"Tiempo de lectura":"4 minutos"},"schema":{"@context":"https:\/\/schema.org","@graph":[{"@type":"WebPage","@id":"https:\/\/www.creilsudoise-tourisme.fr\/explorez-groupes\/incontournables-groupes\/clouterie-rivierre\/","url":"https:\/\/www.creilsudoise-tourisme.fr\/explorez-groupes\/incontournables-groupes\/clouterie-rivierre\/","name":"Clouterie Rivierre \u00e0 Creil, un lieu unique \u00e0 visiter en groupe","isPartOf":{"@id":"https:\/\/www.creilsudoise-tourisme.fr\/#website"},"datePublished":"2021-02-17T09:02:04+00:00","dateModified":"2025-02-21T09:49:54+00:00","description":"La derni\u00e8re Clouterie encore en activit\u00e9 en Europe se trouve \u00e0 Creil et elle se visite en groupe sur rendez-vous !","breadcrumb":{"@id":"https:\/\/www.creilsudoise-tourisme.fr\/explorez-groupes\/incontournables-groupes\/clouterie-rivierre\/#breadcrumb"},"inLanguage":"es","potentialAction":[{"@type":"ReadAction","target":["https:\/\/www.creilsudoise-tourisme.fr\/explorez-groupes\/incontournables-groupes\/clouterie-rivierre\/"]}]},{"@type":"BreadcrumbList","@id":"https:\/\/www.creilsudoise-tourisme.fr\/explorez-groupes\/incontournables-groupes\/clouterie-rivierre\/#breadcrumb","itemListElement":[{"@type":"ListItem","position":1,"name":"Accueil","item":"https:\/\/www.creilsudoise-tourisme.fr\/"},{"@type":"ListItem","position":2,"name":"En groupe &amp; S\u00e9minaires","item":"https:\/\/www.creilsudoise-tourisme.fr\/explorez-groupes\/"},{"@type":"ListItem","position":3,"name":"Les incontournables \u00e0 explorer en groupes","item":"https:\/\/www.creilsudoise-tourisme.fr\/explorez-groupes\/incontournables-groupes\/"},{"@type":"ListItem","position":4,"name":"La Clouterie Rivierre"}]},{"@type":"WebSite","@id":"https:\/\/www.creilsudoise-tourisme.fr\/#website","url":"https:\/\/www.creilsudoise-tourisme.fr\/","name":"Office de Tourisme Creil Sud Oise","description":"Creil Sud Oise Tourisme, un territoire \u00e0 explorer !","publisher":{"@id":"https:\/\/www.creilsudoise-tourisme.fr\/#organization"},"potentialAction":[{"@type":"SearchAction","target":{"@type":"EntryPoint","urlTemplate":"https:\/\/www.creilsudoise-tourisme.fr\/?s={search_term_string}"},"query-input":"required name=search_term_string"}],"inLanguage":"es"},{"@type":"Organization","@id":"https:\/\/www.creilsudoise-tourisme.fr\/#organization","name":"Creil Sud Oise Tourisme","url":"https:\/\/www.creilsudoise-tourisme.fr\/","logo":{"@type":"ImageObject","inLanguage":"es","@id":"https:\/\/www.creilsudoise-tourisme.fr\/#\/schema\/logo\/image\/","url":"https:\/\/www.creilsudoise-tourisme.fr\/wp-content\/uploads\/2021\/05\/logo-svg.png","contentUrl":"https:\/\/www.creilsudoise-tourisme.fr\/wp-content\/uploads\/2021\/05\/logo-svg.png","width":182,"height":71,"caption":"Creil Sud Oise Tourisme"},"image":{"@id":"https:\/\/www.creilsudoise-tourisme.fr\/#\/schema\/logo\/image\/"},"sameAs":["https:\/\/www.facebook.com\/creilsudoisetourisme\/","https:\/\/twitter.com\/CreilSudOiseOT","https:\/\/www.instagram.com\/creilsudoisetourisme\/","https:\/\/www.youtube.com\/channel\/UC8L_QD2wwyADW14zt9fY8kw"]}]}},"_links":{"self":[{"href":"https:\/\/www.creilsudoise-tourisme.fr\/es\/wp-json\/wp\/v2\/pages\/104"}],"collection":[{"href":"https:\/\/www.creilsudoise-tourisme.fr\/es\/wp-json\/wp\/v2\/pages"}],"about":[{"href":"https:\/\/www.creilsudoise-tourisme.fr\/es\/wp-json\/wp\/v2\/types\/page"}],"author":[{"embeddable":true,"href":"https:\/\/www.creilsudoise-tourisme.fr\/es\/wp-json\/wp\/v2\/users\/1"}],"replies":[{"embeddable":true,"href":"https:\/\/www.creilsudoise-tourisme.fr\/es\/wp-json\/wp\/v2\/comments?post=104"}],"version-history":[{"count":30,"href":"https:\/\/www.creilsudoise-tourisme.fr\/es\/wp-json\/wp\/v2\/pages\/104\/revisions"}],"predecessor-version":[{"id":60463,"href":"https:\/\/www.creilsudoise-tourisme.fr\/es\/wp-json\/wp\/v2\/pages\/104\/revisions\/60463"}],"up":[{"embeddable":true,"href":"https:\/\/www.creilsudoise-tourisme.fr\/es\/wp-json\/wp\/v2\/pages\/102"}],"wp:featuredmedia":[{"embeddable":true,"href":"https:\/\/www.creilsudoise-tourisme.fr\/es\/wp-json\/wp\/v2\/media\/32350"}],"wp:attachment":[{"href":"https:\/\/www.creilsudoise-tourisme.fr\/es\/wp-json\/wp\/v2\/media?parent=104"}],"curies":[{"name":"wp","href":"https:\/\/api.w.org\/{rel}","templated":true}]}}