{"id":61,"date":"2021-02-12T15:57:31","date_gmt":"2021-02-12T14:57:31","guid":{"rendered":"https:\/\/www.creilsudoise-tourisme.fr\/mentions-legales\/"},"modified":"2025-11-13T14:29:24","modified_gmt":"2025-11-13T13:29:24","slug":"mentions-legales","status":"publish","type":"page","link":"https:\/\/www.creilsudoise-tourisme.fr\/en\/full-marks\/","title":{"rendered":"Legal information"},"content":{"rendered":"<p>By browsing the pages of the site, Internet users acknowledge that they have read and accepted the limits of liability and the conditions of use of the site. www.creilsudoise-tourisme.fr cannot be held responsible for any difficulties in connecting to the Internet or viewing the pages of the site. In particular, Internet users acknowledge that they have been informed of the differences in the way Internet pages are interpreted by the various browsers available on the market.<\/p>\n\n\n\n<h2>Website editor<\/h2>\n\n\n\n<p>CREIL SUD OISE TOURISM<br>SIRET number: 834 212 789 00046<br>Address: 6 avenue Jules Uhry 60100 Creil<br>Num\u00e9ro de t\u00e9l\u00e9phone : 03 75 19 01 70. Mail : b&#105;e&#110;ve&#110;&#117;&#101;&#64;&#99;&#114;ei&#108;&#115;udois&#101;&#45;t&#111;&#117;r&#105;sme.&#102;&#114;<br>VAT number: FR 64 83 42 12 789<\/p>\n\n\n\n<h2>Publishing director<\/h2>\n\n\n\n<p>Full name: Elise NICOLAS-BERTHE, Director<\/p>\n\n\n\n<h2>Website development<\/h2>\n\n\n\n<p>Name: IRIS Interactive<br>Address: 4 rue du Pensionnat Notre Dame de France - 43000 LE PUY EN VELAY (Head Office)<br>Mail : con&#116;&#97;&#99;&#116;&#64;i&#114;&#105;s&#45;&#105;&#110;te&#114;&#97;ctiv&#101;&#46;f&#114;<\/p>\n\n\n\n<h2>Site host<\/h2>\n\n\n\n<p>Name: IRIS Interactive<br>Address: 4 rue du Pensionnat Notre Dame de France - 43000 LE PUY EN VELAY (Head Office)<br>Mail : co&#110;ta&#99;t&#64;&#105;&#114;&#105;s-int&#101;ra&#99;&#116;iv&#101;&#46;f&#114;<\/p>\n\n\n\n<h2>Copyright \u00a9 - Links<\/h2>\n\n\n\n<h3>Reproduction on paper<\/h3>\n\n\n\n<p>With the exception of iconography, the reproduction of pages from this site on paper is authorised, subject to compliance with the following conditions:<\/p>\n\n\n\n<ul>\n<li>free distribution,<\/li>\n\n\n\n<li>respect for the integrity of the documents reproduced (no modifications or alterations of any kind)<\/li>\n\n\n\n<li>explicit reference to the www.creilsudoise-tourisme.fr website as the source and mention that reproduction rights are reserved and strictly limited.<\/li>\n<\/ul>\n\n\n\n<h3>Reproduction on electronic media<\/h3>\n\n\n\n<p>Reproduction of all or part of this site on an electronic medium is authorised provided that the source www.creilsudoise-tourisme.fr and the words \"All rights reserved\" are clearly and legibly added. The information may only be used for personal, associative or professional purposes; any use for commercial or advertising purposes is excluded.<\/p>\n\n\n\n<h3>Creating links to www.creilsudoise-tourisme.fr<\/h3>\n\n\n\n<p>The CREIL SUD OISE TOURISME website authorises the creation of a hypertext link to its content, subject to :<\/p>\n\n\n\n<ul>\n<li>not to use the deep linking technique, i.e. the pages of the www.creilsudoise-tourisme.fr site must not be nested within the pages of another site, but accessible by opening a window.<\/li>\n\n\n\n<li>mention the source by means of a hypertext link pointing directly to the content in question.<\/li>\n<\/ul>\n\n\n\n<p>The information may only be used for personal, associative or professional purposes; any use for commercial or advertising purposes is excluded. This authorisation does not apply to websites disseminating information of a controversial, pornographic or xenophobic nature or which may, to a greater or lesser extent, offend the sensibilities of a large number of people.<br>For other uses, please contact us.<\/p>\n\n\n\n<h2>Scope of content<\/h2>\n\n\n\n<p>Despite the care taken in gathering information and producing the site using the latest techniques, errors, omissions, inaccuracies, cuts or additions beyond our control may remain or be included on this site. For this reason, CREIL SUD OISE TOURISME cannot be held liable, either expressly or implicitly, for the entire content of the site; users of the site and the information it contains acknowledge that they use it at their own risk and that CREIL SUD OISE TOURISME cannot therefore be held liable for any direct or indirect damage of any nature whatsoever resulting in whole or in part from the use of the information on the site. Similarly, CREIL SUD OISE TOURISME may not be held liable for the nature or content of the sites referenced on the following pages, in particular those to which access is permitted by the use of the hypertext links appearing on the pages of this site. In accordance with law no. 78-17 of 6 January 1978, you have the right to access and rectify data concerning you.<\/p>\n\n\n\n<h2>Tourist Information System<\/h2>\n\n\n\n<p>Databases are protected by the law of 1st July 1998 and the French copyright regime. Any use or extraction of elements from the site not authorised by CREIL SUD OISE TOURISME is unlawful and punishable by law as an infringement of copyright.<\/p>\n\n\n\n<h2>Conditions of sale for the online ticket office or in person at the Office de Tourisme Creil Sud Oise<\/h2>\n\n\n\n<p>Reservation and purchase of tickets for services offered by Creil Tourist Office<br>Sud Oise implies the purchaser's express, prior, full and entire acceptance of the terms and conditions of sale. <a href=\"https:\/\/www.creilsudoise-tourisme.fr\/wp-content\/uploads\/2025\/11\/Deliberation-n\u00b018-2025-Annexe-Conditions-de-vente-billetterie-en-ligne-et-sur-place-CL.pdf\" target=\"_blank\" rel=\"noreferrer noopener\">Terms and conditions of sale<\/a> deliberated by the Executive Committee on 9 October 2025. <\/p>\n\n\n\n<h2>Partners<\/h2>\n\n\n\n<p><strong>Creil Sud Oise Conurbation Community<br><\/strong>24 Rue de la Villageoise, 60100 Creil - France<br>Tel: + 33 (0)3 44 64 74 74<br><a href=\"https:\/\/www.creilsudoise.fr\/\" target=\"_blank\" rel=\"noreferrer noopener\">www.creilsudoise.fr<\/a><\/p>\n\n\n\n<p><strong>The Oise Tourist Development Agency - ADT OISE TOURISME<br><\/strong>22 place de la Pr\u00e9fecture<br>BP 80822<br>60 008 Beauvais Cedex<br>Tel: + 33 (0)3 64 60 60 60<br><a href=\"https:\/\/www.oisetourisme.com\/\" target=\"_blank\" rel=\"noreferrer noopener\">www.oisetourisme.com<\/a><\/p>\n\n\n\n<p><strong>Mission Attractivit\u00e9 Hauts-de-France<br><\/strong>Headquarters: 3 rue Vincent Auriol, 80011 Amiens Cedex 1, France<br>Tel: + 33 (0)3.22.22.33.66<br><a href=\"https:\/\/www.hautsdefrance-tourisme-congres.com\/\" target=\"_blank\" rel=\"noreferrer noopener\">www.hautsdefrance-tourisme-congres.com<\/a><\/p>\n\n\n\n<h2>Photo credits<\/h2>\n\n\n\n<p>The photos on this site are not copyright-free.<br>Credits are indicated on the photos.<\/p>\n\n\n\n<h2>Protection of personal data<\/h2>\n\n\n\n<p>Please read our <a href=\"https:\/\/www.creilsudoise-tourisme.fr\/en\/privacy-policy\/\">Privacy policy<\/a> for more information.<\/p>","protected":false},"excerpt":{"rendered":"<p>En parcourant les pages du site, l&rsquo;internaute reconna\u00eet avoir lu et accept\u00e9 les limites de responsabilit\u00e9s et les conditions d&rsquo;utilisation du site. www.creilsudoise-tourisme.fr ne peut \u00eatre tenu responsable des difficult\u00e9s de connexion au r\u00e9seau Internet ou de visualisation des pages du site. L&rsquo;internaute reconna\u00eet, en particulier, \u00eatre inform\u00e9 des diff\u00e9rences d&rsquo;interpr\u00e9tation des pages Internet par [&hellip;]<\/p>","protected":false},"author":3,"featured_media":0,"parent":0,"menu_order":17,"comment_status":"closed","ping_status":"closed","template":"","meta":{"_relevanssi_hide_post":"","_relevanssi_hide_content":"","_relevanssi_pin_for_all":"","_relevanssi_pin_keywords":"","_relevanssi_unpin_keywords":"","_relevanssi_related_keywords":"","_relevanssi_related_include_ids":"","_relevanssi_related_exclude_ids":"","_relevanssi_related_no_append":"","_relevanssi_related_not_related":"","_relevanssi_related_posts":"275,273,32820,271,267","_relevanssi_noindex_reason":""},"yoast_head":"<!-- This site is optimized with the Yoast SEO plugin v20.2.1 - https:\/\/yoast.com\/wordpress\/plugins\/seo\/ -->\n<title>Mentions l\u00e9gales - Office de Tourisme Creil Sud Oise<\/title>\n<meta name=\"description\" content=\"En parcourant les pages du site, l&#039;internaute reconna\u00eet avoir lu et accept\u00e9 les limites de responsabilit\u00e9s et les conditions d&#039;utilisation du site.\" \/>\n<meta name=\"robots\" content=\"index, follow, max-snippet:-1, max-image-preview:large, max-video-preview:-1\" \/>\n<link rel=\"canonical\" href=\"https:\/\/www.creilsudoise-tourisme.fr\/en\/full-marks\/\" \/>\n<meta property=\"og:locale\" content=\"en_GB\" \/>\n<meta property=\"og:type\" content=\"article\" \/>\n<meta property=\"og:title\" content=\"Mentions l\u00e9gales - Office de Tourisme Creil Sud Oise\" \/>\n<meta property=\"og:description\" content=\"En parcourant les pages du site, l&#039;internaute reconna\u00eet avoir lu et accept\u00e9 les limites de responsabilit\u00e9s et les conditions d&#039;utilisation du site.\" \/>\n<meta property=\"og:url\" content=\"https:\/\/www.creilsudoise-tourisme.fr\/en\/full-marks\/\" \/>\n<meta property=\"og:site_name\" content=\"Office de Tourisme Creil Sud Oise\" \/>\n<meta property=\"article:publisher\" content=\"https:\/\/www.facebook.com\/creilsudoisetourisme\/\" \/>\n<meta property=\"article:modified_time\" content=\"2025-11-13T13:29:24+00:00\" \/>\n<meta property=\"og:image\" content=\"https:\/\/www.creilsudoise-tourisme.fr\/wp-content\/uploads\/2021\/02\/defaut.jpg\" \/>\n\t<meta property=\"og:image:width\" content=\"800\" \/>\n\t<meta property=\"og:image:height\" content=\"800\" \/>\n\t<meta property=\"og:image:type\" content=\"image\/jpeg\" \/>\n<meta name=\"twitter:card\" content=\"summary_large_image\" \/>\n<meta name=\"twitter:site\" content=\"@CreilSudOiseOT\" \/>\n<meta name=\"twitter:label1\" content=\"Estimated reading time\" \/>\n\t<meta name=\"twitter:data1\" content=\"4 minutes\" \/>\n<script type=\"application\/ld+json\" class=\"yoast-schema-graph\">{\"@context\":\"https:\/\/schema.org\",\"@graph\":[{\"@type\":\"WebPage\",\"@id\":\"https:\/\/www.creilsudoise-tourisme.fr\/mentions-legales\/\",\"url\":\"https:\/\/www.creilsudoise-tourisme.fr\/mentions-legales\/\",\"name\":\"Mentions l\u00e9gales - Office de Tourisme Creil Sud Oise\",\"isPartOf\":{\"@id\":\"https:\/\/www.creilsudoise-tourisme.fr\/#website\"},\"datePublished\":\"2021-02-12T14:57:31+00:00\",\"dateModified\":\"2025-11-13T13:29:24+00:00\",\"description\":\"En parcourant les pages du site, l'internaute reconna\u00eet avoir lu et accept\u00e9 les limites de responsabilit\u00e9s et les conditions d'utilisation du site.\",\"breadcrumb\":{\"@id\":\"https:\/\/www.creilsudoise-tourisme.fr\/mentions-legales\/#breadcrumb\"},\"inLanguage\":\"en-GB\",\"potentialAction\":[{\"@type\":\"ReadAction\",\"target\":[\"https:\/\/www.creilsudoise-tourisme.fr\/mentions-legales\/\"]}]},{\"@type\":\"BreadcrumbList\",\"@id\":\"https:\/\/www.creilsudoise-tourisme.fr\/mentions-legales\/#breadcrumb\",\"itemListElement\":[{\"@type\":\"ListItem\",\"position\":1,\"name\":\"Accueil\",\"item\":\"https:\/\/www.creilsudoise-tourisme.fr\/\"},{\"@type\":\"ListItem\",\"position\":2,\"name\":\"Mentions l\u00e9gales\"}]},{\"@type\":\"WebSite\",\"@id\":\"https:\/\/www.creilsudoise-tourisme.fr\/#website\",\"url\":\"https:\/\/www.creilsudoise-tourisme.fr\/\",\"name\":\"Office de Tourisme Creil Sud Oise\",\"description\":\"Creil Sud Oise Tourisme, un territoire \u00e0 explorer !\",\"publisher\":{\"@id\":\"https:\/\/www.creilsudoise-tourisme.fr\/#organization\"},\"potentialAction\":[{\"@type\":\"SearchAction\",\"target\":{\"@type\":\"EntryPoint\",\"urlTemplate\":\"https:\/\/www.creilsudoise-tourisme.fr\/?s={search_term_string}\"},\"query-input\":\"required name=search_term_string\"}],\"inLanguage\":\"en-GB\"},{\"@type\":\"Organization\",\"@id\":\"https:\/\/www.creilsudoise-tourisme.fr\/#organization\",\"name\":\"Creil Sud Oise Tourisme\",\"url\":\"https:\/\/www.creilsudoise-tourisme.fr\/\",\"logo\":{\"@type\":\"ImageObject\",\"inLanguage\":\"en-GB\",\"@id\":\"https:\/\/www.creilsudoise-tourisme.fr\/#\/schema\/logo\/image\/\",\"url\":\"https:\/\/www.creilsudoise-tourisme.fr\/wp-content\/uploads\/2021\/05\/logo-svg.png\",\"contentUrl\":\"https:\/\/www.creilsudoise-tourisme.fr\/wp-content\/uploads\/2021\/05\/logo-svg.png\",\"width\":182,\"height\":71,\"caption\":\"Creil Sud Oise Tourisme\"},\"image\":{\"@id\":\"https:\/\/www.creilsudoise-tourisme.fr\/#\/schema\/logo\/image\/\"},\"sameAs\":[\"https:\/\/www.facebook.com\/creilsudoisetourisme\/\",\"https:\/\/twitter.com\/CreilSudOiseOT\",\"https:\/\/www.instagram.com\/creilsudoisetourisme\/\",\"https:\/\/www.youtube.com\/channel\/UC8L_QD2wwyADW14zt9fY8kw\"]}]}<\/script>\n<!-- \/ Yoast SEO plugin. -->","yoast_head_json":{"title":"Mentions l\u00e9gales - Office de Tourisme Creil Sud Oise","description":"En parcourant les pages du site, l'internaute reconna\u00eet avoir lu et accept\u00e9 les limites de responsabilit\u00e9s et les conditions d'utilisation du site.","robots":{"index":"index","follow":"follow","max-snippet":"max-snippet:-1","max-image-preview":"max-image-preview:large","max-video-preview":"max-video-preview:-1"},"canonical":"https:\/\/www.creilsudoise-tourisme.fr\/en\/full-marks\/","og_locale":"en_GB","og_type":"article","og_title":"Mentions l\u00e9gales - Office de Tourisme Creil Sud Oise","og_description":"En parcourant les pages du site, l'internaute reconna\u00eet avoir lu et accept\u00e9 les limites de responsabilit\u00e9s et les conditions d'utilisation du site.","og_url":"https:\/\/www.creilsudoise-tourisme.fr\/en\/full-marks\/","og_site_name":"Office de Tourisme Creil Sud Oise","article_publisher":"https:\/\/www.facebook.com\/creilsudoisetourisme\/","article_modified_time":"2025-11-13T13:29:24+00:00","og_image":[{"width":800,"height":800,"url":"https:\/\/www.creilsudoise-tourisme.fr\/wp-content\/uploads\/2021\/02\/defaut.jpg","type":"image\/jpeg"}],"twitter_card":"summary_large_image","twitter_site":"@CreilSudOiseOT","twitter_misc":{"Estimated reading time":"4 minutes"},"schema":{"@context":"https:\/\/schema.org","@graph":[{"@type":"WebPage","@id":"https:\/\/www.creilsudoise-tourisme.fr\/mentions-legales\/","url":"https:\/\/www.creilsudoise-tourisme.fr\/mentions-legales\/","name":"Mentions l\u00e9gales - Office de Tourisme Creil Sud Oise","isPartOf":{"@id":"https:\/\/www.creilsudoise-tourisme.fr\/#website"},"datePublished":"2021-02-12T14:57:31+00:00","dateModified":"2025-11-13T13:29:24+00:00","description":"En parcourant les pages du site, l'internaute reconna\u00eet avoir lu et accept\u00e9 les limites de responsabilit\u00e9s et les conditions d'utilisation du site.","breadcrumb":{"@id":"https:\/\/www.creilsudoise-tourisme.fr\/mentions-legales\/#breadcrumb"},"inLanguage":"en-GB","potentialAction":[{"@type":"ReadAction","target":["https:\/\/www.creilsudoise-tourisme.fr\/mentions-legales\/"]}]},{"@type":"BreadcrumbList","@id":"https:\/\/www.creilsudoise-tourisme.fr\/mentions-legales\/#breadcrumb","itemListElement":[{"@type":"ListItem","position":1,"name":"Accueil","item":"https:\/\/www.creilsudoise-tourisme.fr\/"},{"@type":"ListItem","position":2,"name":"Mentions l\u00e9gales"}]},{"@type":"WebSite","@id":"https:\/\/www.creilsudoise-tourisme.fr\/#website","url":"https:\/\/www.creilsudoise-tourisme.fr\/","name":"Office de Tourisme Creil Sud Oise","description":"Creil Sud Oise Tourisme, un territoire \u00e0 explorer !","publisher":{"@id":"https:\/\/www.creilsudoise-tourisme.fr\/#organization"},"potentialAction":[{"@type":"SearchAction","target":{"@type":"EntryPoint","urlTemplate":"https:\/\/www.creilsudoise-tourisme.fr\/?s={search_term_string}"},"query-input":"required name=search_term_string"}],"inLanguage":"en-GB"},{"@type":"Organization","@id":"https:\/\/www.creilsudoise-tourisme.fr\/#organization","name":"Creil Sud Oise Tourisme","url":"https:\/\/www.creilsudoise-tourisme.fr\/","logo":{"@type":"ImageObject","inLanguage":"en-GB","@id":"https:\/\/www.creilsudoise-tourisme.fr\/#\/schema\/logo\/image\/","url":"https:\/\/www.creilsudoise-tourisme.fr\/wp-content\/uploads\/2021\/05\/logo-svg.png","contentUrl":"https:\/\/www.creilsudoise-tourisme.fr\/wp-content\/uploads\/2021\/05\/logo-svg.png","width":182,"height":71,"caption":"Creil Sud Oise Tourisme"},"image":{"@id":"https:\/\/www.creilsudoise-tourisme.fr\/#\/schema\/logo\/image\/"},"sameAs":["https:\/\/www.facebook.com\/creilsudoisetourisme\/","https:\/\/twitter.com\/CreilSudOiseOT","https:\/\/www.instagram.com\/creilsudoisetourisme\/","https:\/\/www.youtube.com\/channel\/UC8L_QD2wwyADW14zt9fY8kw"]}]}},"_links":{"self":[{"href":"https:\/\/www.creilsudoise-tourisme.fr\/en\/wp-json\/wp\/v2\/pages\/61"}],"collection":[{"href":"https:\/\/www.creilsudoise-tourisme.fr\/en\/wp-json\/wp\/v2\/pages"}],"about":[{"href":"https:\/\/www.creilsudoise-tourisme.fr\/en\/wp-json\/wp\/v2\/types\/page"}],"author":[{"embeddable":true,"href":"https:\/\/www.creilsudoise-tourisme.fr\/en\/wp-json\/wp\/v2\/users\/3"}],"replies":[{"embeddable":true,"href":"https:\/\/www.creilsudoise-tourisme.fr\/en\/wp-json\/wp\/v2\/comments?post=61"}],"version-history":[{"count":8,"href":"https:\/\/www.creilsudoise-tourisme.fr\/en\/wp-json\/wp\/v2\/pages\/61\/revisions"}],"predecessor-version":[{"id":66326,"href":"https:\/\/www.creilsudoise-tourisme.fr\/en\/wp-json\/wp\/v2\/pages\/61\/revisions\/66326"}],"wp:attachment":[{"href":"https:\/\/www.creilsudoise-tourisme.fr\/en\/wp-json\/wp\/v2\/media?parent=61"}],"curies":[{"name":"wp","href":"https:\/\/api.w.org\/{rel}","templated":true}]}}