{"id":43320,"date":"2022-11-02T16:30:44","date_gmt":"2022-11-02T15:30:30","guid":{"rendered":"https:\/\/www.creilsudoise-tourisme.fr\/?page_id=43320"},"modified":"2025-07-25T13:55:32","modified_gmt":"2025-07-25T11:55:32","slug":"menus-fete","status":"publish","type":"page","link":"https:\/\/www.creilsudoise-tourisme.fr\/en\/espace-pro\/call-for-projects\/menu-fete\/","title":{"rendered":"Your party menus"},"content":{"rendered":"<p class=\"is-style-excerpt\">You have concocted a <strong>special menu for the festive season or Valentine's Day?<\/strong> Send us your menus, <strong>we will promote it <\/strong>on our web supports (<strong><a href=\"https:\/\/www.facebook.com\/creilsudoisetourisme\" target=\"_blank\" rel=\"noreferrer noopener\">Facebook page<\/a> <\/strong>and section <strong><a href=\"https:\/\/www.creilsudoise-tourisme.fr\/en\/ot\/news-of-the-moment-gp\/\" target=\"_blank\" rel=\"noreferrer noopener\">News <\/a><\/strong>of the site)<\/p>\n\n\n\n<h2>Page dedicated to professional restaurateurs<\/h2>\n\n\n\n<p>Please fill in the form below: you can <strong>send us your menus in Word or PDF format<\/strong>or by the<strong> url link <\/strong>on your website that links to your menus, or by <strong>simply fill in the appropriate box(es).<\/strong><\/p>\n\n\n\n<p><strong>MANDATORY <\/strong>price per person, including or excluding drinks and booking details<\/p>\n\n\n<div class=\"frm_forms  with_frm_style frm_style_style-formidable\" id=\"frm_form_20_container\" data-token=\"312eed962a92d57d1caccb4b64178a5d\">\n<form enctype=\"multipart\/form-data\" method=\"post\" class=\"frm-show-form  frm_pro_form\" id=\"form_menu\"  data-token=\"312eed962a92d57d1caccb4b64178a5d\" action=\"\">\n<div class=\"frm_form_fields\">\n<fieldset>\n<legend class=\"frm_screen_reader\">Menu<\/legend>\r\n\r\n<div class=\"frm_fields_container\">\n<input type=\"hidden\" name=\"frm_action\" value=\"create\" \/>\n<input type=\"hidden\" name=\"form_id\" value=\"20\" \/>\n<input type=\"hidden\" name=\"frm_hide_fields_20\" id=\"frm_hide_fields_20\" value=\"\" \/>\n<input type=\"hidden\" name=\"form_key\" value=\"menu\" \/>\n<input type=\"hidden\" name=\"item_meta[0]\" value=\"\" \/>\n<input type=\"hidden\" id=\"frm_submit_entry_20\" name=\"frm_submit_entry_20\" value=\"1eb7c3f2b0\" \/><input type=\"hidden\" name=\"_wp_http_referer\" value=\"\/en\/wp-json\/wp\/v2\/pages\/43320\" \/><div id=\"frm_field_237_container\" class=\"frm_form_field frm_section_heading form-field formGroup formGroup--divider\">\r\n<h3 class=\"frm_pos_top frm_section_spacing\">Your restaurant<\/h3>\r\n\r\n\r\n<div id=\"frm_field_239_container\" class=\"frm_form_field form-field  frm_required_field formGroup formGroup--text  frm_top_container\">\r\n    <label for=\"field_j30oy\" id=\"field_j30oy_label\" class=\"frm_primary_label formGroupLabel\">Name of your restaurant\r\n        <span class=\"frm_required\" aria-hidden=\"true\">*<\/span>\r\n    <\/label>\r\n    <div class=\"formGroupField\"><input type=\"text\" id=\"field_j30oy\" name=\"item_meta[239]\" value=\"\"  data-sectionid=\"237\" data-reqmsg=\"Ce champ ne peut pas \u00eatre vide\" aria-required=\"true\" data-invmsg=\"texte est non valide\" aria-invalid=\"false\"  \/>\r\n    \r\n    \r\n<\/div><\/div>\n<div id=\"frm_field_241_container\" class=\"frm_form_field form-field  frm_required_field formGroup formGroup--phone  frm_top_container\">\r\n    <label for=\"field_upw74\" id=\"field_upw74_label\" class=\"frm_primary_label formGroupLabel\">Booking telephone number\r\n        <span class=\"frm_required\" aria-hidden=\"true\">*<\/span>\r\n    <\/label>\r\n    <div class=\"formGroupField\"><input type=\"tel\" id=\"field_upw74\" name=\"item_meta[241]\" value=\"\"  data-sectionid=\"237\" data-reqmsg=\"Ce champ ne peut pas \u00eatre vide\" aria-required=\"true\" data-invmsg=\"T\u00e9l\u00e9phone est non valide\" aria-invalid=\"false\" pattern=\"((\\+\\d{1,3}(-|.| )?\\(?\\d\\)?(-| |.)?\\d{1,5})|(\\(?\\d{2,6}\\)?))(-|.| )?(\\d{3,4})(-|.| )?(\\d{4})(( x| ext)\\d{1,5}){0,1}$\"  \/>\r\n    \r\n    \r\n<\/div><\/div>\n<\/div>\n<div id=\"frm_field_233_container\" class=\"frm_form_field frm_section_heading form-field formGroup formGroup--divider\">\r\n<h3 class=\"frm_pos_top frm_section_spacing\">Your menu(s)<\/h3>\r\n\r\n\r\n<div id=\"frm_field_232_container\" class=\"frm_form_field form-field  formGroup formGroup--text  frm_top_container\">\r\n    <label for=\"field_f9f3t\" id=\"field_f9f3t_label\" class=\"frm_primary_label formGroupLabel\">Copy your menu here\r\n        <span class=\"frm_required\" aria-hidden=\"true\"><\/span>\r\n    <\/label>\r\n    <div class=\"formGroupField\"><input type=\"text\" id=\"field_f9f3t\" name=\"item_meta[232]\" value=\"\"  data-sectionid=\"233\" data-invmsg=\"texte est non valide\" aria-invalid=\"false\"  \/>\r\n    \r\n    \r\n<\/div><\/div>\n<div id=\"frm_field_235_container\" class=\"frm_form_field form-field  formGroup formGroup--text  frm_top_container\">\r\n    <label for=\"field_lc6gn\" id=\"field_lc6gn_label\" class=\"frm_primary_label formGroupLabel\">Copy your menu here\r\n        <span class=\"frm_required\" aria-hidden=\"true\"><\/span>\r\n    <\/label>\r\n    <div class=\"formGroupField\"><input type=\"text\" id=\"field_lc6gn\" name=\"item_meta[235]\" value=\"\"  data-sectionid=\"233\" data-invmsg=\"texte est non valide\" aria-invalid=\"false\"  \/>\r\n    \r\n    \r\n<\/div><\/div>\n<div id=\"frm_field_236_container\" class=\"frm_form_field form-field  formGroup formGroup--text  frm_top_container\">\r\n    <label for=\"field_gx52l\" id=\"field_gx52l_label\" class=\"frm_primary_label formGroupLabel\">Copy your menu here\r\n        <span class=\"frm_required\" aria-hidden=\"true\"><\/span>\r\n    <\/label>\r\n    <div class=\"formGroupField\"><input type=\"text\" id=\"field_gx52l\" name=\"item_meta[236]\" value=\"\"  data-sectionid=\"233\" data-invmsg=\"texte est non valide\" aria-invalid=\"false\"  \/>\r\n    \r\n    \r\n<\/div><\/div>\n<div id=\"frm_field_231_container\" class=\"frm_form_field form-field  formGroup formGroup--file  frm_top_container\">\r\n    <label for=\"field_ieemj\" id=\"field_ieemj_label\" class=\"frm_primary_label formGroupLabel\">Or send us your menu(s) by PDF \/ word\r\n        <span class=\"frm_required\" aria-hidden=\"true\"><\/span>\r\n    <\/label>\r\n    <div class=\"formGroupField\"><input type=\"hidden\" name=\"item_meta[231]\"  value=\"\" data-frmfile=\"231\" \/>\n\n<div class=\"frm_dropzone frm_single_upload frm_clearfix\" id=\"file231_dropzone\" role=\"group\" >\n\t<div class=\"fallback\">\n\t\t<input type=\"file\" name=\"file231\" id=\"field_ieemj\"\n\t\t\t data-invmsg=\"T\u00e9l\u00e9versement de fichier est non valide\" aria-invalid=\"false\"  \t\t\t\/>\n\t\t\t\t<div class=\"frm_clearfix\"><\/div>\n\t<\/div>\n\t<div class=\"dz-message needsclick\">\n\t\t<span class=\"frm_icon_font frm_upload_icon\"><\/span>\n\t\t<span class=\"frm_upload_text\"><button type=\"button\">Upload a file here or click to download<\/button><\/span>\n\t\t<span class=\"frm_compact_text\"><button type=\"button\">Choose a file<\/button><\/span>\n\t\t<div class=\"frm_small_text\">\n\t\t\tMaximum upload size: 15.36MB\t\t<\/div>\n\t<\/div>\n<\/div>\n\r\n    \r\n    \r\n<\/div><\/div>\n<div id=\"frm_field_228_container\" class=\"frm_form_field form-field  formGroup formGroup--url  frm_top_container\">\r\n    <label for=\"field_t0cpj\" id=\"field_t0cpj_label\" class=\"frm_primary_label formGroupLabel\">Or send us the URL where your menu can be found\r\n        <span class=\"frm_required\" aria-hidden=\"true\"><\/span>\r\n    <\/label>\r\n    <div class=\"formGroupField\"><input type=\"url\" id=\"field_t0cpj\" name=\"item_meta[228]\" value=\"\"  data-invmsg=\"Site Web\/URL est non valide\" aria-invalid=\"false\"  \/>\r\n    \r\n    \r\n<\/div><\/div>\n<div id=\"frm_field_229_container\" class=\"frm_form_field form-field  formGroup formGroup--url  frm_top_container\">\r\n    <label for=\"field_yfqpb\" id=\"field_yfqpb_label\" class=\"frm_primary_label formGroupLabel\">URL link to your menu\r\n        <span class=\"frm_required\" aria-hidden=\"true\"><\/span>\r\n    <\/label>\r\n    <div class=\"formGroupField\"><input type=\"url\" id=\"field_yfqpb\" name=\"item_meta[229]\" value=\"\"  data-sectionid=\"233\" data-invmsg=\"Site Web\/URL est non valide\" aria-invalid=\"false\"  \/>\r\n    \r\n    \r\n<\/div><\/div>\n<div id=\"frm_field_230_container\" class=\"frm_form_field form-field  formGroup formGroup--url  frm_top_container\">\r\n    <label for=\"field_khczc\" id=\"field_khczc_label\" class=\"frm_primary_label formGroupLabel\">URL link to your menu\r\n        <span class=\"frm_required\" aria-hidden=\"true\"><\/span>\r\n    <\/label>\r\n    <div class=\"formGroupField\"><input type=\"url\" id=\"field_khczc\" name=\"item_meta[230]\" value=\"\"  data-sectionid=\"233\" data-invmsg=\"Site Web\/URL est non valide\" aria-invalid=\"false\"  \/>\r\n    \r\n    \r\n<\/div><\/div>\n<\/div>\n\t<input type=\"hidden\" name=\"item_key\" value=\"\" \/>\n\t\t\t\t<div class=\"frm_verify\" >\n\t\t\t\t<label for=\"frm_email_20\">\n\t\t\t\t\tIf you are human, leave this field blank.\t\t\t\t<\/label>\n\t\t\t\t<input type=\"email\" class=\"frm_verify\" id=\"frm_email_20\" name=\"frm_verify\" value=\"\"  \/>\n\t\t\t<\/div>\n\t\t<input name=\"frm_state\" type=\"hidden\" value=\"lReVYc7J+CAuHDZocIFlZPEf17reRR6huxRtnRrb\/Mg=\" \/><div class=\"formGroup formGroup--nolabel\"><span class=\"required\">Fields marked with * are mandatory<\/span><\/div><div class=\"frm_submit formGroup--nolabel\">\r\n\r\n<button class=\"frm_button_submit frm_final_submit button\" type=\"submit\"   formnovalidate=\"formnovalidate\">Send<\/button>\r\n\r\n<\/div><\/div>\n<\/fieldset>\n<\/div>\n<input type=\"hidden\" name=\"trp-form-language\" value=\"en\"\/><\/form>\n<\/div>\n\n\n\n<p class=\"has-text-align-center\"><strong>Thank you very much!<\/strong><\/p>\n\n\n\n<hr class=\"wp-block-separator has-css-opacity\"\/>\n\n\n<div class=\"wp-block wp-block-highlight\">\n            <h3 class=\"wp-block-highlight-item wp-block-highlight-title\">Do you organise events?<\/h3>\n                <p class=\"wp-block-highlight-item wp-block-highlight-excerpt\">You organise <strong>events in your restaurant <\/strong>? Let us know on our <strong><a href=\"https:\/\/www.facebook.com\/creilsudoisetourisme\" target=\"_blank\" rel=\"noreferrer noopener\">Facebook page<\/a><\/strong> and our <strong><a href=\"https:\/\/www.creilsudoise-tourisme.fr\/en\/agenda\/\" target=\"_blank\" rel=\"noreferrer noopener\">Calendar <\/a><\/strong>by completing the <strong><a href=\"http:\/\/oise.tourinsoft.com\/questionnaire-web\/2f591c16-b52e-4dfc-8106-ffe735dad39e\/eef450e0-413e-4799-b603-660b1bec7447\/add.aspx\" target=\"_blank\" rel=\"noreferrer noopener\">dedicated form<\/a><\/strong>.<\/p>\n    <\/div>","protected":false},"excerpt":{"rendered":"<p>Have you devised a special menu for the festive season or Valentine's Day? Send us your menus and we'll promote them on our website (Facebook page and News section). Page dedicated to professional restaurateurs Please fill in the form below: you can send us your menus [...].<\/p>","protected":false},"author":3,"featured_media":43313,"parent":38425,"menu_order":2,"comment_status":"closed","ping_status":"closed","template":"","meta":{"_relevanssi_hide_post":"","_relevanssi_hide_content":"","_relevanssi_pin_for_all":"","_relevanssi_pin_keywords":"","_relevanssi_unpin_keywords":"","_relevanssi_related_keywords":"","_relevanssi_related_include_ids":"","_relevanssi_related_exclude_ids":"","_relevanssi_related_no_append":"","_relevanssi_related_not_related":"","_relevanssi_related_posts":"32820,39133,40448,37920,271,43312","_relevanssi_noindex_reason":""},"yoast_head":"<!-- This site is optimized with the Yoast SEO plugin v20.2.1 - https:\/\/yoast.com\/wordpress\/plugins\/seo\/ -->\n<title>Restaurateurs, communiquez sur vos menus des f\u00eates<\/title>\n<meta name=\"description\" content=\"Espace d\u00e9di\u00e9 aux restaurateurs de Creil Sud Oise : remplissez le formulaire pour que l&#039;Office de Tourisme Creil Sud Oise en fasse la promo !\" \/>\n<meta name=\"robots\" content=\"index, follow, max-snippet:-1, max-image-preview:large, max-video-preview:-1\" \/>\n<link rel=\"canonical\" href=\"https:\/\/www.creilsudoise-tourisme.fr\/en\/espace-pro\/call-for-projects\/menu-fete\/\" \/>\n<meta property=\"og:locale\" content=\"en_GB\" \/>\n<meta property=\"og:type\" content=\"article\" \/>\n<meta property=\"og:title\" content=\"Restaurateurs, communiquez sur vos menus des f\u00eates\" \/>\n<meta property=\"og:description\" content=\"Espace d\u00e9di\u00e9 aux restaurateurs de Creil Sud Oise : remplissez le formulaire pour que l&#039;Office de Tourisme Creil Sud Oise en fasse la promo !\" \/>\n<meta property=\"og:url\" content=\"https:\/\/www.creilsudoise-tourisme.fr\/en\/espace-pro\/call-for-projects\/menu-fete\/\" \/>\n<meta property=\"og:site_name\" content=\"Office de Tourisme Creil Sud Oise\" \/>\n<meta property=\"article:publisher\" content=\"https:\/\/www.facebook.com\/creilsudoisetourisme\/\" \/>\n<meta property=\"article:modified_time\" content=\"2025-07-25T11:55:32+00:00\" \/>\n<meta property=\"og:image\" content=\"https:\/\/www.creilsudoise-tourisme.fr\/wp-content\/uploads\/2022\/11\/served-christmas-table-setting-in-dark-tones-with-golden-deco-1.jpg\" \/>\n\t<meta property=\"og:image:width\" content=\"1280\" \/>\n\t<meta property=\"og:image:height\" content=\"1920\" \/>\n\t<meta property=\"og:image:type\" content=\"image\/jpeg\" \/>\n<meta name=\"twitter:card\" content=\"summary_large_image\" \/>\n<meta name=\"twitter:site\" content=\"@CreilSudOiseOT\" \/>\n<meta name=\"twitter:label1\" content=\"Estimated reading time\" \/>\n\t<meta name=\"twitter:data1\" content=\"1 minute\" \/>\n<script type=\"application\/ld+json\" class=\"yoast-schema-graph\">{\"@context\":\"https:\/\/schema.org\",\"@graph\":[{\"@type\":\"WebPage\",\"@id\":\"https:\/\/www.creilsudoise-tourisme.fr\/espace-pro\/appel-projet\/menus-fete\/\",\"url\":\"https:\/\/www.creilsudoise-tourisme.fr\/espace-pro\/appel-projet\/menus-fete\/\",\"name\":\"Restaurateurs, communiquez sur vos menus des f\u00eates\",\"isPartOf\":{\"@id\":\"https:\/\/www.creilsudoise-tourisme.fr\/#website\"},\"datePublished\":\"2022-11-02T15:30:30+00:00\",\"dateModified\":\"2025-07-25T11:55:32+00:00\",\"description\":\"Espace d\u00e9di\u00e9 aux restaurateurs de Creil Sud Oise : remplissez le formulaire pour que l'Office de Tourisme Creil Sud Oise en fasse la promo !\",\"breadcrumb\":{\"@id\":\"https:\/\/www.creilsudoise-tourisme.fr\/espace-pro\/appel-projet\/menus-fete\/#breadcrumb\"},\"inLanguage\":\"en-GB\",\"potentialAction\":[{\"@type\":\"ReadAction\",\"target\":[\"https:\/\/www.creilsudoise-tourisme.fr\/espace-pro\/appel-projet\/menus-fete\/\"]}]},{\"@type\":\"BreadcrumbList\",\"@id\":\"https:\/\/www.creilsudoise-tourisme.fr\/espace-pro\/appel-projet\/menus-fete\/#breadcrumb\",\"itemListElement\":[{\"@type\":\"ListItem\",\"position\":1,\"name\":\"Accueil\",\"item\":\"https:\/\/www.creilsudoise-tourisme.fr\/\"},{\"@type\":\"ListItem\",\"position\":2,\"name\":\"Espace pro\",\"item\":\"https:\/\/www.creilsudoise-tourisme.fr\/espace-pro\/\"},{\"@type\":\"ListItem\",\"position\":3,\"name\":\"Appels \u00e0 projets\",\"item\":\"https:\/\/www.creilsudoise-tourisme.fr\/espace-pro\/appel-projet\/\"},{\"@type\":\"ListItem\",\"position\":4,\"name\":\"Vos menus de f\u00eate\"}]},{\"@type\":\"WebSite\",\"@id\":\"https:\/\/www.creilsudoise-tourisme.fr\/#website\",\"url\":\"https:\/\/www.creilsudoise-tourisme.fr\/\",\"name\":\"Office de Tourisme Creil Sud Oise\",\"description\":\"Creil Sud Oise Tourisme, un territoire \u00e0 explorer !\",\"publisher\":{\"@id\":\"https:\/\/www.creilsudoise-tourisme.fr\/#organization\"},\"potentialAction\":[{\"@type\":\"SearchAction\",\"target\":{\"@type\":\"EntryPoint\",\"urlTemplate\":\"https:\/\/www.creilsudoise-tourisme.fr\/?s={search_term_string}\"},\"query-input\":\"required name=search_term_string\"}],\"inLanguage\":\"en-GB\"},{\"@type\":\"Organization\",\"@id\":\"https:\/\/www.creilsudoise-tourisme.fr\/#organization\",\"name\":\"Creil Sud Oise Tourisme\",\"url\":\"https:\/\/www.creilsudoise-tourisme.fr\/\",\"logo\":{\"@type\":\"ImageObject\",\"inLanguage\":\"en-GB\",\"@id\":\"https:\/\/www.creilsudoise-tourisme.fr\/#\/schema\/logo\/image\/\",\"url\":\"https:\/\/www.creilsudoise-tourisme.fr\/wp-content\/uploads\/2021\/05\/logo-svg.png\",\"contentUrl\":\"https:\/\/www.creilsudoise-tourisme.fr\/wp-content\/uploads\/2021\/05\/logo-svg.png\",\"width\":182,\"height\":71,\"caption\":\"Creil Sud Oise Tourisme\"},\"image\":{\"@id\":\"https:\/\/www.creilsudoise-tourisme.fr\/#\/schema\/logo\/image\/\"},\"sameAs\":[\"https:\/\/www.facebook.com\/creilsudoisetourisme\/\",\"https:\/\/twitter.com\/CreilSudOiseOT\",\"https:\/\/www.instagram.com\/creilsudoisetourisme\/\",\"https:\/\/www.youtube.com\/channel\/UC8L_QD2wwyADW14zt9fY8kw\"]}]}<\/script>\n<!-- \/ Yoast SEO plugin. -->","yoast_head_json":{"title":"Restaurateurs, communiquez sur vos menus des f\u00eates","description":"Espace d\u00e9di\u00e9 aux restaurateurs de Creil Sud Oise : remplissez le formulaire pour que l'Office de Tourisme Creil Sud Oise en fasse la promo !","robots":{"index":"index","follow":"follow","max-snippet":"max-snippet:-1","max-image-preview":"max-image-preview:large","max-video-preview":"max-video-preview:-1"},"canonical":"https:\/\/www.creilsudoise-tourisme.fr\/en\/espace-pro\/call-for-projects\/menu-fete\/","og_locale":"en_GB","og_type":"article","og_title":"Restaurateurs, communiquez sur vos menus des f\u00eates","og_description":"Espace d\u00e9di\u00e9 aux restaurateurs de Creil Sud Oise : remplissez le formulaire pour que l'Office de Tourisme Creil Sud Oise en fasse la promo !","og_url":"https:\/\/www.creilsudoise-tourisme.fr\/en\/espace-pro\/call-for-projects\/menu-fete\/","og_site_name":"Office de Tourisme Creil Sud Oise","article_publisher":"https:\/\/www.facebook.com\/creilsudoisetourisme\/","article_modified_time":"2025-07-25T11:55:32+00:00","og_image":[{"width":1280,"height":1920,"url":"https:\/\/www.creilsudoise-tourisme.fr\/wp-content\/uploads\/2022\/11\/served-christmas-table-setting-in-dark-tones-with-golden-deco-1.jpg","type":"image\/jpeg"}],"twitter_card":"summary_large_image","twitter_site":"@CreilSudOiseOT","twitter_misc":{"Estimated reading time":"1 minute"},"schema":{"@context":"https:\/\/schema.org","@graph":[{"@type":"WebPage","@id":"https:\/\/www.creilsudoise-tourisme.fr\/espace-pro\/appel-projet\/menus-fete\/","url":"https:\/\/www.creilsudoise-tourisme.fr\/espace-pro\/appel-projet\/menus-fete\/","name":"Restaurateurs, communiquez sur vos menus des f\u00eates","isPartOf":{"@id":"https:\/\/www.creilsudoise-tourisme.fr\/#website"},"datePublished":"2022-11-02T15:30:30+00:00","dateModified":"2025-07-25T11:55:32+00:00","description":"Espace d\u00e9di\u00e9 aux restaurateurs de Creil Sud Oise : remplissez le formulaire pour que l'Office de Tourisme Creil Sud Oise en fasse la promo !","breadcrumb":{"@id":"https:\/\/www.creilsudoise-tourisme.fr\/espace-pro\/appel-projet\/menus-fete\/#breadcrumb"},"inLanguage":"en-GB","potentialAction":[{"@type":"ReadAction","target":["https:\/\/www.creilsudoise-tourisme.fr\/espace-pro\/appel-projet\/menus-fete\/"]}]},{"@type":"BreadcrumbList","@id":"https:\/\/www.creilsudoise-tourisme.fr\/espace-pro\/appel-projet\/menus-fete\/#breadcrumb","itemListElement":[{"@type":"ListItem","position":1,"name":"Accueil","item":"https:\/\/www.creilsudoise-tourisme.fr\/"},{"@type":"ListItem","position":2,"name":"Espace pro","item":"https:\/\/www.creilsudoise-tourisme.fr\/espace-pro\/"},{"@type":"ListItem","position":3,"name":"Appels \u00e0 projets","item":"https:\/\/www.creilsudoise-tourisme.fr\/espace-pro\/appel-projet\/"},{"@type":"ListItem","position":4,"name":"Vos menus de f\u00eate"}]},{"@type":"WebSite","@id":"https:\/\/www.creilsudoise-tourisme.fr\/#website","url":"https:\/\/www.creilsudoise-tourisme.fr\/","name":"Office de Tourisme Creil Sud Oise","description":"Creil Sud Oise Tourisme, un territoire \u00e0 explorer !","publisher":{"@id":"https:\/\/www.creilsudoise-tourisme.fr\/#organization"},"potentialAction":[{"@type":"SearchAction","target":{"@type":"EntryPoint","urlTemplate":"https:\/\/www.creilsudoise-tourisme.fr\/?s={search_term_string}"},"query-input":"required name=search_term_string"}],"inLanguage":"en-GB"},{"@type":"Organization","@id":"https:\/\/www.creilsudoise-tourisme.fr\/#organization","name":"Creil Sud Oise Tourisme","url":"https:\/\/www.creilsudoise-tourisme.fr\/","logo":{"@type":"ImageObject","inLanguage":"en-GB","@id":"https:\/\/www.creilsudoise-tourisme.fr\/#\/schema\/logo\/image\/","url":"https:\/\/www.creilsudoise-tourisme.fr\/wp-content\/uploads\/2021\/05\/logo-svg.png","contentUrl":"https:\/\/www.creilsudoise-tourisme.fr\/wp-content\/uploads\/2021\/05\/logo-svg.png","width":182,"height":71,"caption":"Creil Sud Oise Tourisme"},"image":{"@id":"https:\/\/www.creilsudoise-tourisme.fr\/#\/schema\/logo\/image\/"},"sameAs":["https:\/\/www.facebook.com\/creilsudoisetourisme\/","https:\/\/twitter.com\/CreilSudOiseOT","https:\/\/www.instagram.com\/creilsudoisetourisme\/","https:\/\/www.youtube.com\/channel\/UC8L_QD2wwyADW14zt9fY8kw"]}]}},"_links":{"self":[{"href":"https:\/\/www.creilsudoise-tourisme.fr\/en\/wp-json\/wp\/v2\/pages\/43320"}],"collection":[{"href":"https:\/\/www.creilsudoise-tourisme.fr\/en\/wp-json\/wp\/v2\/pages"}],"about":[{"href":"https:\/\/www.creilsudoise-tourisme.fr\/en\/wp-json\/wp\/v2\/types\/page"}],"author":[{"embeddable":true,"href":"https:\/\/www.creilsudoise-tourisme.fr\/en\/wp-json\/wp\/v2\/users\/3"}],"replies":[{"embeddable":true,"href":"https:\/\/www.creilsudoise-tourisme.fr\/en\/wp-json\/wp\/v2\/comments?post=43320"}],"version-history":[{"count":6,"href":"https:\/\/www.creilsudoise-tourisme.fr\/en\/wp-json\/wp\/v2\/pages\/43320\/revisions"}],"predecessor-version":[{"id":64177,"href":"https:\/\/www.creilsudoise-tourisme.fr\/en\/wp-json\/wp\/v2\/pages\/43320\/revisions\/64177"}],"up":[{"embeddable":true,"href":"https:\/\/www.creilsudoise-tourisme.fr\/en\/wp-json\/wp\/v2\/pages\/38425"}],"wp:featuredmedia":[{"embeddable":true,"href":"https:\/\/www.creilsudoise-tourisme.fr\/en\/wp-json\/wp\/v2\/media\/43313"}],"wp:attachment":[{"href":"https:\/\/www.creilsudoise-tourisme.fr\/en\/wp-json\/wp\/v2\/media?parent=43320"}],"curies":[{"name":"wp","href":"https:\/\/api.w.org\/{rel}","templated":true}]}}