{"id":185,"date":"2021-02-17T10:03:15","date_gmt":"2021-02-17T09:03:15","guid":{"rendered":"https:\/\/www.creilsudoise-tourisme.fr\/une-activite-sur-leau\/"},"modified":"2025-09-15T10:08:20","modified_gmt":"2025-09-15T08:08:20","slug":"activite-nautique","status":"publish","type":"page","link":"https:\/\/www.creilsudoise-tourisme.fr\/en\/i-search\/water-activity\/","title":{"rendered":"An activity on the water"},"content":{"rendered":"<p class=\"is-style-excerpt\">At only <strong>30 min by train from Gare du Nord in Paris<\/strong>s, the <strong>doors of the Val d'Oise<\/strong>Destination Creil Sud Oise proposes to <strong>numerous activities on the water<\/strong> ! Travel along the Oise, Th\u00e9rain and Br\u00e8che rivers to explore Creil Sud Oise from the water...<\/p>\n\n\n\n<div class=\"is-layout-flex wp-container-5 wp-block-columns\">\n<div class=\"is-layout-flow wp-block-column\">\n<div class=\"is-horizontal is-content-justification-right is-layout-flex wp-container-1 wp-block-buttons\">\n<div class=\"wp-block-button\"><a class=\"wp-block-button__link wp-element-button\" href=\"#Nautique\">Water sports activities<\/a><\/div>\n<\/div>\n<\/div>\n\n\n\n<div class=\"is-layout-flow wp-block-column\">\n<div class=\"is-layout-flex wp-block-buttons\">\n<div class=\"wp-block-button\"><a class=\"wp-block-button__link wp-element-button\" href=\"#P\u00eache\">fishing spots<\/a><\/div>\n<\/div>\n<\/div>\n<\/div>\n\n\n\n<h2 id=\"Nautique\">Water sports activities<\/h2>\n\n\n\n<figure class=\"wp-block-embed is-type-video is-provider-youtube wp-block-embed-youtube wp-embed-aspect-16-9 wp-has-aspect-ratio\"><div class=\"wp-block-embed__wrapper\">\n<iframe loading=\"lazy\" title=\"[MEET] with Isabelle &amp; Christos from the Creil Rowing Club | Creil Sud Oise Tourisme\" width=\"500\" height=\"281\" data-src=\"https:\/\/www.youtube.com\/embed\/foSyZd71td0?feature=oembed\" frameborder=\"0\" allow=\"accelerometer; autoplay; clipboard-write; encrypted-media; gyroscope; picture-in-picture; web-share\" referrerpolicy=\"strict-origin-when-cross-origin\" allowfullscreen><\/iframe>\n<\/div><\/figure>\n\n\n<div data-related-sit=\"1\" data-block-type=\"related-sit-gt\" data-block-id=\"wpet-sit-1i2qontxvg0\"><div class=\"wp-block wp-block-related-post wp-block-related-list-sit alignfull\">\n    \n    <div class=\"container\">\n\n                    <h2 class=\"wp-block-related-post-title\">Discover the selection!<\/h2>\n        \n                    <div id=\"wpiris-related-post-34\" data-id=\"wpiris-entity-slider\">\n                <div class=\"wp-block-related-post-list wp-block-related-post-list--7\" data-id=\"wpiris-entity-slider-wrapper\">\n\n                    \n<div class=\"entityItem\" data-trigger=\"wpiris-click\" data-id=\"wpiris-entity-slider-item\">\n    <p class=\"entityItemThumbnail\">\n        <a href=\"https:\/\/www.creilsudoise-tourisme.fr\/en\/loisirs\/base-nautique-de-saint-leu-desserent\/\" nofancybox>\n            <img data-src=\"https:\/\/www.creilsudoise-tourisme.fr\/wp-content\/uploads\/wpetourisme\/Base-nautique-CreilSudOiseTourisme--20--275x350.jpg\" alt=\"Saint-Leu-d&#039;Esserent Sailing Club\">\n        <\/a>\n    <\/p>\n    <div class=\"entityItemContent\">\n        <h2 class=\"entityItemContentTitle\">\n            <a href=\"https:\/\/www.creilsudoise-tourisme.fr\/en\/loisirs\/base-nautique-de-saint-leu-desserent\/\">Saint-Leu-d'Esserent Sailing Club<\/a>\n        <\/h2>\n                    <p class=\"entityItemContentType\">Sports, cultural and touring activities<\/p>\n            <\/div>\n    <a href=\"https:\/\/www.creilsudoise-tourisme.fr\/en\/loisirs\/base-nautique-de-saint-leu-desserent\/\" class=\"seeMore\"><span class=\"sr-only\">See more<\/span><\/a>\n<\/div>\n\n<div class=\"entityItem\" data-trigger=\"wpiris-click\" data-id=\"wpiris-entity-slider-item\">\n    <p class=\"entityItemThumbnail\">\n        <a href=\"https:\/\/www.creilsudoise-tourisme.fr\/en\/loisirs\/etoile-nautique-de-loise\/\" nofancybox>\n            <img data-src=\"https:\/\/www.creilsudoise-tourisme.fr\/wp-content\/uploads\/wpetourisme\/Initiation-a-l-aviron-gratuite-a-Creil-275x350.jpg\" alt=\"Etoile Nautique de l&#039;Oise (Creil Eno) - Rowing\">\n        <\/a>\n    <\/p>\n    <div class=\"entityItemContent\">\n        <h2 class=\"entityItemContentTitle\">\n            <a href=\"https:\/\/www.creilsudoise-tourisme.fr\/en\/loisirs\/etoile-nautique-de-loise\/\">Etoile Nautique de l'Oise (Creil Eno) - Rowing<\/a>\n        <\/h2>\n                    <p class=\"entityItemContentType\">Sports, cultural and touring activities<\/p>\n            <\/div>\n    <a href=\"https:\/\/www.creilsudoise-tourisme.fr\/en\/loisirs\/etoile-nautique-de-loise\/\" class=\"seeMore\"><span class=\"sr-only\">See more<\/span><\/a>\n<\/div>\n\n<div class=\"entityItem\" data-trigger=\"wpiris-click\" data-id=\"wpiris-entity-slider-item\">\n    <p class=\"entityItemThumbnail\">\n        <a href=\"https:\/\/www.creilsudoise-tourisme.fr\/en\/loisirs\/canoe-kayak-club-du-therain\/\" nofancybox>\n            <img data-src=\"https:\/\/www.creilsudoise-tourisme.fr\/wp-content\/uploads\/wpetourisme\/Canoe-Kayak-Montataire-CreilSudOiseTourisme--2--275x350.jpg\" alt=\"Therain Canoeing and Kayaking Club\">\n        <\/a>\n    <\/p>\n    <div class=\"entityItemContent\">\n        <h2 class=\"entityItemContentTitle\">\n            <a href=\"https:\/\/www.creilsudoise-tourisme.fr\/en\/loisirs\/canoe-kayak-club-du-therain\/\">Therain Canoeing and Kayaking Club<\/a>\n        <\/h2>\n                    <p class=\"entityItemContentType\">Sports, cultural and touring activities<\/p>\n            <\/div>\n    <a href=\"https:\/\/www.creilsudoise-tourisme.fr\/en\/loisirs\/canoe-kayak-club-du-therain\/\" class=\"seeMore\"><span class=\"sr-only\">See more<\/span><\/a>\n<\/div>\n\n<div class=\"entityItem\" data-trigger=\"wpiris-click\" data-id=\"wpiris-entity-slider-item\">\n    <p class=\"entityItemThumbnail\">\n        <a href=\"https:\/\/www.creilsudoise-tourisme.fr\/en\/loisirs\/piscine-de-creil\/\" nofancybox>\n            <img data-src=\"https:\/\/www.creilsudoise-tourisme.fr\/wp-content\/uploads\/wpetourisme\/CREIL-Piscine-Ville-de-Creil-Sylvia-Dhersignerie--4--275x350.jpg\" alt=\"Creil swimming pool\">\n        <\/a>\n    <\/p>\n    <div class=\"entityItemContent\">\n        <h2 class=\"entityItemContentTitle\">\n            <a href=\"https:\/\/www.creilsudoise-tourisme.fr\/en\/loisirs\/piscine-de-creil\/\">Creil swimming pool<\/a>\n        <\/h2>\n                    <p class=\"entityItemContentType\">Sports, cultural and touring activities<\/p>\n            <\/div>\n    <a href=\"https:\/\/www.creilsudoise-tourisme.fr\/en\/loisirs\/piscine-de-creil\/\" class=\"seeMore\"><span class=\"sr-only\">See more<\/span><\/a>\n<\/div>\n\n<div class=\"entityItem\" data-trigger=\"wpiris-click\" data-id=\"wpiris-entity-slider-item\">\n    <p class=\"entityItemThumbnail\">\n        <a href=\"https:\/\/www.creilsudoise-tourisme.fr\/en\/loisirs\/centre-nautique-nogent-villers\/\" nofancybox>\n            <img data-src=\"https:\/\/www.creilsudoise-tourisme.fr\/wp-content\/uploads\/wpetourisme\/Centre-nautique-Nogent-Villers-Creil-Sud-Oise-Tourisme--49--275x350.jpg\" alt=\"Nogent-Villers swimming pool\">\n        <\/a>\n    <\/p>\n    <div class=\"entityItemContent\">\n        <h2 class=\"entityItemContentTitle\">\n            <a href=\"https:\/\/www.creilsudoise-tourisme.fr\/en\/loisirs\/centre-nautique-nogent-villers\/\">Nogent-Villers swimming pool<\/a>\n        <\/h2>\n                    <p class=\"entityItemContentType\">Sports, cultural and touring activities<\/p>\n            <\/div>\n    <a href=\"https:\/\/www.creilsudoise-tourisme.fr\/en\/loisirs\/centre-nautique-nogent-villers\/\" class=\"seeMore\"><span class=\"sr-only\">See more<\/span><\/a>\n<\/div>\n\n<div class=\"entityItem\" data-trigger=\"wpiris-click\" data-id=\"wpiris-entity-slider-item\">\n    <p class=\"entityItemThumbnail\">\n        <a href=\"https:\/\/www.creilsudoise-tourisme.fr\/en\/loisirs\/piscine-de-montataire\/\" nofancybox>\n            <img data-src=\"https:\/\/www.creilsudoise-tourisme.fr\/wp-content\/uploads\/wpetourisme\/grand-bassin-wallpaper-275x350.jpg\" alt=\"Montataire swimming pool\">\n        <\/a>\n    <\/p>\n    <div class=\"entityItemContent\">\n        <h2 class=\"entityItemContentTitle\">\n            <a href=\"https:\/\/www.creilsudoise-tourisme.fr\/en\/loisirs\/piscine-de-montataire\/\">Montataire swimming pool<\/a>\n        <\/h2>\n                    <p class=\"entityItemContentType\">Sports, cultural and touring activities<\/p>\n            <\/div>\n    <a href=\"https:\/\/www.creilsudoise-tourisme.fr\/en\/loisirs\/piscine-de-montataire\/\" class=\"seeMore\"><span class=\"sr-only\">See more<\/span><\/a>\n<\/div>\n\n<div class=\"entityItem\" data-trigger=\"wpiris-click\" data-id=\"wpiris-entity-slider-item\">\n    <p class=\"entityItemThumbnail\">\n        <a href=\"https:\/\/www.creilsudoise-tourisme.fr\/en\/loisirs\/base-de-loisirs-saint-leu-desserent\/\" nofancybox>\n            <img data-src=\"https:\/\/www.creilsudoise-tourisme.fr\/wp-content\/uploads\/wpetourisme\/Base-de-Loisirs-de-Saint-Leu-d-Esserent-275x350.jpg\" alt=\"Saint-Leu-d&#039;Esserent Leisure Centre\">\n        <\/a>\n    <\/p>\n    <div class=\"entityItemContent\">\n        <h2 class=\"entityItemContentTitle\">\n            <a href=\"https:\/\/www.creilsudoise-tourisme.fr\/en\/loisirs\/base-de-loisirs-saint-leu-desserent\/\">Saint-Leu-d'Esserent Leisure Centre<\/a>\n        <\/h2>\n                    <p class=\"entityItemContentType\">Sports, cultural and touring activities<\/p>\n            <\/div>\n    <a href=\"https:\/\/www.creilsudoise-tourisme.fr\/en\/loisirs\/base-de-loisirs-saint-leu-desserent\/\" class=\"seeMore\"><span class=\"sr-only\">See more<\/span><\/a>\n<\/div>\n                <\/div>\n\n                \n<div class=\"sliderNav\">\n    <div class=\"sliderNavWrapper\">\n        <p class=\"swiperArrow swiperArrow--next\" data-trigger=\"swiper-next\">\n            <span class=\"sr-only\">Next<\/span>\n        <\/p>\n        <p class=\"swiperArrow swiperArrow--prev\" data-trigger=\"swiper-prev\">\n            <span class=\"sr-only\">Previous<\/span>\n        <\/p>\n    <\/div>\n<\/div>\n            <\/div>\n            <\/div>\n<\/div><\/div>\n\n\n<hr class=\"wp-block-separator has-css-opacity\"\/>\n\n\n\n<div class=\"wp-block-cover alignfull is-light\"><span aria-hidden=\"true\" class=\"wp-block-cover__background has-background-dim\"><\/span><img decoding=\"async\" loading=\"lazy\" width=\"1200\" height=\"677\" class=\"wp-block-cover__image-background wp-image-33296\" alt=\"\" data-src=\"https:\/\/www.creilsudoise-tourisme.fr\/wp-content\/uploads\/2021\/04\/Ou\u0300-pe\u0302cher-dans-le-Sud-de-l_Oise-1200x677.jpg\" data-object-fit=\"cover\" data-srcset=\"https:\/\/www.creilsudoise-tourisme.fr\/wp-content\/uploads\/2021\/04\/Ou\u0300-pe\u0302cher-dans-le-Sud-de-l_Oise-1200x677.jpg 1200w, https:\/\/www.creilsudoise-tourisme.fr\/wp-content\/uploads\/2021\/04\/Ou\u0300-pe\u0302cher-dans-le-Sud-de-l_Oise-600x338.jpg 600w, https:\/\/www.creilsudoise-tourisme.fr\/wp-content\/uploads\/2021\/04\/Ou\u0300-pe\u0302cher-dans-le-Sud-de-l_Oise-900x507.jpg 900w, https:\/\/www.creilsudoise-tourisme.fr\/wp-content\/uploads\/2021\/04\/Ou\u0300-pe\u0302cher-dans-le-Sud-de-l_Oise-1536x866.jpg 1536w, https:\/\/www.creilsudoise-tourisme.fr\/wp-content\/uploads\/2021\/04\/Ou\u0300-pe\u0302cher-dans-le-Sud-de-l_Oise-200x113.jpg 200w, https:\/\/www.creilsudoise-tourisme.fr\/wp-content\/uploads\/2021\/04\/Ou\u0300-pe\u0302cher-dans-le-Sud-de-l_Oise-650x366.jpg 650w, https:\/\/www.creilsudoise-tourisme.fr\/wp-content\/uploads\/2021\/04\/Ou\u0300-pe\u0302cher-dans-le-Sud-de-l_Oise-387x218.jpg 387w, https:\/\/www.creilsudoise-tourisme.fr\/wp-content\/uploads\/2021\/04\/Ou\u0300-pe\u0302cher-dans-le-Sud-de-l_Oise-275x155.jpg 275w, https:\/\/www.creilsudoise-tourisme.fr\/wp-content\/uploads\/2021\/04\/Ou\u0300-pe\u0302cher-dans-le-Sud-de-l_Oise.jpg 1600w\" sizes=\"(max-width: 1200px) 100vw, 1200px\" \/><div class=\"wp-block-cover__inner-container\">\n<p class=\"has-large-font-size\"><\/p>\n<\/div><\/div>\n\n\n\n<h2 id=\"P\u00eache\">Fishing spots<\/h2>\n\n\n\n<h3>Cramoisy<\/h3>\n\n\n\n<p>River Le Th\u00e9rain du Pont SNCF (Maysel) jusqu'au Moulin de Saint-Leu (Cramoisy) sur le lot de l'<a href=\"https:\/\/www.peche60.fr\/1807-aappma-de-precy-sur-oise-l-entente-des-pecheurs-reunis-de-pvgslcm.htm\" target=\"_blank\" rel=\"noreferrer noopener\">Pr\u00e9cy-sur-Oise AAPMA<\/a><\/p>\n\n\n\n<h3>Creil<\/h3>\n\n\n\n<p>Berges de l'Oise sur le lot de l'<a href=\"https:\/\/www.peche60.fr\/1731-aappma-de-creil-les-pecheurs-creillois.htm\" target=\"_blank\" rel=\"noreferrer noopener\">AAPMA of Creil-Les p\u00eacheurs creillois<\/a><\/p>\n\n\n\n<h3>Maysel<\/h3>\n\n\n\n<p>River Le Th\u00e9rain du Pont SNCF (Maysel) jusqu'au Moulin de Saint-Leu (Cramoisy) sur le lot de l'<a href=\"https:\/\/www.peche60.fr\/1807-aappma-de-precy-sur-oise-l-entente-des-pecheurs-reunis-de-pvgslcm.htm\" target=\"_blank\" rel=\"noreferrer noopener\">Pr\u00e9cy-sur-Oise AAPMA<\/a><\/p>\n\n\n\n<h3>Montataire<\/h3>\n\n\n\n<p>\u00c9tang de la Maladrerie with an accessible pontoon (park labelled <a href=\"https:\/\/tourisme-handicaps.org\/\" target=\"_blank\" rel=\"noreferrer noopener\">Tourism &amp; Disability<\/a> for motor, mental and hearing disabilities)<br>Banks of the Th\u00e9rain on the<a href=\"https:\/\/www.peche60.fr\/1796-aappma-de-montataire-les-martins-pecheurs.htm\" target=\"_blank\" rel=\"noreferrer noopener\">AAPPMA of Montataire<\/a><\/p>\n\n\n\n<h3>Nogent-sur-Oise<\/h3>\n\n\n\n<p>River La Br\u00e8che on the<a href=\"https:\/\/www.peche60.fr\/1778-aappma-de-monchy-nogent-villers-la-truite.htm\" target=\"_blank\" rel=\"noreferrer noopener\">AAPPMA of La truite Monchy-Nogent-Villers<\/a> <\/p>\n\n\n\n<h3>Saint-Leu-d'Esserent<\/h3>\n\n\n\n<p>Berges de l'Oise sur le lot de l'<a href=\"https:\/\/www.peche60.fr\/1807-aappma-de-precy-sur-oise-l-entente-des-pecheurs-reunis-de-pvgslcm.htm\" target=\"_blank\" rel=\"noreferrer noopener\">Pr\u00e9cy-sur-Oise AAPMA<\/a><br>Communal pond of La Garenne: reserved for members of the Entente des P\u00eacheurs R\u00e9unis (<a href=\"https:\/\/pvgslcm.jimdofree.com\/\" target=\"_blank\" rel=\"noreferrer noopener\">AAPPMA of Pr\u00e9cy-sur-Oise<\/a>) and to the inhabitants of Saint-Leu-d'Esserent with a fishing permit<\/p>\n\n\n\n<h3>Saint-Maximin<\/h3>\n\n\n\n<p>Sainte-Barbe communal pond only accessible to members of the Saint-Maximin P\u00eache association (membership on sponsorship of 2 members)<br>Berges de l'Oise sur le lot de l'<a href=\"https:\/\/www.peche60.fr\/1807-aappma-de-precy-sur-oise-l-entente-des-pecheurs-reunis-de-pvgslcm.htm\" target=\"_blank\" rel=\"noreferrer noopener\">Pr\u00e9cy-sur-Oise AAPMA<\/a><\/p>\n\n\n\n<h3>Saint-Vaast-l\u00e8s-Mello<\/h3>\n\n\n\n<p>Communal pond for holders of the annual communal share (information <a href=\"https:\/\/saintvaastlesmello.neopse-site.fr\/fr\/rb\/2250744\/reglement-de-peche\" target=\"_blank\" rel=\"noreferrer noopener\">at the town hall <\/a>)<\/p>\n\n\n\n<h3>Villers-Saint-Paul<\/h3>\n\n\n\n<p>Ponds of the Parc de la Br\u00e8che (<a href=\"https:\/\/www.peche60.fr\/1778-aappma-de-monchy-nogent-villers-la-truite.htm\" target=\"_blank\" rel=\"noreferrer noopener\">AAPPMA of La truite Monchy-Nogent-Villers<\/a>)<\/p>\n\n\n\n<p>River \" La Br\u00e8che \" on the lot of the<a href=\"https:\/\/www.peche60.fr\/1778-aappma-de-monchy-nogent-villers-la-truite.htm\" target=\"_blank\" rel=\"noreferrer noopener\">AAPPMA of La truite Monchy-Nogent-Villers<\/a> and the<a href=\"https:\/\/www.peche60.fr\/1731-aappma-de-creil-les-pecheurs-creillois.htm\">AAPPMA of Creil<\/a><\/p>\n\n\n\n<hr class=\"wp-block-separator has-css-opacity\"\/>\n\n\n<div class=\"wp-block wp-block-highlight\">\n            <h3 class=\"wp-block-highlight-item wp-block-highlight-title\">The walks<\/h3>\n                <p class=\"wp-block-highlight-item wp-block-highlight-excerpt\">Discover all the\u00a0<strong><a href=\"https:\/\/www.creilsudoise-tourisme.fr\/en\/i-search\/hike\/\" target=\"_blank\" rel=\"noreferrer noopener\">Destination Creil Sud Oise hikes<\/a><\/strong>\u00a0! On foot, by bike or even on horseback, they are suitable for all levels.<\/p>\n    <\/div>\n\n\n<div class=\"is-layout-flex wp-block-buttons\">\n<div class=\"wp-block-button\"><a class=\"wp-block-button__link wp-element-button\" href=\"https:\/\/www.creilsudoise-tourisme.fr\/en\/i-search\/hike\/\" target=\"_blank\" rel=\"noreferrer noopener\">Hiking<\/a><\/div>\n<\/div>","protected":false},"excerpt":{"rendered":"<p>Just 30 minutes by train from Gare du Nord in Paris, at the gateway to the Val d'Oise, Destination Creil Sud Oise offers a host of water-based activities! Explore Creil Sud Oise from the water on the Oise, Th\u00e9rain and Br\u00e8che rivers... Water-based activities Fishing spots Cramoisy River Le Th\u00e9rain from the Oise to the Br\u00e8che... [...]<\/p>","protected":false},"author":1,"featured_media":32723,"parent":167,"menu_order":2,"comment_status":"closed","ping_status":"closed","template":"","meta":{"_relevanssi_hide_post":"","_relevanssi_hide_content":"","_relevanssi_pin_for_all":"","_relevanssi_pin_keywords":"","_relevanssi_unpin_keywords":"","_relevanssi_related_keywords":"","_relevanssi_related_include_ids":"","_relevanssi_related_exclude_ids":"","_relevanssi_related_no_append":"","_relevanssi_related_not_related":"","_relevanssi_related_posts":"267,275,273,271","_relevanssi_noindex_reason":""},"yoast_head":"<!-- This site is optimized with the Yoast SEO plugin v20.2.1 - https:\/\/yoast.com\/wordpress\/plugins\/seo\/ -->\n<title>Pratiquez une activit\u00e9 nautique \u00e0 30 min de Paris - Office de Tourisme Creil Sud Oise<\/title>\n<meta name=\"description\" content=\"Aviron, cano\u00eb-kayak, voile, baignade, croisi\u00e8res ou paddle vous attendent aux portes du Val d\u2019Oise !\" \/>\n<meta name=\"robots\" content=\"index, follow, max-snippet:-1, max-image-preview:large, max-video-preview:-1\" \/>\n<link rel=\"canonical\" href=\"https:\/\/www.creilsudoise-tourisme.fr\/en\/i-search\/water-activity\/\" \/>\n<meta property=\"og:locale\" content=\"en_GB\" \/>\n<meta property=\"og:type\" content=\"article\" \/>\n<meta property=\"og:title\" content=\"Pratiquez une activit\u00e9 nautique \u00e0 30 min de Paris - Office de Tourisme Creil Sud Oise\" \/>\n<meta property=\"og:description\" content=\"Aviron, cano\u00eb-kayak, voile, baignade, croisi\u00e8res ou paddle vous attendent aux portes du Val d\u2019Oise !\" \/>\n<meta property=\"og:url\" content=\"https:\/\/www.creilsudoise-tourisme.fr\/en\/i-search\/water-activity\/\" \/>\n<meta property=\"og:site_name\" content=\"Office de Tourisme Creil Sud Oise\" \/>\n<meta property=\"article:publisher\" content=\"https:\/\/www.facebook.com\/creilsudoisetourisme\/\" \/>\n<meta property=\"article:modified_time\" content=\"2025-09-15T08:08:20+00:00\" \/>\n<meta property=\"og:image\" content=\"https:\/\/www.creilsudoise-tourisme.fr\/wp-content\/uploads\/2021\/03\/Je-cherche-une-activite\u0301-sur-l_eau.jpg\" \/>\n\t<meta property=\"og:image:width\" content=\"1920\" \/>\n\t<meta property=\"og:image:height\" content=\"1285\" \/>\n\t<meta property=\"og:image:type\" content=\"image\/jpeg\" \/>\n<meta name=\"twitter:card\" content=\"summary_large_image\" \/>\n<meta name=\"twitter:site\" content=\"@CreilSudOiseOT\" \/>\n<meta name=\"twitter:label1\" content=\"Estimated reading time\" \/>\n\t<meta name=\"twitter:data1\" content=\"2 minutes\" \/>\n<script type=\"application\/ld+json\" class=\"yoast-schema-graph\">{\"@context\":\"https:\/\/schema.org\",\"@graph\":[{\"@type\":\"WebPage\",\"@id\":\"https:\/\/www.creilsudoise-tourisme.fr\/je-cherche\/activite-nautique\/\",\"url\":\"https:\/\/www.creilsudoise-tourisme.fr\/je-cherche\/activite-nautique\/\",\"name\":\"Pratiquez une activit\u00e9 nautique \u00e0 30 min de Paris - Office de Tourisme Creil Sud Oise\",\"isPartOf\":{\"@id\":\"https:\/\/www.creilsudoise-tourisme.fr\/#website\"},\"datePublished\":\"2021-02-17T09:03:15+00:00\",\"dateModified\":\"2025-09-15T08:08:20+00:00\",\"description\":\"Aviron, cano\u00eb-kayak, voile, baignade, croisi\u00e8res ou paddle vous attendent aux portes du Val d\u2019Oise !\",\"breadcrumb\":{\"@id\":\"https:\/\/www.creilsudoise-tourisme.fr\/je-cherche\/activite-nautique\/#breadcrumb\"},\"inLanguage\":\"en-GB\",\"potentialAction\":[{\"@type\":\"ReadAction\",\"target\":[\"https:\/\/www.creilsudoise-tourisme.fr\/je-cherche\/activite-nautique\/\"]}]},{\"@type\":\"BreadcrumbList\",\"@id\":\"https:\/\/www.creilsudoise-tourisme.fr\/je-cherche\/activite-nautique\/#breadcrumb\",\"itemListElement\":[{\"@type\":\"ListItem\",\"position\":1,\"name\":\"Accueil\",\"item\":\"https:\/\/www.creilsudoise-tourisme.fr\/\"},{\"@type\":\"ListItem\",\"position\":2,\"name\":\"Je cherche\",\"item\":\"https:\/\/www.creilsudoise-tourisme.fr\/je-cherche\/\"},{\"@type\":\"ListItem\",\"position\":3,\"name\":\"Une activit\u00e9 sur l&rsquo;eau\"}]},{\"@type\":\"WebSite\",\"@id\":\"https:\/\/www.creilsudoise-tourisme.fr\/#website\",\"url\":\"https:\/\/www.creilsudoise-tourisme.fr\/\",\"name\":\"Office de Tourisme Creil Sud Oise\",\"description\":\"Creil Sud Oise Tourisme, un territoire \u00e0 explorer !\",\"publisher\":{\"@id\":\"https:\/\/www.creilsudoise-tourisme.fr\/#organization\"},\"potentialAction\":[{\"@type\":\"SearchAction\",\"target\":{\"@type\":\"EntryPoint\",\"urlTemplate\":\"https:\/\/www.creilsudoise-tourisme.fr\/?s={search_term_string}\"},\"query-input\":\"required name=search_term_string\"}],\"inLanguage\":\"en-GB\"},{\"@type\":\"Organization\",\"@id\":\"https:\/\/www.creilsudoise-tourisme.fr\/#organization\",\"name\":\"Creil Sud Oise Tourisme\",\"url\":\"https:\/\/www.creilsudoise-tourisme.fr\/\",\"logo\":{\"@type\":\"ImageObject\",\"inLanguage\":\"en-GB\",\"@id\":\"https:\/\/www.creilsudoise-tourisme.fr\/#\/schema\/logo\/image\/\",\"url\":\"https:\/\/www.creilsudoise-tourisme.fr\/wp-content\/uploads\/2021\/05\/logo-svg.png\",\"contentUrl\":\"https:\/\/www.creilsudoise-tourisme.fr\/wp-content\/uploads\/2021\/05\/logo-svg.png\",\"width\":182,\"height\":71,\"caption\":\"Creil Sud Oise Tourisme\"},\"image\":{\"@id\":\"https:\/\/www.creilsudoise-tourisme.fr\/#\/schema\/logo\/image\/\"},\"sameAs\":[\"https:\/\/www.facebook.com\/creilsudoisetourisme\/\",\"https:\/\/twitter.com\/CreilSudOiseOT\",\"https:\/\/www.instagram.com\/creilsudoisetourisme\/\",\"https:\/\/www.youtube.com\/channel\/UC8L_QD2wwyADW14zt9fY8kw\"]}]}<\/script>\n<!-- \/ Yoast SEO plugin. -->","yoast_head_json":{"title":"Pratiquez une activit\u00e9 nautique \u00e0 30 min de Paris - Office de Tourisme Creil Sud Oise","description":"Aviron, cano\u00eb-kayak, voile, baignade, croisi\u00e8res ou paddle vous attendent aux portes du Val d\u2019Oise !","robots":{"index":"index","follow":"follow","max-snippet":"max-snippet:-1","max-image-preview":"max-image-preview:large","max-video-preview":"max-video-preview:-1"},"canonical":"https:\/\/www.creilsudoise-tourisme.fr\/en\/i-search\/water-activity\/","og_locale":"en_GB","og_type":"article","og_title":"Pratiquez une activit\u00e9 nautique \u00e0 30 min de Paris - Office de Tourisme Creil Sud Oise","og_description":"Aviron, cano\u00eb-kayak, voile, baignade, croisi\u00e8res ou paddle vous attendent aux portes du Val d\u2019Oise !","og_url":"https:\/\/www.creilsudoise-tourisme.fr\/en\/i-search\/water-activity\/","og_site_name":"Office de Tourisme Creil Sud Oise","article_publisher":"https:\/\/www.facebook.com\/creilsudoisetourisme\/","article_modified_time":"2025-09-15T08:08:20+00:00","og_image":[{"width":1920,"height":1285,"url":"https:\/\/www.creilsudoise-tourisme.fr\/wp-content\/uploads\/2021\/03\/Je-cherche-une-activite\u0301-sur-l_eau.jpg","type":"image\/jpeg"}],"twitter_card":"summary_large_image","twitter_site":"@CreilSudOiseOT","twitter_misc":{"Estimated reading time":"2 minutes"},"schema":{"@context":"https:\/\/schema.org","@graph":[{"@type":"WebPage","@id":"https:\/\/www.creilsudoise-tourisme.fr\/je-cherche\/activite-nautique\/","url":"https:\/\/www.creilsudoise-tourisme.fr\/je-cherche\/activite-nautique\/","name":"Pratiquez une activit\u00e9 nautique \u00e0 30 min de Paris - Office de Tourisme Creil Sud Oise","isPartOf":{"@id":"https:\/\/www.creilsudoise-tourisme.fr\/#website"},"datePublished":"2021-02-17T09:03:15+00:00","dateModified":"2025-09-15T08:08:20+00:00","description":"Aviron, cano\u00eb-kayak, voile, baignade, croisi\u00e8res ou paddle vous attendent aux portes du Val d\u2019Oise !","breadcrumb":{"@id":"https:\/\/www.creilsudoise-tourisme.fr\/je-cherche\/activite-nautique\/#breadcrumb"},"inLanguage":"en-GB","potentialAction":[{"@type":"ReadAction","target":["https:\/\/www.creilsudoise-tourisme.fr\/je-cherche\/activite-nautique\/"]}]},{"@type":"BreadcrumbList","@id":"https:\/\/www.creilsudoise-tourisme.fr\/je-cherche\/activite-nautique\/#breadcrumb","itemListElement":[{"@type":"ListItem","position":1,"name":"Accueil","item":"https:\/\/www.creilsudoise-tourisme.fr\/"},{"@type":"ListItem","position":2,"name":"Je cherche","item":"https:\/\/www.creilsudoise-tourisme.fr\/je-cherche\/"},{"@type":"ListItem","position":3,"name":"Une activit\u00e9 sur l&rsquo;eau"}]},{"@type":"WebSite","@id":"https:\/\/www.creilsudoise-tourisme.fr\/#website","url":"https:\/\/www.creilsudoise-tourisme.fr\/","name":"Office de Tourisme Creil Sud Oise","description":"Creil Sud Oise Tourisme, un territoire \u00e0 explorer !","publisher":{"@id":"https:\/\/www.creilsudoise-tourisme.fr\/#organization"},"potentialAction":[{"@type":"SearchAction","target":{"@type":"EntryPoint","urlTemplate":"https:\/\/www.creilsudoise-tourisme.fr\/?s={search_term_string}"},"query-input":"required name=search_term_string"}],"inLanguage":"en-GB"},{"@type":"Organization","@id":"https:\/\/www.creilsudoise-tourisme.fr\/#organization","name":"Creil Sud Oise Tourisme","url":"https:\/\/www.creilsudoise-tourisme.fr\/","logo":{"@type":"ImageObject","inLanguage":"en-GB","@id":"https:\/\/www.creilsudoise-tourisme.fr\/#\/schema\/logo\/image\/","url":"https:\/\/www.creilsudoise-tourisme.fr\/wp-content\/uploads\/2021\/05\/logo-svg.png","contentUrl":"https:\/\/www.creilsudoise-tourisme.fr\/wp-content\/uploads\/2021\/05\/logo-svg.png","width":182,"height":71,"caption":"Creil Sud Oise Tourisme"},"image":{"@id":"https:\/\/www.creilsudoise-tourisme.fr\/#\/schema\/logo\/image\/"},"sameAs":["https:\/\/www.facebook.com\/creilsudoisetourisme\/","https:\/\/twitter.com\/CreilSudOiseOT","https:\/\/www.instagram.com\/creilsudoisetourisme\/","https:\/\/www.youtube.com\/channel\/UC8L_QD2wwyADW14zt9fY8kw"]}]}},"_links":{"self":[{"href":"https:\/\/www.creilsudoise-tourisme.fr\/en\/wp-json\/wp\/v2\/pages\/185"}],"collection":[{"href":"https:\/\/www.creilsudoise-tourisme.fr\/en\/wp-json\/wp\/v2\/pages"}],"about":[{"href":"https:\/\/www.creilsudoise-tourisme.fr\/en\/wp-json\/wp\/v2\/types\/page"}],"author":[{"embeddable":true,"href":"https:\/\/www.creilsudoise-tourisme.fr\/en\/wp-json\/wp\/v2\/users\/1"}],"replies":[{"embeddable":true,"href":"https:\/\/www.creilsudoise-tourisme.fr\/en\/wp-json\/wp\/v2\/comments?post=185"}],"version-history":[{"count":20,"href":"https:\/\/www.creilsudoise-tourisme.fr\/en\/wp-json\/wp\/v2\/pages\/185\/revisions"}],"predecessor-version":[{"id":65149,"href":"https:\/\/www.creilsudoise-tourisme.fr\/en\/wp-json\/wp\/v2\/pages\/185\/revisions\/65149"}],"up":[{"embeddable":true,"href":"https:\/\/www.creilsudoise-tourisme.fr\/en\/wp-json\/wp\/v2\/pages\/167"}],"wp:featuredmedia":[{"embeddable":true,"href":"https:\/\/www.creilsudoise-tourisme.fr\/en\/wp-json\/wp\/v2\/media\/32723"}],"wp:attachment":[{"href":"https:\/\/www.creilsudoise-tourisme.fr\/en\/wp-json\/wp\/v2\/media?parent=185"}],"curies":[{"name":"wp","href":"https:\/\/api.w.org\/{rel}","templated":true}]}}