{"id":104,"date":"2021-02-17T10:02:04","date_gmt":"2021-02-17T09:02:04","guid":{"rendered":"https:\/\/www.creilsudoise-tourisme.fr\/la-clouterie-rivierre\/"},"modified":"2025-02-21T10:49:54","modified_gmt":"2025-02-21T09:49:54","slug":"clouterie-rivierre","status":"publish","type":"page","link":"https:\/\/www.creilsudoise-tourisme.fr\/en\/explore-groups\/must-haves-groups\/clouterie-rivierre-2\/","title":{"rendered":"The Rivierre nail factory"},"content":{"rendered":"<p class=\"is-style-excerpt\">The<strong>the only clouterie in France<\/strong>the last one still in operation in Europe, is opening its doors to you for an exclusive<strong> group guided tour in Creil<\/strong>Just 45 minutes from Paris, a few kilometres from the Ch\u00e2teau de Chantilly and Senlis Cathedral.<\/p>\n\n\n\n<figure class=\"wp-block-embed is-type-video is-provider-youtube wp-block-embed-youtube wp-embed-aspect-16-9 wp-has-aspect-ratio\"><div class=\"wp-block-embed__wrapper\">\n<iframe loading=\"lazy\" title=\"[Meet Justine from Clouterie Rivierre in Creil | Creil Sud Oise Tourisme\" width=\"500\" height=\"281\" data-src=\"https:\/\/www.youtube.com\/embed\/rEuwF8T4I2s?feature=oembed\" frameborder=\"0\" allow=\"accelerometer; autoplay; clipboard-write; encrypted-media; gyroscope; picture-in-picture; web-share\" referrerpolicy=\"strict-origin-when-cross-origin\" allowfullscreen><\/iframe>\n<\/div><\/figure>\n\n\n\n<h2>A nail factory in the Oise area<\/h2>\n\n\n\n<p>Let yourself be tempted by this <strong>atypical guided tour<\/strong> (you will meet the <strong>workers who still work on century-old machines that they are the only ones in the world to know!<\/strong>) of a 19<sup>th<\/sup> century in Creil.<\/p>\n\n\n\n<p>The <strong>Rivierre nail factory<\/strong>is named after the family who founded it in Creil in 1888, next to the Creil train station (on the Nogent-sur-Oise side), in a street that was once very industrial (located in \"6 rue des usines\" (factory street): it's a given!).<\/p>\n\n\n\n<figure class=\"is-layout-flex wp-block-gallery-1 wp-block-gallery aligncenter has-nested-images columns-0 is-cropped\">\n<figure class=\"wp-block-image size-large\"><img decoding=\"async\" loading=\"lazy\" width=\"1200\" height=\"675\" data-id=\"32398\"  data-src=\"https:\/\/www.creilsudoise-tourisme.fr\/wp-content\/uploads\/2021\/03\/Pontier-a\u0300-la-Clouterie-Rivierre-a\u0300-Creil-1-1200x675.jpg\" alt=\"\" class=\"wp-image-32398\" data-srcset=\"https:\/\/www.creilsudoise-tourisme.fr\/wp-content\/uploads\/2021\/03\/Pontier-a\u0300-la-Clouterie-Rivierre-a\u0300-Creil-1-1200x675.jpg 1200w, https:\/\/www.creilsudoise-tourisme.fr\/wp-content\/uploads\/2021\/03\/Pontier-a\u0300-la-Clouterie-Rivierre-a\u0300-Creil-1-600x338.jpg 600w, https:\/\/www.creilsudoise-tourisme.fr\/wp-content\/uploads\/2021\/03\/Pontier-a\u0300-la-Clouterie-Rivierre-a\u0300-Creil-1-900x506.jpg 900w, https:\/\/www.creilsudoise-tourisme.fr\/wp-content\/uploads\/2021\/03\/Pontier-a\u0300-la-Clouterie-Rivierre-a\u0300-Creil-1-1536x864.jpg 1536w, https:\/\/www.creilsudoise-tourisme.fr\/wp-content\/uploads\/2021\/03\/Pontier-a\u0300-la-Clouterie-Rivierre-a\u0300-Creil-1-200x113.jpg 200w, https:\/\/www.creilsudoise-tourisme.fr\/wp-content\/uploads\/2021\/03\/Pontier-a\u0300-la-Clouterie-Rivierre-a\u0300-Creil-1-650x366.jpg 650w, https:\/\/www.creilsudoise-tourisme.fr\/wp-content\/uploads\/2021\/03\/Pontier-a\u0300-la-Clouterie-Rivierre-a\u0300-Creil-1-387x218.jpg 387w, https:\/\/www.creilsudoise-tourisme.fr\/wp-content\/uploads\/2021\/03\/Pontier-a\u0300-la-Clouterie-Rivierre-a\u0300-Creil-1.jpg 1600w\" sizes=\"(max-width: 1200px) 100vw, 1200px\" \/><figcaption class=\"wp-element-caption\">A pointier is a worker who specialises in making nails, a skill that is unique in France.<\/figcaption><\/figure>\n\n\n\n<figure class=\"wp-block-image size-large\"><img decoding=\"async\" loading=\"lazy\" width=\"1200\" height=\"675\" data-id=\"32399\"  data-src=\"https:\/\/www.creilsudoise-tourisme.fr\/wp-content\/uploads\/2021\/03\/Ouvrier-a\u0300-la-Clouterie-Rivierre-a\u0300-Creil-1-1200x675.jpg\" alt=\"\" class=\"wp-image-32399\" data-srcset=\"https:\/\/www.creilsudoise-tourisme.fr\/wp-content\/uploads\/2021\/03\/Ouvrier-a\u0300-la-Clouterie-Rivierre-a\u0300-Creil-1-1200x675.jpg 1200w, https:\/\/www.creilsudoise-tourisme.fr\/wp-content\/uploads\/2021\/03\/Ouvrier-a\u0300-la-Clouterie-Rivierre-a\u0300-Creil-1-600x338.jpg 600w, https:\/\/www.creilsudoise-tourisme.fr\/wp-content\/uploads\/2021\/03\/Ouvrier-a\u0300-la-Clouterie-Rivierre-a\u0300-Creil-1-900x506.jpg 900w, https:\/\/www.creilsudoise-tourisme.fr\/wp-content\/uploads\/2021\/03\/Ouvrier-a\u0300-la-Clouterie-Rivierre-a\u0300-Creil-1-1536x864.jpg 1536w, https:\/\/www.creilsudoise-tourisme.fr\/wp-content\/uploads\/2021\/03\/Ouvrier-a\u0300-la-Clouterie-Rivierre-a\u0300-Creil-1-200x113.jpg 200w, https:\/\/www.creilsudoise-tourisme.fr\/wp-content\/uploads\/2021\/03\/Ouvrier-a\u0300-la-Clouterie-Rivierre-a\u0300-Creil-1-650x366.jpg 650w, https:\/\/www.creilsudoise-tourisme.fr\/wp-content\/uploads\/2021\/03\/Ouvrier-a\u0300-la-Clouterie-Rivierre-a\u0300-Creil-1-387x218.jpg 387w, https:\/\/www.creilsudoise-tourisme.fr\/wp-content\/uploads\/2021\/03\/Ouvrier-a\u0300-la-Clouterie-Rivierre-a\u0300-Creil-1.jpg 1600w\" sizes=\"(max-width: 1200px) 100vw, 1200px\" \/><figcaption class=\"wp-element-caption\">A worker at the Clouterie Rivierre is the holder of a unique and century-old know-how.<\/figcaption><\/figure>\n\n\n\n<figure class=\"wp-block-image size-large\"><img decoding=\"async\" loading=\"lazy\" width=\"1200\" height=\"676\" data-id=\"32396\"  data-src=\"https:\/\/www.creilsudoise-tourisme.fr\/wp-content\/uploads\/2021\/03\/Machine-Fernande-a\u0300-la-Clouterie-Rivierre-a\u0300-Creil-1-1200x676.jpg\" alt=\"\" class=\"wp-image-32396\" data-srcset=\"https:\/\/www.creilsudoise-tourisme.fr\/wp-content\/uploads\/2021\/03\/Machine-Fernande-a\u0300-la-Clouterie-Rivierre-a\u0300-Creil-1-1200x676.jpg 1200w, https:\/\/www.creilsudoise-tourisme.fr\/wp-content\/uploads\/2021\/03\/Machine-Fernande-a\u0300-la-Clouterie-Rivierre-a\u0300-Creil-1-600x338.jpg 600w, https:\/\/www.creilsudoise-tourisme.fr\/wp-content\/uploads\/2021\/03\/Machine-Fernande-a\u0300-la-Clouterie-Rivierre-a\u0300-Creil-1-900x507.jpg 900w, https:\/\/www.creilsudoise-tourisme.fr\/wp-content\/uploads\/2021\/03\/Machine-Fernande-a\u0300-la-Clouterie-Rivierre-a\u0300-Creil-1-1536x865.jpg 1536w, https:\/\/www.creilsudoise-tourisme.fr\/wp-content\/uploads\/2021\/03\/Machine-Fernande-a\u0300-la-Clouterie-Rivierre-a\u0300-Creil-1-200x113.jpg 200w, https:\/\/www.creilsudoise-tourisme.fr\/wp-content\/uploads\/2021\/03\/Machine-Fernande-a\u0300-la-Clouterie-Rivierre-a\u0300-Creil-1-650x366.jpg 650w, https:\/\/www.creilsudoise-tourisme.fr\/wp-content\/uploads\/2021\/03\/Machine-Fernande-a\u0300-la-Clouterie-Rivierre-a\u0300-Creil-1-387x218.jpg 387w, https:\/\/www.creilsudoise-tourisme.fr\/wp-content\/uploads\/2021\/03\/Machine-Fernande-a\u0300-la-Clouterie-Rivierre-a\u0300-Creil-1.jpg 1600w\" sizes=\"(max-width: 1200px) 100vw, 1200px\" \/><figcaption class=\"wp-element-caption\">The machines are given names so that the timekeepers can identify them quickly.<\/figcaption><\/figure>\n<\/figure>\n\n\n\n<p>We are first amazed by the<strong> old industrial atmosphere<sup>th<\/sup><\/strong> that you discover when you arrive: nothing seems to have changed since then. Starting with the family home at the entrance to the factory, you are immediately plunged into that century and can imagine the workers arriving under the watchful eye of Marie Rivierre, who, aged just 27, inherited the factory from her husband, who died prematurely, and built it up over the next 35 years.<\/p>\n\n\n\n<p>Our guide <strong>Justine<\/strong> who will welcome your group at the entrance to the main building. Justine will be your guide on this discovery tour and from the first moment you meet her, <strong>you'll feel her passion for this industrial heritage<\/strong> and <strong>the respect it has for those who worked there and those who still work there today in this factory, which is unique in Europe<\/strong>.<\/p>\n\n\n\n<p>She will share her passion with you, telling you the story of this family business and introducing you to some of the nails made here (only a few, there are many).<strong> 2,800 references of forged nails, points and seeds in the catalogue <\/strong>We'd never have imagined it! Justine will then take you <strong>from one end of the production line to the other<\/strong> to discover the main characteristics of this ancestral know-how, <strong>from the wire drawing to the machine room to the packaging area<\/strong>. It smells of oil and grease. A <strong>\"Zola-esque\" decor<\/strong>in its natural state with its <strong>magnificent glass roof and shed roof<\/strong>It's a regular destination for film-makers and musicians looking for authentic locations for their work.<\/p>\n\n\n\n<p>During the guided tour with your group, you'll be transported into a little-known world from another era...<\/p>\n\n\n\n<figure class=\"is-layout-flex wp-block-gallery-3 wp-block-gallery aligncenter has-nested-images columns-default is-cropped\">\n<figure class=\"wp-block-image size-large\"><img decoding=\"async\" loading=\"lazy\" width=\"1200\" height=\"675\" data-id=\"32425\"  data-src=\"https:\/\/www.creilsudoise-tourisme.fr\/wp-content\/uploads\/2021\/03\/Justine-guide-a\u0300-la-Clouterie-Rivierre-a\u0300-Creil-2-1200x675.jpg\" alt=\"\" class=\"wp-image-32425\" data-srcset=\"https:\/\/www.creilsudoise-tourisme.fr\/wp-content\/uploads\/2021\/03\/Justine-guide-a\u0300-la-Clouterie-Rivierre-a\u0300-Creil-2-1200x675.jpg 1200w, https:\/\/www.creilsudoise-tourisme.fr\/wp-content\/uploads\/2021\/03\/Justine-guide-a\u0300-la-Clouterie-Rivierre-a\u0300-Creil-2-600x338.jpg 600w, https:\/\/www.creilsudoise-tourisme.fr\/wp-content\/uploads\/2021\/03\/Justine-guide-a\u0300-la-Clouterie-Rivierre-a\u0300-Creil-2-900x506.jpg 900w, https:\/\/www.creilsudoise-tourisme.fr\/wp-content\/uploads\/2021\/03\/Justine-guide-a\u0300-la-Clouterie-Rivierre-a\u0300-Creil-2-1536x864.jpg 1536w, https:\/\/www.creilsudoise-tourisme.fr\/wp-content\/uploads\/2021\/03\/Justine-guide-a\u0300-la-Clouterie-Rivierre-a\u0300-Creil-2-200x113.jpg 200w, https:\/\/www.creilsudoise-tourisme.fr\/wp-content\/uploads\/2021\/03\/Justine-guide-a\u0300-la-Clouterie-Rivierre-a\u0300-Creil-2-650x366.jpg 650w, https:\/\/www.creilsudoise-tourisme.fr\/wp-content\/uploads\/2021\/03\/Justine-guide-a\u0300-la-Clouterie-Rivierre-a\u0300-Creil-2-387x218.jpg 387w, https:\/\/www.creilsudoise-tourisme.fr\/wp-content\/uploads\/2021\/03\/Justine-guide-a\u0300-la-Clouterie-Rivierre-a\u0300-Creil-2.jpg 1600w\" sizes=\"(max-width: 1200px) 100vw, 1200px\" \/><figcaption class=\"wp-element-caption\">Justine, who is as passionate as she is exciting, guides the tour of the Clouterie Rivierre.<\/figcaption><\/figure>\n\n\n\n<figure class=\"wp-block-image size-large\"><img decoding=\"async\" loading=\"lazy\" width=\"900\" height=\"1200\" data-id=\"52419\"  data-src=\"https:\/\/www.creilsudoise-tourisme.fr\/wp-content\/uploads\/2024\/02\/Anthony-et-Manuel-a-la-Clouterie-Rivierre-a-Creil-5-900x1200.jpg\" alt=\"meeting destination magazine article interview Clouterie Rivierre oise creil unique know-how\" class=\"wp-image-52419\" data-srcset=\"https:\/\/www.creilsudoise-tourisme.fr\/wp-content\/uploads\/2024\/02\/Anthony-et-Manuel-a-la-Clouterie-Rivierre-a-Creil-5-900x1200.jpg 900w, https:\/\/www.creilsudoise-tourisme.fr\/wp-content\/uploads\/2024\/02\/Anthony-et-Manuel-a-la-Clouterie-Rivierre-a-Creil-5-450x600.jpg 450w, https:\/\/www.creilsudoise-tourisme.fr\/wp-content\/uploads\/2024\/02\/Anthony-et-Manuel-a-la-Clouterie-Rivierre-a-Creil-5-675x900.jpg 675w, https:\/\/www.creilsudoise-tourisme.fr\/wp-content\/uploads\/2024\/02\/Anthony-et-Manuel-a-la-Clouterie-Rivierre-a-Creil-5-9x12.jpg 9w, https:\/\/www.creilsudoise-tourisme.fr\/wp-content\/uploads\/2024\/02\/Anthony-et-Manuel-a-la-Clouterie-Rivierre-a-Creil-5-200x267.jpg 200w, https:\/\/www.creilsudoise-tourisme.fr\/wp-content\/uploads\/2024\/02\/Anthony-et-Manuel-a-la-Clouterie-Rivierre-a-Creil-5-650x867.jpg 650w, https:\/\/www.creilsudoise-tourisme.fr\/wp-content\/uploads\/2024\/02\/Anthony-et-Manuel-a-la-Clouterie-Rivierre-a-Creil-5-387x516.jpg 387w, https:\/\/www.creilsudoise-tourisme.fr\/wp-content\/uploads\/2024\/02\/Anthony-et-Manuel-a-la-Clouterie-Rivierre-a-Creil-5.jpg 1110w\" sizes=\"(max-width: 900px) 100vw, 900px\" \/><figcaption class=\"wp-element-caption\">C\u00e9line Weissier<\/figcaption><\/figure>\n<\/figure>\n\n\n\n<div class=\"wp-block wp-block-testimonial\">\n    <div class=\"wp-block-testimonial-excerpt\">\n        A very pleasant and rewarding visit to this industrial heritage, unique in Europe. Thank you for the availability of our charming guide. A trip back to the last century in an atmosphere steeped in history. A wonderful visit.    <\/div>\n    <div class=\"wp-block-testimonial-details\">\n                <div class=\"wp-block-testimonial-content\">\n            <p class=\"wp-block-testimonial-content-author\">\n                <strong>Pantin P<\/strong>\n\n                                <span class=\"wp-block-testimonial-content-job\"> - Tripadvisor<\/span>\n                            <\/p>\n        <\/div>\n    <\/div>\n<\/div>\n\n\n<h3>Security measures<\/h3>\n\n\n\n<p>Be careful, the roof of the factory is a glass roof. <strong>very hot in summer and very cold in winter, so be sure to tell your group to dress accordingly<\/strong> !<\/p>\n\n\n\n<p>The factory is in operation, workers are at work every day and nails or other scrap metal may fall out: the Nail factory require <strong>all visitors to wear closed shoes for their own safety<\/strong>. Otherwise you will not be allowed to enter the factory.<\/p>","protected":false},"excerpt":{"rendered":"<p>France's only nail factory, the last still in operation in Europe, opens its doors to you for a guided group tour in Creil, just 45 minutes from Paris, a few kilometres from Chantilly Castle and Senlis Cathedral. A nail factory in the Oise region Let yourself be tempted by this unusual guided tour [...]<\/p>","protected":false},"author":1,"featured_media":32350,"parent":102,"menu_order":0,"comment_status":"closed","ping_status":"closed","template":"","meta":{"_relevanssi_hide_post":"","_relevanssi_hide_content":"","_relevanssi_pin_for_all":"","_relevanssi_pin_keywords":"","_relevanssi_unpin_keywords":"","_relevanssi_related_keywords":"","_relevanssi_related_include_ids":"","_relevanssi_related_exclude_ids":"","_relevanssi_related_no_append":"","_relevanssi_related_not_related":"","_relevanssi_related_posts":"273,267,271,275","_relevanssi_noindex_reason":""},"yoast_head":"<!-- This site is optimized with the Yoast SEO plugin v20.2.1 - https:\/\/yoast.com\/wordpress\/plugins\/seo\/ -->\n<title>Clouterie Rivierre \u00e0 Creil, un lieu unique \u00e0 visiter en groupe<\/title>\n<meta name=\"description\" content=\"La derni\u00e8re Clouterie encore en activit\u00e9 en Europe se trouve \u00e0 Creil et elle se visite en groupe sur rendez-vous !\" \/>\n<meta name=\"robots\" content=\"index, follow, max-snippet:-1, max-image-preview:large, max-video-preview:-1\" \/>\n<link rel=\"canonical\" href=\"https:\/\/www.creilsudoise-tourisme.fr\/en\/explore-groups\/must-haves-groups\/clouterie-rivierre-2\/\" \/>\n<meta property=\"og:locale\" content=\"en_GB\" \/>\n<meta property=\"og:type\" content=\"article\" \/>\n<meta property=\"og:title\" content=\"Clouterie Rivierre \u00e0 Creil, un lieu unique \u00e0 visiter en groupe\" \/>\n<meta property=\"og:description\" content=\"La derni\u00e8re Clouterie encore en activit\u00e9 en Europe se trouve \u00e0 Creil et elle se visite en groupe sur rendez-vous !\" \/>\n<meta property=\"og:url\" content=\"https:\/\/www.creilsudoise-tourisme.fr\/en\/explore-groups\/must-haves-groups\/clouterie-rivierre-2\/\" \/>\n<meta property=\"og:site_name\" content=\"Office de Tourisme Creil Sud Oise\" \/>\n<meta property=\"article:publisher\" content=\"https:\/\/www.facebook.com\/creilsudoisetourisme\/\" \/>\n<meta property=\"article:modified_time\" content=\"2025-02-21T09:49:54+00:00\" \/>\n<meta property=\"og:image\" content=\"https:\/\/www.creilsudoise-tourisme.fr\/wp-content\/uploads\/2021\/03\/La-Clouterie-Rivierre-a\u0300-Creil-en-groupes.jpg\" \/>\n\t<meta property=\"og:image:width\" content=\"1067\" \/>\n\t<meta property=\"og:image:height\" content=\"1600\" \/>\n\t<meta property=\"og:image:type\" content=\"image\/jpeg\" \/>\n<meta name=\"twitter:card\" content=\"summary_large_image\" \/>\n<meta name=\"twitter:site\" content=\"@CreilSudOiseOT\" \/>\n<meta name=\"twitter:label1\" content=\"Estimated reading time\" \/>\n\t<meta name=\"twitter:data1\" content=\"4 minutes\" \/>\n<script type=\"application\/ld+json\" class=\"yoast-schema-graph\">{\"@context\":\"https:\/\/schema.org\",\"@graph\":[{\"@type\":\"WebPage\",\"@id\":\"https:\/\/www.creilsudoise-tourisme.fr\/explorez-groupes\/incontournables-groupes\/clouterie-rivierre\/\",\"url\":\"https:\/\/www.creilsudoise-tourisme.fr\/explorez-groupes\/incontournables-groupes\/clouterie-rivierre\/\",\"name\":\"Clouterie Rivierre \u00e0 Creil, un lieu unique \u00e0 visiter en groupe\",\"isPartOf\":{\"@id\":\"https:\/\/www.creilsudoise-tourisme.fr\/#website\"},\"datePublished\":\"2021-02-17T09:02:04+00:00\",\"dateModified\":\"2025-02-21T09:49:54+00:00\",\"description\":\"La derni\u00e8re Clouterie encore en activit\u00e9 en Europe se trouve \u00e0 Creil et elle se visite en groupe sur rendez-vous !\",\"breadcrumb\":{\"@id\":\"https:\/\/www.creilsudoise-tourisme.fr\/explorez-groupes\/incontournables-groupes\/clouterie-rivierre\/#breadcrumb\"},\"inLanguage\":\"en-GB\",\"potentialAction\":[{\"@type\":\"ReadAction\",\"target\":[\"https:\/\/www.creilsudoise-tourisme.fr\/explorez-groupes\/incontournables-groupes\/clouterie-rivierre\/\"]}]},{\"@type\":\"BreadcrumbList\",\"@id\":\"https:\/\/www.creilsudoise-tourisme.fr\/explorez-groupes\/incontournables-groupes\/clouterie-rivierre\/#breadcrumb\",\"itemListElement\":[{\"@type\":\"ListItem\",\"position\":1,\"name\":\"Accueil\",\"item\":\"https:\/\/www.creilsudoise-tourisme.fr\/\"},{\"@type\":\"ListItem\",\"position\":2,\"name\":\"En groupe &amp; S\u00e9minaires\",\"item\":\"https:\/\/www.creilsudoise-tourisme.fr\/explorez-groupes\/\"},{\"@type\":\"ListItem\",\"position\":3,\"name\":\"Les incontournables \u00e0 explorer en groupes\",\"item\":\"https:\/\/www.creilsudoise-tourisme.fr\/explorez-groupes\/incontournables-groupes\/\"},{\"@type\":\"ListItem\",\"position\":4,\"name\":\"La Clouterie Rivierre\"}]},{\"@type\":\"WebSite\",\"@id\":\"https:\/\/www.creilsudoise-tourisme.fr\/#website\",\"url\":\"https:\/\/www.creilsudoise-tourisme.fr\/\",\"name\":\"Office de Tourisme Creil Sud Oise\",\"description\":\"Creil Sud Oise Tourisme, un territoire \u00e0 explorer !\",\"publisher\":{\"@id\":\"https:\/\/www.creilsudoise-tourisme.fr\/#organization\"},\"potentialAction\":[{\"@type\":\"SearchAction\",\"target\":{\"@type\":\"EntryPoint\",\"urlTemplate\":\"https:\/\/www.creilsudoise-tourisme.fr\/?s={search_term_string}\"},\"query-input\":\"required name=search_term_string\"}],\"inLanguage\":\"en-GB\"},{\"@type\":\"Organization\",\"@id\":\"https:\/\/www.creilsudoise-tourisme.fr\/#organization\",\"name\":\"Creil Sud Oise Tourisme\",\"url\":\"https:\/\/www.creilsudoise-tourisme.fr\/\",\"logo\":{\"@type\":\"ImageObject\",\"inLanguage\":\"en-GB\",\"@id\":\"https:\/\/www.creilsudoise-tourisme.fr\/#\/schema\/logo\/image\/\",\"url\":\"https:\/\/www.creilsudoise-tourisme.fr\/wp-content\/uploads\/2021\/05\/logo-svg.png\",\"contentUrl\":\"https:\/\/www.creilsudoise-tourisme.fr\/wp-content\/uploads\/2021\/05\/logo-svg.png\",\"width\":182,\"height\":71,\"caption\":\"Creil Sud Oise Tourisme\"},\"image\":{\"@id\":\"https:\/\/www.creilsudoise-tourisme.fr\/#\/schema\/logo\/image\/\"},\"sameAs\":[\"https:\/\/www.facebook.com\/creilsudoisetourisme\/\",\"https:\/\/twitter.com\/CreilSudOiseOT\",\"https:\/\/www.instagram.com\/creilsudoisetourisme\/\",\"https:\/\/www.youtube.com\/channel\/UC8L_QD2wwyADW14zt9fY8kw\"]}]}<\/script>\n<!-- \/ Yoast SEO plugin. -->","yoast_head_json":{"title":"Clouterie Rivierre \u00e0 Creil, un lieu unique \u00e0 visiter en groupe","description":"La derni\u00e8re Clouterie encore en activit\u00e9 en Europe se trouve \u00e0 Creil et elle se visite en groupe sur rendez-vous !","robots":{"index":"index","follow":"follow","max-snippet":"max-snippet:-1","max-image-preview":"max-image-preview:large","max-video-preview":"max-video-preview:-1"},"canonical":"https:\/\/www.creilsudoise-tourisme.fr\/en\/explore-groups\/must-haves-groups\/clouterie-rivierre-2\/","og_locale":"en_GB","og_type":"article","og_title":"Clouterie Rivierre \u00e0 Creil, un lieu unique \u00e0 visiter en groupe","og_description":"La derni\u00e8re Clouterie encore en activit\u00e9 en Europe se trouve \u00e0 Creil et elle se visite en groupe sur rendez-vous !","og_url":"https:\/\/www.creilsudoise-tourisme.fr\/en\/explore-groups\/must-haves-groups\/clouterie-rivierre-2\/","og_site_name":"Office de Tourisme Creil Sud Oise","article_publisher":"https:\/\/www.facebook.com\/creilsudoisetourisme\/","article_modified_time":"2025-02-21T09:49:54+00:00","og_image":[{"width":1067,"height":1600,"url":"https:\/\/www.creilsudoise-tourisme.fr\/wp-content\/uploads\/2021\/03\/La-Clouterie-Rivierre-a\u0300-Creil-en-groupes.jpg","type":"image\/jpeg"}],"twitter_card":"summary_large_image","twitter_site":"@CreilSudOiseOT","twitter_misc":{"Estimated reading time":"4 minutes"},"schema":{"@context":"https:\/\/schema.org","@graph":[{"@type":"WebPage","@id":"https:\/\/www.creilsudoise-tourisme.fr\/explorez-groupes\/incontournables-groupes\/clouterie-rivierre\/","url":"https:\/\/www.creilsudoise-tourisme.fr\/explorez-groupes\/incontournables-groupes\/clouterie-rivierre\/","name":"Clouterie Rivierre \u00e0 Creil, un lieu unique \u00e0 visiter en groupe","isPartOf":{"@id":"https:\/\/www.creilsudoise-tourisme.fr\/#website"},"datePublished":"2021-02-17T09:02:04+00:00","dateModified":"2025-02-21T09:49:54+00:00","description":"La derni\u00e8re Clouterie encore en activit\u00e9 en Europe se trouve \u00e0 Creil et elle se visite en groupe sur rendez-vous !","breadcrumb":{"@id":"https:\/\/www.creilsudoise-tourisme.fr\/explorez-groupes\/incontournables-groupes\/clouterie-rivierre\/#breadcrumb"},"inLanguage":"en-GB","potentialAction":[{"@type":"ReadAction","target":["https:\/\/www.creilsudoise-tourisme.fr\/explorez-groupes\/incontournables-groupes\/clouterie-rivierre\/"]}]},{"@type":"BreadcrumbList","@id":"https:\/\/www.creilsudoise-tourisme.fr\/explorez-groupes\/incontournables-groupes\/clouterie-rivierre\/#breadcrumb","itemListElement":[{"@type":"ListItem","position":1,"name":"Accueil","item":"https:\/\/www.creilsudoise-tourisme.fr\/"},{"@type":"ListItem","position":2,"name":"En groupe &amp; S\u00e9minaires","item":"https:\/\/www.creilsudoise-tourisme.fr\/explorez-groupes\/"},{"@type":"ListItem","position":3,"name":"Les incontournables \u00e0 explorer en groupes","item":"https:\/\/www.creilsudoise-tourisme.fr\/explorez-groupes\/incontournables-groupes\/"},{"@type":"ListItem","position":4,"name":"La Clouterie Rivierre"}]},{"@type":"WebSite","@id":"https:\/\/www.creilsudoise-tourisme.fr\/#website","url":"https:\/\/www.creilsudoise-tourisme.fr\/","name":"Office de Tourisme Creil Sud Oise","description":"Creil Sud Oise Tourisme, un territoire \u00e0 explorer !","publisher":{"@id":"https:\/\/www.creilsudoise-tourisme.fr\/#organization"},"potentialAction":[{"@type":"SearchAction","target":{"@type":"EntryPoint","urlTemplate":"https:\/\/www.creilsudoise-tourisme.fr\/?s={search_term_string}"},"query-input":"required name=search_term_string"}],"inLanguage":"en-GB"},{"@type":"Organization","@id":"https:\/\/www.creilsudoise-tourisme.fr\/#organization","name":"Creil Sud Oise Tourisme","url":"https:\/\/www.creilsudoise-tourisme.fr\/","logo":{"@type":"ImageObject","inLanguage":"en-GB","@id":"https:\/\/www.creilsudoise-tourisme.fr\/#\/schema\/logo\/image\/","url":"https:\/\/www.creilsudoise-tourisme.fr\/wp-content\/uploads\/2021\/05\/logo-svg.png","contentUrl":"https:\/\/www.creilsudoise-tourisme.fr\/wp-content\/uploads\/2021\/05\/logo-svg.png","width":182,"height":71,"caption":"Creil Sud Oise Tourisme"},"image":{"@id":"https:\/\/www.creilsudoise-tourisme.fr\/#\/schema\/logo\/image\/"},"sameAs":["https:\/\/www.facebook.com\/creilsudoisetourisme\/","https:\/\/twitter.com\/CreilSudOiseOT","https:\/\/www.instagram.com\/creilsudoisetourisme\/","https:\/\/www.youtube.com\/channel\/UC8L_QD2wwyADW14zt9fY8kw"]}]}},"_links":{"self":[{"href":"https:\/\/www.creilsudoise-tourisme.fr\/en\/wp-json\/wp\/v2\/pages\/104"}],"collection":[{"href":"https:\/\/www.creilsudoise-tourisme.fr\/en\/wp-json\/wp\/v2\/pages"}],"about":[{"href":"https:\/\/www.creilsudoise-tourisme.fr\/en\/wp-json\/wp\/v2\/types\/page"}],"author":[{"embeddable":true,"href":"https:\/\/www.creilsudoise-tourisme.fr\/en\/wp-json\/wp\/v2\/users\/1"}],"replies":[{"embeddable":true,"href":"https:\/\/www.creilsudoise-tourisme.fr\/en\/wp-json\/wp\/v2\/comments?post=104"}],"version-history":[{"count":30,"href":"https:\/\/www.creilsudoise-tourisme.fr\/en\/wp-json\/wp\/v2\/pages\/104\/revisions"}],"predecessor-version":[{"id":60463,"href":"https:\/\/www.creilsudoise-tourisme.fr\/en\/wp-json\/wp\/v2\/pages\/104\/revisions\/60463"}],"up":[{"embeddable":true,"href":"https:\/\/www.creilsudoise-tourisme.fr\/en\/wp-json\/wp\/v2\/pages\/102"}],"wp:featuredmedia":[{"embeddable":true,"href":"https:\/\/www.creilsudoise-tourisme.fr\/en\/wp-json\/wp\/v2\/media\/32350"}],"wp:attachment":[{"href":"https:\/\/www.creilsudoise-tourisme.fr\/en\/wp-json\/wp\/v2\/media?parent=104"}],"curies":[{"name":"wp","href":"https:\/\/api.w.org\/{rel}","templated":true}]}}