{"id":88,"date":"2021-02-17T10:01:47","date_gmt":"2021-02-17T09:01:47","guid":{"rendered":"https:\/\/www.creilsudoise-tourisme.fr\/les-hebergements-en-couple\/"},"modified":"2025-03-19T15:24:01","modified_gmt":"2025-03-19T14:24:01","slug":"hebergements-en-couple","status":"publish","type":"page","link":"https:\/\/www.creilsudoise-tourisme.fr\/de\/en-couple\/unterkunfte-in-paaren\/","title":{"rendered":"Unterk\u00fcnfte f\u00fcr Paare"},"content":{"rendered":"<p class=\"is-style-excerpt\">Zur Perfektionierung eines <strong>Liebeswochenende<\/strong>Die Wahl der richtigen Unterkunft ist entscheidend! Lassen Sie sich f\u00fchren und entdecken Sie <strong>unsere Auswahl an gem\u00fctlichen und heimeligen Ferienh\u00e4usern, Hotels oder G\u00e4stezimmern<\/strong> wo man sich gerne zu zweit f\u00fcr einen <strong>traumhafter Moment mit Ihrer besseren H\u00e4lfte<\/strong>.<\/p>\n\n\n\n<div class=\"is-layout-flex wp-container-7 wp-block-columns\">\n<div class=\"is-layout-flow wp-block-column\">\n<div class=\"is-horizontal is-content-justification-right is-layout-flex wp-container-1 wp-block-buttons\">\n<div class=\"wp-block-button\"><a class=\"wp-block-button__link wp-element-button\" href=\"https:\/\/www.creilsudoise-tourisme.fr\/de\/en-couple\/aktivitaten-zu-paar\/\" target=\"_blank\" rel=\"noreferrer noopener\">Aktivit\u00e4ten f\u00fcr Paare<\/a><\/div>\n<\/div>\n<\/div>\n\n\n\n<div class=\"is-layout-flow wp-block-column\">\n<div class=\"is-horizontal is-content-justification-center is-layout-flex wp-container-3 wp-block-buttons\">\n<div class=\"wp-block-button\"><a class=\"wp-block-button__link wp-element-button\" href=\"https:\/\/www.creilsudoise-tourisme.fr\/de\/ich-suche\/wandern\/\" target=\"_blank\" rel=\"noreferrer noopener\">Wanderungen<\/a><\/div>\n<\/div>\n<\/div>\n\n\n\n<div class=\"is-layout-flow wp-block-column\">\n<div class=\"is-layout-flex wp-block-buttons\">\n<div class=\"wp-block-button\"><a class=\"wp-block-button__link wp-element-button\" href=\"https:\/\/www.creilsudoise-tourisme.fr\/de\/en-couple\/restaurants-in-paar\/\" target=\"_blank\" rel=\"noreferrer noopener\">Restaurants f\u00fcr Paare<\/a><\/div>\n<\/div>\n<\/div>\n<\/div>","protected":false},"excerpt":{"rendered":"<p>Um ein Wochenende zu zweit perfekt zu machen, ist die Wahl der Unterkunft von entscheidender Bedeutung! Lassen Sie sich von unserer Auswahl an gem\u00fctlichen und herzlichen Ferienh\u00e4usern, Hotels oder G\u00e4stezimmern leiten, wo man sich gerne zu zweit trifft, um eine traumhafte Zeit mit seiner besseren H\u00e4lfte zu verbringen.<\/p>","protected":false},"author":1,"featured_media":60840,"parent":84,"menu_order":1,"comment_status":"closed","ping_status":"closed","template":"page-templates\/sit-aside.php","meta":{"_relevanssi_hide_post":"","_relevanssi_hide_content":"","_relevanssi_pin_for_all":"","_relevanssi_pin_keywords":"","_relevanssi_unpin_keywords":"","_relevanssi_related_keywords":"","_relevanssi_related_include_ids":"","_relevanssi_related_exclude_ids":"","_relevanssi_related_no_append":"","_relevanssi_related_not_related":"","_relevanssi_related_posts":"271,273,275,267","_relevanssi_noindex_reason":""},"yoast_head":"<!-- This site is optimized with the Yoast SEO plugin v20.2.1 - https:\/\/yoast.com\/wordpress\/plugins\/seo\/ -->\n<title>G\u00eetes, h\u00f4tels et chambres d\u2019h\u00f4te romantiques \u00e0 Creil Sud Oise<\/title>\n<meta name=\"description\" content=\"Nous avons s\u00e9lectionn\u00e9 des h\u00e9bergements cosy et chaleureux pour un s\u00e9jour ou week-end romantique en amoureux \u00e0 Creil Sud Oise !\" \/>\n<meta name=\"robots\" content=\"index, follow, max-snippet:-1, max-image-preview:large, max-video-preview:-1\" \/>\n<link rel=\"canonical\" href=\"https:\/\/www.creilsudoise-tourisme.fr\/de\/en-couple\/unterkunfte-in-paaren\/\" \/>\n<meta property=\"og:locale\" content=\"de_DE\" \/>\n<meta property=\"og:type\" content=\"article\" \/>\n<meta property=\"og:title\" content=\"G\u00eetes, h\u00f4tels et chambres d\u2019h\u00f4te romantiques \u00e0 Creil Sud Oise\" \/>\n<meta property=\"og:description\" content=\"Nous avons s\u00e9lectionn\u00e9 des h\u00e9bergements cosy et chaleureux pour un s\u00e9jour ou week-end romantique en amoureux \u00e0 Creil Sud Oise !\" \/>\n<meta property=\"og:url\" content=\"https:\/\/www.creilsudoise-tourisme.fr\/de\/en-couple\/unterkunfte-in-paaren\/\" \/>\n<meta property=\"og:site_name\" content=\"Office de Tourisme Creil Sud Oise\" \/>\n<meta property=\"article:publisher\" content=\"https:\/\/www.facebook.com\/creilsudoisetourisme\/\" \/>\n<meta property=\"article:modified_time\" content=\"2025-03-19T14:24:01+00:00\" \/>\n<meta property=\"og:image\" content=\"https:\/\/www.creilsudoise-tourisme.fr\/wp-content\/uploads\/2025\/03\/Hebergement-en-couple-a-Creil-Sud-Oise.jpg\" \/>\n\t<meta property=\"og:image:width\" content=\"1480\" \/>\n\t<meta property=\"og:image:height\" content=\"988\" \/>\n\t<meta property=\"og:image:type\" content=\"image\/jpeg\" \/>\n<meta name=\"twitter:card\" content=\"summary_large_image\" \/>\n<meta name=\"twitter:site\" content=\"@CreilSudOiseOT\" \/>\n<meta name=\"twitter:label1\" content=\"Gesch\u00e4tzte Lesezeit\" \/>\n\t<meta name=\"twitter:data1\" content=\"1\u00a0Minute\" \/>\n<script type=\"application\/ld+json\" class=\"yoast-schema-graph\">{\"@context\":\"https:\/\/schema.org\",\"@graph\":[{\"@type\":\"WebPage\",\"@id\":\"https:\/\/www.creilsudoise-tourisme.fr\/en-couple\/hebergements-en-couple\/\",\"url\":\"https:\/\/www.creilsudoise-tourisme.fr\/en-couple\/hebergements-en-couple\/\",\"name\":\"G\u00eetes, h\u00f4tels et chambres d\u2019h\u00f4te romantiques \u00e0 Creil Sud Oise\",\"isPartOf\":{\"@id\":\"https:\/\/www.creilsudoise-tourisme.fr\/#website\"},\"datePublished\":\"2021-02-17T09:01:47+00:00\",\"dateModified\":\"2025-03-19T14:24:01+00:00\",\"description\":\"Nous avons s\u00e9lectionn\u00e9 des h\u00e9bergements cosy et chaleureux pour un s\u00e9jour ou week-end romantique en amoureux \u00e0 Creil Sud Oise !\",\"breadcrumb\":{\"@id\":\"https:\/\/www.creilsudoise-tourisme.fr\/en-couple\/hebergements-en-couple\/#breadcrumb\"},\"inLanguage\":\"de\",\"potentialAction\":[{\"@type\":\"ReadAction\",\"target\":[\"https:\/\/www.creilsudoise-tourisme.fr\/en-couple\/hebergements-en-couple\/\"]}]},{\"@type\":\"BreadcrumbList\",\"@id\":\"https:\/\/www.creilsudoise-tourisme.fr\/en-couple\/hebergements-en-couple\/#breadcrumb\",\"itemListElement\":[{\"@type\":\"ListItem\",\"position\":1,\"name\":\"Accueil\",\"item\":\"https:\/\/www.creilsudoise-tourisme.fr\/\"},{\"@type\":\"ListItem\",\"position\":2,\"name\":\"En couple\",\"item\":\"https:\/\/www.creilsudoise-tourisme.fr\/nl\/en-koppel\/\"},{\"@type\":\"ListItem\",\"position\":3,\"name\":\"Les h\u00e9bergements en couple\"}]},{\"@type\":\"WebSite\",\"@id\":\"https:\/\/www.creilsudoise-tourisme.fr\/#website\",\"url\":\"https:\/\/www.creilsudoise-tourisme.fr\/\",\"name\":\"Office de Tourisme Creil Sud Oise\",\"description\":\"Creil Sud Oise Tourisme, un territoire \u00e0 explorer !\",\"publisher\":{\"@id\":\"https:\/\/www.creilsudoise-tourisme.fr\/#organization\"},\"potentialAction\":[{\"@type\":\"SearchAction\",\"target\":{\"@type\":\"EntryPoint\",\"urlTemplate\":\"https:\/\/www.creilsudoise-tourisme.fr\/?s={search_term_string}\"},\"query-input\":\"required name=search_term_string\"}],\"inLanguage\":\"de\"},{\"@type\":\"Organization\",\"@id\":\"https:\/\/www.creilsudoise-tourisme.fr\/#organization\",\"name\":\"Creil Sud Oise Tourisme\",\"url\":\"https:\/\/www.creilsudoise-tourisme.fr\/\",\"logo\":{\"@type\":\"ImageObject\",\"inLanguage\":\"de\",\"@id\":\"https:\/\/www.creilsudoise-tourisme.fr\/#\/schema\/logo\/image\/\",\"url\":\"https:\/\/www.creilsudoise-tourisme.fr\/wp-content\/uploads\/2021\/05\/logo-svg.png\",\"contentUrl\":\"https:\/\/www.creilsudoise-tourisme.fr\/wp-content\/uploads\/2021\/05\/logo-svg.png\",\"width\":182,\"height\":71,\"caption\":\"Creil Sud Oise Tourisme\"},\"image\":{\"@id\":\"https:\/\/www.creilsudoise-tourisme.fr\/#\/schema\/logo\/image\/\"},\"sameAs\":[\"https:\/\/www.facebook.com\/creilsudoisetourisme\/\",\"https:\/\/twitter.com\/CreilSudOiseOT\",\"https:\/\/www.instagram.com\/creilsudoisetourisme\/\",\"https:\/\/www.youtube.com\/channel\/UC8L_QD2wwyADW14zt9fY8kw\"]}]}<\/script>\n<!-- \/ Yoast SEO plugin. -->","yoast_head_json":{"title":"G\u00eetes, h\u00f4tels et chambres d\u2019h\u00f4te romantiques \u00e0 Creil Sud Oise","description":"Nous avons s\u00e9lectionn\u00e9 des h\u00e9bergements cosy et chaleureux pour un s\u00e9jour ou week-end romantique en amoureux \u00e0 Creil Sud Oise !","robots":{"index":"index","follow":"follow","max-snippet":"max-snippet:-1","max-image-preview":"max-image-preview:large","max-video-preview":"max-video-preview:-1"},"canonical":"https:\/\/www.creilsudoise-tourisme.fr\/de\/en-couple\/unterkunfte-in-paaren\/","og_locale":"de_DE","og_type":"article","og_title":"G\u00eetes, h\u00f4tels et chambres d\u2019h\u00f4te romantiques \u00e0 Creil Sud Oise","og_description":"Nous avons s\u00e9lectionn\u00e9 des h\u00e9bergements cosy et chaleureux pour un s\u00e9jour ou week-end romantique en amoureux \u00e0 Creil Sud Oise !","og_url":"https:\/\/www.creilsudoise-tourisme.fr\/de\/en-couple\/unterkunfte-in-paaren\/","og_site_name":"Office de Tourisme Creil Sud Oise","article_publisher":"https:\/\/www.facebook.com\/creilsudoisetourisme\/","article_modified_time":"2025-03-19T14:24:01+00:00","og_image":[{"width":1480,"height":988,"url":"https:\/\/www.creilsudoise-tourisme.fr\/wp-content\/uploads\/2025\/03\/Hebergement-en-couple-a-Creil-Sud-Oise.jpg","type":"image\/jpeg"}],"twitter_card":"summary_large_image","twitter_site":"@CreilSudOiseOT","twitter_misc":{"Gesch\u00e4tzte Lesezeit":"1\u00a0Minute"},"schema":{"@context":"https:\/\/schema.org","@graph":[{"@type":"WebPage","@id":"https:\/\/www.creilsudoise-tourisme.fr\/en-couple\/hebergements-en-couple\/","url":"https:\/\/www.creilsudoise-tourisme.fr\/en-couple\/hebergements-en-couple\/","name":"G\u00eetes, h\u00f4tels et chambres d\u2019h\u00f4te romantiques \u00e0 Creil Sud Oise","isPartOf":{"@id":"https:\/\/www.creilsudoise-tourisme.fr\/#website"},"datePublished":"2021-02-17T09:01:47+00:00","dateModified":"2025-03-19T14:24:01+00:00","description":"Nous avons s\u00e9lectionn\u00e9 des h\u00e9bergements cosy et chaleureux pour un s\u00e9jour ou week-end romantique en amoureux \u00e0 Creil Sud Oise !","breadcrumb":{"@id":"https:\/\/www.creilsudoise-tourisme.fr\/en-couple\/hebergements-en-couple\/#breadcrumb"},"inLanguage":"de","potentialAction":[{"@type":"ReadAction","target":["https:\/\/www.creilsudoise-tourisme.fr\/en-couple\/hebergements-en-couple\/"]}]},{"@type":"BreadcrumbList","@id":"https:\/\/www.creilsudoise-tourisme.fr\/en-couple\/hebergements-en-couple\/#breadcrumb","itemListElement":[{"@type":"ListItem","position":1,"name":"Accueil","item":"https:\/\/www.creilsudoise-tourisme.fr\/"},{"@type":"ListItem","position":2,"name":"En couple","item":"https:\/\/www.creilsudoise-tourisme.fr\/nl\/en-koppel\/"},{"@type":"ListItem","position":3,"name":"Les h\u00e9bergements en couple"}]},{"@type":"WebSite","@id":"https:\/\/www.creilsudoise-tourisme.fr\/#website","url":"https:\/\/www.creilsudoise-tourisme.fr\/","name":"Office de Tourisme Creil Sud Oise","description":"Creil Sud Oise Tourisme, un territoire \u00e0 explorer !","publisher":{"@id":"https:\/\/www.creilsudoise-tourisme.fr\/#organization"},"potentialAction":[{"@type":"SearchAction","target":{"@type":"EntryPoint","urlTemplate":"https:\/\/www.creilsudoise-tourisme.fr\/?s={search_term_string}"},"query-input":"required name=search_term_string"}],"inLanguage":"de"},{"@type":"Organization","@id":"https:\/\/www.creilsudoise-tourisme.fr\/#organization","name":"Creil Sud Oise Tourisme","url":"https:\/\/www.creilsudoise-tourisme.fr\/","logo":{"@type":"ImageObject","inLanguage":"de","@id":"https:\/\/www.creilsudoise-tourisme.fr\/#\/schema\/logo\/image\/","url":"https:\/\/www.creilsudoise-tourisme.fr\/wp-content\/uploads\/2021\/05\/logo-svg.png","contentUrl":"https:\/\/www.creilsudoise-tourisme.fr\/wp-content\/uploads\/2021\/05\/logo-svg.png","width":182,"height":71,"caption":"Creil Sud Oise Tourisme"},"image":{"@id":"https:\/\/www.creilsudoise-tourisme.fr\/#\/schema\/logo\/image\/"},"sameAs":["https:\/\/www.facebook.com\/creilsudoisetourisme\/","https:\/\/twitter.com\/CreilSudOiseOT","https:\/\/www.instagram.com\/creilsudoisetourisme\/","https:\/\/www.youtube.com\/channel\/UC8L_QD2wwyADW14zt9fY8kw"]}]}},"_links":{"self":[{"href":"https:\/\/www.creilsudoise-tourisme.fr\/de\/wp-json\/wp\/v2\/pages\/88"}],"collection":[{"href":"https:\/\/www.creilsudoise-tourisme.fr\/de\/wp-json\/wp\/v2\/pages"}],"about":[{"href":"https:\/\/www.creilsudoise-tourisme.fr\/de\/wp-json\/wp\/v2\/types\/page"}],"author":[{"embeddable":true,"href":"https:\/\/www.creilsudoise-tourisme.fr\/de\/wp-json\/wp\/v2\/users\/1"}],"replies":[{"embeddable":true,"href":"https:\/\/www.creilsudoise-tourisme.fr\/de\/wp-json\/wp\/v2\/comments?post=88"}],"version-history":[{"count":13,"href":"https:\/\/www.creilsudoise-tourisme.fr\/de\/wp-json\/wp\/v2\/pages\/88\/revisions"}],"predecessor-version":[{"id":60843,"href":"https:\/\/www.creilsudoise-tourisme.fr\/de\/wp-json\/wp\/v2\/pages\/88\/revisions\/60843"}],"up":[{"embeddable":true,"href":"https:\/\/www.creilsudoise-tourisme.fr\/de\/wp-json\/wp\/v2\/pages\/84"}],"wp:featuredmedia":[{"embeddable":true,"href":"https:\/\/www.creilsudoise-tourisme.fr\/de\/wp-json\/wp\/v2\/media\/60840"}],"wp:attachment":[{"href":"https:\/\/www.creilsudoise-tourisme.fr\/de\/wp-json\/wp\/v2\/media?parent=88"}],"curies":[{"name":"wp","href":"https:\/\/api.w.org\/{rel}","templated":true}]}}