{"id":84,"date":"2021-02-17T10:01:43","date_gmt":"2021-02-17T09:01:43","guid":{"rendered":"https:\/\/www.creilsudoise-tourisme.fr\/en-couple\/"},"modified":"2021-04-29T15:03:21","modified_gmt":"2021-04-29T13:03:21","slug":"en-couple","status":"publish","type":"page","link":"https:\/\/www.creilsudoise-tourisme.fr\/de\/en-couple\/","title":{"rendered":"Als Paar"},"content":{"rendered":"<h2 class=\"has-text-align-center\">Unsere Auswahl f\u00fcr Paare: Ausgehen, Restaurants und Unterk\u00fcnfte<\/h2>\n\n\n\n<p class=\"is-style-excerpt\">Finden Sie eine <strong>Auswahl an Aktivit\u00e4ten und Orten, Restaurants und Unterk\u00fcnften<\/strong> die eine <strong>romantische Atmosph\u00e4re<\/strong> um sich mit Ihrem\/Ihrer Liebsten zu treffen! <strong>Cocooning, ungew\u00f6hnliche Orte, intime R\u00e4ume oder grandiose Aussichten<\/strong>&#8230;<\/p>\n\n\n<div class=\"wp-block wp-block-child-post alignwide\">\n    <div class=\"entityList clear\">\n        \n<div class=\"entityItem\" data-trigger=\"wpiris-click\" data-id=\"wpiris-entity-slider-item\">\n    <p class=\"entityItemThumbnail\">\n        <a href=\"https:\/\/www.creilsudoise-tourisme.fr\/de\/en-couple\/aktivitaten-zu-paar\/\" nofancybox>\n            <img data-src=\"https:\/\/www.creilsudoise-tourisme.fr\/wp-content\/uploads\/2021\/04\/Activites-en-couple-a-Creil-Sud-Oise-275x350.jpg\" alt=\"Aktivit\u00e4ten f\u00fcr Paare\">\n        <\/a>\n    <\/p>\n    <div class=\"entityItemContent\">\n        <h2 class=\"entityItemContentTitle\">\n            <a href=\"https:\/\/www.creilsudoise-tourisme.fr\/de\/en-couple\/aktivitaten-zu-paar\/\">Aktivit\u00e4ten f\u00fcr Paare<\/a>\n        <\/h2>\n            <\/div>\n    <a href=\"https:\/\/www.creilsudoise-tourisme.fr\/de\/en-couple\/aktivitaten-zu-paar\/\" class=\"seeMore\"><span class=\"sr-only\">Mehr sehen<\/span><\/a>\n<\/div>\n        \n<div class=\"entityItem\" data-trigger=\"wpiris-click\" data-id=\"wpiris-entity-slider-item\">\n    <p class=\"entityItemThumbnail\">\n        <a href=\"https:\/\/www.creilsudoise-tourisme.fr\/de\/en-couple\/unterkunfte-in-paaren\/\" nofancybox>\n            <img data-src=\"https:\/\/www.creilsudoise-tourisme.fr\/wp-content\/uploads\/2025\/03\/Hebergement-en-couple-a-Creil-Sud-Oise-275x350.jpg\" alt=\"Unterk\u00fcnfte f\u00fcr Paare\">\n        <\/a>\n    <\/p>\n    <div class=\"entityItemContent\">\n        <h2 class=\"entityItemContentTitle\">\n            <a href=\"https:\/\/www.creilsudoise-tourisme.fr\/de\/en-couple\/unterkunfte-in-paaren\/\">Unterk\u00fcnfte f\u00fcr Paare<\/a>\n        <\/h2>\n            <\/div>\n    <a href=\"https:\/\/www.creilsudoise-tourisme.fr\/de\/en-couple\/unterkunfte-in-paaren\/\" class=\"seeMore\"><span class=\"sr-only\">Mehr sehen<\/span><\/a>\n<\/div>\n        \n<div class=\"entityItem\" data-trigger=\"wpiris-click\" data-id=\"wpiris-entity-slider-item\">\n    <p class=\"entityItemThumbnail\">\n        <a href=\"https:\/\/www.creilsudoise-tourisme.fr\/de\/en-couple\/restaurants-in-paar\/\" nofancybox>\n            <img data-src=\"https:\/\/www.creilsudoise-tourisme.fr\/wp-content\/uploads\/2021\/03\/Repas-romantique-en-amoureux-a-Creil-Sud-Oise-275x350.jpg\" alt=\"Restaurants f\u00fcr Paare\">\n        <\/a>\n    <\/p>\n    <div class=\"entityItemContent\">\n        <h2 class=\"entityItemContentTitle\">\n            <a href=\"https:\/\/www.creilsudoise-tourisme.fr\/de\/en-couple\/restaurants-in-paar\/\">Restaurants f\u00fcr Paare<\/a>\n        <\/h2>\n            <\/div>\n    <a href=\"https:\/\/www.creilsudoise-tourisme.fr\/de\/en-couple\/restaurants-in-paar\/\" class=\"seeMore\"><span class=\"sr-only\">Mehr sehen<\/span><\/a>\n<\/div>\n            <\/div>\n<\/div>\n\n<div class=\"wp-block wp-block-highlight\">\n            <h3 class=\"wp-block-highlight-item wp-block-highlight-title\"><strong>Lust auf Wandern?<\/strong><\/h3>\n                <p class=\"wp-block-highlight-item wp-block-highlight-excerpt\">Das Reiseziel Creil Sud Oise ist ideal, um sich <strong><a href=\"https:\/\/www.creilsudoise-tourisme.fr\/de\/jexplore\/les-incontournables\/randonnee\/\" target=\"_blank\" rel=\"noreferrer noopener\">spazieren oder wandern zu zweit<\/a><\/strong>.<\/p>\n    <\/div>\n\n\n<div class=\"is-layout-flex wp-block-buttons\">\n<div class=\"wp-block-button\"><a class=\"wp-block-button__link\" href=\"https:\/\/www.creilsudoise-tourisme.fr\/de\/jexplore\/les-incontournables\/randonnee\/\" target=\"_blank\" rel=\"noreferrer noopener\">Wanderungen<\/a><\/div>\n<\/div>\n\n\n\n<hr class=\"wp-block-separator\" \/>\n\n\n\n<div class=\"is-layout-flex wp-container-5 wp-block-columns\">\n<div class=\"is-layout-flow wp-block-column\" style=\"flex-basis:33.33%\">\n<figure class=\"wp-block-image size-large\"><img decoding=\"async\" loading=\"lazy\" width=\"334\" height=\"334\" data-src=\"https:\/\/www.creilsudoise-tourisme.fr\/wp-content\/uploads\/2021\/04\/Parcourez-lagenda-pour-profiter-dune-activite-ou-une-sortie-en-amoureux-edited-1.jpg\" alt=\"Durchsuchen Sie den Kalender, um eine Aktivit\u00e4t oder einen Ausflug zu zweit zu genie\u00dfen.\" class=\"wp-image-33415\" data-srcset=\"https:\/\/www.creilsudoise-tourisme.fr\/wp-content\/uploads\/2021\/04\/Parcourez-lagenda-pour-profiter-dune-activite-ou-une-sortie-en-amoureux-edited-1.jpg 334w, https:\/\/www.creilsudoise-tourisme.fr\/wp-content\/uploads\/2021\/04\/Parcourez-lagenda-pour-profiter-dune-activite-ou-une-sortie-en-amoureux-edited-1-300x300.jpg 300w, https:\/\/www.creilsudoise-tourisme.fr\/wp-content\/uploads\/2021\/04\/Parcourez-lagenda-pour-profiter-dune-activite-ou-une-sortie-en-amoureux-edited-1-200x200.jpg 200w, https:\/\/www.creilsudoise-tourisme.fr\/wp-content\/uploads\/2021\/04\/Parcourez-lagenda-pour-profiter-dune-activite-ou-une-sortie-en-amoureux-edited-1-275x275.jpg 275w\" sizes=\"(max-width: 334px) 100vw, 334px\" \/><\/figure>\n<\/div>\n\n\n\n<div class=\"is-layout-flow wp-block-column\" style=\"flex-basis:66.66%\">\n<p>Entdecken Sie <strong>was man am Wochenende oder in n\u00e4chster Zeit zu zweit unternehmen kann<\/strong> beim Durchlaufen des<a href=\"https:\/\/www.creilsudoise-tourisme.fr\/de\/agenda\/\" target=\"_blank\" rel=\"noreferrer noopener\">'<strong>Veranstaltungskalender<\/strong><\/a> !<\/p>\n\n\n\n<div class=\"is-layout-flex wp-block-buttons\">\n<div class=\"wp-block-button\"><a class=\"wp-block-button__link\" href=\"https:\/\/www.creilsudoise-tourisme.fr\/de\/agenda\/\" target=\"_blank\" rel=\"noreferrer noopener\">Agenda<\/a><\/div>\n<\/div>\n<\/div>\n<\/div>\n\n\n\n<div class=\"wp-block wp-block-accordion\" id=\"accordion\">\n    \n                    <div class=\"wp-block-accordion-item\">\n            <div id=\"heading6242\">\n                <h3 class=\"wp-block-accordion-item-title\" data-toggle=\"collapse\" data-target=\"#collapse6242\">\n                    Die Unumg\u00e4nglichen                <\/h3>\n            <\/div>\n            <div class=\"wp-block-accordion-item-content collapse\" id=\"collapse6242\" data-parent=\"#accordion\">\n                <p>Und um mehr \u00fcber die <strong>wichtigste Sehensw\u00fcrdigkeiten in Creil Sud Oise<\/strong>Entdecken Sie <a href='https:\/\/www.creilsudoise-tourisme.fr\/de\/jexplore\/unumganglich\/' target='_blank' rel='noreferrer noopener'>Die Unumg\u00e4nglichen<\/a>.<\/p><p>Sie sind Teil eines Vereins und suchen nach <strong>Ideen f\u00fcr Gruppenausfl\u00fcge<\/strong> ? Bl\u00e4ttern Sie in unserer Brosch\u00fcre oder entdecken Sie die <a href='https:\/\/www.creilsudoise-tourisme.fr\/de\/en-groupe-seminaires\/incontournables-groupes\/' target='_blank' rel='noreferrer noopener'>7 Must-Sees, die man in Gruppen besuchen sollte<\/a>.<\/p>            <\/div>\n        <\/div>\n                    <div class=\"wp-block-accordion-item\">\n            <div id=\"heading396\">\n                <h3 class=\"wp-block-accordion-item-title\" data-toggle=\"collapse\" data-target=\"#collapse396\">\n                    Sind Sie mit den Kindern unterwegs?                <\/h3>\n            <\/div>\n            <div class=\"wp-block-accordion-item-content collapse\" id=\"collapse396\" data-parent=\"#accordion\">\n                <p>Sie suchen nach <strong>ideen f\u00fcr einen ausflug mit kindern<\/strong> ? Finden Sie unsere <strong>Auswahl an Aktivit\u00e4ten, Unterk\u00fcnften und Restaurants, die f\u00fcr den Aufenthalt geeignet sind <a href='https:\/\/www.creilsudoise-tourisme.fr\/de\/in-familie\/' target='_blank' rel='noreferrer noopener'>in der Familie<\/a><\/strong> !<\/p>            <\/div>\n        <\/div>\n                    <div class=\"wp-block-accordion-item\">\n            <div id=\"heading3477\">\n                <h3 class=\"wp-block-accordion-item-title\" data-toggle=\"collapse\" data-target=\"#collapse3477\">\n                    Oder mit Freunden?                <\/h3>\n            <\/div>\n            <div class=\"wp-block-accordion-item-content collapse\" id=\"collapse3477\" data-parent=\"#accordion\">\n                <p>Wenn Sie <strong>einen Aufenthalt mit Freunden geplant<\/strong> und Sie suchen nach <strong>Unterk\u00fcnfte mit gro\u00dfer Kapazit\u00e4t, gem\u00fctliche Restaurants oder angepasste Aktivit\u00e4ten<\/strong>Entdecken Sie unsere <strong>Auswahl <a href='https:\/\/www.creilsudoise-tourisme.fr\/de\/entre-amis\/' target='_blank' rel='noreferrer noopener'>unter Freunden<\/a><\/strong>.<\/p>            <\/div>\n        <\/div>\n    \n<\/div>","protected":false},"excerpt":{"rendered":"<p>Unsere Auswahl f\u00fcr Paare: Ausgehen, Restaurants und Unterk\u00fcnfte Hier finden Sie eine Auswahl an Aktivit\u00e4ten und Orten, Restaurants und Unterk\u00fcnften, die eine romantische Atmosph\u00e4re bieten, um sich mit Ihrem\/Ihrer Liebsten zu treffen! Cocooning, ungew\u00f6hnliche Orte, intime R\u00e4ume oder grandiose Aussichten... Entdecken Sie, was Sie dieses Wochenende oder demn\u00e4chst zu zweit unternehmen k\u00f6nnen, indem Sie den Veranstaltungskalender durchst\u00f6bern!<\/p>","protected":false},"author":1,"featured_media":33310,"parent":0,"menu_order":5,"comment_status":"closed","ping_status":"closed","template":"","meta":{"_relevanssi_hide_post":"","_relevanssi_hide_content":"","_relevanssi_pin_for_all":"","_relevanssi_pin_keywords":"","_relevanssi_unpin_keywords":"","_relevanssi_related_keywords":"","_relevanssi_related_include_ids":"","_relevanssi_related_exclude_ids":"","_relevanssi_related_no_append":"","_relevanssi_related_not_related":"","_relevanssi_related_posts":"267,273,275,271","_relevanssi_noindex_reason":""},"yoast_head":"<!-- This site is optimized with the Yoast SEO plugin v20.2.1 - https:\/\/yoast.com\/wordpress\/plugins\/seo\/ -->\n<title>Que faire, o\u00f9 dormir et o\u00f9 manger en couple dans le Sud de l\u2019Oise<\/title>\n<meta name=\"description\" content=\"Nous avons s\u00e9lectionn\u00e9 pour vous les activit\u00e9s, restaurants et h\u00e9bergements romantiques \u00e0 Creil Sud Oise, pr\u00e8s de Chantilly !\" \/>\n<meta name=\"robots\" content=\"index, follow, max-snippet:-1, max-image-preview:large, max-video-preview:-1\" \/>\n<link rel=\"canonical\" href=\"https:\/\/www.creilsudoise-tourisme.fr\/de\/en-koppel\/\" \/>\n<meta property=\"og:locale\" content=\"de_DE\" \/>\n<meta property=\"og:type\" content=\"article\" \/>\n<meta property=\"og:title\" content=\"Que faire, o\u00f9 dormir et o\u00f9 manger en couple dans le Sud de l\u2019Oise\" \/>\n<meta property=\"og:description\" content=\"Nous avons s\u00e9lectionn\u00e9 pour vous les activit\u00e9s, restaurants et h\u00e9bergements romantiques \u00e0 Creil Sud Oise, pr\u00e8s de Chantilly !\" \/>\n<meta property=\"og:url\" content=\"https:\/\/www.creilsudoise-tourisme.fr\/de\/en-koppel\/\" \/>\n<meta property=\"og:site_name\" content=\"Office de Tourisme Creil Sud Oise\" \/>\n<meta property=\"article:publisher\" content=\"https:\/\/www.facebook.com\/creilsudoisetourisme\/\" \/>\n<meta property=\"article:modified_time\" content=\"2021-04-29T13:03:21+00:00\" \/>\n<meta property=\"og:image\" content=\"https:\/\/www.creilsudoise-tourisme.fr\/wp-content\/uploads\/2021\/04\/Explorez-Creil-Sud-Oise-en-couple.jpg\" \/>\n\t<meta property=\"og:image:width\" content=\"1600\" \/>\n\t<meta property=\"og:image:height\" content=\"866\" \/>\n\t<meta property=\"og:image:type\" content=\"image\/jpeg\" \/>\n<meta name=\"twitter:card\" content=\"summary_large_image\" \/>\n<meta name=\"twitter:site\" content=\"@CreilSudOiseOT\" \/>\n<meta name=\"twitter:label1\" content=\"Gesch\u00e4tzte Lesezeit\" \/>\n\t<meta name=\"twitter:data1\" content=\"1\u00a0Minute\" \/>\n<script type=\"application\/ld+json\" class=\"yoast-schema-graph\">{\"@context\":\"https:\/\/schema.org\",\"@graph\":[{\"@type\":\"WebPage\",\"@id\":\"https:\/\/www.creilsudoise-tourisme.fr\/nl\/en-koppel\/\",\"url\":\"https:\/\/www.creilsudoise-tourisme.fr\/nl\/en-koppel\/\",\"name\":\"Que faire, o\u00f9 dormir et o\u00f9 manger en couple dans le Sud de l\u2019Oise\",\"isPartOf\":{\"@id\":\"https:\/\/www.creilsudoise-tourisme.fr\/#website\"},\"datePublished\":\"2021-02-17T09:01:43+00:00\",\"dateModified\":\"2021-04-29T13:03:21+00:00\",\"description\":\"Nous avons s\u00e9lectionn\u00e9 pour vous les activit\u00e9s, restaurants et h\u00e9bergements romantiques \u00e0 Creil Sud Oise, pr\u00e8s de Chantilly !\",\"breadcrumb\":{\"@id\":\"https:\/\/www.creilsudoise-tourisme.fr\/nl\/en-koppel\/#breadcrumb\"},\"inLanguage\":\"de\",\"potentialAction\":[{\"@type\":\"ReadAction\",\"target\":[\"https:\/\/www.creilsudoise-tourisme.fr\/nl\/en-koppel\/\"]}]},{\"@type\":\"BreadcrumbList\",\"@id\":\"https:\/\/www.creilsudoise-tourisme.fr\/nl\/en-koppel\/#breadcrumb\",\"itemListElement\":[{\"@type\":\"ListItem\",\"position\":1,\"name\":\"Accueil\",\"item\":\"https:\/\/www.creilsudoise-tourisme.fr\/\"},{\"@type\":\"ListItem\",\"position\":2,\"name\":\"En couple\"}]},{\"@type\":\"WebSite\",\"@id\":\"https:\/\/www.creilsudoise-tourisme.fr\/#website\",\"url\":\"https:\/\/www.creilsudoise-tourisme.fr\/\",\"name\":\"Office de Tourisme Creil Sud Oise\",\"description\":\"Creil Sud Oise Tourisme, un territoire \u00e0 explorer !\",\"publisher\":{\"@id\":\"https:\/\/www.creilsudoise-tourisme.fr\/#organization\"},\"potentialAction\":[{\"@type\":\"SearchAction\",\"target\":{\"@type\":\"EntryPoint\",\"urlTemplate\":\"https:\/\/www.creilsudoise-tourisme.fr\/?s={search_term_string}\"},\"query-input\":\"required name=search_term_string\"}],\"inLanguage\":\"de\"},{\"@type\":\"Organization\",\"@id\":\"https:\/\/www.creilsudoise-tourisme.fr\/#organization\",\"name\":\"Creil Sud Oise Tourisme\",\"url\":\"https:\/\/www.creilsudoise-tourisme.fr\/\",\"logo\":{\"@type\":\"ImageObject\",\"inLanguage\":\"de\",\"@id\":\"https:\/\/www.creilsudoise-tourisme.fr\/#\/schema\/logo\/image\/\",\"url\":\"https:\/\/www.creilsudoise-tourisme.fr\/wp-content\/uploads\/2021\/05\/logo-svg.png\",\"contentUrl\":\"https:\/\/www.creilsudoise-tourisme.fr\/wp-content\/uploads\/2021\/05\/logo-svg.png\",\"width\":182,\"height\":71,\"caption\":\"Creil Sud Oise Tourisme\"},\"image\":{\"@id\":\"https:\/\/www.creilsudoise-tourisme.fr\/#\/schema\/logo\/image\/\"},\"sameAs\":[\"https:\/\/www.facebook.com\/creilsudoisetourisme\/\",\"https:\/\/twitter.com\/CreilSudOiseOT\",\"https:\/\/www.instagram.com\/creilsudoisetourisme\/\",\"https:\/\/www.youtube.com\/channel\/UC8L_QD2wwyADW14zt9fY8kw\"]}]}<\/script>\n<!-- \/ Yoast SEO plugin. -->","yoast_head_json":{"title":"Que faire, o\u00f9 dormir et o\u00f9 manger en couple dans le Sud de l\u2019Oise","description":"Nous avons s\u00e9lectionn\u00e9 pour vous les activit\u00e9s, restaurants et h\u00e9bergements romantiques \u00e0 Creil Sud Oise, pr\u00e8s de Chantilly !","robots":{"index":"index","follow":"follow","max-snippet":"max-snippet:-1","max-image-preview":"max-image-preview:large","max-video-preview":"max-video-preview:-1"},"canonical":"https:\/\/www.creilsudoise-tourisme.fr\/de\/en-koppel\/","og_locale":"de_DE","og_type":"article","og_title":"Que faire, o\u00f9 dormir et o\u00f9 manger en couple dans le Sud de l\u2019Oise","og_description":"Nous avons s\u00e9lectionn\u00e9 pour vous les activit\u00e9s, restaurants et h\u00e9bergements romantiques \u00e0 Creil Sud Oise, pr\u00e8s de Chantilly !","og_url":"https:\/\/www.creilsudoise-tourisme.fr\/de\/en-koppel\/","og_site_name":"Office de Tourisme Creil Sud Oise","article_publisher":"https:\/\/www.facebook.com\/creilsudoisetourisme\/","article_modified_time":"2021-04-29T13:03:21+00:00","og_image":[{"width":1600,"height":866,"url":"https:\/\/www.creilsudoise-tourisme.fr\/wp-content\/uploads\/2021\/04\/Explorez-Creil-Sud-Oise-en-couple.jpg","type":"image\/jpeg"}],"twitter_card":"summary_large_image","twitter_site":"@CreilSudOiseOT","twitter_misc":{"Gesch\u00e4tzte Lesezeit":"1\u00a0Minute"},"schema":{"@context":"https:\/\/schema.org","@graph":[{"@type":"WebPage","@id":"https:\/\/www.creilsudoise-tourisme.fr\/nl\/en-koppel\/","url":"https:\/\/www.creilsudoise-tourisme.fr\/nl\/en-koppel\/","name":"Que faire, o\u00f9 dormir et o\u00f9 manger en couple dans le Sud de l\u2019Oise","isPartOf":{"@id":"https:\/\/www.creilsudoise-tourisme.fr\/#website"},"datePublished":"2021-02-17T09:01:43+00:00","dateModified":"2021-04-29T13:03:21+00:00","description":"Nous avons s\u00e9lectionn\u00e9 pour vous les activit\u00e9s, restaurants et h\u00e9bergements romantiques \u00e0 Creil Sud Oise, pr\u00e8s de Chantilly !","breadcrumb":{"@id":"https:\/\/www.creilsudoise-tourisme.fr\/nl\/en-koppel\/#breadcrumb"},"inLanguage":"de","potentialAction":[{"@type":"ReadAction","target":["https:\/\/www.creilsudoise-tourisme.fr\/nl\/en-koppel\/"]}]},{"@type":"BreadcrumbList","@id":"https:\/\/www.creilsudoise-tourisme.fr\/nl\/en-koppel\/#breadcrumb","itemListElement":[{"@type":"ListItem","position":1,"name":"Accueil","item":"https:\/\/www.creilsudoise-tourisme.fr\/"},{"@type":"ListItem","position":2,"name":"En couple"}]},{"@type":"WebSite","@id":"https:\/\/www.creilsudoise-tourisme.fr\/#website","url":"https:\/\/www.creilsudoise-tourisme.fr\/","name":"Office de Tourisme Creil Sud Oise","description":"Creil Sud Oise Tourisme, un territoire \u00e0 explorer !","publisher":{"@id":"https:\/\/www.creilsudoise-tourisme.fr\/#organization"},"potentialAction":[{"@type":"SearchAction","target":{"@type":"EntryPoint","urlTemplate":"https:\/\/www.creilsudoise-tourisme.fr\/?s={search_term_string}"},"query-input":"required name=search_term_string"}],"inLanguage":"de"},{"@type":"Organization","@id":"https:\/\/www.creilsudoise-tourisme.fr\/#organization","name":"Creil Sud Oise Tourisme","url":"https:\/\/www.creilsudoise-tourisme.fr\/","logo":{"@type":"ImageObject","inLanguage":"de","@id":"https:\/\/www.creilsudoise-tourisme.fr\/#\/schema\/logo\/image\/","url":"https:\/\/www.creilsudoise-tourisme.fr\/wp-content\/uploads\/2021\/05\/logo-svg.png","contentUrl":"https:\/\/www.creilsudoise-tourisme.fr\/wp-content\/uploads\/2021\/05\/logo-svg.png","width":182,"height":71,"caption":"Creil Sud Oise Tourisme"},"image":{"@id":"https:\/\/www.creilsudoise-tourisme.fr\/#\/schema\/logo\/image\/"},"sameAs":["https:\/\/www.facebook.com\/creilsudoisetourisme\/","https:\/\/twitter.com\/CreilSudOiseOT","https:\/\/www.instagram.com\/creilsudoisetourisme\/","https:\/\/www.youtube.com\/channel\/UC8L_QD2wwyADW14zt9fY8kw"]}]}},"_links":{"self":[{"href":"https:\/\/www.creilsudoise-tourisme.fr\/de\/wp-json\/wp\/v2\/pages\/84"}],"collection":[{"href":"https:\/\/www.creilsudoise-tourisme.fr\/de\/wp-json\/wp\/v2\/pages"}],"about":[{"href":"https:\/\/www.creilsudoise-tourisme.fr\/de\/wp-json\/wp\/v2\/types\/page"}],"author":[{"embeddable":true,"href":"https:\/\/www.creilsudoise-tourisme.fr\/de\/wp-json\/wp\/v2\/users\/1"}],"replies":[{"embeddable":true,"href":"https:\/\/www.creilsudoise-tourisme.fr\/de\/wp-json\/wp\/v2\/comments?post=84"}],"version-history":[{"count":17,"href":"https:\/\/www.creilsudoise-tourisme.fr\/de\/wp-json\/wp\/v2\/pages\/84\/revisions"}],"predecessor-version":[{"id":34234,"href":"https:\/\/www.creilsudoise-tourisme.fr\/de\/wp-json\/wp\/v2\/pages\/84\/revisions\/34234"}],"wp:featuredmedia":[{"embeddable":true,"href":"https:\/\/www.creilsudoise-tourisme.fr\/de\/wp-json\/wp\/v2\/media\/33310"}],"wp:attachment":[{"href":"https:\/\/www.creilsudoise-tourisme.fr\/de\/wp-json\/wp\/v2\/media?parent=84"}],"curies":[{"name":"wp","href":"https:\/\/api.w.org\/{rel}","templated":true}]}}