{"id":80,"date":"2021-04-09T11:59:13","date_gmt":"2021-04-09T09:59:13","guid":{"rendered":"https:\/\/www.creilsudoise-tourisme.fr\/les-hebergements-en-famille\/"},"modified":"2021-05-18T16:37:31","modified_gmt":"2021-05-18T14:37:31","slug":"hebergements-en-famille","status":"publish","type":"page","link":"https:\/\/www.creilsudoise-tourisme.fr\/de\/in-familie\/unterkunft-in-familie\/","title":{"rendered":"Die Unterk\u00fcnfte in der Familie"},"content":{"rendered":"<p class=\"is-style-excerpt\">Wenn Sie auf der Suche nach dem<strong>perfekte Unterkunft<\/strong> f\u00fcr <strong>Ihre Familie willkommen hei\u00dfen<\/strong> w\u00e4hrend Ihres Aufenthalts in Creil Sud Oise sind Sie am richtigen Ort! Entdecken Sie unseren <strong>Auswahl an kinderfreundlichen Hotels, Campingpl\u00e4tzen oder Ferienh\u00e4usern<\/strong>.<\/p>\n\n\n\n<div class=\"is-layout-flex wp-container-7 wp-block-columns\">\n<div class=\"is-layout-flow wp-block-column\">\n<div class=\"is-layout-flex wp-block-buttons\">\n<div class=\"wp-block-button\"><a class=\"wp-block-button__link\" href=\"https:\/\/www.creilsudoise-tourisme.fr\/de\/in-familie\/aktivitaten-in-der-familie\/\" target=\"_blank\" rel=\"noreferrer noopener\">Familienaktivit\u00e4ten<\/a><\/div>\n<\/div>\n<\/div>\n\n\n\n<div class=\"is-layout-flow wp-block-column\">\n<div class=\"is-layout-flex wp-block-buttons is-content-justification-center\">\n<div class=\"wp-block-button\"><a class=\"wp-block-button__link\" href=\"https:\/\/www.creilsudoise-tourisme.fr\/de\/ich-suche\/wandern\/?shareid=92a2a951-650b-025f-28cb-d6d1452f0131\" target=\"_blank\" rel=\"noreferrer noopener\">FAMILIENWANDERUNGEN<\/a><\/div>\n<\/div>\n\n\n\n<p><\/p>\n<\/div>\n\n\n\n<div class=\"is-layout-flow wp-block-column\">\n<div class=\"is-layout-flex wp-block-buttons\">\n<div class=\"wp-block-button\"><a class=\"wp-block-button__link\" href=\"https:\/\/www.creilsudoise-tourisme.fr\/de\/in-familie\/familienrestaurants\/\" target=\"_blank\" rel=\"noreferrer noopener\">Familienrestaurants<\/a><\/div>\n<\/div>\n<\/div>\n<\/div>\n\n\n\n<p><\/p>","protected":false},"excerpt":{"rendered":"<p>Wenn Sie auf der Suche nach der perfekten Unterkunft sind, um Ihre Familie w\u00e4hrend Ihres Aufenthalts in Creil Sud Oise unterzubringen, sind Sie hier genau richtig! Entdecken Sie unsere Auswahl an kinderfreundlichen Hotels, Campingpl\u00e4tzen oder Ferienh\u00e4usern.<\/p>","protected":false},"author":1,"featured_media":32298,"parent":76,"menu_order":1,"comment_status":"closed","ping_status":"closed","template":"page-templates\/sit-aside.php","meta":{"_relevanssi_hide_post":"","_relevanssi_hide_content":"","_relevanssi_pin_for_all":"","_relevanssi_pin_keywords":"","_relevanssi_unpin_keywords":"","_relevanssi_related_keywords":"","_relevanssi_related_include_ids":"","_relevanssi_related_exclude_ids":"","_relevanssi_related_no_append":"","_relevanssi_related_not_related":"","_relevanssi_related_posts":"275,273,267,271","_relevanssi_noindex_reason":""},"yoast_head":"<!-- This site is optimized with the Yoast SEO plugin v20.2.1 - https:\/\/yoast.com\/wordpress\/plugins\/seo\/ -->\n<title>Les h\u00e9bergements adapt\u00e9s pour les enfants ou en famille \u00e0 Creil Sud Oise<\/title>\n<meta name=\"description\" content=\"Voici une s\u00e9lection d&#039;h\u00e9bergements adapt\u00e9s aux enfants et aux familles \u00e0 Creil Sud Oise, pr\u00e8s de Chantilly, Senlis et proche de Paris !\" \/>\n<meta name=\"robots\" content=\"index, follow, max-snippet:-1, max-image-preview:large, max-video-preview:-1\" \/>\n<link rel=\"canonical\" href=\"https:\/\/www.creilsudoise-tourisme.fr\/de\/in-familie\/unterkunft-in-familie\/\" \/>\n<meta property=\"og:locale\" content=\"de_DE\" \/>\n<meta property=\"og:type\" content=\"article\" \/>\n<meta property=\"og:title\" content=\"Les h\u00e9bergements adapt\u00e9s pour les enfants ou en famille \u00e0 Creil Sud Oise\" \/>\n<meta property=\"og:description\" content=\"Voici une s\u00e9lection d&#039;h\u00e9bergements adapt\u00e9s aux enfants et aux familles \u00e0 Creil Sud Oise, pr\u00e8s de Chantilly, Senlis et proche de Paris !\" \/>\n<meta property=\"og:url\" content=\"https:\/\/www.creilsudoise-tourisme.fr\/de\/in-familie\/unterkunft-in-familie\/\" \/>\n<meta property=\"og:site_name\" content=\"Office de Tourisme Creil Sud Oise\" \/>\n<meta property=\"article:publisher\" content=\"https:\/\/www.facebook.com\/creilsudoisetourisme\/\" \/>\n<meta property=\"article:modified_time\" content=\"2021-05-18T14:37:31+00:00\" \/>\n<meta property=\"og:image\" content=\"https:\/\/www.creilsudoise-tourisme.fr\/wp-content\/uploads\/2021\/03\/He\u0301bergements-en-famille-Creil-Sud-Oise.jpg\" \/>\n\t<meta property=\"og:image:width\" content=\"828\" \/>\n\t<meta property=\"og:image:height\" content=\"550\" \/>\n\t<meta property=\"og:image:type\" content=\"image\/jpeg\" \/>\n<meta name=\"twitter:card\" content=\"summary_large_image\" \/>\n<meta name=\"twitter:site\" content=\"@CreilSudOiseOT\" \/>\n<meta name=\"twitter:label1\" content=\"Gesch\u00e4tzte Lesezeit\" \/>\n\t<meta name=\"twitter:data1\" content=\"1\u00a0Minute\" \/>\n<script type=\"application\/ld+json\" class=\"yoast-schema-graph\">{\"@context\":\"https:\/\/schema.org\",\"@graph\":[{\"@type\":\"WebPage\",\"@id\":\"https:\/\/www.creilsudoise-tourisme.fr\/en-famille\/hebergements-en-famille\/\",\"url\":\"https:\/\/www.creilsudoise-tourisme.fr\/en-famille\/hebergements-en-famille\/\",\"name\":\"Les h\u00e9bergements adapt\u00e9s pour les enfants ou en famille \u00e0 Creil Sud Oise\",\"isPartOf\":{\"@id\":\"https:\/\/www.creilsudoise-tourisme.fr\/#website\"},\"datePublished\":\"2021-04-09T09:59:13+00:00\",\"dateModified\":\"2021-05-18T14:37:31+00:00\",\"description\":\"Voici une s\u00e9lection d'h\u00e9bergements adapt\u00e9s aux enfants et aux familles \u00e0 Creil Sud Oise, pr\u00e8s de Chantilly, Senlis et proche de Paris !\",\"breadcrumb\":{\"@id\":\"https:\/\/www.creilsudoise-tourisme.fr\/en-famille\/hebergements-en-famille\/#breadcrumb\"},\"inLanguage\":\"de\",\"potentialAction\":[{\"@type\":\"ReadAction\",\"target\":[\"https:\/\/www.creilsudoise-tourisme.fr\/en-famille\/hebergements-en-famille\/\"]}]},{\"@type\":\"BreadcrumbList\",\"@id\":\"https:\/\/www.creilsudoise-tourisme.fr\/en-famille\/hebergements-en-famille\/#breadcrumb\",\"itemListElement\":[{\"@type\":\"ListItem\",\"position\":1,\"name\":\"Accueil\",\"item\":\"https:\/\/www.creilsudoise-tourisme.fr\/\"},{\"@type\":\"ListItem\",\"position\":2,\"name\":\"En famille\",\"item\":\"https:\/\/www.creilsudoise-tourisme.fr\/en-famille\/\"},{\"@type\":\"ListItem\",\"position\":3,\"name\":\"Les h\u00e9bergements en famille\"}]},{\"@type\":\"WebSite\",\"@id\":\"https:\/\/www.creilsudoise-tourisme.fr\/#website\",\"url\":\"https:\/\/www.creilsudoise-tourisme.fr\/\",\"name\":\"Office de Tourisme Creil Sud Oise\",\"description\":\"Creil Sud Oise Tourisme, un territoire \u00e0 explorer !\",\"publisher\":{\"@id\":\"https:\/\/www.creilsudoise-tourisme.fr\/#organization\"},\"potentialAction\":[{\"@type\":\"SearchAction\",\"target\":{\"@type\":\"EntryPoint\",\"urlTemplate\":\"https:\/\/www.creilsudoise-tourisme.fr\/?s={search_term_string}\"},\"query-input\":\"required name=search_term_string\"}],\"inLanguage\":\"de\"},{\"@type\":\"Organization\",\"@id\":\"https:\/\/www.creilsudoise-tourisme.fr\/#organization\",\"name\":\"Creil Sud Oise Tourisme\",\"url\":\"https:\/\/www.creilsudoise-tourisme.fr\/\",\"logo\":{\"@type\":\"ImageObject\",\"inLanguage\":\"de\",\"@id\":\"https:\/\/www.creilsudoise-tourisme.fr\/#\/schema\/logo\/image\/\",\"url\":\"https:\/\/www.creilsudoise-tourisme.fr\/wp-content\/uploads\/2021\/05\/logo-svg.png\",\"contentUrl\":\"https:\/\/www.creilsudoise-tourisme.fr\/wp-content\/uploads\/2021\/05\/logo-svg.png\",\"width\":182,\"height\":71,\"caption\":\"Creil Sud Oise Tourisme\"},\"image\":{\"@id\":\"https:\/\/www.creilsudoise-tourisme.fr\/#\/schema\/logo\/image\/\"},\"sameAs\":[\"https:\/\/www.facebook.com\/creilsudoisetourisme\/\",\"https:\/\/twitter.com\/CreilSudOiseOT\",\"https:\/\/www.instagram.com\/creilsudoisetourisme\/\",\"https:\/\/www.youtube.com\/channel\/UC8L_QD2wwyADW14zt9fY8kw\"]}]}<\/script>\n<!-- \/ Yoast SEO plugin. -->","yoast_head_json":{"title":"Les h\u00e9bergements adapt\u00e9s pour les enfants ou en famille \u00e0 Creil Sud Oise","description":"Voici une s\u00e9lection d'h\u00e9bergements adapt\u00e9s aux enfants et aux familles \u00e0 Creil Sud Oise, pr\u00e8s de Chantilly, Senlis et proche de Paris !","robots":{"index":"index","follow":"follow","max-snippet":"max-snippet:-1","max-image-preview":"max-image-preview:large","max-video-preview":"max-video-preview:-1"},"canonical":"https:\/\/www.creilsudoise-tourisme.fr\/de\/in-familie\/unterkunft-in-familie\/","og_locale":"de_DE","og_type":"article","og_title":"Les h\u00e9bergements adapt\u00e9s pour les enfants ou en famille \u00e0 Creil Sud Oise","og_description":"Voici une s\u00e9lection d'h\u00e9bergements adapt\u00e9s aux enfants et aux familles \u00e0 Creil Sud Oise, pr\u00e8s de Chantilly, Senlis et proche de Paris !","og_url":"https:\/\/www.creilsudoise-tourisme.fr\/de\/in-familie\/unterkunft-in-familie\/","og_site_name":"Office de Tourisme Creil Sud Oise","article_publisher":"https:\/\/www.facebook.com\/creilsudoisetourisme\/","article_modified_time":"2021-05-18T14:37:31+00:00","og_image":[{"width":828,"height":550,"url":"https:\/\/www.creilsudoise-tourisme.fr\/wp-content\/uploads\/2021\/03\/He\u0301bergements-en-famille-Creil-Sud-Oise.jpg","type":"image\/jpeg"}],"twitter_card":"summary_large_image","twitter_site":"@CreilSudOiseOT","twitter_misc":{"Gesch\u00e4tzte Lesezeit":"1\u00a0Minute"},"schema":{"@context":"https:\/\/schema.org","@graph":[{"@type":"WebPage","@id":"https:\/\/www.creilsudoise-tourisme.fr\/en-famille\/hebergements-en-famille\/","url":"https:\/\/www.creilsudoise-tourisme.fr\/en-famille\/hebergements-en-famille\/","name":"Les h\u00e9bergements adapt\u00e9s pour les enfants ou en famille \u00e0 Creil Sud Oise","isPartOf":{"@id":"https:\/\/www.creilsudoise-tourisme.fr\/#website"},"datePublished":"2021-04-09T09:59:13+00:00","dateModified":"2021-05-18T14:37:31+00:00","description":"Voici une s\u00e9lection d'h\u00e9bergements adapt\u00e9s aux enfants et aux familles \u00e0 Creil Sud Oise, pr\u00e8s de Chantilly, Senlis et proche de Paris !","breadcrumb":{"@id":"https:\/\/www.creilsudoise-tourisme.fr\/en-famille\/hebergements-en-famille\/#breadcrumb"},"inLanguage":"de","potentialAction":[{"@type":"ReadAction","target":["https:\/\/www.creilsudoise-tourisme.fr\/en-famille\/hebergements-en-famille\/"]}]},{"@type":"BreadcrumbList","@id":"https:\/\/www.creilsudoise-tourisme.fr\/en-famille\/hebergements-en-famille\/#breadcrumb","itemListElement":[{"@type":"ListItem","position":1,"name":"Accueil","item":"https:\/\/www.creilsudoise-tourisme.fr\/"},{"@type":"ListItem","position":2,"name":"En famille","item":"https:\/\/www.creilsudoise-tourisme.fr\/en-famille\/"},{"@type":"ListItem","position":3,"name":"Les h\u00e9bergements en famille"}]},{"@type":"WebSite","@id":"https:\/\/www.creilsudoise-tourisme.fr\/#website","url":"https:\/\/www.creilsudoise-tourisme.fr\/","name":"Office de Tourisme Creil Sud Oise","description":"Creil Sud Oise Tourisme, un territoire \u00e0 explorer !","publisher":{"@id":"https:\/\/www.creilsudoise-tourisme.fr\/#organization"},"potentialAction":[{"@type":"SearchAction","target":{"@type":"EntryPoint","urlTemplate":"https:\/\/www.creilsudoise-tourisme.fr\/?s={search_term_string}"},"query-input":"required name=search_term_string"}],"inLanguage":"de"},{"@type":"Organization","@id":"https:\/\/www.creilsudoise-tourisme.fr\/#organization","name":"Creil Sud Oise Tourisme","url":"https:\/\/www.creilsudoise-tourisme.fr\/","logo":{"@type":"ImageObject","inLanguage":"de","@id":"https:\/\/www.creilsudoise-tourisme.fr\/#\/schema\/logo\/image\/","url":"https:\/\/www.creilsudoise-tourisme.fr\/wp-content\/uploads\/2021\/05\/logo-svg.png","contentUrl":"https:\/\/www.creilsudoise-tourisme.fr\/wp-content\/uploads\/2021\/05\/logo-svg.png","width":182,"height":71,"caption":"Creil Sud Oise Tourisme"},"image":{"@id":"https:\/\/www.creilsudoise-tourisme.fr\/#\/schema\/logo\/image\/"},"sameAs":["https:\/\/www.facebook.com\/creilsudoisetourisme\/","https:\/\/twitter.com\/CreilSudOiseOT","https:\/\/www.instagram.com\/creilsudoisetourisme\/","https:\/\/www.youtube.com\/channel\/UC8L_QD2wwyADW14zt9fY8kw"]}]}},"_links":{"self":[{"href":"https:\/\/www.creilsudoise-tourisme.fr\/de\/wp-json\/wp\/v2\/pages\/80"}],"collection":[{"href":"https:\/\/www.creilsudoise-tourisme.fr\/de\/wp-json\/wp\/v2\/pages"}],"about":[{"href":"https:\/\/www.creilsudoise-tourisme.fr\/de\/wp-json\/wp\/v2\/types\/page"}],"author":[{"embeddable":true,"href":"https:\/\/www.creilsudoise-tourisme.fr\/de\/wp-json\/wp\/v2\/users\/1"}],"replies":[{"embeddable":true,"href":"https:\/\/www.creilsudoise-tourisme.fr\/de\/wp-json\/wp\/v2\/comments?post=80"}],"version-history":[{"count":5,"href":"https:\/\/www.creilsudoise-tourisme.fr\/de\/wp-json\/wp\/v2\/pages\/80\/revisions"}],"predecessor-version":[{"id":35282,"href":"https:\/\/www.creilsudoise-tourisme.fr\/de\/wp-json\/wp\/v2\/pages\/80\/revisions\/35282"}],"up":[{"embeddable":true,"href":"https:\/\/www.creilsudoise-tourisme.fr\/de\/wp-json\/wp\/v2\/pages\/76"}],"wp:featuredmedia":[{"embeddable":true,"href":"https:\/\/www.creilsudoise-tourisme.fr\/de\/wp-json\/wp\/v2\/media\/32298"}],"wp:attachment":[{"href":"https:\/\/www.creilsudoise-tourisme.fr\/de\/wp-json\/wp\/v2\/media?parent=80"}],"curies":[{"name":"wp","href":"https:\/\/api.w.org\/{rel}","templated":true}]}}