{"id":61,"date":"2021-02-12T15:57:31","date_gmt":"2021-02-12T14:57:31","guid":{"rendered":"https:\/\/www.creilsudoise-tourisme.fr\/mentions-legales\/"},"modified":"2025-11-13T14:29:24","modified_gmt":"2025-11-13T13:29:24","slug":"mentions-legales","status":"publish","type":"page","link":"https:\/\/www.creilsudoise-tourisme.fr\/de\/legale-erwahnungen\/","title":{"rendered":"Rechtliche Hinweise"},"content":{"rendered":"<p>Durch das Durchbl\u00e4ttern der Seiten der Website erkennt der Internetnutzer an, dass er die Haftungsbeschr\u00e4nkungen und Nutzungsbedingungen der Website gelesen und akzeptiert hat. www.creilsudoise-tourisme.fr kann nicht f\u00fcr Schwierigkeiten bei der Verbindung mit dem Internet oder der Anzeige der Seiten der Website haftbar gemacht werden. Der Internetnutzer erkennt insbesondere an, dass er \u00fcber die Unterschiede in der Interpretation der Internetseiten durch die verschiedenen auf dem Markt befindlichen Navigationsprogramme informiert ist.<\/p>\n\n\n\n<h2>Herausgeber der Seite<\/h2>\n\n\n\n<p>CREIL SUD OISE TOURISME<br>SIRET-Nummer: 834 212 789 00046<br>Adresse: 6 avenue Jules Uhry 60100 Creil<br>Num\u00e9ro de t\u00e9l\u00e9phone : 03 75 19 01 70. Mail : b&#105;&#101;&#110;venue&#64;&#99;&#114;&#101;&#105;&#108;&#115;ud&#111;&#105;&#115;&#101;&#45;t&#111;uri&#115;me.&#102;&#114;<br>Innergemeinschaftliche MwSt.-Nr.: FR 64 83 42 12 789<\/p>\n\n\n\n<h2>Leiter der Ver\u00f6ffentlichung<\/h2>\n\n\n\n<p>Vorname, Name: Elise NICOLAS-BERTHE, Direktorin<\/p>\n\n\n\n<h2>Realisierung der Website<\/h2>\n\n\n\n<p>Name: IRIS Interactive<br>Adresse: 4 rue du Pensionnat Notre Dame de France - 43000 LE PUY EN VELAY (Hauptsitz)<br>Mail : &#99;&#111;&#110;tac&#116;&#64;i&#114;i&#115;&#45;in&#116;&#101;&#114;&#97;cti&#118;e&#46;fr<\/p>\n\n\n\n<h2>Webhoster der Seite<\/h2>\n\n\n\n<p>Name: IRIS Interactive<br>Adresse: 4 rue du Pensionnat Notre Dame de France - 43000 LE PUY EN VELAY (Hauptsitz)<br>Mail : c&#111;ntac&#116;&#64;iri&#115;&#45;in&#116;&#101;&#114;a&#99;t&#105;&#118;&#101;.fr<\/p>\n\n\n\n<h2>Urheberrecht - Copyright \u00a9 - Links<\/h2>\n\n\n\n<h3>Die Vervielf\u00e4ltigung auf Papier<\/h3>\n\n\n\n<p>Mit Ausnahme der Ikonografie ist die Vervielf\u00e4ltigung der Seiten dieser Website auf einem Papiertr\u00e4ger unter Einhaltung der folgenden Bedingungen gestattet:<\/p>\n\n\n\n<ul>\n<li>kostenlose Verbreitung,<\/li>\n\n\n\n<li>Wahrung der Integrit\u00e4t der reproduzierten Dokumente (keine Ver\u00e4nderungen oder Abwandlungen jeglicher Art)<\/li>\n\n\n\n<li>ausdr\u00fcckliche Nennung von www.creilsudoise-tourisme.fr als Quelle und Hinweis, dass die Vervielf\u00e4ltigungsrechte vorbehalten und streng begrenzt sind.<\/li>\n<\/ul>\n\n\n\n<h3>Die Vervielf\u00e4ltigung auf elektronischen Medien<\/h3>\n\n\n\n<p>Die Vervielf\u00e4ltigung dieser Website oder eines Teils davon auf einem elektronischen Datentr\u00e4ger ist unter der Bedingung gestattet, dass die Quelle www.creilsudoise-tourisme.fr und der Vermerk \"Rechte vorbehalten\" klar und lesbar hinzugef\u00fcgt werden. Die verwendeten Informationen d\u00fcrfen nur f\u00fcr pers\u00f6nliche, assoziative oder berufliche Zwecke verwendet werden; eine Verwendung f\u00fcr kommerzielle oder Werbezwecke ist ausgeschlossen.<\/p>\n\n\n\n<h3>Das Verlinken von www.creilsudoise-tourisme.fr<\/h3>\n\n\n\n<p>Die Website von CREIL SUD OISE TOURISME erlaubt die Einrichtung eines Hypertext-Links, der auf ihren Inhalt verweist, vorbehaltlich :<\/p>\n\n\n\n<ul>\n<li>keine Deep-Linking-Technik verwenden, d. h. die Seiten der Website www.creilsudoise-tourisme.fr d\u00fcrfen nicht in die Seiten einer anderen Website eingebettet sein, sondern m\u00fcssen durch das \u00d6ffnen eines Fensters zug\u00e4nglich sein.<\/li>\n\n\n\n<li>die Quelle angeben, die \u00fcber einen Hyperlink direkt auf den beabsichtigten Inhalt verweist.<\/li>\n<\/ul>\n\n\n\n<p>Die verwendeten Informationen d\u00fcrfen nur f\u00fcr pers\u00f6nliche, assoziative oder berufliche Zwecke verwendet werden; die Verwendung zu kommerziellen oder Werbezwecken ist ausgeschlossen. Diese Genehmigung gilt nicht f\u00fcr Websites, die polemische, pornografische oder fremdenfeindliche Informationen verbreiten oder in gr\u00f6\u00dferem Umfang die Sensibilit\u00e4t einer gr\u00f6\u00dferen Zahl von Menschen verletzen k\u00f6nnen.<br>F\u00fcr andere Verwendungszwecke wenden Sie sich bitte an uns.<\/p>\n\n\n\n<h2>Reichweite der Inhalte<\/h2>\n\n\n\n<p>Trotz der Sorgfalt, mit der die Informationen gesammelt und die Website mithilfe der neuesten Techniken erstellt wurde, k\u00f6nnen Fehler, Auslassungen, Ungenauigkeiten, K\u00fcrzungen oder Erg\u00e4nzungen, die au\u00dferhalb unseres Willens liegen, auf dieser Website verbleiben oder eingef\u00fcgt werden. CREIL SUD OISE TOURISME kann aus diesem Grund weder ausdr\u00fccklich noch implizit f\u00fcr den gesamten Inhalt der Website haftbar gemacht werden; der Nutzer der Website und der darin enthaltenen Informationen erkennt an, dass er diese auf eigenes Risiko nutzt und dass CREIL SUD OISE TOURISME folglich nicht f\u00fcr direkte oder indirekte Sch\u00e4den jeglicher Art haftbar gemacht werden kann, die ganz oder teilweise durch die Nutzung der Informationen auf der Website entstehen. Ebenso wenig kann CREIL SUD OISE TOURISME f\u00fcr die Natur oder den Inhalt von Websites haftbar gemacht werden, auf die auf den folgenden Seiten verwiesen wird, und insbesondere nicht f\u00fcr Websites, auf die \u00fcber Hyperlinks auf den Seiten dieser Website zugegriffen werden kann. Gem\u00e4\u00df dem Gesetz Nr. 78-17 vom 6. Januar 1978 haben Sie das Recht, auf die Sie betreffenden Daten zuzugreifen und sie zu berichtigen.<\/p>\n\n\n\n<h2>Touristisches Informationssystem<\/h2>\n\n\n\n<p>Die Datenbanken sind durch das Gesetz vom 1. Juli 1998 und das franz\u00f6sische Urheberrechtssystem gesch\u00fctzt. Jede von CREIL SUD OISE TOURISME nicht genehmigte Nutzung oder Extraktion von Elementen der Website ist rechtswidrig und wird strafrechtlich als F\u00e4lschung geahndet.<\/p>\n\n\n\n<h2>Verkaufsbedingungen f\u00fcr den Online- oder Vor-Ort-Ticketverkauf des Office de Tourisme Creil Sud Oise<\/h2>\n\n\n\n<p>Die Reservierung und der Kauf eines Tickets, das einer Leistung des Fremdenverkehrsamtes Creil entspricht.<br>Sud Oise impliziert die ausdr\u00fcckliche, vorherige, volle und vollst\u00e4ndige Annahme der <a href=\"https:\/\/www.creilsudoise-tourisme.fr\/wp-content\/uploads\/2025\/11\/Deliberation-n\u00b018-2025-Annexe-Conditions-de-vente-billetterie-en-ligne-et-sur-place-CL.pdf\" target=\"_blank\" rel=\"noreferrer noopener\">Allgemeine Verkaufsbedingungen<\/a> die vom Vorstand am 9. Oktober 2025 beraten wurden. <\/p>\n\n\n\n<h2>Partner<\/h2>\n\n\n\n<p><strong>Communaut\u00e9 d'Agglom\u00e9ration Creil Sud Oise (Gemeindeverband Creil Sud Oise)<br><\/strong>24 Rue de la Villageoise, 60100 Creil - -<br>Tel: + 33 (0)3 44 64 74 74<br><a href=\"https:\/\/www.creilsudoise.fr\/\" target=\"_blank\" rel=\"noreferrer noopener\">www.creilsudoise.fr<\/a><\/p>\n\n\n\n<p><strong>Die Agentur f\u00fcr Tourismusentwicklung des Departements Oise - ADT OISE TOURISME<br><\/strong>22 place de la Pr\u00e9fecture<br>BP 80822<br>60 008 Beauvais Cedex<br>Tel: + 33 (0)3 64 60 60<br><a href=\"https:\/\/www.oisetourisme.com\/\" target=\"_blank\" rel=\"noreferrer noopener\">www.oisetourisme.com<\/a><\/p>\n\n\n\n<p><strong>Mission Attraktivit\u00e4t Hauts-de-France<br><\/strong>Hauptsitz: 3 rue Vincent Auriol, 80011 Amiens Cedex 1<br>Tel: + 33 (0)3.22.22.33.66<br><a href=\"https:\/\/www.hautsdefrance-tourisme-congres.com\/\" target=\"_blank\" rel=\"noreferrer noopener\">www.hautsdefrance-tourisme-congres.com<\/a><\/p>\n\n\n\n<h2>Bildnachweise<\/h2>\n\n\n\n<p>Die Fotos auf der Website sind nicht frei von Rechten Dritter.<br>Die Credits sind auf den Fotos angegeben.<\/p>\n\n\n\n<h2>Schutz von pers\u00f6nlichen Daten<\/h2>\n\n\n\n<p>Bitte lesen Sie unseren <a href=\"https:\/\/www.creilsudoise-tourisme.fr\/de\/datenschutzrichtlinie\/\">Datenschutzrichtlinie<\/a> f\u00fcr weitere Informationen.<\/p>","protected":false},"excerpt":{"rendered":"<p>En parcourant les pages du site, l&rsquo;internaute reconna\u00eet avoir lu et accept\u00e9 les limites de responsabilit\u00e9s et les conditions d&rsquo;utilisation du site. www.creilsudoise-tourisme.fr ne peut \u00eatre tenu responsable des difficult\u00e9s de connexion au r\u00e9seau Internet ou de visualisation des pages du site. L&rsquo;internaute reconna\u00eet, en particulier, \u00eatre inform\u00e9 des diff\u00e9rences d&rsquo;interpr\u00e9tation des pages Internet par [&hellip;]<\/p>","protected":false},"author":3,"featured_media":0,"parent":0,"menu_order":17,"comment_status":"closed","ping_status":"closed","template":"","meta":{"_relevanssi_hide_post":"","_relevanssi_hide_content":"","_relevanssi_pin_for_all":"","_relevanssi_pin_keywords":"","_relevanssi_unpin_keywords":"","_relevanssi_related_keywords":"","_relevanssi_related_include_ids":"","_relevanssi_related_exclude_ids":"","_relevanssi_related_no_append":"","_relevanssi_related_not_related":"","_relevanssi_related_posts":"275,273,32820,271,267","_relevanssi_noindex_reason":""},"yoast_head":"<!-- This site is optimized with the Yoast SEO plugin v20.2.1 - https:\/\/yoast.com\/wordpress\/plugins\/seo\/ -->\n<title>Mentions l\u00e9gales - Office de Tourisme Creil Sud Oise<\/title>\n<meta name=\"description\" content=\"En parcourant les pages du site, l&#039;internaute reconna\u00eet avoir lu et accept\u00e9 les limites de responsabilit\u00e9s et les conditions d&#039;utilisation du site.\" \/>\n<meta name=\"robots\" content=\"index, follow, max-snippet:-1, max-image-preview:large, max-video-preview:-1\" \/>\n<link rel=\"canonical\" href=\"https:\/\/www.creilsudoise-tourisme.fr\/de\/legale-erwahnungen\/\" \/>\n<meta property=\"og:locale\" content=\"de_DE\" \/>\n<meta property=\"og:type\" content=\"article\" \/>\n<meta property=\"og:title\" content=\"Mentions l\u00e9gales - Office de Tourisme Creil Sud Oise\" \/>\n<meta property=\"og:description\" content=\"En parcourant les pages du site, l&#039;internaute reconna\u00eet avoir lu et accept\u00e9 les limites de responsabilit\u00e9s et les conditions d&#039;utilisation du site.\" \/>\n<meta property=\"og:url\" content=\"https:\/\/www.creilsudoise-tourisme.fr\/de\/legale-erwahnungen\/\" \/>\n<meta property=\"og:site_name\" content=\"Office de Tourisme Creil Sud Oise\" \/>\n<meta property=\"article:publisher\" content=\"https:\/\/www.facebook.com\/creilsudoisetourisme\/\" \/>\n<meta property=\"article:modified_time\" content=\"2025-11-13T13:29:24+00:00\" \/>\n<meta property=\"og:image\" content=\"https:\/\/www.creilsudoise-tourisme.fr\/wp-content\/uploads\/2021\/02\/defaut.jpg\" \/>\n\t<meta property=\"og:image:width\" content=\"800\" \/>\n\t<meta property=\"og:image:height\" content=\"800\" \/>\n\t<meta property=\"og:image:type\" content=\"image\/jpeg\" \/>\n<meta name=\"twitter:card\" content=\"summary_large_image\" \/>\n<meta name=\"twitter:site\" content=\"@CreilSudOiseOT\" \/>\n<meta name=\"twitter:label1\" content=\"Gesch\u00e4tzte Lesezeit\" \/>\n\t<meta name=\"twitter:data1\" content=\"4\u00a0Minuten\" \/>\n<script type=\"application\/ld+json\" class=\"yoast-schema-graph\">{\"@context\":\"https:\/\/schema.org\",\"@graph\":[{\"@type\":\"WebPage\",\"@id\":\"https:\/\/www.creilsudoise-tourisme.fr\/mentions-legales\/\",\"url\":\"https:\/\/www.creilsudoise-tourisme.fr\/mentions-legales\/\",\"name\":\"Mentions l\u00e9gales - Office de Tourisme Creil Sud Oise\",\"isPartOf\":{\"@id\":\"https:\/\/www.creilsudoise-tourisme.fr\/#website\"},\"datePublished\":\"2021-02-12T14:57:31+00:00\",\"dateModified\":\"2025-11-13T13:29:24+00:00\",\"description\":\"En parcourant les pages du site, l'internaute reconna\u00eet avoir lu et accept\u00e9 les limites de responsabilit\u00e9s et les conditions d'utilisation du site.\",\"breadcrumb\":{\"@id\":\"https:\/\/www.creilsudoise-tourisme.fr\/mentions-legales\/#breadcrumb\"},\"inLanguage\":\"de\",\"potentialAction\":[{\"@type\":\"ReadAction\",\"target\":[\"https:\/\/www.creilsudoise-tourisme.fr\/mentions-legales\/\"]}]},{\"@type\":\"BreadcrumbList\",\"@id\":\"https:\/\/www.creilsudoise-tourisme.fr\/mentions-legales\/#breadcrumb\",\"itemListElement\":[{\"@type\":\"ListItem\",\"position\":1,\"name\":\"Accueil\",\"item\":\"https:\/\/www.creilsudoise-tourisme.fr\/\"},{\"@type\":\"ListItem\",\"position\":2,\"name\":\"Mentions l\u00e9gales\"}]},{\"@type\":\"WebSite\",\"@id\":\"https:\/\/www.creilsudoise-tourisme.fr\/#website\",\"url\":\"https:\/\/www.creilsudoise-tourisme.fr\/\",\"name\":\"Office de Tourisme Creil Sud Oise\",\"description\":\"Creil Sud Oise Tourisme, un territoire \u00e0 explorer !\",\"publisher\":{\"@id\":\"https:\/\/www.creilsudoise-tourisme.fr\/#organization\"},\"potentialAction\":[{\"@type\":\"SearchAction\",\"target\":{\"@type\":\"EntryPoint\",\"urlTemplate\":\"https:\/\/www.creilsudoise-tourisme.fr\/?s={search_term_string}\"},\"query-input\":\"required name=search_term_string\"}],\"inLanguage\":\"de\"},{\"@type\":\"Organization\",\"@id\":\"https:\/\/www.creilsudoise-tourisme.fr\/#organization\",\"name\":\"Creil Sud Oise Tourisme\",\"url\":\"https:\/\/www.creilsudoise-tourisme.fr\/\",\"logo\":{\"@type\":\"ImageObject\",\"inLanguage\":\"de\",\"@id\":\"https:\/\/www.creilsudoise-tourisme.fr\/#\/schema\/logo\/image\/\",\"url\":\"https:\/\/www.creilsudoise-tourisme.fr\/wp-content\/uploads\/2021\/05\/logo-svg.png\",\"contentUrl\":\"https:\/\/www.creilsudoise-tourisme.fr\/wp-content\/uploads\/2021\/05\/logo-svg.png\",\"width\":182,\"height\":71,\"caption\":\"Creil Sud Oise Tourisme\"},\"image\":{\"@id\":\"https:\/\/www.creilsudoise-tourisme.fr\/#\/schema\/logo\/image\/\"},\"sameAs\":[\"https:\/\/www.facebook.com\/creilsudoisetourisme\/\",\"https:\/\/twitter.com\/CreilSudOiseOT\",\"https:\/\/www.instagram.com\/creilsudoisetourisme\/\",\"https:\/\/www.youtube.com\/channel\/UC8L_QD2wwyADW14zt9fY8kw\"]}]}<\/script>\n<!-- \/ Yoast SEO plugin. -->","yoast_head_json":{"title":"Mentions l\u00e9gales - Office de Tourisme Creil Sud Oise","description":"En parcourant les pages du site, l'internaute reconna\u00eet avoir lu et accept\u00e9 les limites de responsabilit\u00e9s et les conditions d'utilisation du site.","robots":{"index":"index","follow":"follow","max-snippet":"max-snippet:-1","max-image-preview":"max-image-preview:large","max-video-preview":"max-video-preview:-1"},"canonical":"https:\/\/www.creilsudoise-tourisme.fr\/de\/legale-erwahnungen\/","og_locale":"de_DE","og_type":"article","og_title":"Mentions l\u00e9gales - Office de Tourisme Creil Sud Oise","og_description":"En parcourant les pages du site, l'internaute reconna\u00eet avoir lu et accept\u00e9 les limites de responsabilit\u00e9s et les conditions d'utilisation du site.","og_url":"https:\/\/www.creilsudoise-tourisme.fr\/de\/legale-erwahnungen\/","og_site_name":"Office de Tourisme Creil Sud Oise","article_publisher":"https:\/\/www.facebook.com\/creilsudoisetourisme\/","article_modified_time":"2025-11-13T13:29:24+00:00","og_image":[{"width":800,"height":800,"url":"https:\/\/www.creilsudoise-tourisme.fr\/wp-content\/uploads\/2021\/02\/defaut.jpg","type":"image\/jpeg"}],"twitter_card":"summary_large_image","twitter_site":"@CreilSudOiseOT","twitter_misc":{"Gesch\u00e4tzte Lesezeit":"4\u00a0Minuten"},"schema":{"@context":"https:\/\/schema.org","@graph":[{"@type":"WebPage","@id":"https:\/\/www.creilsudoise-tourisme.fr\/mentions-legales\/","url":"https:\/\/www.creilsudoise-tourisme.fr\/mentions-legales\/","name":"Mentions l\u00e9gales - Office de Tourisme Creil Sud Oise","isPartOf":{"@id":"https:\/\/www.creilsudoise-tourisme.fr\/#website"},"datePublished":"2021-02-12T14:57:31+00:00","dateModified":"2025-11-13T13:29:24+00:00","description":"En parcourant les pages du site, l'internaute reconna\u00eet avoir lu et accept\u00e9 les limites de responsabilit\u00e9s et les conditions d'utilisation du site.","breadcrumb":{"@id":"https:\/\/www.creilsudoise-tourisme.fr\/mentions-legales\/#breadcrumb"},"inLanguage":"de","potentialAction":[{"@type":"ReadAction","target":["https:\/\/www.creilsudoise-tourisme.fr\/mentions-legales\/"]}]},{"@type":"BreadcrumbList","@id":"https:\/\/www.creilsudoise-tourisme.fr\/mentions-legales\/#breadcrumb","itemListElement":[{"@type":"ListItem","position":1,"name":"Accueil","item":"https:\/\/www.creilsudoise-tourisme.fr\/"},{"@type":"ListItem","position":2,"name":"Mentions l\u00e9gales"}]},{"@type":"WebSite","@id":"https:\/\/www.creilsudoise-tourisme.fr\/#website","url":"https:\/\/www.creilsudoise-tourisme.fr\/","name":"Office de Tourisme Creil Sud Oise","description":"Creil Sud Oise Tourisme, un territoire \u00e0 explorer !","publisher":{"@id":"https:\/\/www.creilsudoise-tourisme.fr\/#organization"},"potentialAction":[{"@type":"SearchAction","target":{"@type":"EntryPoint","urlTemplate":"https:\/\/www.creilsudoise-tourisme.fr\/?s={search_term_string}"},"query-input":"required name=search_term_string"}],"inLanguage":"de"},{"@type":"Organization","@id":"https:\/\/www.creilsudoise-tourisme.fr\/#organization","name":"Creil Sud Oise Tourisme","url":"https:\/\/www.creilsudoise-tourisme.fr\/","logo":{"@type":"ImageObject","inLanguage":"de","@id":"https:\/\/www.creilsudoise-tourisme.fr\/#\/schema\/logo\/image\/","url":"https:\/\/www.creilsudoise-tourisme.fr\/wp-content\/uploads\/2021\/05\/logo-svg.png","contentUrl":"https:\/\/www.creilsudoise-tourisme.fr\/wp-content\/uploads\/2021\/05\/logo-svg.png","width":182,"height":71,"caption":"Creil Sud Oise Tourisme"},"image":{"@id":"https:\/\/www.creilsudoise-tourisme.fr\/#\/schema\/logo\/image\/"},"sameAs":["https:\/\/www.facebook.com\/creilsudoisetourisme\/","https:\/\/twitter.com\/CreilSudOiseOT","https:\/\/www.instagram.com\/creilsudoisetourisme\/","https:\/\/www.youtube.com\/channel\/UC8L_QD2wwyADW14zt9fY8kw"]}]}},"_links":{"self":[{"href":"https:\/\/www.creilsudoise-tourisme.fr\/de\/wp-json\/wp\/v2\/pages\/61"}],"collection":[{"href":"https:\/\/www.creilsudoise-tourisme.fr\/de\/wp-json\/wp\/v2\/pages"}],"about":[{"href":"https:\/\/www.creilsudoise-tourisme.fr\/de\/wp-json\/wp\/v2\/types\/page"}],"author":[{"embeddable":true,"href":"https:\/\/www.creilsudoise-tourisme.fr\/de\/wp-json\/wp\/v2\/users\/3"}],"replies":[{"embeddable":true,"href":"https:\/\/www.creilsudoise-tourisme.fr\/de\/wp-json\/wp\/v2\/comments?post=61"}],"version-history":[{"count":8,"href":"https:\/\/www.creilsudoise-tourisme.fr\/de\/wp-json\/wp\/v2\/pages\/61\/revisions"}],"predecessor-version":[{"id":66326,"href":"https:\/\/www.creilsudoise-tourisme.fr\/de\/wp-json\/wp\/v2\/pages\/61\/revisions\/66326"}],"wp:attachment":[{"href":"https:\/\/www.creilsudoise-tourisme.fr\/de\/wp-json\/wp\/v2\/media?parent=61"}],"curies":[{"name":"wp","href":"https:\/\/api.w.org\/{rel}","templated":true}]}}