{"id":50627,"date":"2024-02-06T14:35:31","date_gmt":"2024-02-06T13:35:31","guid":{"rendered":"https:\/\/www.creilsudoise-tourisme.fr\/?page_id=50627"},"modified":"2024-02-19T15:25:09","modified_gmt":"2024-02-19T14:25:09","slug":"decor-la-sucrerie-de-saint-leu-desserent","status":"publish","type":"page","link":"https:\/\/www.creilsudoise-tourisme.fr\/de\/ich-suche\/dreharbeiten\/decors-industriell-3\/decor-la-sucrerie-de-saint-leu-desserent\/","title":{"rendered":"Zuckerfabrik"},"content":{"rendered":"<p class=\"is-style-excerpt\"><em>Ehemaliges Geb\u00e4ude der Zuckerfabrik in Saint-Leu, das in der Nachkriegszeit gebaut und Mitte der 1970er Jahre geschlossen wurde.<\/em><\/p>\n\n\n\n<h2>Die Zuckerfabrik in Saint-Leu d'esserent <\/h2>\n\n\n\n<figure class=\"is-layout-flex wp-block-gallery-1 wp-block-gallery has-nested-images columns-default is-cropped\">\n<figure class=\"wp-block-image size-large\"><img decoding=\"async\" loading=\"lazy\" width=\"987\" height=\"740\" data-id=\"51514\"  data-src=\"https:\/\/www.creilsudoise-tourisme.fr\/wp-content\/uploads\/2024\/01\/Sucrerie-mise-en-avant.jpg\" alt=\"Schl\u00fcsselw\u00f6rter f\u00fcr die Suchmaschinenoptimierung. Z.B.: zuckerfabrik kino industriedreharbeiten s\u00fcd oise paris filmkulissen\" class=\"wp-image-51514\" data-srcset=\"https:\/\/www.creilsudoise-tourisme.fr\/wp-content\/uploads\/2024\/01\/Sucrerie-mise-en-avant.jpg 987w, https:\/\/www.creilsudoise-tourisme.fr\/wp-content\/uploads\/2024\/01\/Sucrerie-mise-en-avant-600x450.jpg 600w, https:\/\/www.creilsudoise-tourisme.fr\/wp-content\/uploads\/2024\/01\/Sucrerie-mise-en-avant-900x675.jpg 900w, https:\/\/www.creilsudoise-tourisme.fr\/wp-content\/uploads\/2024\/01\/Sucrerie-mise-en-avant-16x12.jpg 16w, https:\/\/www.creilsudoise-tourisme.fr\/wp-content\/uploads\/2024\/01\/Sucrerie-mise-en-avant-200x150.jpg 200w, https:\/\/www.creilsudoise-tourisme.fr\/wp-content\/uploads\/2024\/01\/Sucrerie-mise-en-avant-650x487.jpg 650w, https:\/\/www.creilsudoise-tourisme.fr\/wp-content\/uploads\/2024\/01\/Sucrerie-mise-en-avant-387x290.jpg 387w\" sizes=\"(max-width: 987px) 100vw, 987px\" \/><figcaption class=\"wp-element-caption\">Bildnachweis. Ex: \u00a9 Creil Sud Oise Tourisme - Nouara Lebachiche<\/figcaption><\/figure>\n\n\n\n<figure class=\"wp-block-image size-large\"><img decoding=\"async\" loading=\"lazy\" width=\"983\" height=\"740\" data-id=\"51502\"  data-src=\"https:\/\/www.creilsudoise-tourisme.fr\/wp-content\/uploads\/2024\/01\/sucrerie-2.png\" alt=\"zuckerfabrik kino industrieller dreh s\u00fcd Oise paris film dekors\" class=\"wp-image-51502\" data-srcset=\"https:\/\/www.creilsudoise-tourisme.fr\/wp-content\/uploads\/2024\/01\/sucrerie-2.png 983w, https:\/\/www.creilsudoise-tourisme.fr\/wp-content\/uploads\/2024\/01\/sucrerie-2-600x452.png 600w, https:\/\/www.creilsudoise-tourisme.fr\/wp-content\/uploads\/2024\/01\/sucrerie-2-900x678.png 900w, https:\/\/www.creilsudoise-tourisme.fr\/wp-content\/uploads\/2024\/01\/sucrerie-2-16x12.png 16w, https:\/\/www.creilsudoise-tourisme.fr\/wp-content\/uploads\/2024\/01\/sucrerie-2-200x151.png 200w, https:\/\/www.creilsudoise-tourisme.fr\/wp-content\/uploads\/2024\/01\/sucrerie-2-650x489.png 650w, https:\/\/www.creilsudoise-tourisme.fr\/wp-content\/uploads\/2024\/01\/sucrerie-2-387x291.png 387w\" sizes=\"(max-width: 983px) 100vw, 983px\" \/><figcaption class=\"wp-element-caption\"> Creil Sud Oise Tourisme - Nouara Lebachiche<\/figcaption><\/figure>\n<\/figure>\n\n\n\n<h3>Art des Ortes<\/h3>\n\n\n\n<p>Nicht sicher in ERP<\/p>\n\n\n\n<h3>Kategorie<\/h3>\n\n\n\n<p>Industriegeb\u00e4ude <\/p>\n\n\n<div class=\"wp-block wp-block-highlight\">\n            <h3 class=\"wp-block-highlight-item wp-block-highlight-title\">Lage<\/h3>\n                <p class=\"wp-block-highlight-item wp-block-highlight-excerpt\">Stadt: 60340 Saint-Leu d'Esserent <br>Bundesland: Oise<br>Region: Hauts-de-France<\/p>\n    <\/div>\n\n\n<h3>Allgemeine Darstellung<\/h3>\n\n\n\n<p>Ehemaliges Hauptgeb\u00e4ude der Zuckerfabrik in Saint-Leu d'Esserent<\/p>\n\n\n\n<h4>Zustand des Ortes<\/h4>\n\n\n\n<p>Eher in gutem Zustand.<\/p>\n\n\n\n<h4>Geschichte des Ortes<\/h4>\n\n\n\n<p>Wurde 1950 nach den Zerst\u00f6rungen des Zweiten Weltkriegs wieder aufgebaut. Die Zuckerfabrik wurde Mitte der 1970er Jahre geschlossen. <\/p>\n\n\n\n<h4>Bauzeit<\/h4>\n\n\n\n<p>Nachkriegszeit.<\/p>\n\n\n\n<h4>Dominanter Stil<\/h4>\n\n\n\n<p>Zeitgen\u00f6ssisch.<\/p>\n\n\n\n<h4>Bemerkenswerte architektonische Elemente<\/h4>\n\n\n\n<p>Industriegeb\u00e4ude gro\u00dfe R\u00e4ume, gro\u00dfe H\u00f6he<\/p>\n\n\n\n<h4>Datenblatt<\/h4>\n\n\n\n<p>\u25a1 Stromversorgung X Parken X LKW-Zugang \u25a1 Logen&nbsp;&nbsp;&nbsp;&nbsp;&nbsp;&nbsp;&nbsp;&nbsp;&nbsp;&nbsp;&nbsp;&nbsp; &nbsp;<\/p>\n\n\n\n<p>\u25a1 Toilette<\/p>\n\n\n\n<p>Sonstiges: Fl\u00e4chen: 20m H\u00f6he; 20m Breite; 80m L\u00e4nge; 1 zentraler Pfosten.<\/p>\n\n\n\n<h4>Besonderheiten<\/h4>\n\n\n\n<p>Besonderheiten.<\/p>\n\n\n\n<hr class=\"wp-block-separator has-alpha-channel-opacity\"\/>\n\n\n\n<hr class=\"wp-block-separator has-alpha-channel-opacity\"\/>","protected":false},"excerpt":{"rendered":"<p>Ehemaliges Geb\u00e4ude der Zuckerfabrik von Saint-Leu, das in der Nachkriegszeit errichtet und Mitte der 1970er Jahre geschlossen wurde. La Sucrerie de Saint-Leu d'esserent Art des Ortes Nicht als ERP gesichert Kategorie Industriegeb\u00e4ude \u00dcberblick Ehemaliges Hauptgeb\u00e4ude der Zuckerfabrik von Saint-Leu d'Esserent Zustand des Ortes Ziemlich guter Zustand. Geschichte des Ortes Reconstructed [...].<\/p>","protected":false},"author":12,"featured_media":51514,"parent":49363,"menu_order":1,"comment_status":"closed","ping_status":"closed","template":"","meta":{"_relevanssi_hide_post":"","_relevanssi_hide_content":"","_relevanssi_pin_for_all":"","_relevanssi_pin_keywords":"","_relevanssi_unpin_keywords":"","_relevanssi_related_keywords":"","_relevanssi_related_include_ids":"","_relevanssi_related_exclude_ids":"","_relevanssi_related_no_append":"","_relevanssi_related_not_related":"","_relevanssi_related_posts":"38921,40150,43606,39785,42107,39133","_relevanssi_noindex_reason":""},"yoast_head":"<!-- This site is optimized with the Yoast SEO plugin v20.2.1 - https:\/\/yoast.com\/wordpress\/plugins\/seo\/ -->\n<title>La Sucrerie de Saint-Leu D&#039;Esserent<\/title>\n<meta name=\"description\" content=\"Voici la fiche technique du d\u00e9cor industriel dans une usine du 19\u00e8me si\u00e8cle, la sucrerie de Saint-Leu d&#039;Esserent, \u00e0 60km de Paris.\" \/>\n<meta name=\"robots\" content=\"index, follow, max-snippet:-1, max-image-preview:large, max-video-preview:-1\" \/>\n<link rel=\"canonical\" href=\"https:\/\/www.creilsudoise-tourisme.fr\/de\/ich-suche\/dreharbeiten\/decors-industriell-3\/decor-la-sucrerie-de-saint-leu-desserent\/\" \/>\n<meta property=\"og:locale\" content=\"de_DE\" \/>\n<meta property=\"og:type\" content=\"article\" \/>\n<meta property=\"og:title\" content=\"La Sucrerie de Saint-Leu D&#039;Esserent\" \/>\n<meta property=\"og:description\" content=\"Voici la fiche technique du d\u00e9cor industriel dans une usine du 19\u00e8me si\u00e8cle, la sucrerie de Saint-Leu d&#039;Esserent, \u00e0 60km de Paris.\" \/>\n<meta property=\"og:url\" content=\"https:\/\/www.creilsudoise-tourisme.fr\/de\/ich-suche\/dreharbeiten\/decors-industriell-3\/decor-la-sucrerie-de-saint-leu-desserent\/\" \/>\n<meta property=\"og:site_name\" content=\"Office de Tourisme Creil Sud Oise\" \/>\n<meta property=\"article:publisher\" content=\"https:\/\/www.facebook.com\/creilsudoisetourisme\/\" \/>\n<meta property=\"article:modified_time\" content=\"2024-02-19T14:25:09+00:00\" \/>\n<meta property=\"og:image\" content=\"https:\/\/www.creilsudoise-tourisme.fr\/wp-content\/uploads\/2024\/01\/Sucrerie-mise-en-avant.jpg\" \/>\n\t<meta property=\"og:image:width\" content=\"987\" \/>\n\t<meta property=\"og:image:height\" content=\"740\" \/>\n\t<meta property=\"og:image:type\" content=\"image\/jpeg\" \/>\n<meta name=\"twitter:card\" content=\"summary_large_image\" \/>\n<meta name=\"twitter:site\" content=\"@CreilSudOiseOT\" \/>\n<meta name=\"twitter:label1\" content=\"Gesch\u00e4tzte Lesezeit\" \/>\n\t<meta name=\"twitter:data1\" content=\"1\u00a0Minute\" \/>\n<script type=\"application\/ld+json\" class=\"yoast-schema-graph\">{\"@context\":\"https:\/\/schema.org\",\"@graph\":[{\"@type\":\"WebPage\",\"@id\":\"https:\/\/www.creilsudoise-tourisme.fr\/je-cherche\/tournage\/decors-industriels-3\/decor-la-sucrerie-de-saint-leu-desserent\/\",\"url\":\"https:\/\/www.creilsudoise-tourisme.fr\/je-cherche\/tournage\/decors-industriels-3\/decor-la-sucrerie-de-saint-leu-desserent\/\",\"name\":\"La Sucrerie de Saint-Leu D'Esserent\",\"isPartOf\":{\"@id\":\"https:\/\/www.creilsudoise-tourisme.fr\/#website\"},\"datePublished\":\"2024-02-06T13:35:31+00:00\",\"dateModified\":\"2024-02-19T14:25:09+00:00\",\"description\":\"Voici la fiche technique du d\u00e9cor industriel dans une usine du 19\u00e8me si\u00e8cle, la sucrerie de Saint-Leu d'Esserent, \u00e0 60km de Paris.\",\"breadcrumb\":{\"@id\":\"https:\/\/www.creilsudoise-tourisme.fr\/je-cherche\/tournage\/decors-industriels-3\/decor-la-sucrerie-de-saint-leu-desserent\/#breadcrumb\"},\"inLanguage\":\"de\",\"potentialAction\":[{\"@type\":\"ReadAction\",\"target\":[\"https:\/\/www.creilsudoise-tourisme.fr\/je-cherche\/tournage\/decors-industriels-3\/decor-la-sucrerie-de-saint-leu-desserent\/\"]}]},{\"@type\":\"BreadcrumbList\",\"@id\":\"https:\/\/www.creilsudoise-tourisme.fr\/je-cherche\/tournage\/decors-industriels-3\/decor-la-sucrerie-de-saint-leu-desserent\/#breadcrumb\",\"itemListElement\":[{\"@type\":\"ListItem\",\"position\":1,\"name\":\"Accueil\",\"item\":\"https:\/\/www.creilsudoise-tourisme.fr\/\"},{\"@type\":\"ListItem\",\"position\":2,\"name\":\"Je cherche\",\"item\":\"https:\/\/www.creilsudoise-tourisme.fr\/je-cherche\/\"},{\"@type\":\"ListItem\",\"position\":3,\"name\":\"Un lieu de tournage\",\"item\":\"https:\/\/www.creilsudoise-tourisme.fr\/je-cherche\/tournage\/\"},{\"@type\":\"ListItem\",\"position\":4,\"name\":\"D\u00e9cors industriels\",\"item\":\"https:\/\/www.creilsudoise-tourisme.fr\/je-cherche\/tournage\/decors-industriels-3\/\"},{\"@type\":\"ListItem\",\"position\":5,\"name\":\"Sucrerie\"}]},{\"@type\":\"WebSite\",\"@id\":\"https:\/\/www.creilsudoise-tourisme.fr\/#website\",\"url\":\"https:\/\/www.creilsudoise-tourisme.fr\/\",\"name\":\"Office de Tourisme Creil Sud Oise\",\"description\":\"Creil Sud Oise Tourisme, un territoire \u00e0 explorer !\",\"publisher\":{\"@id\":\"https:\/\/www.creilsudoise-tourisme.fr\/#organization\"},\"potentialAction\":[{\"@type\":\"SearchAction\",\"target\":{\"@type\":\"EntryPoint\",\"urlTemplate\":\"https:\/\/www.creilsudoise-tourisme.fr\/?s={search_term_string}\"},\"query-input\":\"required name=search_term_string\"}],\"inLanguage\":\"de\"},{\"@type\":\"Organization\",\"@id\":\"https:\/\/www.creilsudoise-tourisme.fr\/#organization\",\"name\":\"Creil Sud Oise Tourisme\",\"url\":\"https:\/\/www.creilsudoise-tourisme.fr\/\",\"logo\":{\"@type\":\"ImageObject\",\"inLanguage\":\"de\",\"@id\":\"https:\/\/www.creilsudoise-tourisme.fr\/#\/schema\/logo\/image\/\",\"url\":\"https:\/\/www.creilsudoise-tourisme.fr\/wp-content\/uploads\/2021\/05\/logo-svg.png\",\"contentUrl\":\"https:\/\/www.creilsudoise-tourisme.fr\/wp-content\/uploads\/2021\/05\/logo-svg.png\",\"width\":182,\"height\":71,\"caption\":\"Creil Sud Oise Tourisme\"},\"image\":{\"@id\":\"https:\/\/www.creilsudoise-tourisme.fr\/#\/schema\/logo\/image\/\"},\"sameAs\":[\"https:\/\/www.facebook.com\/creilsudoisetourisme\/\",\"https:\/\/twitter.com\/CreilSudOiseOT\",\"https:\/\/www.instagram.com\/creilsudoisetourisme\/\",\"https:\/\/www.youtube.com\/channel\/UC8L_QD2wwyADW14zt9fY8kw\"]}]}<\/script>\n<!-- \/ Yoast SEO plugin. -->","yoast_head_json":{"title":"La Sucrerie de Saint-Leu D'Esserent","description":"Voici la fiche technique du d\u00e9cor industriel dans une usine du 19\u00e8me si\u00e8cle, la sucrerie de Saint-Leu d'Esserent, \u00e0 60km de Paris.","robots":{"index":"index","follow":"follow","max-snippet":"max-snippet:-1","max-image-preview":"max-image-preview:large","max-video-preview":"max-video-preview:-1"},"canonical":"https:\/\/www.creilsudoise-tourisme.fr\/de\/ich-suche\/dreharbeiten\/decors-industriell-3\/decor-la-sucrerie-de-saint-leu-desserent\/","og_locale":"de_DE","og_type":"article","og_title":"La Sucrerie de Saint-Leu D'Esserent","og_description":"Voici la fiche technique du d\u00e9cor industriel dans une usine du 19\u00e8me si\u00e8cle, la sucrerie de Saint-Leu d'Esserent, \u00e0 60km de Paris.","og_url":"https:\/\/www.creilsudoise-tourisme.fr\/de\/ich-suche\/dreharbeiten\/decors-industriell-3\/decor-la-sucrerie-de-saint-leu-desserent\/","og_site_name":"Office de Tourisme Creil Sud Oise","article_publisher":"https:\/\/www.facebook.com\/creilsudoisetourisme\/","article_modified_time":"2024-02-19T14:25:09+00:00","og_image":[{"width":987,"height":740,"url":"https:\/\/www.creilsudoise-tourisme.fr\/wp-content\/uploads\/2024\/01\/Sucrerie-mise-en-avant.jpg","type":"image\/jpeg"}],"twitter_card":"summary_large_image","twitter_site":"@CreilSudOiseOT","twitter_misc":{"Gesch\u00e4tzte Lesezeit":"1\u00a0Minute"},"schema":{"@context":"https:\/\/schema.org","@graph":[{"@type":"WebPage","@id":"https:\/\/www.creilsudoise-tourisme.fr\/je-cherche\/tournage\/decors-industriels-3\/decor-la-sucrerie-de-saint-leu-desserent\/","url":"https:\/\/www.creilsudoise-tourisme.fr\/je-cherche\/tournage\/decors-industriels-3\/decor-la-sucrerie-de-saint-leu-desserent\/","name":"La Sucrerie de Saint-Leu D'Esserent","isPartOf":{"@id":"https:\/\/www.creilsudoise-tourisme.fr\/#website"},"datePublished":"2024-02-06T13:35:31+00:00","dateModified":"2024-02-19T14:25:09+00:00","description":"Voici la fiche technique du d\u00e9cor industriel dans une usine du 19\u00e8me si\u00e8cle, la sucrerie de Saint-Leu d'Esserent, \u00e0 60km de Paris.","breadcrumb":{"@id":"https:\/\/www.creilsudoise-tourisme.fr\/je-cherche\/tournage\/decors-industriels-3\/decor-la-sucrerie-de-saint-leu-desserent\/#breadcrumb"},"inLanguage":"de","potentialAction":[{"@type":"ReadAction","target":["https:\/\/www.creilsudoise-tourisme.fr\/je-cherche\/tournage\/decors-industriels-3\/decor-la-sucrerie-de-saint-leu-desserent\/"]}]},{"@type":"BreadcrumbList","@id":"https:\/\/www.creilsudoise-tourisme.fr\/je-cherche\/tournage\/decors-industriels-3\/decor-la-sucrerie-de-saint-leu-desserent\/#breadcrumb","itemListElement":[{"@type":"ListItem","position":1,"name":"Accueil","item":"https:\/\/www.creilsudoise-tourisme.fr\/"},{"@type":"ListItem","position":2,"name":"Je cherche","item":"https:\/\/www.creilsudoise-tourisme.fr\/je-cherche\/"},{"@type":"ListItem","position":3,"name":"Un lieu de tournage","item":"https:\/\/www.creilsudoise-tourisme.fr\/je-cherche\/tournage\/"},{"@type":"ListItem","position":4,"name":"D\u00e9cors industriels","item":"https:\/\/www.creilsudoise-tourisme.fr\/je-cherche\/tournage\/decors-industriels-3\/"},{"@type":"ListItem","position":5,"name":"Sucrerie"}]},{"@type":"WebSite","@id":"https:\/\/www.creilsudoise-tourisme.fr\/#website","url":"https:\/\/www.creilsudoise-tourisme.fr\/","name":"Office de Tourisme Creil Sud Oise","description":"Creil Sud Oise Tourisme, un territoire \u00e0 explorer !","publisher":{"@id":"https:\/\/www.creilsudoise-tourisme.fr\/#organization"},"potentialAction":[{"@type":"SearchAction","target":{"@type":"EntryPoint","urlTemplate":"https:\/\/www.creilsudoise-tourisme.fr\/?s={search_term_string}"},"query-input":"required name=search_term_string"}],"inLanguage":"de"},{"@type":"Organization","@id":"https:\/\/www.creilsudoise-tourisme.fr\/#organization","name":"Creil Sud Oise Tourisme","url":"https:\/\/www.creilsudoise-tourisme.fr\/","logo":{"@type":"ImageObject","inLanguage":"de","@id":"https:\/\/www.creilsudoise-tourisme.fr\/#\/schema\/logo\/image\/","url":"https:\/\/www.creilsudoise-tourisme.fr\/wp-content\/uploads\/2021\/05\/logo-svg.png","contentUrl":"https:\/\/www.creilsudoise-tourisme.fr\/wp-content\/uploads\/2021\/05\/logo-svg.png","width":182,"height":71,"caption":"Creil Sud Oise Tourisme"},"image":{"@id":"https:\/\/www.creilsudoise-tourisme.fr\/#\/schema\/logo\/image\/"},"sameAs":["https:\/\/www.facebook.com\/creilsudoisetourisme\/","https:\/\/twitter.com\/CreilSudOiseOT","https:\/\/www.instagram.com\/creilsudoisetourisme\/","https:\/\/www.youtube.com\/channel\/UC8L_QD2wwyADW14zt9fY8kw"]}]}},"_links":{"self":[{"href":"https:\/\/www.creilsudoise-tourisme.fr\/de\/wp-json\/wp\/v2\/pages\/50627"}],"collection":[{"href":"https:\/\/www.creilsudoise-tourisme.fr\/de\/wp-json\/wp\/v2\/pages"}],"about":[{"href":"https:\/\/www.creilsudoise-tourisme.fr\/de\/wp-json\/wp\/v2\/types\/page"}],"author":[{"embeddable":true,"href":"https:\/\/www.creilsudoise-tourisme.fr\/de\/wp-json\/wp\/v2\/users\/12"}],"replies":[{"embeddable":true,"href":"https:\/\/www.creilsudoise-tourisme.fr\/de\/wp-json\/wp\/v2\/comments?post=50627"}],"version-history":[{"count":11,"href":"https:\/\/www.creilsudoise-tourisme.fr\/de\/wp-json\/wp\/v2\/pages\/50627\/revisions"}],"predecessor-version":[{"id":52239,"href":"https:\/\/www.creilsudoise-tourisme.fr\/de\/wp-json\/wp\/v2\/pages\/50627\/revisions\/52239"}],"up":[{"embeddable":true,"href":"https:\/\/www.creilsudoise-tourisme.fr\/de\/wp-json\/wp\/v2\/pages\/49363"}],"wp:featuredmedia":[{"embeddable":true,"href":"https:\/\/www.creilsudoise-tourisme.fr\/de\/wp-json\/wp\/v2\/media\/51514"}],"wp:attachment":[{"href":"https:\/\/www.creilsudoise-tourisme.fr\/de\/wp-json\/wp\/v2\/media?parent=50627"}],"curies":[{"name":"wp","href":"https:\/\/api.w.org\/{rel}","templated":true}]}}