{"id":49925,"date":"2023-10-05T10:11:44","date_gmt":"2023-10-05T08:11:18","guid":{"rendered":"https:\/\/www.creilsudoise-tourisme.fr\/je-cherche\/tournage-2\/"},"modified":"2025-05-16T11:47:15","modified_gmt":"2025-05-16T09:47:15","slug":"tournage","status":"publish","type":"page","link":"https:\/\/www.creilsudoise-tourisme.fr\/de\/ich-suche\/dreharbeiten\/","title":{"rendered":"Ein Drehort"},"content":{"rendered":"<p class=\"is-style-excerpt\"><strong>Inventar im Aufbau<\/strong> : ein wenig Geduld!<\/p>\n\n\n\n<h2>Finden Sie Ihr Dekor<\/h2>\n\n\n<div class=\"wp-block wp-block-child-post alignwide\">\n    <div class=\"entityList clear\">\n        \n<div class=\"entityItem\" data-trigger=\"wpiris-click\" data-id=\"wpiris-entity-slider-item\">\n    <p class=\"entityItemThumbnail\">\n        <a href=\"https:\/\/www.creilsudoise-tourisme.fr\/de\/ich-suche\/dreharbeiten\/naturdekorationen\/\" nofancybox>\n            <img data-src=\"https:\/\/www.creilsudoise-tourisme.fr\/wp-content\/uploads\/wpetourisme\/VillersSaintPaul-CreilSudOiseTourisme--12--275x350.jpg\" alt=\"Nat\u00fcrliche Kulissen\">\n        <\/a>\n    <\/p>\n    <div class=\"entityItemContent\">\n        <h2 class=\"entityItemContentTitle\">\n            <a href=\"https:\/\/www.creilsudoise-tourisme.fr\/de\/ich-suche\/dreharbeiten\/naturdekorationen\/\">Nat\u00fcrliche Kulissen<\/a>\n        <\/h2>\n            <\/div>\n    <a href=\"https:\/\/www.creilsudoise-tourisme.fr\/de\/ich-suche\/dreharbeiten\/naturdekorationen\/\" class=\"seeMore\"><span class=\"sr-only\">Mehr sehen<\/span><\/a>\n<\/div>\n        \n<div class=\"entityItem\" data-trigger=\"wpiris-click\" data-id=\"wpiris-entity-slider-item\">\n    <p class=\"entityItemThumbnail\">\n        <a href=\"https:\/\/www.creilsudoise-tourisme.fr\/de\/ich-suche\/dreharbeiten\/decors-industriell\/\" nofancybox>\n            <img data-src=\"https:\/\/www.creilsudoise-tourisme.fr\/wp-content\/uploads\/wpetourisme\/--L-ARDOISE-Glachoire-13-2-275x350.jpg\" alt=\"Steinbruchdekorationen\">\n        <\/a>\n    <\/p>\n    <div class=\"entityItemContent\">\n        <h2 class=\"entityItemContentTitle\">\n            <a href=\"https:\/\/www.creilsudoise-tourisme.fr\/de\/ich-suche\/dreharbeiten\/decors-industriell\/\">Steinbruchdekorationen<\/a>\n        <\/h2>\n            <\/div>\n    <a href=\"https:\/\/www.creilsudoise-tourisme.fr\/de\/ich-suche\/dreharbeiten\/decors-industriell\/\" class=\"seeMore\"><span class=\"sr-only\">Mehr sehen<\/span><\/a>\n<\/div>\n        \n<div class=\"entityItem\" data-trigger=\"wpiris-click\" data-id=\"wpiris-entity-slider-item\">\n    <p class=\"entityItemThumbnail\">\n        <a href=\"https:\/\/www.creilsudoise-tourisme.fr\/de\/ich-suche\/dreharbeiten\/decors-batis\/\" nofancybox>\n            <img data-src=\"https:\/\/www.creilsudoise-tourisme.fr\/wp-content\/uploads\/2021\/05\/Tournage-et-interview-a-lAbbatiale-275x350.jpg\" alt=\"Gebaute Dekore\">\n        <\/a>\n    <\/p>\n    <div class=\"entityItemContent\">\n        <h2 class=\"entityItemContentTitle\">\n            <a href=\"https:\/\/www.creilsudoise-tourisme.fr\/de\/ich-suche\/dreharbeiten\/decors-batis\/\">Gebaute Dekore<\/a>\n        <\/h2>\n            <\/div>\n    <a href=\"https:\/\/www.creilsudoise-tourisme.fr\/de\/ich-suche\/dreharbeiten\/decors-batis\/\" class=\"seeMore\"><span class=\"sr-only\">Mehr sehen<\/span><\/a>\n<\/div>\n        \n<div class=\"entityItem\" data-trigger=\"wpiris-click\" data-id=\"wpiris-entity-slider-item\">\n    <p class=\"entityItemThumbnail\">\n        <a href=\"https:\/\/www.creilsudoise-tourisme.fr\/de\/ich-suche\/dreharbeiten\/decors-industriell-3\/\" nofancybox>\n            <img data-src=\"https:\/\/www.creilsudoise-tourisme.fr\/wp-content\/uploads\/2023\/09\/Clouterie-Rivierre-Creil-\u00a9-Creil-Sud-Oise-Tourisme-5-275x350.jpg\" alt=\"Industrielle Dekore\">\n        <\/a>\n    <\/p>\n    <div class=\"entityItemContent\">\n        <h2 class=\"entityItemContentTitle\">\n            <a href=\"https:\/\/www.creilsudoise-tourisme.fr\/de\/ich-suche\/dreharbeiten\/decors-industriell-3\/\">Industrielle Dekore<\/a>\n        <\/h2>\n            <\/div>\n    <a href=\"https:\/\/www.creilsudoise-tourisme.fr\/de\/ich-suche\/dreharbeiten\/decors-industriell-3\/\" class=\"seeMore\"><span class=\"sr-only\">Mehr sehen<\/span><\/a>\n<\/div>\n            <\/div>\n<\/div>\n\n\n<h2><strong>C<\/strong>reil <strong>S<\/strong>ud <strong>O<\/strong>ise, Land der Dreharbeiten<\/h2>\n\n\n\n<h3>Ein h\u00f6chst einzigartiges Kulturerbe vor den Toren von Paris<\/h3>\n\n\n\n<h4><strong>Ein industrielles Erbe<\/strong> : Brachland als Kulisse<\/h4>\n\n\n\n<p>Das \u00fcber zwei Jahrhunderte alte <strong>Industrieerbe<\/strong> des Ballungsraums Creil Sud Oise ist in einem einzigen Inventar erfasst, in dem die Pfote von <strong>Baumeister wie Eiffel oder Perret. <\/strong><\/p>\n\n\n\n<p>Hier werden viele <strong>Brachland <\/strong>stehen Ihnen f\u00fcr Film- und Videodrehs zur Verf\u00fcgung.<\/p>\n\n\n\n<h4><strong>Ein karrierisches Erbe<\/strong> : unterirdische G\u00e4nge und Mondkulissen<\/h4>\n\n\n\n<p>Der Abbau des Steins von Saint-Maximin, eines Bausteins von au\u00dfergew\u00f6hnlich hoher Qualit\u00e4t, hat Creil Sud Oise geformt und eine erstaunliche Landschaft hinterlassen. <\/p>\n\n\n\n<p>Hier erleichtern wir Ihnen den Zugang zu Hintergr\u00fcnden, die w\u00fcrdig sind f\u00fcr <strong>Mondlandschaften oder wilde Landschaften<\/strong> in <strong>Steinbr\u00fcche, in denen sich die Natur ihr Recht zur\u00fcckerobert hat<\/strong> mit einer perfekten Harmonie zwischen dem Stein und der Natur.<\/p>\n\n\n\n<h4><strong>Ein bauliches Erbe<\/strong> : geschichtstr\u00e4chtige Drehorte<\/h4>\n\n\n\n<p>Land, das von den K\u00f6nigen und ihrem Hofstaat \u00fcber mehrere Jahrhunderte hinweg sehr gesch\u00e4tzt wurde, <strong>Creil Sud Oise bewahrt sch\u00f6ne, zug\u00e4ngliche Geb\u00e4ude <\/strong>f\u00fcr Ihre Dreharbeiten oder Shootings.  Hier wird die<strong>Architektur aus verschiedenen Epochen<\/strong> (Romanik, Gotik, Nachkriegsbau...) bietet eine breite Palette an Filmkulissen.<\/p>\n\n\n\n<p><strong>Dorfkirchen oder Abteikirchen<\/strong> in den Dimensionen einer Kathedrale <strong>mittelalterliche Stra\u00dfen<\/strong>, <strong>Friedh\u00f6fe <\/strong>und <strong>Burgen <\/strong>werden Ihnen zug\u00e4nglich sein. <\/p>\n\n\n\n<h4><strong>Die Flussschifffahrt<\/strong> : zwischen Natur und Kunstwerken<\/h4>\n\n\n\n<p>Creil Sud Oise z\u00e4hlt <strong>3 Fl\u00fcsse : <\/strong><\/p>\n\n\n\n<ul>\n<li><strong>Die Oise<\/strong>Die Landschaft, die zwischen nat\u00fcrlichen und von Menschenhand geschaffenen Formen wechselt, wird von folgenden Punkten gepr\u00e4gt <strong>von Kunstwerken <\/strong>(Br\u00fccken, Schleusen, H\u00e4fen), die Ihren Videos Dynamik verleihen werden. <\/li>\n<\/ul>\n\n\n\n<ul>\n<li><strong>Der Th\u00e9rain und die Breche<\/strong> die beide ihre wilde Landschaft bewahrt haben und deren <strong>Ufer sind von B\u00e4umen und Vegetation ges\u00e4umt.<\/strong><\/li>\n<\/ul>\n\n\n\n<div class=\"is-layout-flex wp-container-3 wp-block-columns are-vertically-aligned-center\">\n<div class=\"is-layout-flow wp-block-column is-vertically-aligned-center\" style=\"flex-basis:33.33%\"><div class=\"wp-block-image\">\n<figure class=\"aligncenter size-large\"><img decoding=\"async\" loading=\"lazy\" width=\"1200\" height=\"1200\" data-src=\"https:\/\/www.creilsudoise-tourisme.fr\/wp-content\/uploads\/2025\/05\/Nouara-L-1200x1200.jpg\" alt=\"\" class=\"wp-image-62312\" data-srcset=\"https:\/\/www.creilsudoise-tourisme.fr\/wp-content\/uploads\/2025\/05\/Nouara-L-1200x1200.jpg 1200w, https:\/\/www.creilsudoise-tourisme.fr\/wp-content\/uploads\/2025\/05\/Nouara-L-600x600.jpg 600w, https:\/\/www.creilsudoise-tourisme.fr\/wp-content\/uploads\/2025\/05\/Nouara-L-300x300.jpg 300w, https:\/\/www.creilsudoise-tourisme.fr\/wp-content\/uploads\/2025\/05\/Nouara-L-900x900.jpg 900w, https:\/\/www.creilsudoise-tourisme.fr\/wp-content\/uploads\/2025\/05\/Nouara-L-1536x1536.jpg 1536w, https:\/\/www.creilsudoise-tourisme.fr\/wp-content\/uploads\/2025\/05\/Nouara-L-12x12.jpg 12w, https:\/\/www.creilsudoise-tourisme.fr\/wp-content\/uploads\/2025\/05\/Nouara-L-200x200.jpg 200w, https:\/\/www.creilsudoise-tourisme.fr\/wp-content\/uploads\/2025\/05\/Nouara-L-650x650.jpg 650w, https:\/\/www.creilsudoise-tourisme.fr\/wp-content\/uploads\/2025\/05\/Nouara-L-387x387.jpg 387w, https:\/\/www.creilsudoise-tourisme.fr\/wp-content\/uploads\/2025\/05\/Nouara-L.jpg 1574w\" sizes=\"(max-width: 1200px) 100vw, 1200px\" \/><\/figure><\/div><\/div>\n\n\n\n<div class=\"is-layout-flow wp-block-column is-vertically-aligned-center\" style=\"flex-basis:66.66%\"><div class=\"wp-block wp-block-highlight\">\n            <h3 class=\"wp-block-highlight-item wp-block-highlight-title\">Kontaktieren Sie mich!<\/h3>\n                <p class=\"wp-block-highlight-item wp-block-highlight-excerpt\"><br><strong>Nouara Lebachiche<br><\/strong>Beauftragte des Drehb\u00fcros in Creil Sud Oise<br><a href=\"telto:0602081182\" target=\"_blank\" rel=\"noreferrer noopener\">06 02 08 11 82<\/a><br><a href=\"mailto:&#110;o&#117;a&#114;a&#64;&#99;re&#105;ls&#117;d&#111;i&#115;e&#45;to&#117;r&#105;sm&#101;&#46;&#102;&#114;\" target=\"_blank\" rel=\"noreferrer noopener\">Per Mail<\/a><\/p>\n    <\/div><\/div>\n<\/div>","protected":false},"excerpt":{"rendered":"<p>Inventar im Aufbau: Bitte haben Sie etwas Geduld! Finden Sie Ihre Kulisse Creil Sud Oise, Land der Dreharbeiten Ein h\u00f6chst einzigartiges Kulturerbe vor den Toren von Paris Industrielles Kulturerbe: Brachfl\u00e4chen als Kulisse Das mehr als zwei Jahrhunderte alte industrielle Kulturerbe des Ballungsraums Creil Sud Oise ist in einem einzigartigen Inventar erfasst [...].<\/p>","protected":false},"author":3,"featured_media":50616,"parent":167,"menu_order":8,"comment_status":"closed","ping_status":"closed","template":"page-templates\/intermediaire.php","meta":{"_relevanssi_hide_post":"","_relevanssi_hide_content":"","_relevanssi_pin_for_all":"","_relevanssi_pin_keywords":"","_relevanssi_unpin_keywords":"","_relevanssi_related_keywords":"","_relevanssi_related_include_ids":"","_relevanssi_related_exclude_ids":"","_relevanssi_related_no_append":"","_relevanssi_related_not_related":"","_relevanssi_related_posts":"275,271,267,273","_relevanssi_noindex_reason":""},"yoast_head":"<!-- This site is optimized with the Yoast SEO plugin v20.2.1 - https:\/\/yoast.com\/wordpress\/plugins\/seo\/ -->\n<title>Lieux de tournages et shooting \u00e0 Creil Sud Oise<\/title>\n<meta name=\"description\" content=\"Vous \u00eates \u00e0 la recherche d\u2019un lieu de tournage ? Le territoire Creil Sud Oise offre de nombreux sites atypiques et propices aux shootings\" \/>\n<meta name=\"robots\" content=\"index, follow, max-snippet:-1, max-image-preview:large, max-video-preview:-1\" \/>\n<link rel=\"canonical\" href=\"https:\/\/www.creilsudoise-tourisme.fr\/de\/ich-suche\/dreharbeiten\/\" \/>\n<meta property=\"og:locale\" content=\"de_DE\" \/>\n<meta property=\"og:type\" content=\"article\" \/>\n<meta property=\"og:title\" content=\"Lieux de tournages et shooting \u00e0 Creil Sud Oise\" \/>\n<meta property=\"og:description\" content=\"Vous \u00eates \u00e0 la recherche d\u2019un lieu de tournage ? Le territoire Creil Sud Oise offre de nombreux sites atypiques et propices aux shootings\" \/>\n<meta property=\"og:url\" content=\"https:\/\/www.creilsudoise-tourisme.fr\/de\/ich-suche\/dreharbeiten\/\" \/>\n<meta property=\"og:site_name\" content=\"Office de Tourisme Creil Sud Oise\" \/>\n<meta property=\"article:publisher\" content=\"https:\/\/www.facebook.com\/creilsudoisetourisme\/\" \/>\n<meta property=\"article:modified_time\" content=\"2025-05-16T09:47:15+00:00\" \/>\n<meta property=\"og:image\" content=\"https:\/\/www.creilsudoise-tourisme.fr\/wp-content\/uploads\/2023\/11\/Tournages-a-Creil-Sud-Oise.jpg\" \/>\n\t<meta property=\"og:image:width\" content=\"1480\" \/>\n\t<meta property=\"og:image:height\" content=\"987\" \/>\n\t<meta property=\"og:image:type\" content=\"image\/jpeg\" \/>\n<meta name=\"twitter:card\" content=\"summary_large_image\" \/>\n<meta name=\"twitter:site\" content=\"@CreilSudOiseOT\" \/>\n<meta name=\"twitter:label1\" content=\"Gesch\u00e4tzte Lesezeit\" \/>\n\t<meta name=\"twitter:data1\" content=\"1\u00a0Minute\" \/>\n<script type=\"application\/ld+json\" class=\"yoast-schema-graph\">{\"@context\":\"https:\/\/schema.org\",\"@graph\":[{\"@type\":\"WebPage\",\"@id\":\"https:\/\/www.creilsudoise-tourisme.fr\/je-cherche\/tournage\/\",\"url\":\"https:\/\/www.creilsudoise-tourisme.fr\/je-cherche\/tournage\/\",\"name\":\"Lieux de tournages et shooting \u00e0 Creil Sud Oise\",\"isPartOf\":{\"@id\":\"https:\/\/www.creilsudoise-tourisme.fr\/#website\"},\"datePublished\":\"2023-10-05T08:11:18+00:00\",\"dateModified\":\"2025-05-16T09:47:15+00:00\",\"description\":\"Vous \u00eates \u00e0 la recherche d\u2019un lieu de tournage ? Le territoire Creil Sud Oise offre de nombreux sites atypiques et propices aux shootings\",\"breadcrumb\":{\"@id\":\"https:\/\/www.creilsudoise-tourisme.fr\/je-cherche\/tournage\/#breadcrumb\"},\"inLanguage\":\"de\",\"potentialAction\":[{\"@type\":\"ReadAction\",\"target\":[\"https:\/\/www.creilsudoise-tourisme.fr\/je-cherche\/tournage\/\"]}]},{\"@type\":\"BreadcrumbList\",\"@id\":\"https:\/\/www.creilsudoise-tourisme.fr\/je-cherche\/tournage\/#breadcrumb\",\"itemListElement\":[{\"@type\":\"ListItem\",\"position\":1,\"name\":\"Accueil\",\"item\":\"https:\/\/www.creilsudoise-tourisme.fr\/\"},{\"@type\":\"ListItem\",\"position\":2,\"name\":\"Je cherche\",\"item\":\"https:\/\/www.creilsudoise-tourisme.fr\/je-cherche\/\"},{\"@type\":\"ListItem\",\"position\":3,\"name\":\"Un lieu de tournage\"}]},{\"@type\":\"WebSite\",\"@id\":\"https:\/\/www.creilsudoise-tourisme.fr\/#website\",\"url\":\"https:\/\/www.creilsudoise-tourisme.fr\/\",\"name\":\"Office de Tourisme Creil Sud Oise\",\"description\":\"Creil Sud Oise Tourisme, un territoire \u00e0 explorer !\",\"publisher\":{\"@id\":\"https:\/\/www.creilsudoise-tourisme.fr\/#organization\"},\"potentialAction\":[{\"@type\":\"SearchAction\",\"target\":{\"@type\":\"EntryPoint\",\"urlTemplate\":\"https:\/\/www.creilsudoise-tourisme.fr\/?s={search_term_string}\"},\"query-input\":\"required name=search_term_string\"}],\"inLanguage\":\"de\"},{\"@type\":\"Organization\",\"@id\":\"https:\/\/www.creilsudoise-tourisme.fr\/#organization\",\"name\":\"Creil Sud Oise Tourisme\",\"url\":\"https:\/\/www.creilsudoise-tourisme.fr\/\",\"logo\":{\"@type\":\"ImageObject\",\"inLanguage\":\"de\",\"@id\":\"https:\/\/www.creilsudoise-tourisme.fr\/#\/schema\/logo\/image\/\",\"url\":\"https:\/\/www.creilsudoise-tourisme.fr\/wp-content\/uploads\/2021\/05\/logo-svg.png\",\"contentUrl\":\"https:\/\/www.creilsudoise-tourisme.fr\/wp-content\/uploads\/2021\/05\/logo-svg.png\",\"width\":182,\"height\":71,\"caption\":\"Creil Sud Oise Tourisme\"},\"image\":{\"@id\":\"https:\/\/www.creilsudoise-tourisme.fr\/#\/schema\/logo\/image\/\"},\"sameAs\":[\"https:\/\/www.facebook.com\/creilsudoisetourisme\/\",\"https:\/\/twitter.com\/CreilSudOiseOT\",\"https:\/\/www.instagram.com\/creilsudoisetourisme\/\",\"https:\/\/www.youtube.com\/channel\/UC8L_QD2wwyADW14zt9fY8kw\"]}]}<\/script>\n<!-- \/ Yoast SEO plugin. -->","yoast_head_json":{"title":"Lieux de tournages et shooting \u00e0 Creil Sud Oise","description":"Vous \u00eates \u00e0 la recherche d\u2019un lieu de tournage ? Le territoire Creil Sud Oise offre de nombreux sites atypiques et propices aux shootings","robots":{"index":"index","follow":"follow","max-snippet":"max-snippet:-1","max-image-preview":"max-image-preview:large","max-video-preview":"max-video-preview:-1"},"canonical":"https:\/\/www.creilsudoise-tourisme.fr\/de\/ich-suche\/dreharbeiten\/","og_locale":"de_DE","og_type":"article","og_title":"Lieux de tournages et shooting \u00e0 Creil Sud Oise","og_description":"Vous \u00eates \u00e0 la recherche d\u2019un lieu de tournage ? Le territoire Creil Sud Oise offre de nombreux sites atypiques et propices aux shootings","og_url":"https:\/\/www.creilsudoise-tourisme.fr\/de\/ich-suche\/dreharbeiten\/","og_site_name":"Office de Tourisme Creil Sud Oise","article_publisher":"https:\/\/www.facebook.com\/creilsudoisetourisme\/","article_modified_time":"2025-05-16T09:47:15+00:00","og_image":[{"width":1480,"height":987,"url":"https:\/\/www.creilsudoise-tourisme.fr\/wp-content\/uploads\/2023\/11\/Tournages-a-Creil-Sud-Oise.jpg","type":"image\/jpeg"}],"twitter_card":"summary_large_image","twitter_site":"@CreilSudOiseOT","twitter_misc":{"Gesch\u00e4tzte Lesezeit":"1\u00a0Minute"},"schema":{"@context":"https:\/\/schema.org","@graph":[{"@type":"WebPage","@id":"https:\/\/www.creilsudoise-tourisme.fr\/je-cherche\/tournage\/","url":"https:\/\/www.creilsudoise-tourisme.fr\/je-cherche\/tournage\/","name":"Lieux de tournages et shooting \u00e0 Creil Sud Oise","isPartOf":{"@id":"https:\/\/www.creilsudoise-tourisme.fr\/#website"},"datePublished":"2023-10-05T08:11:18+00:00","dateModified":"2025-05-16T09:47:15+00:00","description":"Vous \u00eates \u00e0 la recherche d\u2019un lieu de tournage ? Le territoire Creil Sud Oise offre de nombreux sites atypiques et propices aux shootings","breadcrumb":{"@id":"https:\/\/www.creilsudoise-tourisme.fr\/je-cherche\/tournage\/#breadcrumb"},"inLanguage":"de","potentialAction":[{"@type":"ReadAction","target":["https:\/\/www.creilsudoise-tourisme.fr\/je-cherche\/tournage\/"]}]},{"@type":"BreadcrumbList","@id":"https:\/\/www.creilsudoise-tourisme.fr\/je-cherche\/tournage\/#breadcrumb","itemListElement":[{"@type":"ListItem","position":1,"name":"Accueil","item":"https:\/\/www.creilsudoise-tourisme.fr\/"},{"@type":"ListItem","position":2,"name":"Je cherche","item":"https:\/\/www.creilsudoise-tourisme.fr\/je-cherche\/"},{"@type":"ListItem","position":3,"name":"Un lieu de tournage"}]},{"@type":"WebSite","@id":"https:\/\/www.creilsudoise-tourisme.fr\/#website","url":"https:\/\/www.creilsudoise-tourisme.fr\/","name":"Office de Tourisme Creil Sud Oise","description":"Creil Sud Oise Tourisme, un territoire \u00e0 explorer !","publisher":{"@id":"https:\/\/www.creilsudoise-tourisme.fr\/#organization"},"potentialAction":[{"@type":"SearchAction","target":{"@type":"EntryPoint","urlTemplate":"https:\/\/www.creilsudoise-tourisme.fr\/?s={search_term_string}"},"query-input":"required name=search_term_string"}],"inLanguage":"de"},{"@type":"Organization","@id":"https:\/\/www.creilsudoise-tourisme.fr\/#organization","name":"Creil Sud Oise Tourisme","url":"https:\/\/www.creilsudoise-tourisme.fr\/","logo":{"@type":"ImageObject","inLanguage":"de","@id":"https:\/\/www.creilsudoise-tourisme.fr\/#\/schema\/logo\/image\/","url":"https:\/\/www.creilsudoise-tourisme.fr\/wp-content\/uploads\/2021\/05\/logo-svg.png","contentUrl":"https:\/\/www.creilsudoise-tourisme.fr\/wp-content\/uploads\/2021\/05\/logo-svg.png","width":182,"height":71,"caption":"Creil Sud Oise Tourisme"},"image":{"@id":"https:\/\/www.creilsudoise-tourisme.fr\/#\/schema\/logo\/image\/"},"sameAs":["https:\/\/www.facebook.com\/creilsudoisetourisme\/","https:\/\/twitter.com\/CreilSudOiseOT","https:\/\/www.instagram.com\/creilsudoisetourisme\/","https:\/\/www.youtube.com\/channel\/UC8L_QD2wwyADW14zt9fY8kw"]}]}},"_links":{"self":[{"href":"https:\/\/www.creilsudoise-tourisme.fr\/de\/wp-json\/wp\/v2\/pages\/49925"}],"collection":[{"href":"https:\/\/www.creilsudoise-tourisme.fr\/de\/wp-json\/wp\/v2\/pages"}],"about":[{"href":"https:\/\/www.creilsudoise-tourisme.fr\/de\/wp-json\/wp\/v2\/types\/page"}],"author":[{"embeddable":true,"href":"https:\/\/www.creilsudoise-tourisme.fr\/de\/wp-json\/wp\/v2\/users\/3"}],"replies":[{"embeddable":true,"href":"https:\/\/www.creilsudoise-tourisme.fr\/de\/wp-json\/wp\/v2\/comments?post=49925"}],"version-history":[{"count":11,"href":"https:\/\/www.creilsudoise-tourisme.fr\/de\/wp-json\/wp\/v2\/pages\/49925\/revisions"}],"predecessor-version":[{"id":62316,"href":"https:\/\/www.creilsudoise-tourisme.fr\/de\/wp-json\/wp\/v2\/pages\/49925\/revisions\/62316"}],"up":[{"embeddable":true,"href":"https:\/\/www.creilsudoise-tourisme.fr\/de\/wp-json\/wp\/v2\/pages\/167"}],"wp:featuredmedia":[{"embeddable":true,"href":"https:\/\/www.creilsudoise-tourisme.fr\/de\/wp-json\/wp\/v2\/media\/50616"}],"wp:attachment":[{"href":"https:\/\/www.creilsudoise-tourisme.fr\/de\/wp-json\/wp\/v2\/media?parent=49925"}],"curies":[{"name":"wp","href":"https:\/\/api.w.org\/{rel}","templated":true}]}}