{"id":171,"date":"2021-02-17T10:03:00","date_gmt":"2021-02-17T09:03:00","guid":{"rendered":"https:\/\/www.creilsudoise-tourisme.fr\/une-activite-culturelle\/"},"modified":"2021-05-12T10:59:59","modified_gmt":"2021-05-12T08:59:59","slug":"activite-culturelle","status":"publish","type":"page","link":"https:\/\/www.creilsudoise-tourisme.fr\/de\/ich-suche\/kulturelle-aktivitat\/","title":{"rendered":"Eine kulturelle Aktivit\u00e4t"},"content":{"rendered":"<p class=\"is-style-excerpt\">Gef\u00fchrter Besuch im Museum, Erkundung eines alten Steinbruchs, Entdeckung eines Schlosses... <strong>Erkunden Sie Creil Sud Oise und seine Sehensw\u00fcrdigkeiten!<\/strong><\/p>","protected":false},"excerpt":{"rendered":"<p>Eine F\u00fchrung im Museum, die Erkundung eines alten Steinbruchs, die Entdeckung eines Schlosses... Erkunden Sie Creil Sud Oise und seine Sehensw\u00fcrdigkeiten!<\/p>","protected":false},"author":1,"featured_media":32663,"parent":167,"menu_order":3,"comment_status":"closed","ping_status":"closed","template":"page-templates\/sit-aside.php","meta":{"_relevanssi_hide_post":"","_relevanssi_hide_content":"","_relevanssi_pin_for_all":"","_relevanssi_pin_keywords":"","_relevanssi_unpin_keywords":"","_relevanssi_related_keywords":"","_relevanssi_related_include_ids":"","_relevanssi_related_exclude_ids":"","_relevanssi_related_no_append":"","_relevanssi_related_not_related":"","_relevanssi_related_posts":"273,267,271,275","_relevanssi_noindex_reason":""},"yoast_head":"<!-- This site is optimized with the Yoast SEO plugin v20.2.1 - https:\/\/yoast.com\/wordpress\/plugins\/seo\/ -->\n<title>Une activit\u00e9 culturelle - Office de Tourisme Creil Sud Oise<\/title>\n<meta name=\"description\" content=\"Visite guid\u00e9e au mus\u00e9e, exploration d\u2019une ancienne carri\u00e8re de pierre, d\u00e9couverte d\u2019un ch\u00e2teau\u2026 Explorez Creil Sud Oise et ses sites touristiques !\" \/>\n<meta name=\"robots\" content=\"index, follow, max-snippet:-1, max-image-preview:large, max-video-preview:-1\" \/>\n<link rel=\"canonical\" href=\"https:\/\/www.creilsudoise-tourisme.fr\/de\/i-search\/actividad-cultural\/\" \/>\n<meta property=\"og:locale\" content=\"de_DE\" \/>\n<meta property=\"og:type\" content=\"article\" \/>\n<meta property=\"og:title\" content=\"Une activit\u00e9 culturelle - Office de Tourisme Creil Sud Oise\" \/>\n<meta property=\"og:description\" content=\"Visite guid\u00e9e au mus\u00e9e, exploration d\u2019une ancienne carri\u00e8re de pierre, d\u00e9couverte d\u2019un ch\u00e2teau\u2026 Explorez Creil Sud Oise et ses sites touristiques !\" \/>\n<meta property=\"og:url\" content=\"https:\/\/www.creilsudoise-tourisme.fr\/de\/i-search\/actividad-cultural\/\" \/>\n<meta property=\"og:site_name\" content=\"Office de Tourisme Creil Sud Oise\" \/>\n<meta property=\"article:publisher\" content=\"https:\/\/www.facebook.com\/creilsudoisetourisme\/\" \/>\n<meta property=\"article:modified_time\" content=\"2021-05-12T08:59:59+00:00\" \/>\n<meta property=\"og:image\" content=\"https:\/\/www.creilsudoise-tourisme.fr\/wp-content\/uploads\/2021\/03\/Anne-Sophie-Flament-Ville-de-Creil.png\" \/>\n\t<meta property=\"og:image:width\" content=\"1658\" \/>\n\t<meta property=\"og:image:height\" content=\"1086\" \/>\n\t<meta property=\"og:image:type\" content=\"image\/png\" \/>\n<meta name=\"twitter:card\" content=\"summary_large_image\" \/>\n<meta name=\"twitter:site\" content=\"@CreilSudOiseOT\" \/>\n<meta name=\"twitter:label1\" content=\"Gesch\u00e4tzte Lesezeit\" \/>\n\t<meta name=\"twitter:data1\" content=\"1\u00a0Minute\" \/>\n<script type=\"application\/ld+json\" class=\"yoast-schema-graph\">{\"@context\":\"https:\/\/schema.org\",\"@graph\":[{\"@type\":\"WebPage\",\"@id\":\"https:\/\/www.creilsudoise-tourisme.fr\/es\/i-search\/actividad-cultural\/\",\"url\":\"https:\/\/www.creilsudoise-tourisme.fr\/es\/i-search\/actividad-cultural\/\",\"name\":\"Une activit\u00e9 culturelle - Office de Tourisme Creil Sud Oise\",\"isPartOf\":{\"@id\":\"https:\/\/www.creilsudoise-tourisme.fr\/#website\"},\"datePublished\":\"2021-02-17T09:03:00+00:00\",\"dateModified\":\"2021-05-12T08:59:59+00:00\",\"description\":\"Visite guid\u00e9e au mus\u00e9e, exploration d\u2019une ancienne carri\u00e8re de pierre, d\u00e9couverte d\u2019un ch\u00e2teau\u2026 Explorez Creil Sud Oise et ses sites touristiques !\",\"breadcrumb\":{\"@id\":\"https:\/\/www.creilsudoise-tourisme.fr\/es\/i-search\/actividad-cultural\/#breadcrumb\"},\"inLanguage\":\"de\",\"potentialAction\":[{\"@type\":\"ReadAction\",\"target\":[\"https:\/\/www.creilsudoise-tourisme.fr\/es\/i-search\/actividad-cultural\/\"]}]},{\"@type\":\"BreadcrumbList\",\"@id\":\"https:\/\/www.creilsudoise-tourisme.fr\/es\/i-search\/actividad-cultural\/#breadcrumb\",\"itemListElement\":[{\"@type\":\"ListItem\",\"position\":1,\"name\":\"Accueil\",\"item\":\"https:\/\/www.creilsudoise-tourisme.fr\/\"},{\"@type\":\"ListItem\",\"position\":2,\"name\":\"Je cherche\",\"item\":\"https:\/\/www.creilsudoise-tourisme.fr\/je-cherche\/\"},{\"@type\":\"ListItem\",\"position\":3,\"name\":\"Une activit\u00e9 culturelle\"}]},{\"@type\":\"WebSite\",\"@id\":\"https:\/\/www.creilsudoise-tourisme.fr\/#website\",\"url\":\"https:\/\/www.creilsudoise-tourisme.fr\/\",\"name\":\"Office de Tourisme Creil Sud Oise\",\"description\":\"Creil Sud Oise Tourisme, un territoire \u00e0 explorer !\",\"publisher\":{\"@id\":\"https:\/\/www.creilsudoise-tourisme.fr\/#organization\"},\"potentialAction\":[{\"@type\":\"SearchAction\",\"target\":{\"@type\":\"EntryPoint\",\"urlTemplate\":\"https:\/\/www.creilsudoise-tourisme.fr\/?s={search_term_string}\"},\"query-input\":\"required name=search_term_string\"}],\"inLanguage\":\"de\"},{\"@type\":\"Organization\",\"@id\":\"https:\/\/www.creilsudoise-tourisme.fr\/#organization\",\"name\":\"Creil Sud Oise Tourisme\",\"url\":\"https:\/\/www.creilsudoise-tourisme.fr\/\",\"logo\":{\"@type\":\"ImageObject\",\"inLanguage\":\"de\",\"@id\":\"https:\/\/www.creilsudoise-tourisme.fr\/#\/schema\/logo\/image\/\",\"url\":\"https:\/\/www.creilsudoise-tourisme.fr\/wp-content\/uploads\/2021\/05\/logo-svg.png\",\"contentUrl\":\"https:\/\/www.creilsudoise-tourisme.fr\/wp-content\/uploads\/2021\/05\/logo-svg.png\",\"width\":182,\"height\":71,\"caption\":\"Creil Sud Oise Tourisme\"},\"image\":{\"@id\":\"https:\/\/www.creilsudoise-tourisme.fr\/#\/schema\/logo\/image\/\"},\"sameAs\":[\"https:\/\/www.facebook.com\/creilsudoisetourisme\/\",\"https:\/\/twitter.com\/CreilSudOiseOT\",\"https:\/\/www.instagram.com\/creilsudoisetourisme\/\",\"https:\/\/www.youtube.com\/channel\/UC8L_QD2wwyADW14zt9fY8kw\"]}]}<\/script>\n<!-- \/ Yoast SEO plugin. -->","yoast_head_json":{"title":"Une activit\u00e9 culturelle - Office de Tourisme Creil Sud Oise","description":"Visite guid\u00e9e au mus\u00e9e, exploration d\u2019une ancienne carri\u00e8re de pierre, d\u00e9couverte d\u2019un ch\u00e2teau\u2026 Explorez Creil Sud Oise et ses sites touristiques !","robots":{"index":"index","follow":"follow","max-snippet":"max-snippet:-1","max-image-preview":"max-image-preview:large","max-video-preview":"max-video-preview:-1"},"canonical":"https:\/\/www.creilsudoise-tourisme.fr\/de\/i-search\/actividad-cultural\/","og_locale":"de_DE","og_type":"article","og_title":"Une activit\u00e9 culturelle - Office de Tourisme Creil Sud Oise","og_description":"Visite guid\u00e9e au mus\u00e9e, exploration d\u2019une ancienne carri\u00e8re de pierre, d\u00e9couverte d\u2019un ch\u00e2teau\u2026 Explorez Creil Sud Oise et ses sites touristiques !","og_url":"https:\/\/www.creilsudoise-tourisme.fr\/de\/i-search\/actividad-cultural\/","og_site_name":"Office de Tourisme Creil Sud Oise","article_publisher":"https:\/\/www.facebook.com\/creilsudoisetourisme\/","article_modified_time":"2021-05-12T08:59:59+00:00","og_image":[{"width":1658,"height":1086,"url":"https:\/\/www.creilsudoise-tourisme.fr\/wp-content\/uploads\/2021\/03\/Anne-Sophie-Flament-Ville-de-Creil.png","type":"image\/png"}],"twitter_card":"summary_large_image","twitter_site":"@CreilSudOiseOT","twitter_misc":{"Gesch\u00e4tzte Lesezeit":"1\u00a0Minute"},"schema":{"@context":"https:\/\/schema.org","@graph":[{"@type":"WebPage","@id":"https:\/\/www.creilsudoise-tourisme.fr\/es\/i-search\/actividad-cultural\/","url":"https:\/\/www.creilsudoise-tourisme.fr\/es\/i-search\/actividad-cultural\/","name":"Une activit\u00e9 culturelle - Office de Tourisme Creil Sud Oise","isPartOf":{"@id":"https:\/\/www.creilsudoise-tourisme.fr\/#website"},"datePublished":"2021-02-17T09:03:00+00:00","dateModified":"2021-05-12T08:59:59+00:00","description":"Visite guid\u00e9e au mus\u00e9e, exploration d\u2019une ancienne carri\u00e8re de pierre, d\u00e9couverte d\u2019un ch\u00e2teau\u2026 Explorez Creil Sud Oise et ses sites touristiques !","breadcrumb":{"@id":"https:\/\/www.creilsudoise-tourisme.fr\/es\/i-search\/actividad-cultural\/#breadcrumb"},"inLanguage":"de","potentialAction":[{"@type":"ReadAction","target":["https:\/\/www.creilsudoise-tourisme.fr\/es\/i-search\/actividad-cultural\/"]}]},{"@type":"BreadcrumbList","@id":"https:\/\/www.creilsudoise-tourisme.fr\/es\/i-search\/actividad-cultural\/#breadcrumb","itemListElement":[{"@type":"ListItem","position":1,"name":"Accueil","item":"https:\/\/www.creilsudoise-tourisme.fr\/"},{"@type":"ListItem","position":2,"name":"Je cherche","item":"https:\/\/www.creilsudoise-tourisme.fr\/je-cherche\/"},{"@type":"ListItem","position":3,"name":"Une activit\u00e9 culturelle"}]},{"@type":"WebSite","@id":"https:\/\/www.creilsudoise-tourisme.fr\/#website","url":"https:\/\/www.creilsudoise-tourisme.fr\/","name":"Office de Tourisme Creil Sud Oise","description":"Creil Sud Oise Tourisme, un territoire \u00e0 explorer !","publisher":{"@id":"https:\/\/www.creilsudoise-tourisme.fr\/#organization"},"potentialAction":[{"@type":"SearchAction","target":{"@type":"EntryPoint","urlTemplate":"https:\/\/www.creilsudoise-tourisme.fr\/?s={search_term_string}"},"query-input":"required name=search_term_string"}],"inLanguage":"de"},{"@type":"Organization","@id":"https:\/\/www.creilsudoise-tourisme.fr\/#organization","name":"Creil Sud Oise Tourisme","url":"https:\/\/www.creilsudoise-tourisme.fr\/","logo":{"@type":"ImageObject","inLanguage":"de","@id":"https:\/\/www.creilsudoise-tourisme.fr\/#\/schema\/logo\/image\/","url":"https:\/\/www.creilsudoise-tourisme.fr\/wp-content\/uploads\/2021\/05\/logo-svg.png","contentUrl":"https:\/\/www.creilsudoise-tourisme.fr\/wp-content\/uploads\/2021\/05\/logo-svg.png","width":182,"height":71,"caption":"Creil Sud Oise Tourisme"},"image":{"@id":"https:\/\/www.creilsudoise-tourisme.fr\/#\/schema\/logo\/image\/"},"sameAs":["https:\/\/www.facebook.com\/creilsudoisetourisme\/","https:\/\/twitter.com\/CreilSudOiseOT","https:\/\/www.instagram.com\/creilsudoisetourisme\/","https:\/\/www.youtube.com\/channel\/UC8L_QD2wwyADW14zt9fY8kw"]}]}},"_links":{"self":[{"href":"https:\/\/www.creilsudoise-tourisme.fr\/de\/wp-json\/wp\/v2\/pages\/171"}],"collection":[{"href":"https:\/\/www.creilsudoise-tourisme.fr\/de\/wp-json\/wp\/v2\/pages"}],"about":[{"href":"https:\/\/www.creilsudoise-tourisme.fr\/de\/wp-json\/wp\/v2\/types\/page"}],"author":[{"embeddable":true,"href":"https:\/\/www.creilsudoise-tourisme.fr\/de\/wp-json\/wp\/v2\/users\/1"}],"replies":[{"embeddable":true,"href":"https:\/\/www.creilsudoise-tourisme.fr\/de\/wp-json\/wp\/v2\/comments?post=171"}],"version-history":[{"count":7,"href":"https:\/\/www.creilsudoise-tourisme.fr\/de\/wp-json\/wp\/v2\/pages\/171\/revisions"}],"predecessor-version":[{"id":35437,"href":"https:\/\/www.creilsudoise-tourisme.fr\/de\/wp-json\/wp\/v2\/pages\/171\/revisions\/35437"}],"up":[{"embeddable":true,"href":"https:\/\/www.creilsudoise-tourisme.fr\/de\/wp-json\/wp\/v2\/pages\/167"}],"wp:featuredmedia":[{"embeddable":true,"href":"https:\/\/www.creilsudoise-tourisme.fr\/de\/wp-json\/wp\/v2\/media\/32663"}],"wp:attachment":[{"href":"https:\/\/www.creilsudoise-tourisme.fr\/de\/wp-json\/wp\/v2\/media?parent=171"}],"curies":[{"name":"wp","href":"https:\/\/api.w.org\/{rel}","templated":true}]}}