{"id":104,"date":"2021-02-17T10:02:04","date_gmt":"2021-02-17T09:02:04","guid":{"rendered":"https:\/\/www.creilsudoise-tourisme.fr\/la-clouterie-rivierre\/"},"modified":"2025-02-21T10:49:54","modified_gmt":"2025-02-21T09:49:54","slug":"clouterie-rivierre","status":"publish","type":"page","link":"https:\/\/www.creilsudoise-tourisme.fr\/de\/erforschen-gruppen\/unumganglich-gruppen\/clouterie-rivierre-2\/","title":{"rendered":"Die Clouterie Rivierre"},"content":{"rendered":"<p class=\"is-style-excerpt\">L'<strong>einzige Nagelschmiede in Frankreich<\/strong>Die letzte in Europa, die noch in Betrieb ist, \u00f6ffnet ihre T\u00fcren f\u00fcr eine<strong> gef\u00fchrte Tour in Gruppen in Creil<\/strong>Das Hotel liegt nur 45 Minuten von Paris entfernt, nur wenige Kilometer vom Schloss Chantilly und der Kathedrale von Senlis.<\/p>\n\n\n\n<figure class=\"wp-block-embed is-type-video is-provider-youtube wp-block-embed-youtube wp-embed-aspect-16-9 wp-has-aspect-ratio\"><div class=\"wp-block-embed__wrapper\">\n<iframe loading=\"lazy\" title=\"[BEGEGNUNG] mit Justine von der Clouterie Rivierre in Creil | Creil Sud Oise Tourisme\" width=\"500\" height=\"281\" data-src=\"https:\/\/www.youtube.com\/embed\/rEuwF8T4I2s?feature=oembed\" frameborder=\"0\" allow=\"accelerometer; autoplay; clipboard-write; encrypted-media; gyroscope; picture-in-picture; web-share\" referrerpolicy=\"strict-origin-when-cross-origin\" allowfullscreen><\/iframe>\n<\/div><\/figure>\n\n\n\n<h2>Eine Nagelfabrik in der Oise<\/h2>\n\n\n\n<p>Lassen Sie sich von diesem <strong>atypische F\u00fchrung<\/strong> (Sie begegnen den <strong>Arbeiter, die noch immer an jahrhundertealten Maschinen arbeiten, die nur sie auf der Welt kennen!<\/strong>) einer Fabrik vom 19.<sup>\u00e8me<\/sup> Jahrhundert in Creil.<\/p>\n\n\n\n<p>Man findet die <strong>Nagelschmiede Rivierre<\/strong>Es liegt direkt hinter dem Bahnhof von Creil (auf der Seite von Nogent-sur-Oise) in einer Stra\u00dfe, die fr\u00fcher von der Industrie gepr\u00e4gt war (6 rue des usines: das kann man nicht erfinden).<\/p>\n\n\n\n<figure class=\"is-layout-flex wp-block-gallery-1 wp-block-gallery aligncenter has-nested-images columns-0 is-cropped\">\n<figure class=\"wp-block-image size-large\"><img decoding=\"async\" loading=\"lazy\" width=\"1200\" height=\"675\" data-id=\"32398\"  data-src=\"https:\/\/www.creilsudoise-tourisme.fr\/wp-content\/uploads\/2021\/03\/Pontier-a\u0300-la-Clouterie-Rivierre-a\u0300-Creil-1-1200x675.jpg\" alt=\"\" class=\"wp-image-32398\" data-srcset=\"https:\/\/www.creilsudoise-tourisme.fr\/wp-content\/uploads\/2021\/03\/Pontier-a\u0300-la-Clouterie-Rivierre-a\u0300-Creil-1-1200x675.jpg 1200w, https:\/\/www.creilsudoise-tourisme.fr\/wp-content\/uploads\/2021\/03\/Pontier-a\u0300-la-Clouterie-Rivierre-a\u0300-Creil-1-600x338.jpg 600w, https:\/\/www.creilsudoise-tourisme.fr\/wp-content\/uploads\/2021\/03\/Pontier-a\u0300-la-Clouterie-Rivierre-a\u0300-Creil-1-900x506.jpg 900w, https:\/\/www.creilsudoise-tourisme.fr\/wp-content\/uploads\/2021\/03\/Pontier-a\u0300-la-Clouterie-Rivierre-a\u0300-Creil-1-1536x864.jpg 1536w, https:\/\/www.creilsudoise-tourisme.fr\/wp-content\/uploads\/2021\/03\/Pontier-a\u0300-la-Clouterie-Rivierre-a\u0300-Creil-1-200x113.jpg 200w, https:\/\/www.creilsudoise-tourisme.fr\/wp-content\/uploads\/2021\/03\/Pontier-a\u0300-la-Clouterie-Rivierre-a\u0300-Creil-1-650x366.jpg 650w, https:\/\/www.creilsudoise-tourisme.fr\/wp-content\/uploads\/2021\/03\/Pontier-a\u0300-la-Clouterie-Rivierre-a\u0300-Creil-1-387x218.jpg 387w, https:\/\/www.creilsudoise-tourisme.fr\/wp-content\/uploads\/2021\/03\/Pontier-a\u0300-la-Clouterie-Rivierre-a\u0300-Creil-1.jpg 1600w\" sizes=\"(max-width: 1200px) 100vw, 1200px\" \/><figcaption class=\"wp-element-caption\">Ein Pointier ist ein Arbeiter, der sich auf die Herstellung von N\u00e4geln spezialisiert hat - ein in Frankreich einzigartiges Know-how.<\/figcaption><\/figure>\n\n\n\n<figure class=\"wp-block-image size-large\"><img decoding=\"async\" loading=\"lazy\" width=\"1200\" height=\"675\" data-id=\"32399\"  data-src=\"https:\/\/www.creilsudoise-tourisme.fr\/wp-content\/uploads\/2021\/03\/Ouvrier-a\u0300-la-Clouterie-Rivierre-a\u0300-Creil-1-1200x675.jpg\" alt=\"\" class=\"wp-image-32399\" data-srcset=\"https:\/\/www.creilsudoise-tourisme.fr\/wp-content\/uploads\/2021\/03\/Ouvrier-a\u0300-la-Clouterie-Rivierre-a\u0300-Creil-1-1200x675.jpg 1200w, https:\/\/www.creilsudoise-tourisme.fr\/wp-content\/uploads\/2021\/03\/Ouvrier-a\u0300-la-Clouterie-Rivierre-a\u0300-Creil-1-600x338.jpg 600w, https:\/\/www.creilsudoise-tourisme.fr\/wp-content\/uploads\/2021\/03\/Ouvrier-a\u0300-la-Clouterie-Rivierre-a\u0300-Creil-1-900x506.jpg 900w, https:\/\/www.creilsudoise-tourisme.fr\/wp-content\/uploads\/2021\/03\/Ouvrier-a\u0300-la-Clouterie-Rivierre-a\u0300-Creil-1-1536x864.jpg 1536w, https:\/\/www.creilsudoise-tourisme.fr\/wp-content\/uploads\/2021\/03\/Ouvrier-a\u0300-la-Clouterie-Rivierre-a\u0300-Creil-1-200x113.jpg 200w, https:\/\/www.creilsudoise-tourisme.fr\/wp-content\/uploads\/2021\/03\/Ouvrier-a\u0300-la-Clouterie-Rivierre-a\u0300-Creil-1-650x366.jpg 650w, https:\/\/www.creilsudoise-tourisme.fr\/wp-content\/uploads\/2021\/03\/Ouvrier-a\u0300-la-Clouterie-Rivierre-a\u0300-Creil-1-387x218.jpg 387w, https:\/\/www.creilsudoise-tourisme.fr\/wp-content\/uploads\/2021\/03\/Ouvrier-a\u0300-la-Clouterie-Rivierre-a\u0300-Creil-1.jpg 1600w\" sizes=\"(max-width: 1200px) 100vw, 1200px\" \/><figcaption class=\"wp-element-caption\">Ein Arbeiter, der in der Clouterie Rivierre arbeitet, ist Inhaber eines einzigartigen, jahrhundertealten Know-hows.<\/figcaption><\/figure>\n\n\n\n<figure class=\"wp-block-image size-large\"><img decoding=\"async\" loading=\"lazy\" width=\"1200\" height=\"676\" data-id=\"32396\"  data-src=\"https:\/\/www.creilsudoise-tourisme.fr\/wp-content\/uploads\/2021\/03\/Machine-Fernande-a\u0300-la-Clouterie-Rivierre-a\u0300-Creil-1-1200x676.jpg\" alt=\"\" class=\"wp-image-32396\" data-srcset=\"https:\/\/www.creilsudoise-tourisme.fr\/wp-content\/uploads\/2021\/03\/Machine-Fernande-a\u0300-la-Clouterie-Rivierre-a\u0300-Creil-1-1200x676.jpg 1200w, https:\/\/www.creilsudoise-tourisme.fr\/wp-content\/uploads\/2021\/03\/Machine-Fernande-a\u0300-la-Clouterie-Rivierre-a\u0300-Creil-1-600x338.jpg 600w, https:\/\/www.creilsudoise-tourisme.fr\/wp-content\/uploads\/2021\/03\/Machine-Fernande-a\u0300-la-Clouterie-Rivierre-a\u0300-Creil-1-900x507.jpg 900w, https:\/\/www.creilsudoise-tourisme.fr\/wp-content\/uploads\/2021\/03\/Machine-Fernande-a\u0300-la-Clouterie-Rivierre-a\u0300-Creil-1-1536x865.jpg 1536w, https:\/\/www.creilsudoise-tourisme.fr\/wp-content\/uploads\/2021\/03\/Machine-Fernande-a\u0300-la-Clouterie-Rivierre-a\u0300-Creil-1-200x113.jpg 200w, https:\/\/www.creilsudoise-tourisme.fr\/wp-content\/uploads\/2021\/03\/Machine-Fernande-a\u0300-la-Clouterie-Rivierre-a\u0300-Creil-1-650x366.jpg 650w, https:\/\/www.creilsudoise-tourisme.fr\/wp-content\/uploads\/2021\/03\/Machine-Fernande-a\u0300-la-Clouterie-Rivierre-a\u0300-Creil-1-387x218.jpg 387w, https:\/\/www.creilsudoise-tourisme.fr\/wp-content\/uploads\/2021\/03\/Machine-Fernande-a\u0300-la-Clouterie-Rivierre-a\u0300-Creil-1.jpg 1600w\" sizes=\"(max-width: 1200px) 100vw, 1200px\" \/><figcaption class=\"wp-element-caption\">Die Maschinen haben Vornamen, damit die Stechuhren sie schnell finden k\u00f6nnen.<\/figcaption><\/figure>\n<\/figure>\n\n\n\n<p>Zun\u00e4chst f\u00e4llt uns diese<strong> Ambiente 19<sup>\u00e8me<\/sup><\/strong> die man entdeckt, wenn man an ihrem Eingang ankommt: Nichts scheint sich seit dieser Zeit ver\u00e4ndert zu haben. Angefangen mit dem Familienhaus am Eingang der Fabrik: Man f\u00fchlt sich sofort in dieses Jahrhundert zur\u00fcckversetzt und stellt sich die Ankunft der Arbeiter unter den Augen von Marie Rivierre vor, die mit nur 27 Jahren die Fabrik von ihrem fr\u00fch verstorbenen Mann erbte und sie 35 Jahre lang zum Erfolg f\u00fchren sollte.<\/p>\n\n\n\n<p>Es ist <strong>Justine<\/strong> die Ihre Gruppe am Eingang des Hauptgeb\u00e4udes empf\u00e4ngt. Justine ist Ihre F\u00fchrerin auf dieser Entdeckungsreise und von den ersten Gespr\u00e4chen an, <strong>werden Sie die Leidenschaft sp\u00fcren, die sie f\u00fcr dieses industrielle Erbe hat<\/strong> und <strong>den Respekt, den sie denjenigen entgegenbringt, die dort gearbeitet haben und denjenigen, die heute noch in dieser in Europa einzigartigen Fabrik arbeiten<\/strong>.<\/p>\n\n\n\n<p>Sie wird Sie in ihre Leidenschaft hineinziehen, indem sie Ihnen die Geschichte dieses Familienunternehmens erz\u00e4hlt und Ihnen einige der hier hergestellten N\u00e4gel vorstellt (nur einige wenige, es gibt<strong> 2.800 Referenzen f\u00fcr geschmiedete N\u00e4gel, Stifte und Samen im Katalog <\/strong>heute!): klein, gro\u00df, rund, quadratisch, je nach Bestellung aus verschiedenen Materialien - das h\u00e4tten wir uns nie tr\u00e4umen lassen! Justine nimmt Sie dann mit <strong>von einem Ende der Produktionskette zum anderen<\/strong> bei der Entdeckung der wichtigsten Merkmale dieses althergebrachten Know-hows, <strong>von der Drahtzieherei \u00fcber den Maschinenraum bis hin zur Verpackung<\/strong>. Es riecht nach \u00d6l und Fett. Ein <strong>Dekor \"\u00e0 la Zola<\/strong>Die \"im eigenen Saft\" mit seiner <strong>wundersch\u00f6nes Glasdach mit Sheddach<\/strong>In den letzten Jahren hat sich das Land zu einem beliebten Ort f\u00fcr Filmemacher und Musiker entwickelt, die auf der Suche nach authentischen Orten f\u00fcr ihre Werke sind.<\/p>\n\n\n\n<p>W\u00e4hrend der gef\u00fchrten Tour mit Ihrer Gruppe werden Sie in eine unbekannte Welt aus einer anderen Zeit entf\u00fchrt...<\/p>\n\n\n\n<figure class=\"is-layout-flex wp-block-gallery-3 wp-block-gallery aligncenter has-nested-images columns-default is-cropped\">\n<figure class=\"wp-block-image size-large\"><img decoding=\"async\" loading=\"lazy\" width=\"1200\" height=\"675\" data-id=\"32425\"  data-src=\"https:\/\/www.creilsudoise-tourisme.fr\/wp-content\/uploads\/2021\/03\/Justine-guide-a\u0300-la-Clouterie-Rivierre-a\u0300-Creil-2-1200x675.jpg\" alt=\"\" class=\"wp-image-32425\" data-srcset=\"https:\/\/www.creilsudoise-tourisme.fr\/wp-content\/uploads\/2021\/03\/Justine-guide-a\u0300-la-Clouterie-Rivierre-a\u0300-Creil-2-1200x675.jpg 1200w, https:\/\/www.creilsudoise-tourisme.fr\/wp-content\/uploads\/2021\/03\/Justine-guide-a\u0300-la-Clouterie-Rivierre-a\u0300-Creil-2-600x338.jpg 600w, https:\/\/www.creilsudoise-tourisme.fr\/wp-content\/uploads\/2021\/03\/Justine-guide-a\u0300-la-Clouterie-Rivierre-a\u0300-Creil-2-900x506.jpg 900w, https:\/\/www.creilsudoise-tourisme.fr\/wp-content\/uploads\/2021\/03\/Justine-guide-a\u0300-la-Clouterie-Rivierre-a\u0300-Creil-2-1536x864.jpg 1536w, https:\/\/www.creilsudoise-tourisme.fr\/wp-content\/uploads\/2021\/03\/Justine-guide-a\u0300-la-Clouterie-Rivierre-a\u0300-Creil-2-200x113.jpg 200w, https:\/\/www.creilsudoise-tourisme.fr\/wp-content\/uploads\/2021\/03\/Justine-guide-a\u0300-la-Clouterie-Rivierre-a\u0300-Creil-2-650x366.jpg 650w, https:\/\/www.creilsudoise-tourisme.fr\/wp-content\/uploads\/2021\/03\/Justine-guide-a\u0300-la-Clouterie-Rivierre-a\u0300-Creil-2-387x218.jpg 387w, https:\/\/www.creilsudoise-tourisme.fr\/wp-content\/uploads\/2021\/03\/Justine-guide-a\u0300-la-Clouterie-Rivierre-a\u0300-Creil-2.jpg 1600w\" sizes=\"(max-width: 1200px) 100vw, 1200px\" \/><figcaption class=\"wp-element-caption\">Es ist Justine, die ebenso leidenschaftlich wie begeistert durch die Besichtigung der Clouterie Rivierre f\u00fchrt.<\/figcaption><\/figure>\n\n\n\n<figure class=\"wp-block-image size-large\"><img decoding=\"async\" loading=\"lazy\" width=\"900\" height=\"1200\" data-id=\"52419\"  data-src=\"https:\/\/www.creilsudoise-tourisme.fr\/wp-content\/uploads\/2024\/02\/Anthony-et-Manuel-a-la-Clouterie-Rivierre-a-Creil-5-900x1200.jpg\" alt=\"Begegnung Destinationsmagazin Artikel Interview Clouterie Rivierre oise creil einzigartiges Know-how\" class=\"wp-image-52419\" data-srcset=\"https:\/\/www.creilsudoise-tourisme.fr\/wp-content\/uploads\/2024\/02\/Anthony-et-Manuel-a-la-Clouterie-Rivierre-a-Creil-5-900x1200.jpg 900w, https:\/\/www.creilsudoise-tourisme.fr\/wp-content\/uploads\/2024\/02\/Anthony-et-Manuel-a-la-Clouterie-Rivierre-a-Creil-5-450x600.jpg 450w, https:\/\/www.creilsudoise-tourisme.fr\/wp-content\/uploads\/2024\/02\/Anthony-et-Manuel-a-la-Clouterie-Rivierre-a-Creil-5-675x900.jpg 675w, https:\/\/www.creilsudoise-tourisme.fr\/wp-content\/uploads\/2024\/02\/Anthony-et-Manuel-a-la-Clouterie-Rivierre-a-Creil-5-9x12.jpg 9w, https:\/\/www.creilsudoise-tourisme.fr\/wp-content\/uploads\/2024\/02\/Anthony-et-Manuel-a-la-Clouterie-Rivierre-a-Creil-5-200x267.jpg 200w, https:\/\/www.creilsudoise-tourisme.fr\/wp-content\/uploads\/2024\/02\/Anthony-et-Manuel-a-la-Clouterie-Rivierre-a-Creil-5-650x867.jpg 650w, https:\/\/www.creilsudoise-tourisme.fr\/wp-content\/uploads\/2024\/02\/Anthony-et-Manuel-a-la-Clouterie-Rivierre-a-Creil-5-387x516.jpg 387w, https:\/\/www.creilsudoise-tourisme.fr\/wp-content\/uploads\/2024\/02\/Anthony-et-Manuel-a-la-Clouterie-Rivierre-a-Creil-5.jpg 1110w\" sizes=\"(max-width: 900px) 100vw, 900px\" \/><figcaption class=\"wp-element-caption\">C\u00e9line Weissier<\/figcaption><\/figure>\n<\/figure>\n\n\n\n<div class=\"wp-block wp-block-testimonial\">\n    <div class=\"wp-block-testimonial-excerpt\">\n        Ein sehr angenehmer, bereichernder Besuch in diesem in Europa einzigartigen Industrieerbe. Vielen Dank f\u00fcr die Verf\u00fcgbarkeit unserer charmanten F\u00fchrerin. Zur\u00fcck ins letzte Jahrhundert in einer geschichtstr\u00e4chtigen Atmosph\u00e4re. Sehr sch\u00f6ne Besichtigung.    <\/div>\n    <div class=\"wp-block-testimonial-details\">\n                <div class=\"wp-block-testimonial-content\">\n            <p class=\"wp-block-testimonial-content-author\">\n                <strong>Pantin P<\/strong>\n\n                                <span class=\"wp-block-testimonial-content-job\"> - Tripadvisor<\/span>\n                            <\/p>\n        <\/div>\n    <\/div>\n<\/div>\n\n\n<h3>Gut zu wissen<\/h3>\n\n\n\n<p>Das Dach der Fabrik ist ein Glasdach, was bedeutet, dass es dort warm sein kann <strong>im Sommer sehr hei\u00df und im Winter sehr kalt, denken Sie daran, die Mitglieder Ihrer Gruppe zu warnen, sich entsprechend zu kleiden<\/strong> !<\/p>\n\n\n\n<p>Die Fabrik ist in Betrieb, Arbeiter arbeiten dort t\u00e4glich und es kann vorkommen, dass N\u00e4gel oder andere Schrottst\u00fccke herunterfallen: Die Clouterie bittet um <strong>alle seine Besucher, zu ihrer Sicherheit zwingend geschlossene Schuhe zu tragen<\/strong>. Andernfalls wird Ihnen der Zutritt zur Fabrik verweigert.<\/p>","protected":false},"excerpt":{"rendered":"<p>Die einzige Nagelfabrik Frankreichs, die letzte, die in Europa noch in Betrieb ist, \u00f6ffnet ihre T\u00fcren f\u00fcr eine Gruppenf\u00fchrung in Creil, nur 45 Minuten von Paris und einige Kilometer vom Schloss Chantilly und der Kathedrale von Senlis entfernt. Eine Nagelfabrik im Departement Oise Lassen Sie sich von dieser atypischen F\u00fchrung [...].<\/p>","protected":false},"author":1,"featured_media":32350,"parent":102,"menu_order":0,"comment_status":"closed","ping_status":"closed","template":"","meta":{"_relevanssi_hide_post":"","_relevanssi_hide_content":"","_relevanssi_pin_for_all":"","_relevanssi_pin_keywords":"","_relevanssi_unpin_keywords":"","_relevanssi_related_keywords":"","_relevanssi_related_include_ids":"","_relevanssi_related_exclude_ids":"","_relevanssi_related_no_append":"","_relevanssi_related_not_related":"","_relevanssi_related_posts":"273,267,271,275","_relevanssi_noindex_reason":""},"yoast_head":"<!-- This site is optimized with the Yoast SEO plugin v20.2.1 - https:\/\/yoast.com\/wordpress\/plugins\/seo\/ -->\n<title>Clouterie Rivierre \u00e0 Creil, un lieu unique \u00e0 visiter en groupe<\/title>\n<meta name=\"description\" content=\"La derni\u00e8re Clouterie encore en activit\u00e9 en Europe se trouve \u00e0 Creil et elle se visite en groupe sur rendez-vous !\" \/>\n<meta name=\"robots\" content=\"index, follow, max-snippet:-1, max-image-preview:large, max-video-preview:-1\" \/>\n<link rel=\"canonical\" href=\"https:\/\/www.creilsudoise-tourisme.fr\/de\/erforschen-gruppen\/unumganglich-gruppen\/clouterie-rivierre-2\/\" \/>\n<meta property=\"og:locale\" content=\"de_DE\" \/>\n<meta property=\"og:type\" content=\"article\" \/>\n<meta property=\"og:title\" content=\"Clouterie Rivierre \u00e0 Creil, un lieu unique \u00e0 visiter en groupe\" \/>\n<meta property=\"og:description\" content=\"La derni\u00e8re Clouterie encore en activit\u00e9 en Europe se trouve \u00e0 Creil et elle se visite en groupe sur rendez-vous !\" \/>\n<meta property=\"og:url\" content=\"https:\/\/www.creilsudoise-tourisme.fr\/de\/erforschen-gruppen\/unumganglich-gruppen\/clouterie-rivierre-2\/\" \/>\n<meta property=\"og:site_name\" content=\"Office de Tourisme Creil Sud Oise\" \/>\n<meta property=\"article:publisher\" content=\"https:\/\/www.facebook.com\/creilsudoisetourisme\/\" \/>\n<meta property=\"article:modified_time\" content=\"2025-02-21T09:49:54+00:00\" \/>\n<meta property=\"og:image\" content=\"https:\/\/www.creilsudoise-tourisme.fr\/wp-content\/uploads\/2021\/03\/La-Clouterie-Rivierre-a\u0300-Creil-en-groupes.jpg\" \/>\n\t<meta property=\"og:image:width\" content=\"1067\" \/>\n\t<meta property=\"og:image:height\" content=\"1600\" \/>\n\t<meta property=\"og:image:type\" content=\"image\/jpeg\" \/>\n<meta name=\"twitter:card\" content=\"summary_large_image\" \/>\n<meta name=\"twitter:site\" content=\"@CreilSudOiseOT\" \/>\n<meta name=\"twitter:label1\" content=\"Gesch\u00e4tzte Lesezeit\" \/>\n\t<meta name=\"twitter:data1\" content=\"4\u00a0Minuten\" \/>\n<script type=\"application\/ld+json\" class=\"yoast-schema-graph\">{\"@context\":\"https:\/\/schema.org\",\"@graph\":[{\"@type\":\"WebPage\",\"@id\":\"https:\/\/www.creilsudoise-tourisme.fr\/explorez-groupes\/incontournables-groupes\/clouterie-rivierre\/\",\"url\":\"https:\/\/www.creilsudoise-tourisme.fr\/explorez-groupes\/incontournables-groupes\/clouterie-rivierre\/\",\"name\":\"Clouterie Rivierre \u00e0 Creil, un lieu unique \u00e0 visiter en groupe\",\"isPartOf\":{\"@id\":\"https:\/\/www.creilsudoise-tourisme.fr\/#website\"},\"datePublished\":\"2021-02-17T09:02:04+00:00\",\"dateModified\":\"2025-02-21T09:49:54+00:00\",\"description\":\"La derni\u00e8re Clouterie encore en activit\u00e9 en Europe se trouve \u00e0 Creil et elle se visite en groupe sur rendez-vous !\",\"breadcrumb\":{\"@id\":\"https:\/\/www.creilsudoise-tourisme.fr\/explorez-groupes\/incontournables-groupes\/clouterie-rivierre\/#breadcrumb\"},\"inLanguage\":\"de\",\"potentialAction\":[{\"@type\":\"ReadAction\",\"target\":[\"https:\/\/www.creilsudoise-tourisme.fr\/explorez-groupes\/incontournables-groupes\/clouterie-rivierre\/\"]}]},{\"@type\":\"BreadcrumbList\",\"@id\":\"https:\/\/www.creilsudoise-tourisme.fr\/explorez-groupes\/incontournables-groupes\/clouterie-rivierre\/#breadcrumb\",\"itemListElement\":[{\"@type\":\"ListItem\",\"position\":1,\"name\":\"Accueil\",\"item\":\"https:\/\/www.creilsudoise-tourisme.fr\/\"},{\"@type\":\"ListItem\",\"position\":2,\"name\":\"En groupe &amp; S\u00e9minaires\",\"item\":\"https:\/\/www.creilsudoise-tourisme.fr\/explorez-groupes\/\"},{\"@type\":\"ListItem\",\"position\":3,\"name\":\"Les incontournables \u00e0 explorer en groupes\",\"item\":\"https:\/\/www.creilsudoise-tourisme.fr\/explorez-groupes\/incontournables-groupes\/\"},{\"@type\":\"ListItem\",\"position\":4,\"name\":\"La Clouterie Rivierre\"}]},{\"@type\":\"WebSite\",\"@id\":\"https:\/\/www.creilsudoise-tourisme.fr\/#website\",\"url\":\"https:\/\/www.creilsudoise-tourisme.fr\/\",\"name\":\"Office de Tourisme Creil Sud Oise\",\"description\":\"Creil Sud Oise Tourisme, un territoire \u00e0 explorer !\",\"publisher\":{\"@id\":\"https:\/\/www.creilsudoise-tourisme.fr\/#organization\"},\"potentialAction\":[{\"@type\":\"SearchAction\",\"target\":{\"@type\":\"EntryPoint\",\"urlTemplate\":\"https:\/\/www.creilsudoise-tourisme.fr\/?s={search_term_string}\"},\"query-input\":\"required name=search_term_string\"}],\"inLanguage\":\"de\"},{\"@type\":\"Organization\",\"@id\":\"https:\/\/www.creilsudoise-tourisme.fr\/#organization\",\"name\":\"Creil Sud Oise Tourisme\",\"url\":\"https:\/\/www.creilsudoise-tourisme.fr\/\",\"logo\":{\"@type\":\"ImageObject\",\"inLanguage\":\"de\",\"@id\":\"https:\/\/www.creilsudoise-tourisme.fr\/#\/schema\/logo\/image\/\",\"url\":\"https:\/\/www.creilsudoise-tourisme.fr\/wp-content\/uploads\/2021\/05\/logo-svg.png\",\"contentUrl\":\"https:\/\/www.creilsudoise-tourisme.fr\/wp-content\/uploads\/2021\/05\/logo-svg.png\",\"width\":182,\"height\":71,\"caption\":\"Creil Sud Oise Tourisme\"},\"image\":{\"@id\":\"https:\/\/www.creilsudoise-tourisme.fr\/#\/schema\/logo\/image\/\"},\"sameAs\":[\"https:\/\/www.facebook.com\/creilsudoisetourisme\/\",\"https:\/\/twitter.com\/CreilSudOiseOT\",\"https:\/\/www.instagram.com\/creilsudoisetourisme\/\",\"https:\/\/www.youtube.com\/channel\/UC8L_QD2wwyADW14zt9fY8kw\"]}]}<\/script>\n<!-- \/ Yoast SEO plugin. -->","yoast_head_json":{"title":"Clouterie Rivierre \u00e0 Creil, un lieu unique \u00e0 visiter en groupe","description":"La derni\u00e8re Clouterie encore en activit\u00e9 en Europe se trouve \u00e0 Creil et elle se visite en groupe sur rendez-vous !","robots":{"index":"index","follow":"follow","max-snippet":"max-snippet:-1","max-image-preview":"max-image-preview:large","max-video-preview":"max-video-preview:-1"},"canonical":"https:\/\/www.creilsudoise-tourisme.fr\/de\/erforschen-gruppen\/unumganglich-gruppen\/clouterie-rivierre-2\/","og_locale":"de_DE","og_type":"article","og_title":"Clouterie Rivierre \u00e0 Creil, un lieu unique \u00e0 visiter en groupe","og_description":"La derni\u00e8re Clouterie encore en activit\u00e9 en Europe se trouve \u00e0 Creil et elle se visite en groupe sur rendez-vous !","og_url":"https:\/\/www.creilsudoise-tourisme.fr\/de\/erforschen-gruppen\/unumganglich-gruppen\/clouterie-rivierre-2\/","og_site_name":"Office de Tourisme Creil Sud Oise","article_publisher":"https:\/\/www.facebook.com\/creilsudoisetourisme\/","article_modified_time":"2025-02-21T09:49:54+00:00","og_image":[{"width":1067,"height":1600,"url":"https:\/\/www.creilsudoise-tourisme.fr\/wp-content\/uploads\/2021\/03\/La-Clouterie-Rivierre-a\u0300-Creil-en-groupes.jpg","type":"image\/jpeg"}],"twitter_card":"summary_large_image","twitter_site":"@CreilSudOiseOT","twitter_misc":{"Gesch\u00e4tzte Lesezeit":"4\u00a0Minuten"},"schema":{"@context":"https:\/\/schema.org","@graph":[{"@type":"WebPage","@id":"https:\/\/www.creilsudoise-tourisme.fr\/explorez-groupes\/incontournables-groupes\/clouterie-rivierre\/","url":"https:\/\/www.creilsudoise-tourisme.fr\/explorez-groupes\/incontournables-groupes\/clouterie-rivierre\/","name":"Clouterie Rivierre \u00e0 Creil, un lieu unique \u00e0 visiter en groupe","isPartOf":{"@id":"https:\/\/www.creilsudoise-tourisme.fr\/#website"},"datePublished":"2021-02-17T09:02:04+00:00","dateModified":"2025-02-21T09:49:54+00:00","description":"La derni\u00e8re Clouterie encore en activit\u00e9 en Europe se trouve \u00e0 Creil et elle se visite en groupe sur rendez-vous !","breadcrumb":{"@id":"https:\/\/www.creilsudoise-tourisme.fr\/explorez-groupes\/incontournables-groupes\/clouterie-rivierre\/#breadcrumb"},"inLanguage":"de","potentialAction":[{"@type":"ReadAction","target":["https:\/\/www.creilsudoise-tourisme.fr\/explorez-groupes\/incontournables-groupes\/clouterie-rivierre\/"]}]},{"@type":"BreadcrumbList","@id":"https:\/\/www.creilsudoise-tourisme.fr\/explorez-groupes\/incontournables-groupes\/clouterie-rivierre\/#breadcrumb","itemListElement":[{"@type":"ListItem","position":1,"name":"Accueil","item":"https:\/\/www.creilsudoise-tourisme.fr\/"},{"@type":"ListItem","position":2,"name":"En groupe &amp; S\u00e9minaires","item":"https:\/\/www.creilsudoise-tourisme.fr\/explorez-groupes\/"},{"@type":"ListItem","position":3,"name":"Les incontournables \u00e0 explorer en groupes","item":"https:\/\/www.creilsudoise-tourisme.fr\/explorez-groupes\/incontournables-groupes\/"},{"@type":"ListItem","position":4,"name":"La Clouterie Rivierre"}]},{"@type":"WebSite","@id":"https:\/\/www.creilsudoise-tourisme.fr\/#website","url":"https:\/\/www.creilsudoise-tourisme.fr\/","name":"Office de Tourisme Creil Sud Oise","description":"Creil Sud Oise Tourisme, un territoire \u00e0 explorer !","publisher":{"@id":"https:\/\/www.creilsudoise-tourisme.fr\/#organization"},"potentialAction":[{"@type":"SearchAction","target":{"@type":"EntryPoint","urlTemplate":"https:\/\/www.creilsudoise-tourisme.fr\/?s={search_term_string}"},"query-input":"required name=search_term_string"}],"inLanguage":"de"},{"@type":"Organization","@id":"https:\/\/www.creilsudoise-tourisme.fr\/#organization","name":"Creil Sud Oise Tourisme","url":"https:\/\/www.creilsudoise-tourisme.fr\/","logo":{"@type":"ImageObject","inLanguage":"de","@id":"https:\/\/www.creilsudoise-tourisme.fr\/#\/schema\/logo\/image\/","url":"https:\/\/www.creilsudoise-tourisme.fr\/wp-content\/uploads\/2021\/05\/logo-svg.png","contentUrl":"https:\/\/www.creilsudoise-tourisme.fr\/wp-content\/uploads\/2021\/05\/logo-svg.png","width":182,"height":71,"caption":"Creil Sud Oise Tourisme"},"image":{"@id":"https:\/\/www.creilsudoise-tourisme.fr\/#\/schema\/logo\/image\/"},"sameAs":["https:\/\/www.facebook.com\/creilsudoisetourisme\/","https:\/\/twitter.com\/CreilSudOiseOT","https:\/\/www.instagram.com\/creilsudoisetourisme\/","https:\/\/www.youtube.com\/channel\/UC8L_QD2wwyADW14zt9fY8kw"]}]}},"_links":{"self":[{"href":"https:\/\/www.creilsudoise-tourisme.fr\/de\/wp-json\/wp\/v2\/pages\/104"}],"collection":[{"href":"https:\/\/www.creilsudoise-tourisme.fr\/de\/wp-json\/wp\/v2\/pages"}],"about":[{"href":"https:\/\/www.creilsudoise-tourisme.fr\/de\/wp-json\/wp\/v2\/types\/page"}],"author":[{"embeddable":true,"href":"https:\/\/www.creilsudoise-tourisme.fr\/de\/wp-json\/wp\/v2\/users\/1"}],"replies":[{"embeddable":true,"href":"https:\/\/www.creilsudoise-tourisme.fr\/de\/wp-json\/wp\/v2\/comments?post=104"}],"version-history":[{"count":30,"href":"https:\/\/www.creilsudoise-tourisme.fr\/de\/wp-json\/wp\/v2\/pages\/104\/revisions"}],"predecessor-version":[{"id":60463,"href":"https:\/\/www.creilsudoise-tourisme.fr\/de\/wp-json\/wp\/v2\/pages\/104\/revisions\/60463"}],"up":[{"embeddable":true,"href":"https:\/\/www.creilsudoise-tourisme.fr\/de\/wp-json\/wp\/v2\/pages\/102"}],"wp:featuredmedia":[{"embeddable":true,"href":"https:\/\/www.creilsudoise-tourisme.fr\/de\/wp-json\/wp\/v2\/media\/32350"}],"wp:attachment":[{"href":"https:\/\/www.creilsudoise-tourisme.fr\/de\/wp-json\/wp\/v2\/media?parent=104"}],"curies":[{"name":"wp","href":"https:\/\/api.w.org\/{rel}","templated":true}]}}